{"id":80596,"date":"2024-11-29T14:58:12","date_gmt":"2024-11-29T13:58:12","guid":{"rendered":"https:\/\/maxims-caviar.com\/?page_id=80596"},"modified":"2024-11-29T15:17:36","modified_gmt":"2024-11-29T14:17:36","slug":"inscrivez-vous-a-notre-newsletter","status":"publish","type":"page","link":"https:\/\/maxims-caviar.com\/fr_ch\/inscrivez-vous-a-notre-newsletter\/","title":{"rendered":"Inscrivez-vous \u00e0 notre newsletter"},"content":{"rendered":"\t\t<div data-elementor-type=\"wp-page\" data-elementor-id=\"80596\" class=\"elementor elementor-80596\">\n\t\t\t\t\t\t<section class=\"elementor-section elementor-top-section elementor-element elementor-element-4c90d0c elementor-section-full_width elementor-section-height-min-height elementor-section-stretched elementor-section-height-default elementor-section-items-middle\" data-id=\"4c90d0c\" data-element_type=\"section\" data-e-type=\"section\" data-settings=\"{&quot;stretch_section&quot;:&quot;section-stretched&quot;,&quot;background_background&quot;:&quot;classic&quot;}\">\n\t\t\t\t\t\t<div class=\"elementor-container elementor-column-gap-default\">\n\t\t\t\t\t<div class=\"elementor-column elementor-col-100 elementor-top-column elementor-element elementor-element-17e37f5\" data-id=\"17e37f5\" data-element_type=\"column\" data-e-type=\"column\">\n\t\t\t<div class=\"elementor-widget-wrap elementor-element-populated\">\n\t\t\t\t\t\t<div class=\"elementor-element elementor-element-97cd1af elementor-widget elementor-widget-heading\" data-id=\"97cd1af\" data-element_type=\"widget\" data-e-type=\"widget\" data-widget_type=\"heading.default\">\n\t\t\t\t<div class=\"elementor-widget-container\">\n\t\t\t\t\t<h2 class=\"elementor-heading-title elementor-size-default\">Ne manquez plus nos offres !<\/h2>\t\t\t\t<\/div>\n\t\t\t\t<\/div>\n\t\t\t\t\t<\/div>\n\t\t<\/div>\n\t\t\t\t\t<\/div>\n\t\t<\/section>\n\t\t\t\t<section class=\"elementor-section elementor-top-section elementor-element elementor-element-4aa95fe elementor-section-boxed elementor-section-height-default elementor-section-height-default\" data-id=\"4aa95fe\" data-element_type=\"section\" data-e-type=\"section\">\n\t\t\t\t\t\t<div class=\"elementor-container elementor-column-gap-default\">\n\t\t\t\t\t<div class=\"elementor-column elementor-col-50 elementor-top-column elementor-element elementor-element-ebb6d7d\" data-id=\"ebb6d7d\" data-element_type=\"column\" data-e-type=\"column\">\n\t\t\t<div class=\"elementor-widget-wrap elementor-element-populated\">\n\t\t\t\t\t\t<div class=\"elementor-element elementor-element-0eca278 elementor-widget elementor-widget-text-editor\" data-id=\"0eca278\" data-element_type=\"widget\" data-e-type=\"widget\" data-widget_type=\"text-editor.default\">\n\t\t\t\t<div class=\"elementor-widget-container\">\n\t\t\t\t\t\t\t\t\tInscrivez-vous pour d\u00e9couvrir nos nouveaut\u00e9s, actualit\u00e9s exclusives et avantages r\u00e9serv\u00e9s \u00e0 nos abonn\u00e9s.\t\t\t\t\t\t\t\t<\/div>\n\t\t\t\t<\/div>\n\t\t\t\t\t<\/div>\n\t\t<\/div>\n\t\t\t\t<div class=\"elementor-column elementor-col-50 elementor-top-column elementor-element elementor-element-d9b25bb\" data-id=\"d9b25bb\" data-element_type=\"column\" data-e-type=\"column\">\n\t\t\t<div class=\"elementor-widget-wrap elementor-element-populated\">\n\t\t\t\t\t\t<div class=\"elementor-element elementor-element-02ee55d elementor-widget elementor-widget-html\" data-id=\"02ee55d\" data-element_type=\"widget\" data-e-type=\"widget\" data-widget_type=\"html.default\">\n\t\t\t\t<div class=\"elementor-widget-container\">\n\t\t\t\t\t<link href=\"\/css\/optinForm.css\" rel=\"stylesheet\" type=\"text\/css\" \/>\n<script src=\"https:\/\/cdn.dialoginsight.com\/DI\/Forms\/DI.Forms.Optin-package-1.5.min.js\"><\/script>\n<div class=\"DialogInsightFormDiv\" id=\"divForm_DIForm_1797_6476\" style=\"display:none\">\n\t<a name=\"divForm_DIForm_1797_6476_globalErrors_anchor\"><\/a>\n\t<div class=\"DialogInsightGlobalErrors\" id=\"divForm_DIForm_1797_6476_globalErrors\"><\/div>\n\t<div class=\"DialogInsightFormContainer\">\n\t\t<div class=\"DialogInsightFormRow\">\n\t\t\t<div class=\"DialogInsightInputContainer\">\n\t\t\t\t<div class=\"DialogInsightInputWithPlaceholderContainer\">\n\t\t\t\t\t<span unselectable=\"on\" class=\"DialogInsightInputPlaceholderText\">Email<\/span>\n\t\t\t\t\t<input type=\"text\" class=\"DialogInsightFormInput DialogInsightInputWithPlaceholder\" id=\"DIField_6476_f_EMail\" maxlength=\"125\" \/>\n\t\t\t\t<\/div>\n\t\t\t\t<div class=\"DialogInsightErrorContainer\" id=\"DIField_6476_f_EMail_errors\"><\/div>\n\t\t\t<\/div>\n\t\t<\/div>\n\t\t<div class=\"DialogInsightFormRow\">\n\t\t\t<div class=\"DialogInsightInputContainer\">\n\t\t\t\t<div class=\"DialogInsightInputWithPlaceholderContainer\">\n\t\t\t\t\t<span unselectable=\"on\" class=\"DialogInsightInputPlaceholderText\">Pr&#233;nom<\/span>\n\t\t\t\t\t<input type=\"text\" class=\"DialogInsightFormInput DialogInsightInputWithPlaceholder\" id=\"DIField_6476_f_FirstName\" maxlength=\"50\" \/>\n\t\t\t\t<\/div>\n\t\t\t\t<div class=\"DialogInsightErrorContainer\" id=\"DIField_6476_f_FirstName_errors\"><\/div>\n\t\t\t<\/div>\n\t\t<\/div>\n\t\t<div class=\"DialogInsightFormRow\">\n\t\t\t<div class=\"DialogInsightInputContainer\">\n\t\t\t\t<div class=\"DialogInsightInputWithPlaceholderContainer\">\n\t\t\t\t\t<span unselectable=\"on\" class=\"DialogInsightInputPlaceholderText\">Nom<\/span>\n\t\t\t\t\t<input type=\"text\" class=\"DialogInsightFormInput DialogInsightInputWithPlaceholder\" id=\"DIField_6476_f_LastName\" maxlength=\"50\" \/>\n\t\t\t\t<\/div>\n\t\t\t\t<div class=\"DialogInsightErrorContainer\" id=\"DIField_6476_f_LastName_errors\"><\/div>\n\t\t\t<\/div>\n\t\t<\/div>\n\t\t<div class=\"DialogInsightFormRow\">\n\t\t\t<div class=\"DialogInsightInputContainer\">\n\t\t\t\t<input type=\"checkbox\" class=\"DialogInsightFormInput\" id=\"DIField_6476_optin_NL_Maxims\" \/>\n\t\t\t\t<label for=\"DIField_6476_optin_NL_Maxims\">Je souhaite recevoir les informations de Caviar Maxim&#39;s de Paris<\/label>\n\t\t\t\t<div class=\"DialogInsightErrorContainer\" id=\"DIField_6476_optin_NL_Maxims_errors\"><\/div>\n\t\t\t<\/div>\n\t\t<\/div>\n\t\t<div class=\"DialogInsightFormSubmit\">\n\t\t\t<button type=\"button\" onclick=\"DI.Forms.Optin.Client.GetOptinForm('DIForm_1797_6476').Submit(this); return false;\">Soumettre<\/button>\n\t\t\t<img decoding=\"async\" class=\"DialogInsightFormSubmitLoader\" src=\"https:\/\/cdn.dialoginsight.com\/DI\/Forms\/resources\/AjaxBlackLoader.gif\" \/>\n\t\t<\/div>\n\t<\/div>\n\n\t<div class=\"DialogInsightFormSuccessDiv\" id=\"divForm_DIForm_1797_6476_success\" style=\"padding:10px; display: none;\">\n\t\t<b>Abonnement r\u00e9ussi<\/b><br\/>\n\t\tMerci de vous \u00eatre abonn\u00e9.<br\/>\n\t<\/div>\n\n<\/div>\n\n\n<script>\nDI.Forms.Optin.Dom.onReady(function () {\n\tDI.Forms.Optin.Client.InitOptinForm({\n\t\tformIdent: 'DIForm_1797_6476',\n\t\tculture: 'fr-CA',\n\t\tidBaseDiv: 'divForm_DIForm_1797_6476',\n\t\trecaptchaSiteKey: '',\n\t\tfields: [\n\t\t\t{\"name\":\"f_EMail\",\"lbl\":\"Email\",\"id\":\"DIField_6476_f_EMail\",\"validators\":[\"required\",\"email\"]},\n\t\t\t{\"name\":\"f_FirstName\",\"lbl\":\"Pr\u00e9nom\",\"id\":\"DIField_6476_f_FirstName\",\"validators\":[]},\n\t\t\t{\"name\":\"f_LastName\",\"lbl\":\"Nom\",\"id\":\"DIField_6476_f_LastName\",\"validators\":[]},\n\t\t\t{\"name\":\"optin_NL_Maxims\",\"lbl\":\"Je souhaite recevoir les informations de Caviar Maxim\\u0027s de Paris\",\"id\":\"DIField_6476_optin_NL_Maxims\",\"validators\":[],\"inputType\":\"checkbox\"}\n\t\t],\n\t\tfieldValues: {\"optin_NL_Maxims\":0},\n\t\terrorMessages: {\"general\":\"Erreur dans le formulaire.\",\"required\":\"Le champ {0} est requis.\",\"dataType\":\"Type de donn\u00e9e invalide pour le champ {0}.\",\"min\":\"La valeur minimum pour le champ {0} est {1}.\",\"max\":\"La valeur maximum pour le champ {0} est {1}.\",\"interval\":\"La valeur pour le champ {0} doit \u00eatre entre {1} et {2}.\",\"inputMask\":\"La valeur pour le champ {0} ne respecte pas le format de saisie.\",\"updateDupeKey\":\"La mise \u00e0 jour n\u2019a pas pu \u00eatre effectu\u00e9e car cet identifiant existe d\u00e9j\u00e0.\",\"checkInlineErrors\":\"Veuillez corriger les erreurs ci-dessous.\"} ,\n\t\tidSuccessDiv: 'divForm_DIForm_1797_6476_success',\n\t\tmode: DI.Forms.Optin.Client.EnumOptinMode.Optin,\n\t\turl: '\/\/app.mydialoginsight.com\/A\/WF.ashx',\n\t\tidWorkflow: 6501,\n\t\twfKey: '670ioA',\n\t\tnodeKey: 'Optin',\n\t\tvisible: true\n\t\t\t\n\t});\n});\n<\/script>\n\n\t\t\t\t<\/div>\n\t\t\t\t<\/div>\n\t\t\t\t\t<\/div>\n\t\t<\/div>\n\t\t\t\t\t<\/div>\n\t\t<\/section>\n\t\t\t\t<\/div>\n\t\t","protected":false},"excerpt":{"rendered":"<p>Ne manquez plus nos offres ! Inscrivez-vous pour d\u00e9couvrir nos nouveaut\u00e9s, actualit\u00e9s exclusives et avantages r\u00e9serv\u00e9s \u00e0 nos abonn\u00e9s. Email Pr&#233;nom Nom Je souhaite recevoir les informations de Caviar Maxim&#39;s de Paris Soumettre Abonnement r\u00e9ussi Merci de vous \u00eatre abonn\u00e9.<\/p>","protected":false},"author":1,"featured_media":0,"parent":0,"menu_order":0,"comment_status":"closed","ping_status":"closed","template":"template-fullwidth-no-heading.php","meta":{"_acf_changed":false,"footnotes":""},"class_list":["post-80596","page","type-page","status-publish","hentry"],"acf":[],"yoast_head":"<!-- This site is optimized with the Yoast SEO plugin v27.4 - https:\/\/yoast.com\/product\/yoast-seo-wordpress\/ -->\n<title>Inscrivez-vous \u00e0 notre newsletter - Maxim&#039;s Caviar<\/title>\n<meta name=\"robots\" content=\"index, follow, max-snippet:-1, max-image-preview:large, max-video-preview:-1\" \/>\n<link rel=\"canonical\" href=\"https:\/\/maxims-caviar.com\/fr_ch\/inscrivez-vous-a-notre-newsletter\/\" \/>\n<meta property=\"og:locale\" content=\"fr_FR\" \/>\n<meta property=\"og:type\" content=\"article\" \/>\n<meta property=\"og:title\" content=\"Inscrivez-vous \u00e0 notre newsletter - Maxim&#039;s Caviar\" \/>\n<meta property=\"og:description\" content=\"Ne manquez plus nos offres ! Inscrivez-vous pour d\u00e9couvrir nos nouveaut\u00e9s, actualit\u00e9s exclusives et avantages r\u00e9serv\u00e9s \u00e0 nos abonn\u00e9s. Email Pr&#233;nom Nom Je souhaite recevoir les informations de Caviar Maxim&#039;s de Paris Soumettre Abonnement r\u00e9ussi Merci de vous \u00eatre abonn\u00e9.\" \/>\n<meta property=\"og:url\" content=\"https:\/\/maxims-caviar.com\/fr_ch\/inscrivez-vous-a-notre-newsletter\/\" \/>\n<meta property=\"og:site_name\" content=\"Maxim&#039;s Caviar\" \/>\n<meta property=\"article:modified_time\" content=\"2024-11-29T14:17:36+00:00\" \/>\n<meta property=\"og:image\" content=\"https:\/\/cdn.dialoginsight.com\/DI\/Forms\/resources\/AjaxBlackLoader.gif\" \/>\n<meta name=\"twitter:card\" content=\"summary_large_image\" \/>\n<script type=\"application\/ld+json\" class=\"yoast-schema-graph\">{\"@context\":\"https:\\\/\\\/schema.org\",\"@graph\":[{\"@type\":\"WebPage\",\"@id\":\"https:\\\/\\\/maxims-caviar.com\\\/inscrivez-vous-a-notre-newsletter\\\/\",\"url\":\"https:\\\/\\\/maxims-caviar.com\\\/inscrivez-vous-a-notre-newsletter\\\/\",\"name\":\"Inscrivez-vous \u00e0 notre newsletter - Maxim&#039;s Caviar\",\"isPartOf\":{\"@id\":\"https:\\\/\\\/maxims-caviar.com\\\/en\\\/#website\"},\"primaryImageOfPage\":{\"@id\":\"https:\\\/\\\/maxims-caviar.com\\\/inscrivez-vous-a-notre-newsletter\\\/#primaryimage\"},\"image\":{\"@id\":\"https:\\\/\\\/maxims-caviar.com\\\/inscrivez-vous-a-notre-newsletter\\\/#primaryimage\"},\"thumbnailUrl\":\"https:\\\/\\\/cdn.dialoginsight.com\\\/DI\\\/Forms\\\/resources\\\/AjaxBlackLoader.gif\",\"datePublished\":\"2024-11-29T13:58:12+00:00\",\"dateModified\":\"2024-11-29T14:17:36+00:00\",\"breadcrumb\":{\"@id\":\"https:\\\/\\\/maxims-caviar.com\\\/inscrivez-vous-a-notre-newsletter\\\/#breadcrumb\"},\"inLanguage\":\"fr-CH\",\"potentialAction\":[{\"@type\":\"ReadAction\",\"target\":[\"https:\\\/\\\/maxims-caviar.com\\\/inscrivez-vous-a-notre-newsletter\\\/\"]}]},{\"@type\":\"ImageObject\",\"inLanguage\":\"fr-CH\",\"@id\":\"https:\\\/\\\/maxims-caviar.com\\\/inscrivez-vous-a-notre-newsletter\\\/#primaryimage\",\"url\":\"https:\\\/\\\/cdn.dialoginsight.com\\\/DI\\\/Forms\\\/resources\\\/AjaxBlackLoader.gif\",\"contentUrl\":\"https:\\\/\\\/cdn.dialoginsight.com\\\/DI\\\/Forms\\\/resources\\\/AjaxBlackLoader.gif\"},{\"@type\":\"BreadcrumbList\",\"@id\":\"https:\\\/\\\/maxims-caviar.com\\\/inscrivez-vous-a-notre-newsletter\\\/#breadcrumb\",\"itemListElement\":[{\"@type\":\"ListItem\",\"position\":1,\"name\":\"Accueil\",\"item\":\"https:\\\/\\\/maxims-caviar.com\\\/\"},{\"@type\":\"ListItem\",\"position\":2,\"name\":\"Inscrivez-vous \u00e0 notre newsletter\"}]},{\"@type\":\"WebSite\",\"@id\":\"https:\\\/\\\/maxims-caviar.com\\\/en\\\/#website\",\"url\":\"https:\\\/\\\/maxims-caviar.com\\\/en\\\/\",\"name\":\"Maxim&#039;s Caviar\",\"description\":\"L&#039;alliance de l&#039;Histoire et de la Modernit\u00e9\",\"publisher\":{\"@id\":\"https:\\\/\\\/maxims-caviar.com\\\/en\\\/#organization\"},\"potentialAction\":[{\"@type\":\"SearchAction\",\"target\":{\"@type\":\"EntryPoint\",\"urlTemplate\":\"https:\\\/\\\/maxims-caviar.com\\\/en\\\/?s={search_term_string}\"},\"query-input\":{\"@type\":\"PropertyValueSpecification\",\"valueRequired\":true,\"valueName\":\"search_term_string\"}}],\"inLanguage\":\"fr-CH\"},{\"@type\":\"Organization\",\"@id\":\"https:\\\/\\\/maxims-caviar.com\\\/en\\\/#organization\",\"name\":\"Maxim&#039;s Caviar\",\"url\":\"https:\\\/\\\/maxims-caviar.com\\\/en\\\/\",\"logo\":{\"@type\":\"ImageObject\",\"inLanguage\":\"fr-CH\",\"@id\":\"https:\\\/\\\/maxims-caviar.com\\\/en\\\/#\\\/schema\\\/logo\\\/image\\\/\",\"url\":\"https:\\\/\\\/maxims-caviar.com\\\/wp-content\\\/uploads\\\/2019\\\/07\\\/logo.png\",\"contentUrl\":\"https:\\\/\\\/maxims-caviar.com\\\/wp-content\\\/uploads\\\/2019\\\/07\\\/logo.png\",\"width\":470,\"height\":110,\"caption\":\"Maxim&#039;s Caviar\"},\"image\":{\"@id\":\"https:\\\/\\\/maxims-caviar.com\\\/en\\\/#\\\/schema\\\/logo\\\/image\\\/\"}}]}<\/script>\n<!-- \/ Yoast SEO plugin. -->","yoast_head_json":{"title":"Inscrivez-vous \u00e0 notre newsletter - Maxim&#039;s Caviar","robots":{"index":"index","follow":"follow","max-snippet":"max-snippet:-1","max-image-preview":"max-image-preview:large","max-video-preview":"max-video-preview:-1"},"canonical":"https:\/\/maxims-caviar.com\/fr_ch\/inscrivez-vous-a-notre-newsletter\/","og_locale":"fr_FR","og_type":"article","og_title":"Inscrivez-vous \u00e0 notre newsletter - Maxim&#039;s Caviar","og_description":"Ne manquez plus nos offres ! Inscrivez-vous pour d\u00e9couvrir nos nouveaut\u00e9s, actualit\u00e9s exclusives et avantages r\u00e9serv\u00e9s \u00e0 nos abonn\u00e9s. Email Pr&#233;nom Nom Je souhaite recevoir les informations de Caviar Maxim&#39;s de Paris Soumettre Abonnement r\u00e9ussi Merci de vous \u00eatre abonn\u00e9.","og_url":"https:\/\/maxims-caviar.com\/fr_ch\/inscrivez-vous-a-notre-newsletter\/","og_site_name":"Maxim&#039;s Caviar","article_modified_time":"2024-11-29T14:17:36+00:00","og_image":[{"url":"https:\/\/cdn.dialoginsight.com\/DI\/Forms\/resources\/AjaxBlackLoader.gif","type":"","width":"","height":""}],"twitter_card":"summary_large_image","schema":{"@context":"https:\/\/schema.org","@graph":[{"@type":"WebPage","@id":"https:\/\/maxims-caviar.com\/inscrivez-vous-a-notre-newsletter\/","url":"https:\/\/maxims-caviar.com\/inscrivez-vous-a-notre-newsletter\/","name":"Inscrivez-vous \u00e0 notre newsletter - Maxim&#039;s Caviar","isPartOf":{"@id":"https:\/\/maxims-caviar.com\/en\/#website"},"primaryImageOfPage":{"@id":"https:\/\/maxims-caviar.com\/inscrivez-vous-a-notre-newsletter\/#primaryimage"},"image":{"@id":"https:\/\/maxims-caviar.com\/inscrivez-vous-a-notre-newsletter\/#primaryimage"},"thumbnailUrl":"https:\/\/cdn.dialoginsight.com\/DI\/Forms\/resources\/AjaxBlackLoader.gif","datePublished":"2024-11-29T13:58:12+00:00","dateModified":"2024-11-29T14:17:36+00:00","breadcrumb":{"@id":"https:\/\/maxims-caviar.com\/inscrivez-vous-a-notre-newsletter\/#breadcrumb"},"inLanguage":"fr-CH","potentialAction":[{"@type":"ReadAction","target":["https:\/\/maxims-caviar.com\/inscrivez-vous-a-notre-newsletter\/"]}]},{"@type":"ImageObject","inLanguage":"fr-CH","@id":"https:\/\/maxims-caviar.com\/inscrivez-vous-a-notre-newsletter\/#primaryimage","url":"https:\/\/cdn.dialoginsight.com\/DI\/Forms\/resources\/AjaxBlackLoader.gif","contentUrl":"https:\/\/cdn.dialoginsight.com\/DI\/Forms\/resources\/AjaxBlackLoader.gif"},{"@type":"BreadcrumbList","@id":"https:\/\/maxims-caviar.com\/inscrivez-vous-a-notre-newsletter\/#breadcrumb","itemListElement":[{"@type":"ListItem","position":1,"name":"Accueil","item":"https:\/\/maxims-caviar.com\/"},{"@type":"ListItem","position":2,"name":"Inscrivez-vous \u00e0 notre newsletter"}]},{"@type":"WebSite","@id":"https:\/\/maxims-caviar.com\/en\/#website","url":"https:\/\/maxims-caviar.com\/en\/","name":"Maxim&#039;s Caviar","description":"L&#039;alliance de l&#039;Histoire et de la Modernit\u00e9","publisher":{"@id":"https:\/\/maxims-caviar.com\/en\/#organization"},"potentialAction":[{"@type":"SearchAction","target":{"@type":"EntryPoint","urlTemplate":"https:\/\/maxims-caviar.com\/en\/?s={search_term_string}"},"query-input":{"@type":"PropertyValueSpecification","valueRequired":true,"valueName":"search_term_string"}}],"inLanguage":"fr-CH"},{"@type":"Organization","@id":"https:\/\/maxims-caviar.com\/en\/#organization","name":"Maxim&#039;s Caviar","url":"https:\/\/maxims-caviar.com\/en\/","logo":{"@type":"ImageObject","inLanguage":"fr-CH","@id":"https:\/\/maxims-caviar.com\/en\/#\/schema\/logo\/image\/","url":"https:\/\/maxims-caviar.com\/wp-content\/uploads\/2019\/07\/logo.png","contentUrl":"https:\/\/maxims-caviar.com\/wp-content\/uploads\/2019\/07\/logo.png","width":470,"height":110,"caption":"Maxim&#039;s Caviar"},"image":{"@id":"https:\/\/maxims-caviar.com\/en\/#\/schema\/logo\/image\/"}}]}},"_links":{"self":[{"href":"https:\/\/maxims-caviar.com\/fr_ch\/wp-json\/wp\/v2\/pages\/80596","targetHints":{"allow":["GET"]}}],"collection":[{"href":"https:\/\/maxims-caviar.com\/fr_ch\/wp-json\/wp\/v2\/pages"}],"about":[{"href":"https:\/\/maxims-caviar.com\/fr_ch\/wp-json\/wp\/v2\/types\/page"}],"author":[{"embeddable":true,"href":"https:\/\/maxims-caviar.com\/fr_ch\/wp-json\/wp\/v2\/users\/1"}],"replies":[{"embeddable":true,"href":"https:\/\/maxims-caviar.com\/fr_ch\/wp-json\/wp\/v2\/comments?post=80596"}],"version-history":[{"count":13,"href":"https:\/\/maxims-caviar.com\/fr_ch\/wp-json\/wp\/v2\/pages\/80596\/revisions"}],"predecessor-version":[{"id":80611,"href":"https:\/\/maxims-caviar.com\/fr_ch\/wp-json\/wp\/v2\/pages\/80596\/revisions\/80611"}],"wp:attachment":[{"href":"https:\/\/maxims-caviar.com\/fr_ch\/wp-json\/wp\/v2\/media?parent=80596"}],"curies":[{"name":"wp","href":"https:\/\/api.w.org\/{rel}","templated":true}]}}