{"id":88475,"date":"2025-12-02T14:05:09","date_gmt":"2025-12-02T13:05:09","guid":{"rendered":"https:\/\/maxims-caviar.com\/?post_type=product&#038;p=88475"},"modified":"2026-02-13T10:07:28","modified_gmt":"2026-02-13T09:07:28","slug":"pack-trio-decouverte-figaro","status":"publish","type":"product","link":"https:\/\/maxims-caviar.com\/fr_be\/produit\/pack-trio-decouverte-figaro\/","title":{"rendered":"Pack trio d\u00e9couverte &#8211; Figaro"},"content":{"rendered":"<div data-elementor-type=\"wp-post\" data-elementor-id=\"88475\" class=\"elementor elementor-88475\">\n\t\t\t\t\t\t<section class=\"elementor-section elementor-top-section elementor-element elementor-element-44b6687c elementor-section-content-middle elementor-section-boxed elementor-section-height-default elementor-section-height-default\" data-id=\"44b6687c\" data-element_type=\"section\" data-e-type=\"section\">\n\t\t\t\t\t\t<div class=\"elementor-container elementor-column-gap-wide\">\n\t\t\t\t\t<div class=\"elementor-column elementor-col-50 elementor-top-column elementor-element elementor-element-d51b5e7\" data-id=\"d51b5e7\" data-element_type=\"column\" data-e-type=\"column\">\n\t\t\t<div class=\"elementor-widget-wrap elementor-element-populated\">\n\t\t\t\t\t\t<div class=\"elementor-element elementor-element-3edb04e0 animated-fast elementor-invisible elementor-widget elementor-widget-text-editor\" data-id=\"3edb04e0\" data-element_type=\"widget\" data-e-type=\"widget\" data-settings=\"{&quot;_animation&quot;:&quot;fadeIn&quot;}\" data-widget_type=\"text-editor.default\">\n\t\t\t\t<div class=\"elementor-widget-container\">\n\t\t\t\t\t\t\t\t\t<h3>Conseils de d\u00e9gustation<\/h3><p style=\"margin-bottom: 1.41575em; letter-spacing: normal;\">Pour servir le caviar, nous recommandons de sortir la bo\u00eete de caviar du r\u00e9frig\u00e9rateur 5 minutes avant de servir. Placez-la sur la glace pour conserver le caviar frais lors de la d\u00e9gustation. Utilisez une cuill\u00e8re en nacre pour conserver les grains et \u00e9viter l\u2019oxydation.<\/p>\t\t\t\t\t\t\t\t<\/div>\n\t\t\t\t<\/div>\n\t\t\t\t\t<\/div>\n\t\t<\/div>\n\t\t\t\t<div class=\"elementor-column elementor-col-50 elementor-top-column elementor-element elementor-element-2641aead\" data-id=\"2641aead\" data-element_type=\"column\" data-e-type=\"column\">\n\t\t\t<div class=\"elementor-widget-wrap elementor-element-populated\">\n\t\t\t\t\t\t<div class=\"elementor-element elementor-element-7c589803 animated-fast elementor-invisible elementor-widget elementor-widget-image\" data-id=\"7c589803\" data-element_type=\"widget\" data-e-type=\"widget\" data-settings=\"{&quot;_animation&quot;:&quot;fadeIn&quot;,&quot;_animation_delay&quot;:200}\" data-widget_type=\"image.default\">\n\t\t\t\t<div class=\"elementor-widget-container\">\n\t\t\t\t\t\t\t\t\t\t\t\t\t\t\t<img fetchpriority=\"high\" decoding=\"async\" width=\"520\" height=\"370\" src=\"https:\/\/maxims-caviar.com\/wp-content\/uploads\/2018\/05\/degustation.jpg\" class=\"attachment-large size-large wp-image-6609\" alt=\"d\u00e9gustation de caviar\" srcset=\"https:\/\/maxims-caviar.com\/wp-content\/uploads\/2018\/05\/degustation.jpg 520w, https:\/\/maxims-caviar.com\/wp-content\/uploads\/2018\/05\/degustation-300x213.jpg 300w, https:\/\/maxims-caviar.com\/wp-content\/uploads\/2018\/05\/degustation-150x107.jpg 150w\" sizes=\"(max-width: 520px) 100vw, 520px\" \/>\t\t\t\t\t\t\t\t\t\t\t\t\t\t\t<\/div>\n\t\t\t\t<\/div>\n\t\t\t\t\t<\/div>\n\t\t<\/div>\n\t\t\t\t\t<\/div>\n\t\t<\/section>\n\t\t\t\t<section class=\"elementor-section elementor-top-section elementor-element elementor-element-309bd84 elementor-section-boxed elementor-section-height-default elementor-section-height-default\" data-id=\"309bd84\" data-element_type=\"section\" data-e-type=\"section\">\n\t\t\t\t\t\t<div class=\"elementor-container elementor-column-gap-default\">\n\t\t\t\t\t<div class=\"elementor-column elementor-col-100 elementor-top-column elementor-element elementor-element-c955d2f\" data-id=\"c955d2f\" data-element_type=\"column\" data-e-type=\"column\">\n\t\t\t<div class=\"elementor-widget-wrap elementor-element-populated\">\n\t\t\t\t\t\t<div class=\"elementor-element elementor-element-35d094f elementor-widget elementor-widget-text-editor\" data-id=\"35d094f\" data-element_type=\"widget\" data-e-type=\"widget\" data-widget_type=\"text-editor.default\">\n\t\t\t\t<div class=\"elementor-widget-container\">\n\t\t\t\t\t\t\t\t\t<p>Origine du Baeri, Osci\u00e8tre et Naccari : France<br \/>DLUO : 2 mois<br \/>Conservation : Au r\u00e9frig\u00e9rateur entre 0 et 4\u00b0c. Apr\u00e8s ouverture, consommez dans les 48h<br \/>Ingr\u00e9dients : Baeri (Oeufs d\u2019esturgeon (Acipenser baeri), sel, E285), Naccari (Oeufs d\u2019esturgeon (Acipenser nacarii), sel, E285), Osci\u00e8tre (Oeufs d\u2019esturgeon (Acipenser Gueldenstaedti), sel, E285)<br \/>Allerg\u00e8nes : Poisson<br \/>Format : 3X100g<\/p>\t\t\t\t\t\t\t\t<\/div>\n\t\t\t\t<\/div>\n\t\t\t\t\t<\/div>\n\t\t<\/div>\n\t\t\t\t\t<\/div>\n\t\t<\/section>\n\t\t\t\t<\/div>","protected":false},"excerpt":{"rendered":"<p>Offrez ou d\u00e9gustez le meilleur du <strong>caviar Fran\u00e7ais<\/strong> avec notre Pack Trio D\u00e9couverte, une s\u00e9lection exclusive pour les f\u00eates de fin d\u2019ann\u00e9e. Ce coffret r\u00e9unit trois vari\u00e9t\u00e9s de <strong>caviar Fran\u00e7ais d\u2019exception<\/strong>, soigneusement choisies pour ravir tous les palais :<\/p>\n<p>1. Baeri (100g) Appr\u00e9ci\u00e9 pour sa d\u00e9licatesse, le caviar Baeri offre une texture fondante et des notes douces de beurre et de noisette. Id\u00e9al pour initier vos convives \u00e0 l\u2019art du caviar.<\/p>\n<p>2. Osci\u00e8tre (100g) R\u00e9put\u00e9 pour sa complexit\u00e9, le caviar Osci\u00e8tre se distingue par ses grains fermes et ses saveurs raffin\u00e9es de noix et de mer. Un incontournable des tables de f\u00eate.<\/p>\n<p>3. Naccari (100g) Rare et prestigieux, le caviar Naccari s\u00e9duit par ses saveurs riches et iod\u00e9es, avec une longueur en bouche remarquable. Parfait pour les amateurs de sensations intenses.<\/p>","protected":false},"featured_media":80791,"template":"","meta":{"_acf_changed":false},"product_brand":[],"product_cat":[94],"product_tag":[],"class_list":{"0":"post-88475","1":"product","2":"type-product","3":"status-publish","4":"has-post-thumbnail","6":"product_cat-mediafigaro","7":"product_shipping_class-fresh-product","9":"first","10":"instock","11":"sale","12":"taxable","13":"shipping-taxable","14":"purchasable","15":"product-type-simple"},"acf":[],"yoast_head":"<!-- This site is optimized with the Yoast SEO plugin v27.3 - https:\/\/yoast.com\/product\/yoast-seo-wordpress\/ -->\n<title>Pack trio d\u00e9couverte - Figaro - Maxim&#039;s Caviar<\/title>\n<meta name=\"description\" content=\"Le caviar Beluga se distingue par la taille de ses grains, ses nuances d\u00e9licates de gris et sa texture cr\u00e9meuse. Caviar d&#039;exception \u00e0 prix remis\u00e9 !\" \/>\n<meta name=\"robots\" content=\"noindex, nofollow\" \/>\n<meta property=\"og:locale\" content=\"fr_FR\" \/>\n<meta property=\"og:type\" content=\"article\" \/>\n<meta property=\"og:title\" content=\"Pack trio d\u00e9couverte - Figaro - Maxim&#039;s Caviar\" \/>\n<meta property=\"og:description\" content=\"Le caviar Beluga se distingue par la taille de ses grains, ses nuances d\u00e9licates de gris et sa texture cr\u00e9meuse. Caviar d&#039;exception \u00e0 prix remis\u00e9 !\" \/>\n<meta property=\"og:url\" content=\"https:\/\/maxims-caviar.com\/fr_be\/product-2\/pack-trio-decouverte-figaro\/\" \/>\n<meta property=\"og:site_name\" content=\"Maxim&#039;s Caviar\" \/>\n<meta property=\"article:modified_time\" content=\"2026-02-13T09:07:28+00:00\" \/>\n<meta property=\"og:image\" content=\"https:\/\/maxims-caviar.com\/wp-content\/uploads\/2024\/12\/initiation.png\" \/>\n\t<meta property=\"og:image:width\" content=\"1000\" \/>\n\t<meta property=\"og:image:height\" content=\"1000\" \/>\n\t<meta property=\"og:image:type\" content=\"image\/png\" \/>\n<meta name=\"twitter:card\" content=\"summary_large_image\" \/>\n<meta name=\"twitter:label1\" content=\"Dur\u00e9e de lecture est.\" \/>\n\t<meta name=\"twitter:data1\" content=\"1 minute\" \/>\n<script type=\"application\/ld+json\" class=\"yoast-schema-graph\">{\"@context\":\"https:\\\/\\\/schema.org\",\"@graph\":[{\"@type\":\"WebPage\",\"@id\":\"https:\\\/\\\/maxims-caviar.com\\\/produit\\\/pack-trio-decouverte-figaro\\\/\",\"url\":\"https:\\\/\\\/maxims-caviar.com\\\/produit\\\/pack-trio-decouverte-figaro\\\/\",\"name\":\"Pack trio d\u00e9couverte - Figaro - Maxim&#039;s Caviar\",\"isPartOf\":{\"@id\":\"https:\\\/\\\/maxims-caviar.com\\\/en\\\/#website\"},\"primaryImageOfPage\":{\"@id\":\"https:\\\/\\\/maxims-caviar.com\\\/produit\\\/pack-trio-decouverte-figaro\\\/#primaryimage\"},\"image\":{\"@id\":\"https:\\\/\\\/maxims-caviar.com\\\/produit\\\/pack-trio-decouverte-figaro\\\/#primaryimage\"},\"thumbnailUrl\":\"https:\\\/\\\/maxims-caviar.com\\\/wp-content\\\/uploads\\\/2024\\\/12\\\/initiation.png\",\"datePublished\":\"2025-12-02T13:05:09+00:00\",\"dateModified\":\"2026-02-13T09:07:28+00:00\",\"description\":\"Le caviar Beluga se distingue par la taille de ses grains, ses nuances d\u00e9licates de gris et sa texture cr\u00e9meuse. Caviar d'exception \u00e0 prix remis\u00e9 !\",\"breadcrumb\":{\"@id\":\"https:\\\/\\\/maxims-caviar.com\\\/produit\\\/pack-trio-decouverte-figaro\\\/#breadcrumb\"},\"inLanguage\":\"fr-BE\",\"potentialAction\":[{\"@type\":\"ReadAction\",\"target\":[\"https:\\\/\\\/maxims-caviar.com\\\/produit\\\/pack-trio-decouverte-figaro\\\/\"]}]},{\"@type\":\"ImageObject\",\"inLanguage\":\"fr-BE\",\"@id\":\"https:\\\/\\\/maxims-caviar.com\\\/produit\\\/pack-trio-decouverte-figaro\\\/#primaryimage\",\"url\":\"https:\\\/\\\/maxims-caviar.com\\\/wp-content\\\/uploads\\\/2024\\\/12\\\/initiation.png\",\"contentUrl\":\"https:\\\/\\\/maxims-caviar.com\\\/wp-content\\\/uploads\\\/2024\\\/12\\\/initiation.png\",\"width\":1000,\"height\":1000,\"caption\":\"initiation\"},{\"@type\":\"BreadcrumbList\",\"@id\":\"https:\\\/\\\/maxims-caviar.com\\\/produit\\\/pack-trio-decouverte-figaro\\\/#breadcrumb\",\"itemListElement\":[{\"@type\":\"ListItem\",\"position\":1,\"name\":\"Accueil\",\"item\":\"https:\\\/\\\/maxims-caviar.com\\\/\"},{\"@type\":\"ListItem\",\"position\":2,\"name\":\"Boutique\",\"item\":\"https:\\\/\\\/maxims-caviar.com\\\/boutique\\\/\"},{\"@type\":\"ListItem\",\"position\":3,\"name\":\"Pack trio d\u00e9couverte &#8211; Figaro\"}]},{\"@type\":\"WebSite\",\"@id\":\"https:\\\/\\\/maxims-caviar.com\\\/en\\\/#website\",\"url\":\"https:\\\/\\\/maxims-caviar.com\\\/en\\\/\",\"name\":\"Maxim&#039;s Caviar\",\"description\":\"L&#039;alliance de l&#039;Histoire et de la Modernit\u00e9\",\"publisher\":{\"@id\":\"https:\\\/\\\/maxims-caviar.com\\\/en\\\/#organization\"},\"potentialAction\":[{\"@type\":\"SearchAction\",\"target\":{\"@type\":\"EntryPoint\",\"urlTemplate\":\"https:\\\/\\\/maxims-caviar.com\\\/en\\\/?s={search_term_string}\"},\"query-input\":{\"@type\":\"PropertyValueSpecification\",\"valueRequired\":true,\"valueName\":\"search_term_string\"}}],\"inLanguage\":\"fr-BE\"},{\"@type\":\"Organization\",\"@id\":\"https:\\\/\\\/maxims-caviar.com\\\/en\\\/#organization\",\"name\":\"Maxim&#039;s Caviar\",\"url\":\"https:\\\/\\\/maxims-caviar.com\\\/en\\\/\",\"logo\":{\"@type\":\"ImageObject\",\"inLanguage\":\"fr-BE\",\"@id\":\"https:\\\/\\\/maxims-caviar.com\\\/en\\\/#\\\/schema\\\/logo\\\/image\\\/\",\"url\":\"https:\\\/\\\/maxims-caviar.com\\\/wp-content\\\/uploads\\\/2019\\\/07\\\/logo.png\",\"contentUrl\":\"https:\\\/\\\/maxims-caviar.com\\\/wp-content\\\/uploads\\\/2019\\\/07\\\/logo.png\",\"width\":470,\"height\":110,\"caption\":\"Maxim&#039;s Caviar\"},\"image\":{\"@id\":\"https:\\\/\\\/maxims-caviar.com\\\/en\\\/#\\\/schema\\\/logo\\\/image\\\/\"}}]}<\/script>\n<!-- \/ Yoast SEO plugin. -->","yoast_head_json":{"title":"Pack trio d\u00e9couverte - Figaro - Maxim&#039;s Caviar","description":"Le caviar Beluga se distingue par la taille de ses grains, ses nuances d\u00e9licates de gris et sa texture cr\u00e9meuse. Caviar d'exception \u00e0 prix remis\u00e9 !","robots":{"index":"noindex","follow":"nofollow"},"og_locale":"fr_FR","og_type":"article","og_title":"Pack trio d\u00e9couverte - Figaro - Maxim&#039;s Caviar","og_description":"Le caviar Beluga se distingue par la taille de ses grains, ses nuances d\u00e9licates de gris et sa texture cr\u00e9meuse. Caviar d'exception \u00e0 prix remis\u00e9 !","og_url":"https:\/\/maxims-caviar.com\/fr_be\/product-2\/pack-trio-decouverte-figaro\/","og_site_name":"Maxim&#039;s Caviar","article_modified_time":"2026-02-13T09:07:28+00:00","og_image":[{"width":1000,"height":1000,"url":"https:\/\/maxims-caviar.com\/wp-content\/uploads\/2024\/12\/initiation.png","type":"image\/png"}],"twitter_card":"summary_large_image","twitter_misc":{"Dur\u00e9e de lecture est.":"1 minute"},"schema":{"@context":"https:\/\/schema.org","@graph":[{"@type":"WebPage","@id":"https:\/\/maxims-caviar.com\/produit\/pack-trio-decouverte-figaro\/","url":"https:\/\/maxims-caviar.com\/produit\/pack-trio-decouverte-figaro\/","name":"Pack trio d\u00e9couverte - Figaro - Maxim&#039;s Caviar","isPartOf":{"@id":"https:\/\/maxims-caviar.com\/en\/#website"},"primaryImageOfPage":{"@id":"https:\/\/maxims-caviar.com\/produit\/pack-trio-decouverte-figaro\/#primaryimage"},"image":{"@id":"https:\/\/maxims-caviar.com\/produit\/pack-trio-decouverte-figaro\/#primaryimage"},"thumbnailUrl":"https:\/\/maxims-caviar.com\/wp-content\/uploads\/2024\/12\/initiation.png","datePublished":"2025-12-02T13:05:09+00:00","dateModified":"2026-02-13T09:07:28+00:00","description":"Le caviar Beluga se distingue par la taille de ses grains, ses nuances d\u00e9licates de gris et sa texture cr\u00e9meuse. Caviar d'exception \u00e0 prix remis\u00e9 !","breadcrumb":{"@id":"https:\/\/maxims-caviar.com\/produit\/pack-trio-decouverte-figaro\/#breadcrumb"},"inLanguage":"fr-BE","potentialAction":[{"@type":"ReadAction","target":["https:\/\/maxims-caviar.com\/produit\/pack-trio-decouverte-figaro\/"]}]},{"@type":"ImageObject","inLanguage":"fr-BE","@id":"https:\/\/maxims-caviar.com\/produit\/pack-trio-decouverte-figaro\/#primaryimage","url":"https:\/\/maxims-caviar.com\/wp-content\/uploads\/2024\/12\/initiation.png","contentUrl":"https:\/\/maxims-caviar.com\/wp-content\/uploads\/2024\/12\/initiation.png","width":1000,"height":1000,"caption":"initiation"},{"@type":"BreadcrumbList","@id":"https:\/\/maxims-caviar.com\/produit\/pack-trio-decouverte-figaro\/#breadcrumb","itemListElement":[{"@type":"ListItem","position":1,"name":"Accueil","item":"https:\/\/maxims-caviar.com\/"},{"@type":"ListItem","position":2,"name":"Boutique","item":"https:\/\/maxims-caviar.com\/boutique\/"},{"@type":"ListItem","position":3,"name":"Pack trio d\u00e9couverte &#8211; Figaro"}]},{"@type":"WebSite","@id":"https:\/\/maxims-caviar.com\/en\/#website","url":"https:\/\/maxims-caviar.com\/en\/","name":"Maxim&#039;s Caviar","description":"L&#039;alliance de l&#039;Histoire et de la Modernit\u00e9","publisher":{"@id":"https:\/\/maxims-caviar.com\/en\/#organization"},"potentialAction":[{"@type":"SearchAction","target":{"@type":"EntryPoint","urlTemplate":"https:\/\/maxims-caviar.com\/en\/?s={search_term_string}"},"query-input":{"@type":"PropertyValueSpecification","valueRequired":true,"valueName":"search_term_string"}}],"inLanguage":"fr-BE"},{"@type":"Organization","@id":"https:\/\/maxims-caviar.com\/en\/#organization","name":"Maxim&#039;s Caviar","url":"https:\/\/maxims-caviar.com\/en\/","logo":{"@type":"ImageObject","inLanguage":"fr-BE","@id":"https:\/\/maxims-caviar.com\/en\/#\/schema\/logo\/image\/","url":"https:\/\/maxims-caviar.com\/wp-content\/uploads\/2019\/07\/logo.png","contentUrl":"https:\/\/maxims-caviar.com\/wp-content\/uploads\/2019\/07\/logo.png","width":470,"height":110,"caption":"Maxim&#039;s Caviar"},"image":{"@id":"https:\/\/maxims-caviar.com\/en\/#\/schema\/logo\/image\/"}}]}},"_links":{"self":[{"href":"https:\/\/maxims-caviar.com\/fr_be\/wp-json\/wp\/v2\/product\/88475","targetHints":{"allow":["GET"]}}],"collection":[{"href":"https:\/\/maxims-caviar.com\/fr_be\/wp-json\/wp\/v2\/product"}],"about":[{"href":"https:\/\/maxims-caviar.com\/fr_be\/wp-json\/wp\/v2\/types\/product"}],"version-history":[{"count":2,"href":"https:\/\/maxims-caviar.com\/fr_be\/wp-json\/wp\/v2\/product\/88475\/revisions"}],"predecessor-version":[{"id":91588,"href":"https:\/\/maxims-caviar.com\/fr_be\/wp-json\/wp\/v2\/product\/88475\/revisions\/91588"}],"wp:featuredmedia":[{"embeddable":true,"href":"https:\/\/maxims-caviar.com\/fr_be\/wp-json\/wp\/v2\/media\/80791"}],"wp:attachment":[{"href":"https:\/\/maxims-caviar.com\/fr_be\/wp-json\/wp\/v2\/media?parent=88475"}],"wp:term":[{"taxonomy":"product_brand","embeddable":true,"href":"https:\/\/maxims-caviar.com\/fr_be\/wp-json\/wp\/v2\/product_brand?post=88475"},{"taxonomy":"product_cat","embeddable":true,"href":"https:\/\/maxims-caviar.com\/fr_be\/wp-json\/wp\/v2\/product_cat?post=88475"},{"taxonomy":"product_tag","embeddable":true,"href":"https:\/\/maxims-caviar.com\/fr_be\/wp-json\/wp\/v2\/product_tag?post=88475"}],"curies":[{"name":"wp","href":"https:\/\/api.w.org\/{rel}","templated":true}]}}