{"id":86236,"date":"2025-09-11T14:10:33","date_gmt":"2025-09-11T12:10:33","guid":{"rendered":"https:\/\/maxims-caviar.com\/?post_type=product&#038;p=86236"},"modified":"2026-03-12T11:00:58","modified_gmt":"2026-03-12T10:00:58","slug":"pack-trio-prestige-verychic","status":"publish","type":"product","link":"https:\/\/maxims-caviar.com\/es_es\/produit\/pack-trio-prestige-verychic\/","title":{"rendered":"Pack Trio Prestige VeryChic"},"content":{"rendered":"<div data-elementor-type=\"wp-post\" data-elementor-id=\"86236\" class=\"elementor elementor-86236\">\n\t\t\t\t\t\t<section class=\"elementor-section elementor-top-section elementor-element elementor-element-44b6687c elementor-section-content-middle elementor-section-boxed elementor-section-height-default elementor-section-height-default\" data-id=\"44b6687c\" data-element_type=\"section\" data-e-type=\"section\">\n\t\t\t\t\t\t<div class=\"elementor-container elementor-column-gap-wide\">\n\t\t\t\t\t<div class=\"elementor-column elementor-col-50 elementor-top-column elementor-element elementor-element-d51b5e7\" data-id=\"d51b5e7\" data-element_type=\"column\" data-e-type=\"column\">\n\t\t\t<div class=\"elementor-widget-wrap elementor-element-populated\">\n\t\t\t\t\t\t<div class=\"elementor-element elementor-element-3edb04e0 animated-fast elementor-invisible elementor-widget elementor-widget-text-editor\" data-id=\"3edb04e0\" data-element_type=\"widget\" data-e-type=\"widget\" data-settings=\"{&quot;_animation&quot;:&quot;fadeIn&quot;}\" data-widget_type=\"text-editor.default\">\n\t\t\t\t<div class=\"elementor-widget-container\">\n\t\t\t\t\t\t\t\t\t<h3>Consejos de degustaci\u00f3n<\/h3><p style=\"margin-bottom: 1.41575em; letter-spacing: normal;\">Para servir el caviar, se recomienda sacar la lata del frigor\u00edfico 5 minutos antes de servir. Col\u00f3quela sobre hielo para mantener el caviar fresco para comer. Utilice una cuchara de n\u00e1car para conservar los granos y evitar la oxidaci\u00f3n.<\/p>\t\t\t\t\t\t\t\t<\/div>\n\t\t\t\t<\/div>\n\t\t\t\t\t<\/div>\n\t\t<\/div>\n\t\t\t\t<div class=\"elementor-column elementor-col-50 elementor-top-column elementor-element elementor-element-2641aead\" data-id=\"2641aead\" data-element_type=\"column\" data-e-type=\"column\">\n\t\t\t<div class=\"elementor-widget-wrap elementor-element-populated\">\n\t\t\t\t\t\t<div class=\"elementor-element elementor-element-7c589803 animated-fast elementor-invisible elementor-widget elementor-widget-image\" data-id=\"7c589803\" data-element_type=\"widget\" data-e-type=\"widget\" data-settings=\"{&quot;_animation&quot;:&quot;fadeIn&quot;,&quot;_animation_delay&quot;:200}\" data-widget_type=\"image.default\">\n\t\t\t\t<div class=\"elementor-widget-container\">\n\t\t\t\t\t\t\t\t\t\t\t\t\t\t\t<img fetchpriority=\"high\" decoding=\"async\" width=\"520\" height=\"370\" src=\"https:\/\/maxims-caviar.com\/wp-content\/uploads\/2018\/05\/degustation.jpg\" class=\"attachment-large size-large wp-image-6609\" alt=\"d\u00e9gustation de caviar\" srcset=\"https:\/\/maxims-caviar.com\/wp-content\/uploads\/2018\/05\/degustation.jpg 520w, https:\/\/maxims-caviar.com\/wp-content\/uploads\/2018\/05\/degustation-300x213.jpg 300w, https:\/\/maxims-caviar.com\/wp-content\/uploads\/2018\/05\/degustation-150x107.jpg 150w\" sizes=\"(max-width: 520px) 100vw, 520px\" \/>\t\t\t\t\t\t\t\t\t\t\t\t\t\t\t<\/div>\n\t\t\t\t<\/div>\n\t\t\t\t\t<\/div>\n\t\t<\/div>\n\t\t\t\t\t<\/div>\n\t\t<\/section>\n\t\t\t\t<section class=\"elementor-section elementor-top-section elementor-element elementor-element-309bd84 elementor-section-boxed elementor-section-height-default elementor-section-height-default\" data-id=\"309bd84\" data-element_type=\"section\" data-e-type=\"section\">\n\t\t\t\t\t\t<div class=\"elementor-container elementor-column-gap-default\">\n\t\t\t\t\t<div class=\"elementor-column elementor-col-100 elementor-top-column elementor-element elementor-element-c955d2f\" data-id=\"c955d2f\" data-element_type=\"column\" data-e-type=\"column\">\n\t\t\t<div class=\"elementor-widget-wrap elementor-element-populated\">\n\t\t\t\t\t\t<div class=\"elementor-element elementor-element-35d094f elementor-widget elementor-widget-text-editor\" data-id=\"35d094f\" data-element_type=\"widget\" data-e-type=\"widget\" data-widget_type=\"text-editor.default\">\n\t\t\t\t<div class=\"elementor-widget-container\">\n\t\t\t\t\t\t\t\t\t<p>Origine : Baeri et Osci\u00e8tre (France), Schrenki Dauricus Chine)<br \/>Consumo preferente: 2 meses<br \/>Conservaci\u00f3n: refrigerar entre 0 y 4\u00b0C. Una vez abierto, consumir en un plazo de 48 horas.<br \/>Ingr\u00e9dients : Baeri (Oeufs d\u2019esturgeon (Acipenser baeri), sel, E285) et Osci\u00e8tre (Oeufs d\u2019esturgeon (Acipenser Gueldenstaedti), sel, E285), Schrenki Dauricus (Acipenser Schrenkii, sel, E285)<br \/>Al\u00e9rgenos : Pescado<br \/>Format : 3X100g<\/p>\t\t\t\t\t\t\t\t<\/div>\n\t\t\t\t<\/div>\n\t\t\t\t\t<\/div>\n\t\t<\/div>\n\t\t\t\t\t<\/div>\n\t\t<\/section>\n\t\t\t\t<\/div>","protected":false},"excerpt":{"rendered":"<p>Offrez ou d\u00e9gustez le meilleur du <strong>caviar<\/strong> avec notre pack Trio Prestige, une s\u00e9lection exclusive pour la Saint-Valentin. Ce coffret r\u00e9unit trois vari\u00e9t\u00e9s de <strong>caviar.<\/strong><\/p>\n<p>1. Baeri (100g) Appr\u00e9ci\u00e9 pour sa d\u00e9licatesse, le caviar Baeri offre une texture fondante et des notes douces de beurre et de noisette. Id\u00e9al pour initier vos convives \u00e0 l\u2019art du caviar.<\/p>\n<p>2. Osci\u00e8tre (100g) R\u00e9put\u00e9 pour sa complexit\u00e9, le caviar Osci\u00e8tre se distingue par ses grains fermes et ses saveurs raffin\u00e9es de noix et de mer. Un incontournable des tables de f\u00eate.<\/p>\n<p>3. Schrenki Dauricus (100g) Alliant saveurs subtiles et grains imposants, ce caviar est le choix id\u00e9al pour les connaisseurs en qu\u00eate d\u2019originalit\u00e9 et d\u2019excellence. Ce caviar provient des eaux limpides du fleuve Amour en Chine et s\u00e9duit par ses grains g\u00e9n\u00e9reux, proches de ceux du Beluga.<\/p>","protected":false},"featured_media":82029,"template":"","meta":{"_acf_changed":false},"product_brand":[],"product_cat":[83],"product_tag":[],"class_list":{"0":"post-86236","1":"product","2":"type-product","3":"status-publish","4":"has-post-thumbnail","6":"product_cat-offre-speciale-very-chic","7":"product_shipping_class-fresh-product","9":"first","10":"outofstock","11":"sale","12":"taxable","13":"shipping-taxable","14":"purchasable","15":"product-type-simple"},"acf":[],"yoast_head":"<!-- This site is optimized with the Yoast SEO plugin v27.4 - https:\/\/yoast.com\/product\/yoast-seo-wordpress\/ -->\n<title>Pack Trio Prestige VeryChic - Maxim&#039;s Caviar<\/title>\n<meta name=\"description\" content=\"Le caviar Beluga se distingue par la taille de ses grains, ses nuances d\u00e9licates de gris et sa texture cr\u00e9meuse. Caviar d&#039;exception \u00e0 prix remis\u00e9 !\" \/>\n<meta name=\"robots\" content=\"noindex, nofollow\" \/>\n<meta property=\"og:locale\" content=\"es_ES\" \/>\n<meta property=\"og:type\" content=\"article\" \/>\n<meta property=\"og:title\" content=\"Pack Trio Prestige VeryChic - Maxim&#039;s Caviar\" \/>\n<meta property=\"og:description\" content=\"Le caviar Beluga se distingue par la taille de ses grains, ses nuances d\u00e9licates de gris et sa texture cr\u00e9meuse. Caviar d&#039;exception \u00e0 prix remis\u00e9 !\" \/>\n<meta property=\"og:url\" content=\"https:\/\/maxims-caviar.com\/es_es\/producto\/pack-trio-prestige-verychic\/\" \/>\n<meta property=\"og:site_name\" content=\"Maxim&#039;s Caviar\" \/>\n<meta property=\"article:modified_time\" content=\"2026-03-12T10:00:58+00:00\" \/>\n<meta property=\"og:image\" content=\"https:\/\/maxims-caviar.com\/wp-content\/uploads\/2025\/02\/trio-prestige.png\" \/>\n\t<meta property=\"og:image:width\" content=\"1000\" \/>\n\t<meta property=\"og:image:height\" content=\"1000\" \/>\n\t<meta property=\"og:image:type\" content=\"image\/png\" \/>\n<meta name=\"twitter:card\" content=\"summary_large_image\" \/>\n<meta name=\"twitter:label1\" content=\"Tiempo de lectura\" \/>\n\t<meta name=\"twitter:data1\" content=\"1 minuto\" \/>\n<script type=\"application\/ld+json\" class=\"yoast-schema-graph\">{\"@context\":\"https:\\\/\\\/schema.org\",\"@graph\":[{\"@type\":\"WebPage\",\"@id\":\"https:\\\/\\\/maxims-caviar.com\\\/produit\\\/pack-trio-prestige-verychic\\\/\",\"url\":\"https:\\\/\\\/maxims-caviar.com\\\/produit\\\/pack-trio-prestige-verychic\\\/\",\"name\":\"Pack Trio Prestige VeryChic - Maxim&#039;s Caviar\",\"isPartOf\":{\"@id\":\"https:\\\/\\\/maxims-caviar.com\\\/en\\\/#website\"},\"primaryImageOfPage\":{\"@id\":\"https:\\\/\\\/maxims-caviar.com\\\/produit\\\/pack-trio-prestige-verychic\\\/#primaryimage\"},\"image\":{\"@id\":\"https:\\\/\\\/maxims-caviar.com\\\/produit\\\/pack-trio-prestige-verychic\\\/#primaryimage\"},\"thumbnailUrl\":\"https:\\\/\\\/maxims-caviar.com\\\/wp-content\\\/uploads\\\/2025\\\/02\\\/trio-prestige.png\",\"datePublished\":\"2025-09-11T12:10:33+00:00\",\"dateModified\":\"2026-03-12T10:00:58+00:00\",\"description\":\"Le caviar Beluga se distingue par la taille de ses grains, ses nuances d\u00e9licates de gris et sa texture cr\u00e9meuse. Caviar d'exception \u00e0 prix remis\u00e9 !\",\"breadcrumb\":{\"@id\":\"https:\\\/\\\/maxims-caviar.com\\\/produit\\\/pack-trio-prestige-verychic\\\/#breadcrumb\"},\"inLanguage\":\"es\",\"potentialAction\":[{\"@type\":\"ReadAction\",\"target\":[\"https:\\\/\\\/maxims-caviar.com\\\/produit\\\/pack-trio-prestige-verychic\\\/\"]}]},{\"@type\":\"ImageObject\",\"inLanguage\":\"es\",\"@id\":\"https:\\\/\\\/maxims-caviar.com\\\/produit\\\/pack-trio-prestige-verychic\\\/#primaryimage\",\"url\":\"https:\\\/\\\/maxims-caviar.com\\\/wp-content\\\/uploads\\\/2025\\\/02\\\/trio-prestige.png\",\"contentUrl\":\"https:\\\/\\\/maxims-caviar.com\\\/wp-content\\\/uploads\\\/2025\\\/02\\\/trio-prestige.png\",\"width\":1000,\"height\":1000},{\"@type\":\"BreadcrumbList\",\"@id\":\"https:\\\/\\\/maxims-caviar.com\\\/produit\\\/pack-trio-prestige-verychic\\\/#breadcrumb\",\"itemListElement\":[{\"@type\":\"ListItem\",\"position\":1,\"name\":\"Accueil\",\"item\":\"https:\\\/\\\/maxims-caviar.com\\\/\"},{\"@type\":\"ListItem\",\"position\":2,\"name\":\"Boutique\",\"item\":\"https:\\\/\\\/maxims-caviar.com\\\/boutique\\\/\"},{\"@type\":\"ListItem\",\"position\":3,\"name\":\"Pack Trio Prestige VeryChic\"}]},{\"@type\":\"WebSite\",\"@id\":\"https:\\\/\\\/maxims-caviar.com\\\/en\\\/#website\",\"url\":\"https:\\\/\\\/maxims-caviar.com\\\/en\\\/\",\"name\":\"Maxim&#039;s Caviar\",\"description\":\"L&#039;alliance de l&#039;Histoire et de la Modernit\u00e9\",\"publisher\":{\"@id\":\"https:\\\/\\\/maxims-caviar.com\\\/en\\\/#organization\"},\"potentialAction\":[{\"@type\":\"SearchAction\",\"target\":{\"@type\":\"EntryPoint\",\"urlTemplate\":\"https:\\\/\\\/maxims-caviar.com\\\/en\\\/?s={search_term_string}\"},\"query-input\":{\"@type\":\"PropertyValueSpecification\",\"valueRequired\":true,\"valueName\":\"search_term_string\"}}],\"inLanguage\":\"es\"},{\"@type\":\"Organization\",\"@id\":\"https:\\\/\\\/maxims-caviar.com\\\/en\\\/#organization\",\"name\":\"Maxim&#039;s Caviar\",\"url\":\"https:\\\/\\\/maxims-caviar.com\\\/en\\\/\",\"logo\":{\"@type\":\"ImageObject\",\"inLanguage\":\"es\",\"@id\":\"https:\\\/\\\/maxims-caviar.com\\\/en\\\/#\\\/schema\\\/logo\\\/image\\\/\",\"url\":\"https:\\\/\\\/maxims-caviar.com\\\/wp-content\\\/uploads\\\/2019\\\/07\\\/logo.png\",\"contentUrl\":\"https:\\\/\\\/maxims-caviar.com\\\/wp-content\\\/uploads\\\/2019\\\/07\\\/logo.png\",\"width\":470,\"height\":110,\"caption\":\"Maxim&#039;s Caviar\"},\"image\":{\"@id\":\"https:\\\/\\\/maxims-caviar.com\\\/en\\\/#\\\/schema\\\/logo\\\/image\\\/\"}}]}<\/script>\n<!-- \/ Yoast SEO plugin. -->","yoast_head_json":{"title":"Pack Trio Prestige VeryChic - Maxim&#039;s Caviar","description":"Le caviar Beluga se distingue par la taille de ses grains, ses nuances d\u00e9licates de gris et sa texture cr\u00e9meuse. Caviar d'exception \u00e0 prix remis\u00e9 !","robots":{"index":"noindex","follow":"nofollow"},"og_locale":"es_ES","og_type":"article","og_title":"Pack Trio Prestige VeryChic - Maxim&#039;s Caviar","og_description":"Le caviar Beluga se distingue par la taille de ses grains, ses nuances d\u00e9licates de gris et sa texture cr\u00e9meuse. Caviar d'exception \u00e0 prix remis\u00e9 !","og_url":"https:\/\/maxims-caviar.com\/es_es\/producto\/pack-trio-prestige-verychic\/","og_site_name":"Maxim&#039;s Caviar","article_modified_time":"2026-03-12T10:00:58+00:00","og_image":[{"width":1000,"height":1000,"url":"https:\/\/maxims-caviar.com\/wp-content\/uploads\/2025\/02\/trio-prestige.png","type":"image\/png"}],"twitter_card":"summary_large_image","twitter_misc":{"Tiempo de lectura":"1 minuto"},"schema":{"@context":"https:\/\/schema.org","@graph":[{"@type":"WebPage","@id":"https:\/\/maxims-caviar.com\/produit\/pack-trio-prestige-verychic\/","url":"https:\/\/maxims-caviar.com\/produit\/pack-trio-prestige-verychic\/","name":"Pack Trio Prestige VeryChic - Maxim&#039;s Caviar","isPartOf":{"@id":"https:\/\/maxims-caviar.com\/en\/#website"},"primaryImageOfPage":{"@id":"https:\/\/maxims-caviar.com\/produit\/pack-trio-prestige-verychic\/#primaryimage"},"image":{"@id":"https:\/\/maxims-caviar.com\/produit\/pack-trio-prestige-verychic\/#primaryimage"},"thumbnailUrl":"https:\/\/maxims-caviar.com\/wp-content\/uploads\/2025\/02\/trio-prestige.png","datePublished":"2025-09-11T12:10:33+00:00","dateModified":"2026-03-12T10:00:58+00:00","description":"Le caviar Beluga se distingue par la taille de ses grains, ses nuances d\u00e9licates de gris et sa texture cr\u00e9meuse. Caviar d'exception \u00e0 prix remis\u00e9 !","breadcrumb":{"@id":"https:\/\/maxims-caviar.com\/produit\/pack-trio-prestige-verychic\/#breadcrumb"},"inLanguage":"es","potentialAction":[{"@type":"ReadAction","target":["https:\/\/maxims-caviar.com\/produit\/pack-trio-prestige-verychic\/"]}]},{"@type":"ImageObject","inLanguage":"es","@id":"https:\/\/maxims-caviar.com\/produit\/pack-trio-prestige-verychic\/#primaryimage","url":"https:\/\/maxims-caviar.com\/wp-content\/uploads\/2025\/02\/trio-prestige.png","contentUrl":"https:\/\/maxims-caviar.com\/wp-content\/uploads\/2025\/02\/trio-prestige.png","width":1000,"height":1000},{"@type":"BreadcrumbList","@id":"https:\/\/maxims-caviar.com\/produit\/pack-trio-prestige-verychic\/#breadcrumb","itemListElement":[{"@type":"ListItem","position":1,"name":"Accueil","item":"https:\/\/maxims-caviar.com\/"},{"@type":"ListItem","position":2,"name":"Boutique","item":"https:\/\/maxims-caviar.com\/boutique\/"},{"@type":"ListItem","position":3,"name":"Pack Trio Prestige VeryChic"}]},{"@type":"WebSite","@id":"https:\/\/maxims-caviar.com\/en\/#website","url":"https:\/\/maxims-caviar.com\/en\/","name":"Maxim&#039;s Caviar","description":"L&#039;alliance de l&#039;Histoire et de la Modernit\u00e9","publisher":{"@id":"https:\/\/maxims-caviar.com\/en\/#organization"},"potentialAction":[{"@type":"SearchAction","target":{"@type":"EntryPoint","urlTemplate":"https:\/\/maxims-caviar.com\/en\/?s={search_term_string}"},"query-input":{"@type":"PropertyValueSpecification","valueRequired":true,"valueName":"search_term_string"}}],"inLanguage":"es"},{"@type":"Organization","@id":"https:\/\/maxims-caviar.com\/en\/#organization","name":"Maxim&#039;s Caviar","url":"https:\/\/maxims-caviar.com\/en\/","logo":{"@type":"ImageObject","inLanguage":"es","@id":"https:\/\/maxims-caviar.com\/en\/#\/schema\/logo\/image\/","url":"https:\/\/maxims-caviar.com\/wp-content\/uploads\/2019\/07\/logo.png","contentUrl":"https:\/\/maxims-caviar.com\/wp-content\/uploads\/2019\/07\/logo.png","width":470,"height":110,"caption":"Maxim&#039;s Caviar"},"image":{"@id":"https:\/\/maxims-caviar.com\/en\/#\/schema\/logo\/image\/"}}]}},"_links":{"self":[{"href":"https:\/\/maxims-caviar.com\/es_es\/wp-json\/wp\/v2\/product\/86236","targetHints":{"allow":["GET"]}}],"collection":[{"href":"https:\/\/maxims-caviar.com\/es_es\/wp-json\/wp\/v2\/product"}],"about":[{"href":"https:\/\/maxims-caviar.com\/es_es\/wp-json\/wp\/v2\/types\/product"}],"version-history":[{"count":1,"href":"https:\/\/maxims-caviar.com\/es_es\/wp-json\/wp\/v2\/product\/86236\/revisions"}],"predecessor-version":[{"id":86242,"href":"https:\/\/maxims-caviar.com\/es_es\/wp-json\/wp\/v2\/product\/86236\/revisions\/86242"}],"wp:featuredmedia":[{"embeddable":true,"href":"https:\/\/maxims-caviar.com\/es_es\/wp-json\/wp\/v2\/media\/82029"}],"wp:attachment":[{"href":"https:\/\/maxims-caviar.com\/es_es\/wp-json\/wp\/v2\/media?parent=86236"}],"wp:term":[{"taxonomy":"product_brand","embeddable":true,"href":"https:\/\/maxims-caviar.com\/es_es\/wp-json\/wp\/v2\/product_brand?post=86236"},{"taxonomy":"product_cat","embeddable":true,"href":"https:\/\/maxims-caviar.com\/es_es\/wp-json\/wp\/v2\/product_cat?post=86236"},{"taxonomy":"product_tag","embeddable":true,"href":"https:\/\/maxims-caviar.com\/es_es\/wp-json\/wp\/v2\/product_tag?post=86236"}],"curies":[{"name":"wp","href":"https:\/\/api.w.org\/{rel}","templated":true}]}}