{"id":81092,"date":"2024-12-13T09:23:45","date_gmt":"2024-12-13T08:23:45","guid":{"rendered":"https:\/\/maxims-caviar.com\/?post_type=product&#038;p=81092"},"modified":"2026-03-09T18:50:29","modified_gmt":"2026-03-09T17:50:29","slug":"oeufs-de-truite-250g","status":"publish","type":"product","link":"https:\/\/maxims-caviar.com\/es_es\/produit\/oeufs-de-truite-250g\/","title":{"rendered":"Huevos de trucha 250g"},"content":{"rendered":"","protected":false},"excerpt":{"rendered":"<p>Los huevos de trucha proceden de la especie Oncorhynchus Mykiss, de peces originarios de Francia.<\/p>\n<p>Son de menor tama\u00f1o y textura m\u00e1s crujiente que las huevas de salm\u00f3n. Esto supone que las huevas han alcanzado un grado de madurez suficiente.<\/p>\n<p>Origine : France \/ Espagne<br \/>\nConsumir preferentemente antes de: 3 meses<br \/>\nConservaci\u00f3n: refrigerar entre 0 y 4\u00b0C. Una vez abierto, consumir en un plazo de 48 horas.<br \/>\nIngredientes : HUEVOS DE PESCADO (Trucha Oncorhynchus mykiss) (96,5%), sal<br \/>\nAl\u00e9rgenos : Pescado<br \/>\nPeso : 250g<\/p>","protected":false},"featured_media":52234,"template":"","meta":{"_acf_changed":false},"product_brand":[],"product_cat":[40],"product_tag":[],"class_list":{"0":"post-81092","1":"product","2":"type-product","3":"status-publish","4":"has-post-thumbnail","6":"product_cat-epicerie","7":"product_shipping_class-fresh-product","9":"first","10":"instock","11":"taxable","12":"shipping-taxable","13":"purchasable","14":"product-type-simple"},"acf":[],"yoast_head":"<!-- This site is optimized with the Yoast SEO plugin v27.4 - https:\/\/yoast.com\/product\/yoast-seo-wordpress\/ -->\n<title>Oeufs de truite 250g - Maxim&#039;s Caviar<\/title>\n<meta name=\"robots\" content=\"index, follow, max-snippet:-1, max-image-preview:large, max-video-preview:-1\" \/>\n<link rel=\"canonical\" href=\"https:\/\/maxims-caviar.com\/es_es\/producto\/oeufs-de-truite-250g\/\" \/>\n<meta property=\"og:locale\" content=\"es_ES\" \/>\n<meta property=\"og:type\" content=\"article\" \/>\n<meta property=\"og:title\" content=\"Oeufs de truite 250g - Maxim&#039;s Caviar\" \/>\n<meta property=\"og:description\" content=\"Les \u0153ufs de Truite proviennent de l\u2019esp\u00e8ce Oncorhynchus Mykiss, issus de poissons origine France.  Leur taille est plus petite et leur texture plus croquante que les \u0153ufs de saumon. Ceci suppose que les \u0153ufs aient atteint un stade de maturit\u00e9 suffisant.  Origine : France \/ Espagne DLUO : 3 mois Conservation : Au r\u00e9frig\u00e9rateur entre 0 et 4\u00b0c. Apr\u00e8s ouverture, consommez dans les 48h Ingr\u00e9dients : Oeufs de POISSON (Truite Oncorhynchus mykiss) (96,5%), sel Allerg\u00e8nes : Poisson Poids : 250g\" \/>\n<meta property=\"og:url\" content=\"https:\/\/maxims-caviar.com\/es_es\/producto\/oeufs-de-truite-250g\/\" \/>\n<meta property=\"og:site_name\" content=\"Maxim&#039;s Caviar\" \/>\n<meta property=\"article:modified_time\" content=\"2026-03-09T17:50:29+00:00\" \/>\n<meta property=\"og:image\" content=\"https:\/\/maxims-caviar.com\/wp-content\/uploads\/2021\/07\/truite.png\" \/>\n\t<meta property=\"og:image:width\" content=\"1000\" \/>\n\t<meta property=\"og:image:height\" content=\"1000\" \/>\n\t<meta property=\"og:image:type\" content=\"image\/png\" \/>\n<meta name=\"twitter:card\" content=\"summary_large_image\" \/>\n<script type=\"application\/ld+json\" class=\"yoast-schema-graph\">{\"@context\":\"https:\\\/\\\/schema.org\",\"@graph\":[{\"@type\":\"WebPage\",\"@id\":\"https:\\\/\\\/maxims-caviar.com\\\/produit\\\/oeufs-de-truite-250g\\\/\",\"url\":\"https:\\\/\\\/maxims-caviar.com\\\/produit\\\/oeufs-de-truite-250g\\\/\",\"name\":\"Oeufs de truite 250g - Maxim&#039;s Caviar\",\"isPartOf\":{\"@id\":\"https:\\\/\\\/maxims-caviar.com\\\/en\\\/#website\"},\"primaryImageOfPage\":{\"@id\":\"https:\\\/\\\/maxims-caviar.com\\\/produit\\\/oeufs-de-truite-250g\\\/#primaryimage\"},\"image\":{\"@id\":\"https:\\\/\\\/maxims-caviar.com\\\/produit\\\/oeufs-de-truite-250g\\\/#primaryimage\"},\"thumbnailUrl\":\"https:\\\/\\\/maxims-caviar.com\\\/wp-content\\\/uploads\\\/2021\\\/07\\\/truite.png\",\"datePublished\":\"2024-12-13T08:23:45+00:00\",\"dateModified\":\"2026-03-09T17:50:29+00:00\",\"breadcrumb\":{\"@id\":\"https:\\\/\\\/maxims-caviar.com\\\/produit\\\/oeufs-de-truite-250g\\\/#breadcrumb\"},\"inLanguage\":\"es\",\"potentialAction\":[{\"@type\":\"ReadAction\",\"target\":[\"https:\\\/\\\/maxims-caviar.com\\\/produit\\\/oeufs-de-truite-250g\\\/\"]}]},{\"@type\":\"ImageObject\",\"inLanguage\":\"es\",\"@id\":\"https:\\\/\\\/maxims-caviar.com\\\/produit\\\/oeufs-de-truite-250g\\\/#primaryimage\",\"url\":\"https:\\\/\\\/maxims-caviar.com\\\/wp-content\\\/uploads\\\/2021\\\/07\\\/truite.png\",\"contentUrl\":\"https:\\\/\\\/maxims-caviar.com\\\/wp-content\\\/uploads\\\/2021\\\/07\\\/truite.png\",\"width\":1000,\"height\":1000,\"caption\":\"oeufs de truite\"},{\"@type\":\"BreadcrumbList\",\"@id\":\"https:\\\/\\\/maxims-caviar.com\\\/produit\\\/oeufs-de-truite-250g\\\/#breadcrumb\",\"itemListElement\":[{\"@type\":\"ListItem\",\"position\":1,\"name\":\"Accueil\",\"item\":\"https:\\\/\\\/maxims-caviar.com\\\/\"},{\"@type\":\"ListItem\",\"position\":2,\"name\":\"Boutique\",\"item\":\"https:\\\/\\\/maxims-caviar.com\\\/boutique\\\/\"},{\"@type\":\"ListItem\",\"position\":3,\"name\":\"Oeufs de truite 250g\"}]},{\"@type\":\"WebSite\",\"@id\":\"https:\\\/\\\/maxims-caviar.com\\\/en\\\/#website\",\"url\":\"https:\\\/\\\/maxims-caviar.com\\\/en\\\/\",\"name\":\"Maxim&#039;s Caviar\",\"description\":\"L&#039;alliance de l&#039;Histoire et de la Modernit\u00e9\",\"publisher\":{\"@id\":\"https:\\\/\\\/maxims-caviar.com\\\/en\\\/#organization\"},\"potentialAction\":[{\"@type\":\"SearchAction\",\"target\":{\"@type\":\"EntryPoint\",\"urlTemplate\":\"https:\\\/\\\/maxims-caviar.com\\\/en\\\/?s={search_term_string}\"},\"query-input\":{\"@type\":\"PropertyValueSpecification\",\"valueRequired\":true,\"valueName\":\"search_term_string\"}}],\"inLanguage\":\"es\"},{\"@type\":\"Organization\",\"@id\":\"https:\\\/\\\/maxims-caviar.com\\\/en\\\/#organization\",\"name\":\"Maxim&#039;s Caviar\",\"url\":\"https:\\\/\\\/maxims-caviar.com\\\/en\\\/\",\"logo\":{\"@type\":\"ImageObject\",\"inLanguage\":\"es\",\"@id\":\"https:\\\/\\\/maxims-caviar.com\\\/en\\\/#\\\/schema\\\/logo\\\/image\\\/\",\"url\":\"https:\\\/\\\/maxims-caviar.com\\\/wp-content\\\/uploads\\\/2019\\\/07\\\/logo.png\",\"contentUrl\":\"https:\\\/\\\/maxims-caviar.com\\\/wp-content\\\/uploads\\\/2019\\\/07\\\/logo.png\",\"width\":470,\"height\":110,\"caption\":\"Maxim&#039;s Caviar\"},\"image\":{\"@id\":\"https:\\\/\\\/maxims-caviar.com\\\/en\\\/#\\\/schema\\\/logo\\\/image\\\/\"}}]}<\/script>\n<!-- \/ Yoast SEO plugin. -->","yoast_head_json":{"title":"Oeufs de truite 250g - Maxim&#039;s Caviar","robots":{"index":"index","follow":"follow","max-snippet":"max-snippet:-1","max-image-preview":"max-image-preview:large","max-video-preview":"max-video-preview:-1"},"canonical":"https:\/\/maxims-caviar.com\/es_es\/producto\/oeufs-de-truite-250g\/","og_locale":"es_ES","og_type":"article","og_title":"Oeufs de truite 250g - Maxim&#039;s Caviar","og_description":"Les \u0153ufs de Truite proviennent de l\u2019esp\u00e8ce Oncorhynchus Mykiss, issus de poissons origine France.  Leur taille est plus petite et leur texture plus croquante que les \u0153ufs de saumon. Ceci suppose que les \u0153ufs aient atteint un stade de maturit\u00e9 suffisant.  Origine : France \/ Espagne DLUO : 3 mois Conservation : Au r\u00e9frig\u00e9rateur entre 0 et 4\u00b0c. Apr\u00e8s ouverture, consommez dans les 48h Ingr\u00e9dients : Oeufs de POISSON (Truite Oncorhynchus mykiss) (96,5%), sel Allerg\u00e8nes : Poisson Poids : 250g","og_url":"https:\/\/maxims-caviar.com\/es_es\/producto\/oeufs-de-truite-250g\/","og_site_name":"Maxim&#039;s Caviar","article_modified_time":"2026-03-09T17:50:29+00:00","og_image":[{"width":1000,"height":1000,"url":"https:\/\/maxims-caviar.com\/wp-content\/uploads\/2021\/07\/truite.png","type":"image\/png"}],"twitter_card":"summary_large_image","schema":{"@context":"https:\/\/schema.org","@graph":[{"@type":"WebPage","@id":"https:\/\/maxims-caviar.com\/produit\/oeufs-de-truite-250g\/","url":"https:\/\/maxims-caviar.com\/produit\/oeufs-de-truite-250g\/","name":"Oeufs de truite 250g - Maxim&#039;s Caviar","isPartOf":{"@id":"https:\/\/maxims-caviar.com\/en\/#website"},"primaryImageOfPage":{"@id":"https:\/\/maxims-caviar.com\/produit\/oeufs-de-truite-250g\/#primaryimage"},"image":{"@id":"https:\/\/maxims-caviar.com\/produit\/oeufs-de-truite-250g\/#primaryimage"},"thumbnailUrl":"https:\/\/maxims-caviar.com\/wp-content\/uploads\/2021\/07\/truite.png","datePublished":"2024-12-13T08:23:45+00:00","dateModified":"2026-03-09T17:50:29+00:00","breadcrumb":{"@id":"https:\/\/maxims-caviar.com\/produit\/oeufs-de-truite-250g\/#breadcrumb"},"inLanguage":"es","potentialAction":[{"@type":"ReadAction","target":["https:\/\/maxims-caviar.com\/produit\/oeufs-de-truite-250g\/"]}]},{"@type":"ImageObject","inLanguage":"es","@id":"https:\/\/maxims-caviar.com\/produit\/oeufs-de-truite-250g\/#primaryimage","url":"https:\/\/maxims-caviar.com\/wp-content\/uploads\/2021\/07\/truite.png","contentUrl":"https:\/\/maxims-caviar.com\/wp-content\/uploads\/2021\/07\/truite.png","width":1000,"height":1000,"caption":"oeufs de truite"},{"@type":"BreadcrumbList","@id":"https:\/\/maxims-caviar.com\/produit\/oeufs-de-truite-250g\/#breadcrumb","itemListElement":[{"@type":"ListItem","position":1,"name":"Accueil","item":"https:\/\/maxims-caviar.com\/"},{"@type":"ListItem","position":2,"name":"Boutique","item":"https:\/\/maxims-caviar.com\/boutique\/"},{"@type":"ListItem","position":3,"name":"Oeufs de truite 250g"}]},{"@type":"WebSite","@id":"https:\/\/maxims-caviar.com\/en\/#website","url":"https:\/\/maxims-caviar.com\/en\/","name":"Maxim&#039;s Caviar","description":"L&#039;alliance de l&#039;Histoire et de la Modernit\u00e9","publisher":{"@id":"https:\/\/maxims-caviar.com\/en\/#organization"},"potentialAction":[{"@type":"SearchAction","target":{"@type":"EntryPoint","urlTemplate":"https:\/\/maxims-caviar.com\/en\/?s={search_term_string}"},"query-input":{"@type":"PropertyValueSpecification","valueRequired":true,"valueName":"search_term_string"}}],"inLanguage":"es"},{"@type":"Organization","@id":"https:\/\/maxims-caviar.com\/en\/#organization","name":"Maxim&#039;s Caviar","url":"https:\/\/maxims-caviar.com\/en\/","logo":{"@type":"ImageObject","inLanguage":"es","@id":"https:\/\/maxims-caviar.com\/en\/#\/schema\/logo\/image\/","url":"https:\/\/maxims-caviar.com\/wp-content\/uploads\/2019\/07\/logo.png","contentUrl":"https:\/\/maxims-caviar.com\/wp-content\/uploads\/2019\/07\/logo.png","width":470,"height":110,"caption":"Maxim&#039;s Caviar"},"image":{"@id":"https:\/\/maxims-caviar.com\/en\/#\/schema\/logo\/image\/"}}]}},"_links":{"self":[{"href":"https:\/\/maxims-caviar.com\/es_es\/wp-json\/wp\/v2\/product\/81092","targetHints":{"allow":["GET"]}}],"collection":[{"href":"https:\/\/maxims-caviar.com\/es_es\/wp-json\/wp\/v2\/product"}],"about":[{"href":"https:\/\/maxims-caviar.com\/es_es\/wp-json\/wp\/v2\/types\/product"}],"version-history":[{"count":2,"href":"https:\/\/maxims-caviar.com\/es_es\/wp-json\/wp\/v2\/product\/81092\/revisions"}],"predecessor-version":[{"id":87796,"href":"https:\/\/maxims-caviar.com\/es_es\/wp-json\/wp\/v2\/product\/81092\/revisions\/87796"}],"wp:featuredmedia":[{"embeddable":true,"href":"https:\/\/maxims-caviar.com\/es_es\/wp-json\/wp\/v2\/media\/52234"}],"wp:attachment":[{"href":"https:\/\/maxims-caviar.com\/es_es\/wp-json\/wp\/v2\/media?parent=81092"}],"wp:term":[{"taxonomy":"product_brand","embeddable":true,"href":"https:\/\/maxims-caviar.com\/es_es\/wp-json\/wp\/v2\/product_brand?post=81092"},{"taxonomy":"product_cat","embeddable":true,"href":"https:\/\/maxims-caviar.com\/es_es\/wp-json\/wp\/v2\/product_cat?post=81092"},{"taxonomy":"product_tag","embeddable":true,"href":"https:\/\/maxims-caviar.com\/es_es\/wp-json\/wp\/v2\/product_tag?post=81092"}],"curies":[{"name":"wp","href":"https:\/\/api.w.org\/{rel}","templated":true}]}}