{"id":60881,"date":"2023-11-16T17:13:51","date_gmt":"2023-11-16T16:13:51","guid":{"rendered":"https:\/\/maxims-caviar.com\/?post_type=product&#038;p=60881"},"modified":"2026-03-12T10:52:18","modified_gmt":"2026-03-12T09:52:18","slug":"caviar-beluga-500g-figaro-2","status":"publish","type":"product","link":"https:\/\/maxims-caviar.com\/es_es\/produit\/caviar-beluga-500g-figaro-2\/","title":{"rendered":"Caviar Beluga 500g &#8211; Figaro"},"content":{"rendered":"<p><a href=\"https:\/\/maxims-caviar.com\/es_es\/conseils\/\">Consejos de degustaci\u00f3n<\/a><br \/>\n<a href=\"https:\/\/maxims-caviar.com\/es_es\/recettes\/\">Suggestions de recettes<\/a><\/p>\n<p>Ingredients : Oeufs d&rsquo;esturgeon (Huso Huso), sel, E285<br \/>\nConservation : Conserver au r\u00e9frig\u00e9rateur entre 0\u00b0C et 4 \u00b0C<br \/>\nDDM garantie : 2 mois<br \/>\nOrigen : Europa<\/p>","protected":false},"excerpt":{"rendered":"<p><strong>Caviar Maxim\u2019s vous propose des offres exclusives pour vos f\u00eates de No\u00ebl<\/strong><\/p>\n<p>Le Caviar Beluga est issu d&rsquo;esturgeons femelles de plus de 17 ans. Ces esturgeons ont b\u00e9n\u00e9fici\u00e9 d\u2019un environnement proche de leur milieu naturel et les maitres caviars ont su transformer leurs oeufs en caviar d\u2019exception.<\/p>\n<p><strong>Un ambiente ideal en Bulgaria<\/strong><br \/>\nSituada en medio de un lago de 32 km de largo y 100 m de profundidad, con aguas extremadamente puras, esta piscifactor\u00eda posee la mayor reserva de caviar Beluga de Europa.<\/p>\n<p>Le caviar Beluga est r\u00e9put\u00e9 pour la taille g\u00e9n\u00e9reuse de ses grains et ses nuances de gris. En bouche, la texture cr\u00e9meuse des oeufs se disperse tandis que les ar\u00f4mes se prolongent longuement.<\/p>","protected":false},"featured_media":69393,"template":"","meta":{"_acf_changed":false},"product_brand":[],"product_cat":[94],"product_tag":[],"class_list":{"0":"post-60881","1":"product","2":"type-product","3":"status-publish","4":"has-post-thumbnail","6":"product_cat-mediafigaro","7":"product_shipping_class-fresh-product","9":"first","10":"outofstock","11":"sale","12":"taxable","13":"shipping-taxable","14":"purchasable","15":"product-type-simple"},"acf":[],"yoast_head":"<!-- This site is optimized with the Yoast SEO plugin v27.3 - https:\/\/yoast.com\/product\/yoast-seo-wordpress\/ -->\n<title>Caviar Beluga 500g - Figaro - Maxim&#039;s Caviar<\/title>\n<meta name=\"robots\" content=\"noindex, nofollow\" \/>\n<meta property=\"og:locale\" content=\"es_ES\" \/>\n<meta property=\"og:type\" content=\"article\" \/>\n<meta property=\"og:title\" content=\"Caviar Beluga 500g - Figaro - Maxim&#039;s Caviar\" \/>\n<meta property=\"og:description\" content=\"Caviar Maxim\u2019s vous propose des offres exclusives pour vos f\u00eates de No\u00ebl  Le Caviar Beluga est issu d&#039;esturgeons femelles de plus de 17 ans. Ces esturgeons ont b\u00e9n\u00e9fici\u00e9 d\u2019un environnement proche de leur milieu naturel et les maitres caviars ont su transformer leurs oeufs en caviar d\u2019exception.  Un environnement id\u00e9al en Bulgarie Implant\u00e9 au milieu d\u2019un lac de 32km de long et 100m de profondeur avec une eau extr\u00eamement pure, cette pisciculture dispose de la plus grande r\u00e9serve de caviar Beluga en Europe.  Le caviar Beluga est r\u00e9put\u00e9 pour la taille g\u00e9n\u00e9reuse de ses grains et ses nuances de gris. En bouche, la texture cr\u00e9meuse des oeufs se disperse tandis que les ar\u00f4mes se prolongent longuement.\" \/>\n<meta property=\"og:url\" content=\"https:\/\/maxims-caviar.com\/es_es\/producto\/caviar-beluga-500g-figaro-2\/\" \/>\n<meta property=\"og:site_name\" content=\"Maxim&#039;s Caviar\" \/>\n<meta property=\"article:modified_time\" content=\"2026-03-12T09:52:18+00:00\" \/>\n<meta property=\"og:image\" content=\"https:\/\/maxims-caviar.com\/wp-content\/uploads\/2024\/01\/caviar-maxims-paris-bo2.jpg\" \/>\n\t<meta property=\"og:image:width\" content=\"1000\" \/>\n\t<meta property=\"og:image:height\" content=\"1000\" \/>\n\t<meta property=\"og:image:type\" content=\"image\/jpeg\" \/>\n<meta name=\"twitter:card\" content=\"summary_large_image\" \/>\n<script type=\"application\/ld+json\" class=\"yoast-schema-graph\">{\"@context\":\"https:\\\/\\\/schema.org\",\"@graph\":[{\"@type\":\"WebPage\",\"@id\":\"https:\\\/\\\/maxims-caviar.com\\\/produit\\\/caviar-beluga-500g-figaro-2\\\/\",\"url\":\"https:\\\/\\\/maxims-caviar.com\\\/produit\\\/caviar-beluga-500g-figaro-2\\\/\",\"name\":\"Caviar Beluga 500g - Figaro - Maxim&#039;s Caviar\",\"isPartOf\":{\"@id\":\"https:\\\/\\\/maxims-caviar.com\\\/en\\\/#website\"},\"primaryImageOfPage\":{\"@id\":\"https:\\\/\\\/maxims-caviar.com\\\/produit\\\/caviar-beluga-500g-figaro-2\\\/#primaryimage\"},\"image\":{\"@id\":\"https:\\\/\\\/maxims-caviar.com\\\/produit\\\/caviar-beluga-500g-figaro-2\\\/#primaryimage\"},\"thumbnailUrl\":\"https:\\\/\\\/maxims-caviar.com\\\/wp-content\\\/uploads\\\/2024\\\/01\\\/caviar-maxims-paris-bo2.jpg\",\"datePublished\":\"2023-11-16T16:13:51+00:00\",\"dateModified\":\"2026-03-12T09:52:18+00:00\",\"breadcrumb\":{\"@id\":\"https:\\\/\\\/maxims-caviar.com\\\/produit\\\/caviar-beluga-500g-figaro-2\\\/#breadcrumb\"},\"inLanguage\":\"es\",\"potentialAction\":[{\"@type\":\"ReadAction\",\"target\":[\"https:\\\/\\\/maxims-caviar.com\\\/produit\\\/caviar-beluga-500g-figaro-2\\\/\"]}]},{\"@type\":\"ImageObject\",\"inLanguage\":\"es\",\"@id\":\"https:\\\/\\\/maxims-caviar.com\\\/produit\\\/caviar-beluga-500g-figaro-2\\\/#primaryimage\",\"url\":\"https:\\\/\\\/maxims-caviar.com\\\/wp-content\\\/uploads\\\/2024\\\/01\\\/caviar-maxims-paris-bo2.jpg\",\"contentUrl\":\"https:\\\/\\\/maxims-caviar.com\\\/wp-content\\\/uploads\\\/2024\\\/01\\\/caviar-maxims-paris-bo2.jpg\",\"width\":1000,\"height\":1000,\"caption\":\"Boite Origine\"},{\"@type\":\"BreadcrumbList\",\"@id\":\"https:\\\/\\\/maxims-caviar.com\\\/produit\\\/caviar-beluga-500g-figaro-2\\\/#breadcrumb\",\"itemListElement\":[{\"@type\":\"ListItem\",\"position\":1,\"name\":\"Accueil\",\"item\":\"https:\\\/\\\/maxims-caviar.com\\\/\"},{\"@type\":\"ListItem\",\"position\":2,\"name\":\"Boutique\",\"item\":\"https:\\\/\\\/maxims-caviar.com\\\/boutique\\\/\"},{\"@type\":\"ListItem\",\"position\":3,\"name\":\"Caviar Beluga 500g &#8211; Figaro\"}]},{\"@type\":\"WebSite\",\"@id\":\"https:\\\/\\\/maxims-caviar.com\\\/en\\\/#website\",\"url\":\"https:\\\/\\\/maxims-caviar.com\\\/en\\\/\",\"name\":\"Maxim&#039;s Caviar\",\"description\":\"L&#039;alliance de l&#039;Histoire et de la Modernit\u00e9\",\"publisher\":{\"@id\":\"https:\\\/\\\/maxims-caviar.com\\\/en\\\/#organization\"},\"potentialAction\":[{\"@type\":\"SearchAction\",\"target\":{\"@type\":\"EntryPoint\",\"urlTemplate\":\"https:\\\/\\\/maxims-caviar.com\\\/en\\\/?s={search_term_string}\"},\"query-input\":{\"@type\":\"PropertyValueSpecification\",\"valueRequired\":true,\"valueName\":\"search_term_string\"}}],\"inLanguage\":\"es\"},{\"@type\":\"Organization\",\"@id\":\"https:\\\/\\\/maxims-caviar.com\\\/en\\\/#organization\",\"name\":\"Maxim&#039;s Caviar\",\"url\":\"https:\\\/\\\/maxims-caviar.com\\\/en\\\/\",\"logo\":{\"@type\":\"ImageObject\",\"inLanguage\":\"es\",\"@id\":\"https:\\\/\\\/maxims-caviar.com\\\/en\\\/#\\\/schema\\\/logo\\\/image\\\/\",\"url\":\"https:\\\/\\\/maxims-caviar.com\\\/wp-content\\\/uploads\\\/2019\\\/07\\\/logo.png\",\"contentUrl\":\"https:\\\/\\\/maxims-caviar.com\\\/wp-content\\\/uploads\\\/2019\\\/07\\\/logo.png\",\"width\":470,\"height\":110,\"caption\":\"Maxim&#039;s Caviar\"},\"image\":{\"@id\":\"https:\\\/\\\/maxims-caviar.com\\\/en\\\/#\\\/schema\\\/logo\\\/image\\\/\"}}]}<\/script>\n<!-- \/ Yoast SEO plugin. -->","yoast_head_json":{"title":"Caviar Beluga 500g - Figaro - Maxim&#039;s Caviar","robots":{"index":"noindex","follow":"nofollow"},"og_locale":"es_ES","og_type":"article","og_title":"Caviar Beluga 500g - Figaro - Maxim&#039;s Caviar","og_description":"Caviar Maxim\u2019s vous propose des offres exclusives pour vos f\u00eates de No\u00ebl  Le Caviar Beluga est issu d'esturgeons femelles de plus de 17 ans. Ces esturgeons ont b\u00e9n\u00e9fici\u00e9 d\u2019un environnement proche de leur milieu naturel et les maitres caviars ont su transformer leurs oeufs en caviar d\u2019exception.  Un environnement id\u00e9al en Bulgarie Implant\u00e9 au milieu d\u2019un lac de 32km de long et 100m de profondeur avec une eau extr\u00eamement pure, cette pisciculture dispose de la plus grande r\u00e9serve de caviar Beluga en Europe.  Le caviar Beluga est r\u00e9put\u00e9 pour la taille g\u00e9n\u00e9reuse de ses grains et ses nuances de gris. En bouche, la texture cr\u00e9meuse des oeufs se disperse tandis que les ar\u00f4mes se prolongent longuement.","og_url":"https:\/\/maxims-caviar.com\/es_es\/producto\/caviar-beluga-500g-figaro-2\/","og_site_name":"Maxim&#039;s Caviar","article_modified_time":"2026-03-12T09:52:18+00:00","og_image":[{"width":1000,"height":1000,"url":"https:\/\/maxims-caviar.com\/wp-content\/uploads\/2024\/01\/caviar-maxims-paris-bo2.jpg","type":"image\/jpeg"}],"twitter_card":"summary_large_image","schema":{"@context":"https:\/\/schema.org","@graph":[{"@type":"WebPage","@id":"https:\/\/maxims-caviar.com\/produit\/caviar-beluga-500g-figaro-2\/","url":"https:\/\/maxims-caviar.com\/produit\/caviar-beluga-500g-figaro-2\/","name":"Caviar Beluga 500g - Figaro - Maxim&#039;s Caviar","isPartOf":{"@id":"https:\/\/maxims-caviar.com\/en\/#website"},"primaryImageOfPage":{"@id":"https:\/\/maxims-caviar.com\/produit\/caviar-beluga-500g-figaro-2\/#primaryimage"},"image":{"@id":"https:\/\/maxims-caviar.com\/produit\/caviar-beluga-500g-figaro-2\/#primaryimage"},"thumbnailUrl":"https:\/\/maxims-caviar.com\/wp-content\/uploads\/2024\/01\/caviar-maxims-paris-bo2.jpg","datePublished":"2023-11-16T16:13:51+00:00","dateModified":"2026-03-12T09:52:18+00:00","breadcrumb":{"@id":"https:\/\/maxims-caviar.com\/produit\/caviar-beluga-500g-figaro-2\/#breadcrumb"},"inLanguage":"es","potentialAction":[{"@type":"ReadAction","target":["https:\/\/maxims-caviar.com\/produit\/caviar-beluga-500g-figaro-2\/"]}]},{"@type":"ImageObject","inLanguage":"es","@id":"https:\/\/maxims-caviar.com\/produit\/caviar-beluga-500g-figaro-2\/#primaryimage","url":"https:\/\/maxims-caviar.com\/wp-content\/uploads\/2024\/01\/caviar-maxims-paris-bo2.jpg","contentUrl":"https:\/\/maxims-caviar.com\/wp-content\/uploads\/2024\/01\/caviar-maxims-paris-bo2.jpg","width":1000,"height":1000,"caption":"Boite Origine"},{"@type":"BreadcrumbList","@id":"https:\/\/maxims-caviar.com\/produit\/caviar-beluga-500g-figaro-2\/#breadcrumb","itemListElement":[{"@type":"ListItem","position":1,"name":"Accueil","item":"https:\/\/maxims-caviar.com\/"},{"@type":"ListItem","position":2,"name":"Boutique","item":"https:\/\/maxims-caviar.com\/boutique\/"},{"@type":"ListItem","position":3,"name":"Caviar Beluga 500g &#8211; Figaro"}]},{"@type":"WebSite","@id":"https:\/\/maxims-caviar.com\/en\/#website","url":"https:\/\/maxims-caviar.com\/en\/","name":"Maxim&#039;s Caviar","description":"L&#039;alliance de l&#039;Histoire et de la Modernit\u00e9","publisher":{"@id":"https:\/\/maxims-caviar.com\/en\/#organization"},"potentialAction":[{"@type":"SearchAction","target":{"@type":"EntryPoint","urlTemplate":"https:\/\/maxims-caviar.com\/en\/?s={search_term_string}"},"query-input":{"@type":"PropertyValueSpecification","valueRequired":true,"valueName":"search_term_string"}}],"inLanguage":"es"},{"@type":"Organization","@id":"https:\/\/maxims-caviar.com\/en\/#organization","name":"Maxim&#039;s Caviar","url":"https:\/\/maxims-caviar.com\/en\/","logo":{"@type":"ImageObject","inLanguage":"es","@id":"https:\/\/maxims-caviar.com\/en\/#\/schema\/logo\/image\/","url":"https:\/\/maxims-caviar.com\/wp-content\/uploads\/2019\/07\/logo.png","contentUrl":"https:\/\/maxims-caviar.com\/wp-content\/uploads\/2019\/07\/logo.png","width":470,"height":110,"caption":"Maxim&#039;s Caviar"},"image":{"@id":"https:\/\/maxims-caviar.com\/en\/#\/schema\/logo\/image\/"}}]}},"_links":{"self":[{"href":"https:\/\/maxims-caviar.com\/es_es\/wp-json\/wp\/v2\/product\/60881","targetHints":{"allow":["GET"]}}],"collection":[{"href":"https:\/\/maxims-caviar.com\/es_es\/wp-json\/wp\/v2\/product"}],"about":[{"href":"https:\/\/maxims-caviar.com\/es_es\/wp-json\/wp\/v2\/types\/product"}],"version-history":[{"count":4,"href":"https:\/\/maxims-caviar.com\/es_es\/wp-json\/wp\/v2\/product\/60881\/revisions"}],"predecessor-version":[{"id":67840,"href":"https:\/\/maxims-caviar.com\/es_es\/wp-json\/wp\/v2\/product\/60881\/revisions\/67840"}],"wp:featuredmedia":[{"embeddable":true,"href":"https:\/\/maxims-caviar.com\/es_es\/wp-json\/wp\/v2\/media\/69393"}],"wp:attachment":[{"href":"https:\/\/maxims-caviar.com\/es_es\/wp-json\/wp\/v2\/media?parent=60881"}],"wp:term":[{"taxonomy":"product_brand","embeddable":true,"href":"https:\/\/maxims-caviar.com\/es_es\/wp-json\/wp\/v2\/product_brand?post=60881"},{"taxonomy":"product_cat","embeddable":true,"href":"https:\/\/maxims-caviar.com\/es_es\/wp-json\/wp\/v2\/product_cat?post=60881"},{"taxonomy":"product_tag","embeddable":true,"href":"https:\/\/maxims-caviar.com\/es_es\/wp-json\/wp\/v2\/product_tag?post=60881"}],"curies":[{"name":"wp","href":"https:\/\/api.w.org\/{rel}","templated":true}]}}