{"id":1078,"date":"2018-07-11T09:48:46","date_gmt":"2018-07-11T07:48:46","guid":{"rendered":"https:\/\/themedemo.commercegurus.com\/shoptimizer\/?page_id=1078"},"modified":"2024-02-13T12:59:17","modified_gmt":"2024-02-13T11:59:17","slug":"recettes","status":"publish","type":"page","link":"https:\/\/maxims-caviar.com\/es_es\/recettes\/","title":{"rendered":"Ideas de recetas"},"content":{"rendered":"<div data-elementor-type=\"wp-post\" data-elementor-id=\"1078\" class=\"elementor elementor-1078\">\n\t\t\t\t\t\t<section class=\"elementor-section elementor-top-section elementor-element elementor-element-62e23e78 elementor-section-boxed elementor-section-height-default elementor-section-height-default\" data-id=\"62e23e78\" data-element_type=\"section\" data-e-type=\"section\">\n\t\t\t\t\t\t<div class=\"elementor-container elementor-column-gap-default\">\n\t\t\t\t\t<div class=\"elementor-column elementor-col-50 elementor-top-column elementor-element elementor-element-9bb42bd\" data-id=\"9bb42bd\" data-element_type=\"column\" data-e-type=\"column\">\n\t\t\t<div class=\"elementor-widget-wrap elementor-element-populated\">\n\t\t\t\t\t\t<div class=\"elementor-element elementor-element-7b090a8a elementor-widget elementor-widget-image\" data-id=\"7b090a8a\" data-element_type=\"widget\" data-e-type=\"widget\" data-widget_type=\"image.default\">\n\t\t\t\t<div class=\"elementor-widget-container\">\n\t\t\t\t\t\t\t\t\t\t\t\t\t\t\t<img fetchpriority=\"high\" decoding=\"async\" width=\"1000\" height=\"1000\" src=\"https:\/\/maxims-caviar.com\/wp-content\/uploads\/2024\/02\/recettes-avec-le-caviar.jpg\" class=\"attachment-large size-large wp-image-69610\" alt=\"Caviar Maxim&#039;s de Paris\" srcset=\"https:\/\/maxims-caviar.com\/wp-content\/uploads\/2024\/02\/recettes-avec-le-caviar.jpg 1000w, https:\/\/maxims-caviar.com\/wp-content\/uploads\/2024\/02\/recettes-avec-le-caviar-300x300.jpg 300w, https:\/\/maxims-caviar.com\/wp-content\/uploads\/2024\/02\/recettes-avec-le-caviar-150x150.jpg 150w, https:\/\/maxims-caviar.com\/wp-content\/uploads\/2024\/02\/recettes-avec-le-caviar-768x768.jpg 768w, https:\/\/maxims-caviar.com\/wp-content\/uploads\/2024\/02\/recettes-avec-le-caviar-600x600.jpg 600w\" sizes=\"(max-width: 1000px) 100vw, 1000px\" \/>\t\t\t\t\t\t\t\t\t\t\t\t\t\t\t<\/div>\n\t\t\t\t<\/div>\n\t\t\t\t\t<\/div>\n\t\t<\/div>\n\t\t\t\t<div class=\"elementor-column elementor-col-50 elementor-top-column elementor-element elementor-element-1e1cb73e\" data-id=\"1e1cb73e\" data-element_type=\"column\" data-e-type=\"column\">\n\t\t\t<div class=\"elementor-widget-wrap elementor-element-populated\">\n\t\t\t\t\t\t<div class=\"elementor-element elementor-element-201b443e elementor-widget elementor-widget-heading\" data-id=\"201b443e\" data-element_type=\"widget\" data-e-type=\"widget\" data-widget_type=\"heading.default\">\n\t\t\t\t<div class=\"elementor-widget-container\">\n\t\t\t\t\t<h1 class=\"elementor-heading-title elementor-size-default\">Recetas<\/h1>\t\t\t\t<\/div>\n\t\t\t\t<\/div>\n\t\t\t\t<div class=\"elementor-element elementor-element-30e96b47 elementor-widget elementor-widget-heading\" data-id=\"30e96b47\" data-element_type=\"widget\" data-e-type=\"widget\" data-widget_type=\"heading.default\">\n\t\t\t\t<div class=\"elementor-widget-container\">\n\t\t\t\t\t<h2 class=\"elementor-heading-title elementor-size-default\">Nuestras ideas de recetas para acompa\u00f1ar sus caviares<\/h2>\t\t\t\t<\/div>\n\t\t\t\t<\/div>\n\t\t\t\t<div class=\"elementor-element elementor-element-10b64cb7 elementor-widget elementor-widget-text-editor\" data-id=\"10b64cb7\" data-element_type=\"widget\" data-e-type=\"widget\" data-widget_type=\"text-editor.default\">\n\t\t\t\t<div class=\"elementor-widget-container\">\n\t\t\t\t\t\t\t\t\t<p>Recetas sencillas y gourmet para disfrutar de la calidad de los caviares Maxim de Par\u00eds.<\/p>\t\t\t\t\t\t\t\t<\/div>\n\t\t\t\t<\/div>\n\t\t\t\t\t<\/div>\n\t\t<\/div>\n\t\t\t\t\t<\/div>\n\t\t<\/section>\n\t\t\t\t<section class=\"elementor-section elementor-top-section elementor-element elementor-element-59a63be elementor-section-boxed elementor-section-height-default elementor-section-height-default\" data-id=\"59a63be\" data-element_type=\"section\" data-e-type=\"section\">\n\t\t\t\t\t\t<div class=\"elementor-container elementor-column-gap-default\">\n\t\t\t\t\t<div class=\"elementor-column elementor-col-33 elementor-top-column elementor-element elementor-element-f700129\" data-id=\"f700129\" data-element_type=\"column\" data-e-type=\"column\">\n\t\t\t<div class=\"elementor-widget-wrap elementor-element-populated\">\n\t\t\t\t\t\t<div class=\"elementor-element elementor-element-624d33a elementor-widget elementor-widget-image\" data-id=\"624d33a\" data-element_type=\"widget\" data-e-type=\"widget\" data-widget_type=\"image.default\">\n\t\t\t\t<div class=\"elementor-widget-container\">\n\t\t\t\t\t\t\t\t\t\t\t\t\t\t\t<img decoding=\"async\" width=\"400\" height=\"300\" src=\"https:\/\/maxims-caviar.com\/wp-content\/uploads\/2019\/07\/ecrasde.jpg\" class=\"attachment-large size-large wp-image-6702\" alt=\"\" srcset=\"https:\/\/maxims-caviar.com\/wp-content\/uploads\/2019\/07\/ecrasde.jpg 400w, https:\/\/maxims-caviar.com\/wp-content\/uploads\/2019\/07\/ecrasde-300x225.jpg 300w, https:\/\/maxims-caviar.com\/wp-content\/uploads\/2019\/07\/ecrasde-150x113.jpg 150w\" sizes=\"(max-width: 400px) 100vw, 400px\" \/>\t\t\t\t\t\t\t\t\t\t\t\t\t\t\t<\/div>\n\t\t\t\t<\/div>\n\t\t\t\t<div class=\"elementor-element elementor-element-3a0f4f1 elementor-widget elementor-widget-heading\" data-id=\"3a0f4f1\" data-element_type=\"widget\" data-e-type=\"widget\" data-widget_type=\"heading.default\">\n\t\t\t\t<div class=\"elementor-widget-container\">\n\t\t\t\t\t<h2 class=\"elementor-heading-title elementor-size-default\">Pur\u00e9 de patata con caviar<\/h2>\t\t\t\t<\/div>\n\t\t\t\t<\/div>\n\t\t\t\t<div class=\"elementor-element elementor-element-af20b79 elementor-widget elementor-widget-text-editor\" data-id=\"af20b79\" data-element_type=\"widget\" data-e-type=\"widget\" data-widget_type=\"text-editor.default\">\n\t\t\t\t<div class=\"elementor-widget-container\">\n\t\t\t\t\t\t\t\t\t<p class=\"p1\">Cocer las patatas enteras en agua con sal. Pelarlas y aplastarlas con un tenedor.<\/p><p class=\"p1\">Mezclar con la nata liquida. Disponer el caviar sobre las patatas en el \u00faltimo momento y servir.<\/p>\t\t\t\t\t\t\t\t<\/div>\n\t\t\t\t<\/div>\n\t\t\t\t\t<\/div>\n\t\t<\/div>\n\t\t\t\t<div class=\"elementor-column elementor-col-33 elementor-top-column elementor-element elementor-element-41fe533\" data-id=\"41fe533\" data-element_type=\"column\" data-e-type=\"column\">\n\t\t\t<div class=\"elementor-widget-wrap elementor-element-populated\">\n\t\t\t\t\t\t<div class=\"elementor-element elementor-element-f60c7f5 elementor-widget elementor-widget-image\" data-id=\"f60c7f5\" data-element_type=\"widget\" data-e-type=\"widget\" data-widget_type=\"image.default\">\n\t\t\t\t<div class=\"elementor-widget-container\">\n\t\t\t\t\t\t\t\t\t\t\t\t\t\t\t<img decoding=\"async\" width=\"400\" height=\"300\" src=\"https:\/\/maxims-caviar.com\/wp-content\/uploads\/2019\/07\/beurre-caviar-recette.jpg\" class=\"attachment-large size-large wp-image-6717\" alt=\"\" srcset=\"https:\/\/maxims-caviar.com\/wp-content\/uploads\/2019\/07\/beurre-caviar-recette.jpg 400w, https:\/\/maxims-caviar.com\/wp-content\/uploads\/2019\/07\/beurre-caviar-recette-300x225.jpg 300w, https:\/\/maxims-caviar.com\/wp-content\/uploads\/2019\/07\/beurre-caviar-recette-150x113.jpg 150w\" sizes=\"(max-width: 400px) 100vw, 400px\" \/>\t\t\t\t\t\t\t\t\t\t\t\t\t\t\t<\/div>\n\t\t\t\t<\/div>\n\t\t\t\t<div class=\"elementor-element elementor-element-a24c086 elementor-widget elementor-widget-heading\" data-id=\"a24c086\" data-element_type=\"widget\" data-e-type=\"widget\" data-widget_type=\"heading.default\">\n\t\t\t\t<div class=\"elementor-widget-container\">\n\t\t\t\t\t<h2 class=\"elementor-heading-title elementor-size-default\">Mantequilla de caviar con ostras<\/h2>\t\t\t\t<\/div>\n\t\t\t\t<\/div>\n\t\t\t\t<div class=\"elementor-element elementor-element-6ce36ac elementor-widget elementor-widget-text-editor\" data-id=\"6ce36ac\" data-element_type=\"widget\" data-e-type=\"widget\" data-widget_type=\"text-editor.default\">\n\t\t\t\t<div class=\"elementor-widget-container\">\n\t\t\t\t\t\t\t\t\t<p class=\"p1\">Acompa\u00f1e sus ostras con tostadas de mantequilla de caviar para una deliciosa combinaci\u00f3n yodada.\u00a0<\/p><p class=\"p1\">La tostada es crujiente y dulce. Una absoluta delicia que a\u00f1ade un toque hedonista a un simple plato de ostras.<\/p>\t\t\t\t\t\t\t\t<\/div>\n\t\t\t\t<\/div>\n\t\t\t\t\t<\/div>\n\t\t<\/div>\n\t\t\t\t<div class=\"elementor-column elementor-col-33 elementor-top-column elementor-element elementor-element-eca97eb\" data-id=\"eca97eb\" data-element_type=\"column\" data-e-type=\"column\">\n\t\t\t<div class=\"elementor-widget-wrap elementor-element-populated\">\n\t\t\t\t\t\t<div class=\"elementor-element elementor-element-b2d9329 elementor-widget elementor-widget-image\" data-id=\"b2d9329\" data-element_type=\"widget\" data-e-type=\"widget\" data-widget_type=\"image.default\">\n\t\t\t\t<div class=\"elementor-widget-container\">\n\t\t\t\t\t\t\t\t\t\t\t\t\t\t\t<img loading=\"lazy\" decoding=\"async\" width=\"400\" height=\"300\" src=\"https:\/\/maxims-caviar.com\/wp-content\/uploads\/2019\/07\/brouillade.jpg\" class=\"attachment-large size-large wp-image-6703\" alt=\"\" srcset=\"https:\/\/maxims-caviar.com\/wp-content\/uploads\/2019\/07\/brouillade.jpg 400w, https:\/\/maxims-caviar.com\/wp-content\/uploads\/2019\/07\/brouillade-300x225.jpg 300w, https:\/\/maxims-caviar.com\/wp-content\/uploads\/2019\/07\/brouillade-150x113.jpg 150w\" sizes=\"(max-width: 400px) 100vw, 400px\" \/>\t\t\t\t\t\t\t\t\t\t\t\t\t\t\t<\/div>\n\t\t\t\t<\/div>\n\t\t\t\t<div class=\"elementor-element elementor-element-36d335d elementor-widget elementor-widget-heading\" data-id=\"36d335d\" data-element_type=\"widget\" data-e-type=\"widget\" data-widget_type=\"heading.default\">\n\t\t\t\t<div class=\"elementor-widget-container\">\n\t\t\t\t\t<h2 class=\"elementor-heading-title elementor-size-default\">Revuelto de huevos con caviar<\/h2>\t\t\t\t<\/div>\n\t\t\t\t<\/div>\n\t\t\t\t<div class=\"elementor-element elementor-element-c2bea22 elementor-widget elementor-widget-text-editor\" data-id=\"c2bea22\" data-element_type=\"widget\" data-e-type=\"widget\" data-widget_type=\"text-editor.default\">\n\t\t\t\t<div class=\"elementor-widget-container\">\n\t\t\t\t\t\t\t\t\t<p class=\"p1\">Mezclar los huevos sin batir con un chorrito de nata l\u00edquida.<\/p><p class=\"p1\">Sazonar y cocer al ba\u00f1o mar\u00eda hasta que est\u00e9 cremoso. Servir con una quenelle de caviar.<\/p>\t\t\t\t\t\t\t\t<\/div>\n\t\t\t\t<\/div>\n\t\t\t\t\t<\/div>\n\t\t<\/div>\n\t\t\t\t\t<\/div>\n\t\t<\/section>\n\t\t\t\t<\/div>","protected":false},"excerpt":{"rendered":"<p>Recettes Nos id\u00e9es recettes pour accompagner vos caviars Des recettes simples et gourmandes pour appr\u00e9cier la qualit\u00e9 des caviars Maxim&rsquo;s de Paris ! L&rsquo;\u00e9cras\u00e9 de pomme de terre au caviar Cuire les pommes de\u00a0terre enti\u00e8res \u00e0 l\u2019eau sal\u00e9e.\u00a0Les peler et les \u00e9craser\u00a0grossi\u00e8rement \u00e0 la fourchette. M\u00e9langer avec de la cr\u00e8me\u00a0fra\u00eeche. Dresser le caviar sur les\u00a0pommes [&hellip;]<\/p>\n","protected":false},"author":1,"featured_media":0,"parent":0,"menu_order":0,"comment_status":"closed","ping_status":"closed","template":"template-fullwidth-no-heading.php","meta":{"_acf_changed":false,"footnotes":""},"class_list":["post-1078","page","type-page","status-publish","hentry"],"acf":[],"yoast_head":"<!-- This site is optimized with the Yoast SEO plugin v27.4 - https:\/\/yoast.com\/product\/yoast-seo-wordpress\/ -->\n<title>Id\u00e9es recettes - Maxim&#039;s Caviar<\/title>\n<meta name=\"robots\" content=\"index, follow, max-snippet:-1, max-image-preview:large, max-video-preview:-1\" \/>\n<link rel=\"canonical\" href=\"https:\/\/maxims-caviar.com\/es_es\/recettes\/\" \/>\n<meta property=\"og:locale\" content=\"es_ES\" \/>\n<meta property=\"og:type\" content=\"article\" \/>\n<meta property=\"og:title\" content=\"Id\u00e9es recettes - Maxim&#039;s Caviar\" \/>\n<meta property=\"og:description\" content=\"Recettes Nos id\u00e9es recettes pour accompagner vos caviars Des recettes simples et gourmandes pour appr\u00e9cier la qualit\u00e9 des caviars Maxim&rsquo;s de Paris ! L&rsquo;\u00e9cras\u00e9 de pomme de terre au caviar Cuire les pommes de\u00a0terre enti\u00e8res \u00e0 l\u2019eau sal\u00e9e.\u00a0Les peler et les \u00e9craser\u00a0grossi\u00e8rement \u00e0 la fourchette. M\u00e9langer avec de la cr\u00e8me\u00a0fra\u00eeche. Dresser le caviar sur les\u00a0pommes [&hellip;]\" \/>\n<meta property=\"og:url\" content=\"https:\/\/maxims-caviar.com\/es_es\/recettes\/\" \/>\n<meta property=\"og:site_name\" content=\"Maxim&#039;s Caviar\" \/>\n<meta property=\"article:modified_time\" content=\"2024-02-13T11:59:17+00:00\" \/>\n<meta property=\"og:image\" content=\"https:\/\/maxims-caviar.com\/wp-content\/uploads\/2024\/02\/recettes-avec-le-caviar.jpg\" \/>\n<meta name=\"twitter:card\" content=\"summary_large_image\" \/>\n<meta name=\"twitter:label1\" content=\"Tiempo de lectura\" \/>\n\t<meta name=\"twitter:data1\" content=\"1 minuto\" \/>\n<script type=\"application\/ld+json\" class=\"yoast-schema-graph\">{\"@context\":\"https:\\\/\\\/schema.org\",\"@graph\":[{\"@type\":\"WebPage\",\"@id\":\"https:\\\/\\\/maxims-caviar.com\\\/recettes\\\/\",\"url\":\"https:\\\/\\\/maxims-caviar.com\\\/recettes\\\/\",\"name\":\"Id\u00e9es recettes - Maxim&#039;s Caviar\",\"isPartOf\":{\"@id\":\"https:\\\/\\\/maxims-caviar.com\\\/en\\\/#website\"},\"primaryImageOfPage\":{\"@id\":\"https:\\\/\\\/maxims-caviar.com\\\/recettes\\\/#primaryimage\"},\"image\":{\"@id\":\"https:\\\/\\\/maxims-caviar.com\\\/recettes\\\/#primaryimage\"},\"thumbnailUrl\":\"https:\\\/\\\/maxims-caviar.com\\\/wp-content\\\/uploads\\\/2024\\\/02\\\/recettes-avec-le-caviar.jpg\",\"datePublished\":\"2018-07-11T07:48:46+00:00\",\"dateModified\":\"2024-02-13T11:59:17+00:00\",\"breadcrumb\":{\"@id\":\"https:\\\/\\\/maxims-caviar.com\\\/recettes\\\/#breadcrumb\"},\"inLanguage\":\"es\",\"potentialAction\":[{\"@type\":\"ReadAction\",\"target\":[\"https:\\\/\\\/maxims-caviar.com\\\/recettes\\\/\"]}]},{\"@type\":\"ImageObject\",\"inLanguage\":\"es\",\"@id\":\"https:\\\/\\\/maxims-caviar.com\\\/recettes\\\/#primaryimage\",\"url\":\"https:\\\/\\\/maxims-caviar.com\\\/wp-content\\\/uploads\\\/2024\\\/02\\\/recettes-avec-le-caviar.jpg\",\"contentUrl\":\"https:\\\/\\\/maxims-caviar.com\\\/wp-content\\\/uploads\\\/2024\\\/02\\\/recettes-avec-le-caviar.jpg\"},{\"@type\":\"BreadcrumbList\",\"@id\":\"https:\\\/\\\/maxims-caviar.com\\\/recettes\\\/#breadcrumb\",\"itemListElement\":[{\"@type\":\"ListItem\",\"position\":1,\"name\":\"Accueil\",\"item\":\"https:\\\/\\\/maxims-caviar.com\\\/\"},{\"@type\":\"ListItem\",\"position\":2,\"name\":\"Id\u00e9es recettes\"}]},{\"@type\":\"WebSite\",\"@id\":\"https:\\\/\\\/maxims-caviar.com\\\/en\\\/#website\",\"url\":\"https:\\\/\\\/maxims-caviar.com\\\/en\\\/\",\"name\":\"Maxim&#039;s Caviar\",\"description\":\"L&#039;alliance de l&#039;Histoire et de la Modernit\u00e9\",\"publisher\":{\"@id\":\"https:\\\/\\\/maxims-caviar.com\\\/en\\\/#organization\"},\"potentialAction\":[{\"@type\":\"SearchAction\",\"target\":{\"@type\":\"EntryPoint\",\"urlTemplate\":\"https:\\\/\\\/maxims-caviar.com\\\/en\\\/?s={search_term_string}\"},\"query-input\":{\"@type\":\"PropertyValueSpecification\",\"valueRequired\":true,\"valueName\":\"search_term_string\"}}],\"inLanguage\":\"es\"},{\"@type\":\"Organization\",\"@id\":\"https:\\\/\\\/maxims-caviar.com\\\/en\\\/#organization\",\"name\":\"Maxim&#039;s Caviar\",\"url\":\"https:\\\/\\\/maxims-caviar.com\\\/en\\\/\",\"logo\":{\"@type\":\"ImageObject\",\"inLanguage\":\"es\",\"@id\":\"https:\\\/\\\/maxims-caviar.com\\\/en\\\/#\\\/schema\\\/logo\\\/image\\\/\",\"url\":\"https:\\\/\\\/maxims-caviar.com\\\/wp-content\\\/uploads\\\/2019\\\/07\\\/logo.png\",\"contentUrl\":\"https:\\\/\\\/maxims-caviar.com\\\/wp-content\\\/uploads\\\/2019\\\/07\\\/logo.png\",\"width\":470,\"height\":110,\"caption\":\"Maxim&#039;s Caviar\"},\"image\":{\"@id\":\"https:\\\/\\\/maxims-caviar.com\\\/en\\\/#\\\/schema\\\/logo\\\/image\\\/\"}}]}<\/script>\n<!-- \/ Yoast SEO plugin. -->","yoast_head_json":{"title":"Id\u00e9es recettes - Maxim&#039;s Caviar","robots":{"index":"index","follow":"follow","max-snippet":"max-snippet:-1","max-image-preview":"max-image-preview:large","max-video-preview":"max-video-preview:-1"},"canonical":"https:\/\/maxims-caviar.com\/es_es\/recettes\/","og_locale":"es_ES","og_type":"article","og_title":"Id\u00e9es recettes - Maxim&#039;s Caviar","og_description":"Recettes Nos id\u00e9es recettes pour accompagner vos caviars Des recettes simples et gourmandes pour appr\u00e9cier la qualit\u00e9 des caviars Maxim&rsquo;s de Paris ! L&rsquo;\u00e9cras\u00e9 de pomme de terre au caviar Cuire les pommes de\u00a0terre enti\u00e8res \u00e0 l\u2019eau sal\u00e9e.\u00a0Les peler et les \u00e9craser\u00a0grossi\u00e8rement \u00e0 la fourchette. M\u00e9langer avec de la cr\u00e8me\u00a0fra\u00eeche. Dresser le caviar sur les\u00a0pommes [&hellip;]","og_url":"https:\/\/maxims-caviar.com\/es_es\/recettes\/","og_site_name":"Maxim&#039;s Caviar","article_modified_time":"2024-02-13T11:59:17+00:00","og_image":[{"url":"https:\/\/maxims-caviar.com\/wp-content\/uploads\/2024\/02\/recettes-avec-le-caviar.jpg","type":"","width":"","height":""}],"twitter_card":"summary_large_image","twitter_misc":{"Tiempo de lectura":"1 minuto"},"schema":{"@context":"https:\/\/schema.org","@graph":[{"@type":"WebPage","@id":"https:\/\/maxims-caviar.com\/recettes\/","url":"https:\/\/maxims-caviar.com\/recettes\/","name":"Id\u00e9es recettes - Maxim&#039;s Caviar","isPartOf":{"@id":"https:\/\/maxims-caviar.com\/en\/#website"},"primaryImageOfPage":{"@id":"https:\/\/maxims-caviar.com\/recettes\/#primaryimage"},"image":{"@id":"https:\/\/maxims-caviar.com\/recettes\/#primaryimage"},"thumbnailUrl":"https:\/\/maxims-caviar.com\/wp-content\/uploads\/2024\/02\/recettes-avec-le-caviar.jpg","datePublished":"2018-07-11T07:48:46+00:00","dateModified":"2024-02-13T11:59:17+00:00","breadcrumb":{"@id":"https:\/\/maxims-caviar.com\/recettes\/#breadcrumb"},"inLanguage":"es","potentialAction":[{"@type":"ReadAction","target":["https:\/\/maxims-caviar.com\/recettes\/"]}]},{"@type":"ImageObject","inLanguage":"es","@id":"https:\/\/maxims-caviar.com\/recettes\/#primaryimage","url":"https:\/\/maxims-caviar.com\/wp-content\/uploads\/2024\/02\/recettes-avec-le-caviar.jpg","contentUrl":"https:\/\/maxims-caviar.com\/wp-content\/uploads\/2024\/02\/recettes-avec-le-caviar.jpg"},{"@type":"BreadcrumbList","@id":"https:\/\/maxims-caviar.com\/recettes\/#breadcrumb","itemListElement":[{"@type":"ListItem","position":1,"name":"Accueil","item":"https:\/\/maxims-caviar.com\/"},{"@type":"ListItem","position":2,"name":"Id\u00e9es recettes"}]},{"@type":"WebSite","@id":"https:\/\/maxims-caviar.com\/en\/#website","url":"https:\/\/maxims-caviar.com\/en\/","name":"Maxim&#039;s Caviar","description":"L&#039;alliance de l&#039;Histoire et de la Modernit\u00e9","publisher":{"@id":"https:\/\/maxims-caviar.com\/en\/#organization"},"potentialAction":[{"@type":"SearchAction","target":{"@type":"EntryPoint","urlTemplate":"https:\/\/maxims-caviar.com\/en\/?s={search_term_string}"},"query-input":{"@type":"PropertyValueSpecification","valueRequired":true,"valueName":"search_term_string"}}],"inLanguage":"es"},{"@type":"Organization","@id":"https:\/\/maxims-caviar.com\/en\/#organization","name":"Maxim&#039;s Caviar","url":"https:\/\/maxims-caviar.com\/en\/","logo":{"@type":"ImageObject","inLanguage":"es","@id":"https:\/\/maxims-caviar.com\/en\/#\/schema\/logo\/image\/","url":"https:\/\/maxims-caviar.com\/wp-content\/uploads\/2019\/07\/logo.png","contentUrl":"https:\/\/maxims-caviar.com\/wp-content\/uploads\/2019\/07\/logo.png","width":470,"height":110,"caption":"Maxim&#039;s Caviar"},"image":{"@id":"https:\/\/maxims-caviar.com\/en\/#\/schema\/logo\/image\/"}}]}},"_links":{"self":[{"href":"https:\/\/maxims-caviar.com\/es_es\/wp-json\/wp\/v2\/pages\/1078","targetHints":{"allow":["GET"]}}],"collection":[{"href":"https:\/\/maxims-caviar.com\/es_es\/wp-json\/wp\/v2\/pages"}],"about":[{"href":"https:\/\/maxims-caviar.com\/es_es\/wp-json\/wp\/v2\/types\/page"}],"author":[{"embeddable":true,"href":"https:\/\/maxims-caviar.com\/es_es\/wp-json\/wp\/v2\/users\/1"}],"replies":[{"embeddable":true,"href":"https:\/\/maxims-caviar.com\/es_es\/wp-json\/wp\/v2\/comments?post=1078"}],"version-history":[{"count":15,"href":"https:\/\/maxims-caviar.com\/es_es\/wp-json\/wp\/v2\/pages\/1078\/revisions"}],"predecessor-version":[{"id":69615,"href":"https:\/\/maxims-caviar.com\/es_es\/wp-json\/wp\/v2\/pages\/1078\/revisions\/69615"}],"wp:attachment":[{"href":"https:\/\/maxims-caviar.com\/es_es\/wp-json\/wp\/v2\/media?parent=1078"}],"curies":[{"name":"wp","href":"https:\/\/api.w.org\/{rel}","templated":true}]}}