{"id":9421,"date":"2019-10-29T14:08:07","date_gmt":"2019-10-29T13:08:07","guid":{"rendered":"https:\/\/maxims-caviar.com\/?post_type=product&#038;p=9421"},"modified":"2026-01-20T15:02:12","modified_gmt":"2026-01-20T14:02:12","slug":"fleur-de-sel-au-caviar-seche","status":"publish","type":"product","link":"https:\/\/maxims-caviar.com\/en_gb\/produit\/fleur-de-sel-au-caviar-seche\/","title":{"rendered":"Salt flower with dried caviar"},"content":{"rendered":"<div data-elementor-type=\"wp-post\" data-elementor-id=\"9421\" class=\"elementor elementor-9421\">\n\t\t\t\t\t\t<section class=\"elementor-section elementor-top-section elementor-element elementor-element-620f4923 elementor-section-content-middle elementor-section-boxed elementor-section-height-default elementor-section-height-default\" data-id=\"620f4923\" data-element_type=\"section\" data-e-type=\"section\">\n\t\t\t\t\t\t<div class=\"elementor-container elementor-column-gap-wide\">\n\t\t\t\t\t<div class=\"elementor-column elementor-col-50 elementor-top-column elementor-element elementor-element-44cff8f2\" data-id=\"44cff8f2\" data-element_type=\"column\" data-e-type=\"column\">\n\t\t\t<div class=\"elementor-widget-wrap elementor-element-populated\">\n\t\t\t\t\t\t<div class=\"elementor-element elementor-element-37f1f52a animated-fast elementor-invisible elementor-widget elementor-widget-text-editor\" data-id=\"37f1f52a\" data-element_type=\"widget\" data-e-type=\"widget\" data-settings=\"{&quot;_animation&quot;:&quot;fadeIn&quot;}\" data-widget_type=\"text-editor.default\">\n\t\t\t\t<div class=\"elementor-widget-container\">\n\t\t\t\t\t\t\t\t\t<h3>Inspiration culinaire : Sorbet citron, vodka et fleur de sel au caviar s\u00e9ch\u00e9<\/h3><p>Une exp\u00e9rience \u00e9l\u00e9gante et inoubliable.<\/p><p>\u00c0 la fois frais, surprenant et r\u00e9solument haut de gamme, ce sorbet citron, vodka et fleur de sel au caviar s\u00e9duit par son \u00e9quilibre subtil. C\u2019est une recette qui raconte le plaisir d\u2019oser, de m\u00ealer les univers, et d\u2019offrir \u00e0 ses convives un instant suspendu entre acidit\u00e9, finesse et pure gourmandise.<\/p>\t\t\t\t\t\t\t\t<\/div>\n\t\t\t\t<\/div>\n\t\t\t\t<div class=\"elementor-element elementor-element-55bea1c4 elementor-widget elementor-widget-button\" data-id=\"55bea1c4\" data-element_type=\"widget\" data-e-type=\"widget\" data-widget_type=\"button.default\">\n\t\t\t\t<div class=\"elementor-widget-container\">\n\t\t\t\t\t\t\t\t\t<div class=\"elementor-button-wrapper\">\n\t\t\t\t\t<a class=\"elementor-button elementor-button-link elementor-size-sm\" href=\"https:\/\/maxims-caviar.com\/en_gb\/product-2\/vodka-maxims\/\">\n\t\t\t\t\t\t<span class=\"elementor-button-content-wrapper\">\n\t\t\t\t\t\t\t\t\t<span class=\"elementor-button-text\">D\u00e9couvrir la vodka Maxim's<\/span>\n\t\t\t\t\t<\/span>\n\t\t\t\t\t<\/a>\n\t\t\t\t<\/div>\n\t\t\t\t\t\t\t\t<\/div>\n\t\t\t\t<\/div>\n\t\t\t\t\t<\/div>\n\t\t<\/div>\n\t\t\t\t<div class=\"elementor-column elementor-col-50 elementor-top-column elementor-element elementor-element-1ca30303\" data-id=\"1ca30303\" data-element_type=\"column\" data-e-type=\"column\">\n\t\t\t<div class=\"elementor-widget-wrap elementor-element-populated\">\n\t\t\t\t\t\t<div class=\"elementor-element elementor-element-1bb66341 animated-fast elementor-invisible elementor-widget elementor-widget-image\" data-id=\"1bb66341\" data-element_type=\"widget\" data-e-type=\"widget\" data-settings=\"{&quot;_animation&quot;:&quot;fadeIn&quot;,&quot;_animation_delay&quot;:200}\" data-widget_type=\"image.default\">\n\t\t\t\t<div class=\"elementor-widget-container\">\n\t\t\t\t\t\t\t\t\t\t\t\t\t\t\t<img fetchpriority=\"high\" decoding=\"async\" width=\"683\" height=\"1024\" src=\"https:\/\/maxims-caviar.com\/wp-content\/uploads\/2025\/11\/web-sorbet-citron-vodka-fleur-de-sel-caviar-683x1024.jpg\" class=\"attachment-large size-large wp-image-88183\" alt=\"sorbet citron et vodka\" srcset=\"https:\/\/maxims-caviar.com\/wp-content\/uploads\/2025\/11\/web-sorbet-citron-vodka-fleur-de-sel-caviar-683x1024.jpg 683w, https:\/\/maxims-caviar.com\/wp-content\/uploads\/2025\/11\/web-sorbet-citron-vodka-fleur-de-sel-caviar-200x300.jpg 200w, https:\/\/maxims-caviar.com\/wp-content\/uploads\/2025\/11\/web-sorbet-citron-vodka-fleur-de-sel-caviar-768x1152.jpg 768w, https:\/\/maxims-caviar.com\/wp-content\/uploads\/2025\/11\/web-sorbet-citron-vodka-fleur-de-sel-caviar-8x12.jpg 8w, https:\/\/maxims-caviar.com\/wp-content\/uploads\/2025\/11\/web-sorbet-citron-vodka-fleur-de-sel-caviar-600x900.jpg 600w, https:\/\/maxims-caviar.com\/wp-content\/uploads\/2025\/11\/web-sorbet-citron-vodka-fleur-de-sel-caviar-100x150.jpg 100w, https:\/\/maxims-caviar.com\/wp-content\/uploads\/2025\/11\/web-sorbet-citron-vodka-fleur-de-sel-caviar.jpg 1024w\" sizes=\"(max-width: 683px) 100vw, 683px\" \/>\t\t\t\t\t\t\t\t\t\t\t\t\t\t\t<\/div>\n\t\t\t\t<\/div>\n\t\t\t\t\t<\/div>\n\t\t<\/div>\n\t\t\t\t\t<\/div>\n\t\t<\/section>\n\t\t\t\t<\/div>","protected":false},"excerpt":{"rendered":"<p class=\"p1\">Dried caviar salt combines the finesse of Gu\u00e9rande flower of salt and caviar grains to give seasonings a full-bodied, iodised touch.<\/p>\n<p>Origin : France<br \/>\nShelf life : 12 months<br \/>\nStorage: Cool, dry place<br \/>\nIngredients : Flower of Gu\u00e9rande salt (97%), Dried caviar (3%)<br \/>\nAllergens : Fish<\/p>","protected":false},"featured_media":52283,"template":"","meta":{"_acf_changed":false},"product_brand":[],"product_cat":[40],"product_tag":[],"class_list":{"0":"post-9421","1":"product","2":"type-product","3":"status-publish","4":"has-post-thumbnail","6":"product_cat-epicerie","7":"product_shipping_class-fresh-product","9":"first","10":"instock","11":"taxable","12":"shipping-taxable","13":"purchasable","14":"product-type-simple"},"acf":[],"yoast_head":"<!-- This site is optimized with the Yoast SEO plugin v27.4 - https:\/\/yoast.com\/product\/yoast-seo-wordpress\/ -->\n<title>Fleur de sel au caviar s\u00e9ch\u00e9 - Maxim&#039;s Caviar<\/title>\n<meta name=\"robots\" content=\"index, follow, max-snippet:-1, max-image-preview:large, max-video-preview:-1\" \/>\n<link rel=\"canonical\" href=\"https:\/\/maxims-caviar.com\/en_gb\/product-2\/fleur-de-sel-au-caviar-seche\/\" \/>\n<meta property=\"og:locale\" content=\"en_GB\" \/>\n<meta property=\"og:type\" content=\"article\" \/>\n<meta property=\"og:title\" content=\"Fleur de sel au caviar s\u00e9ch\u00e9 - Maxim&#039;s Caviar\" \/>\n<meta property=\"og:description\" content=\"Le sel au caviar s\u00e9ch\u00e9 conjugue la finesse de la fleur de sel de Gu\u00e9rande et les grains de caviar pour donner aux assaisonnements une touche iod\u00e9e et cors\u00e9e. Origine : France DLUO : 12 mois Conservation : Endroit frais et sec Ingr\u00e9dients : Fleur de sel de Gu\u00e9rande (97%), Caviar s\u00e9ch\u00e9 (3%) Allerg\u00e8nes : Poisson\" \/>\n<meta property=\"og:url\" content=\"https:\/\/maxims-caviar.com\/en_gb\/product-2\/fleur-de-sel-au-caviar-seche\/\" \/>\n<meta property=\"og:site_name\" content=\"Maxim&#039;s Caviar\" \/>\n<meta property=\"article:modified_time\" content=\"2026-01-20T14:02:12+00:00\" \/>\n<meta property=\"og:image\" content=\"https:\/\/maxims-caviar.com\/wp-content\/uploads\/2018\/05\/sel.png\" \/>\n\t<meta property=\"og:image:width\" content=\"1000\" \/>\n\t<meta property=\"og:image:height\" content=\"1000\" \/>\n\t<meta property=\"og:image:type\" content=\"image\/png\" \/>\n<meta name=\"twitter:card\" content=\"summary_large_image\" \/>\n<script type=\"application\/ld+json\" class=\"yoast-schema-graph\">{\"@context\":\"https:\\\/\\\/schema.org\",\"@graph\":[{\"@type\":\"WebPage\",\"@id\":\"https:\\\/\\\/maxims-caviar.com\\\/produit\\\/fleur-de-sel-au-caviar-seche\\\/\",\"url\":\"https:\\\/\\\/maxims-caviar.com\\\/produit\\\/fleur-de-sel-au-caviar-seche\\\/\",\"name\":\"Fleur de sel au caviar s\u00e9ch\u00e9 - Maxim&#039;s Caviar\",\"isPartOf\":{\"@id\":\"https:\\\/\\\/maxims-caviar.com\\\/en\\\/#website\"},\"primaryImageOfPage\":{\"@id\":\"https:\\\/\\\/maxims-caviar.com\\\/produit\\\/fleur-de-sel-au-caviar-seche\\\/#primaryimage\"},\"image\":{\"@id\":\"https:\\\/\\\/maxims-caviar.com\\\/produit\\\/fleur-de-sel-au-caviar-seche\\\/#primaryimage\"},\"thumbnailUrl\":\"https:\\\/\\\/maxims-caviar.com\\\/wp-content\\\/uploads\\\/2018\\\/05\\\/sel.png\",\"datePublished\":\"2019-10-29T13:08:07+00:00\",\"dateModified\":\"2026-01-20T14:02:12+00:00\",\"breadcrumb\":{\"@id\":\"https:\\\/\\\/maxims-caviar.com\\\/produit\\\/fleur-de-sel-au-caviar-seche\\\/#breadcrumb\"},\"inLanguage\":\"en-GB\",\"potentialAction\":[{\"@type\":\"ReadAction\",\"target\":[\"https:\\\/\\\/maxims-caviar.com\\\/produit\\\/fleur-de-sel-au-caviar-seche\\\/\"]}]},{\"@type\":\"ImageObject\",\"inLanguage\":\"en-GB\",\"@id\":\"https:\\\/\\\/maxims-caviar.com\\\/produit\\\/fleur-de-sel-au-caviar-seche\\\/#primaryimage\",\"url\":\"https:\\\/\\\/maxims-caviar.com\\\/wp-content\\\/uploads\\\/2018\\\/05\\\/sel.png\",\"contentUrl\":\"https:\\\/\\\/maxims-caviar.com\\\/wp-content\\\/uploads\\\/2018\\\/05\\\/sel.png\",\"width\":1000,\"height\":1000,\"caption\":\"fleur de sel au caviar s\u00e9ch\u00e9\"},{\"@type\":\"BreadcrumbList\",\"@id\":\"https:\\\/\\\/maxims-caviar.com\\\/produit\\\/fleur-de-sel-au-caviar-seche\\\/#breadcrumb\",\"itemListElement\":[{\"@type\":\"ListItem\",\"position\":1,\"name\":\"Accueil\",\"item\":\"https:\\\/\\\/maxims-caviar.com\\\/\"},{\"@type\":\"ListItem\",\"position\":2,\"name\":\"Boutique\",\"item\":\"https:\\\/\\\/maxims-caviar.com\\\/boutique\\\/\"},{\"@type\":\"ListItem\",\"position\":3,\"name\":\"Fleur de sel au caviar s\u00e9ch\u00e9\"}]},{\"@type\":\"WebSite\",\"@id\":\"https:\\\/\\\/maxims-caviar.com\\\/en\\\/#website\",\"url\":\"https:\\\/\\\/maxims-caviar.com\\\/en\\\/\",\"name\":\"Maxim&#039;s Caviar\",\"description\":\"L&#039;alliance de l&#039;Histoire et de la Modernit\u00e9\",\"publisher\":{\"@id\":\"https:\\\/\\\/maxims-caviar.com\\\/en\\\/#organization\"},\"potentialAction\":[{\"@type\":\"SearchAction\",\"target\":{\"@type\":\"EntryPoint\",\"urlTemplate\":\"https:\\\/\\\/maxims-caviar.com\\\/en\\\/?s={search_term_string}\"},\"query-input\":{\"@type\":\"PropertyValueSpecification\",\"valueRequired\":true,\"valueName\":\"search_term_string\"}}],\"inLanguage\":\"en-GB\"},{\"@type\":\"Organization\",\"@id\":\"https:\\\/\\\/maxims-caviar.com\\\/en\\\/#organization\",\"name\":\"Maxim&#039;s Caviar\",\"url\":\"https:\\\/\\\/maxims-caviar.com\\\/en\\\/\",\"logo\":{\"@type\":\"ImageObject\",\"inLanguage\":\"en-GB\",\"@id\":\"https:\\\/\\\/maxims-caviar.com\\\/en\\\/#\\\/schema\\\/logo\\\/image\\\/\",\"url\":\"https:\\\/\\\/maxims-caviar.com\\\/wp-content\\\/uploads\\\/2019\\\/07\\\/logo.png\",\"contentUrl\":\"https:\\\/\\\/maxims-caviar.com\\\/wp-content\\\/uploads\\\/2019\\\/07\\\/logo.png\",\"width\":470,\"height\":110,\"caption\":\"Maxim&#039;s Caviar\"},\"image\":{\"@id\":\"https:\\\/\\\/maxims-caviar.com\\\/en\\\/#\\\/schema\\\/logo\\\/image\\\/\"}}]}<\/script>\n<!-- \/ Yoast SEO plugin. -->","yoast_head_json":{"title":"Fleur de sel au caviar s\u00e9ch\u00e9 - Maxim&#039;s Caviar","robots":{"index":"index","follow":"follow","max-snippet":"max-snippet:-1","max-image-preview":"max-image-preview:large","max-video-preview":"max-video-preview:-1"},"canonical":"https:\/\/maxims-caviar.com\/en_gb\/product-2\/fleur-de-sel-au-caviar-seche\/","og_locale":"en_GB","og_type":"article","og_title":"Fleur de sel au caviar s\u00e9ch\u00e9 - Maxim&#039;s Caviar","og_description":"Le sel au caviar s\u00e9ch\u00e9 conjugue la finesse de la fleur de sel de Gu\u00e9rande et les grains de caviar pour donner aux assaisonnements une touche iod\u00e9e et cors\u00e9e. Origine : France DLUO : 12 mois Conservation : Endroit frais et sec Ingr\u00e9dients : Fleur de sel de Gu\u00e9rande (97%), Caviar s\u00e9ch\u00e9 (3%) Allerg\u00e8nes : Poisson","og_url":"https:\/\/maxims-caviar.com\/en_gb\/product-2\/fleur-de-sel-au-caviar-seche\/","og_site_name":"Maxim&#039;s Caviar","article_modified_time":"2026-01-20T14:02:12+00:00","og_image":[{"width":1000,"height":1000,"url":"https:\/\/maxims-caviar.com\/wp-content\/uploads\/2018\/05\/sel.png","type":"image\/png"}],"twitter_card":"summary_large_image","schema":{"@context":"https:\/\/schema.org","@graph":[{"@type":"WebPage","@id":"https:\/\/maxims-caviar.com\/produit\/fleur-de-sel-au-caviar-seche\/","url":"https:\/\/maxims-caviar.com\/produit\/fleur-de-sel-au-caviar-seche\/","name":"Fleur de sel au caviar s\u00e9ch\u00e9 - Maxim&#039;s Caviar","isPartOf":{"@id":"https:\/\/maxims-caviar.com\/en\/#website"},"primaryImageOfPage":{"@id":"https:\/\/maxims-caviar.com\/produit\/fleur-de-sel-au-caviar-seche\/#primaryimage"},"image":{"@id":"https:\/\/maxims-caviar.com\/produit\/fleur-de-sel-au-caviar-seche\/#primaryimage"},"thumbnailUrl":"https:\/\/maxims-caviar.com\/wp-content\/uploads\/2018\/05\/sel.png","datePublished":"2019-10-29T13:08:07+00:00","dateModified":"2026-01-20T14:02:12+00:00","breadcrumb":{"@id":"https:\/\/maxims-caviar.com\/produit\/fleur-de-sel-au-caviar-seche\/#breadcrumb"},"inLanguage":"en-GB","potentialAction":[{"@type":"ReadAction","target":["https:\/\/maxims-caviar.com\/produit\/fleur-de-sel-au-caviar-seche\/"]}]},{"@type":"ImageObject","inLanguage":"en-GB","@id":"https:\/\/maxims-caviar.com\/produit\/fleur-de-sel-au-caviar-seche\/#primaryimage","url":"https:\/\/maxims-caviar.com\/wp-content\/uploads\/2018\/05\/sel.png","contentUrl":"https:\/\/maxims-caviar.com\/wp-content\/uploads\/2018\/05\/sel.png","width":1000,"height":1000,"caption":"fleur de sel au caviar s\u00e9ch\u00e9"},{"@type":"BreadcrumbList","@id":"https:\/\/maxims-caviar.com\/produit\/fleur-de-sel-au-caviar-seche\/#breadcrumb","itemListElement":[{"@type":"ListItem","position":1,"name":"Accueil","item":"https:\/\/maxims-caviar.com\/"},{"@type":"ListItem","position":2,"name":"Boutique","item":"https:\/\/maxims-caviar.com\/boutique\/"},{"@type":"ListItem","position":3,"name":"Fleur de sel au caviar s\u00e9ch\u00e9"}]},{"@type":"WebSite","@id":"https:\/\/maxims-caviar.com\/en\/#website","url":"https:\/\/maxims-caviar.com\/en\/","name":"Maxim&#039;s Caviar","description":"L&#039;alliance de l&#039;Histoire et de la Modernit\u00e9","publisher":{"@id":"https:\/\/maxims-caviar.com\/en\/#organization"},"potentialAction":[{"@type":"SearchAction","target":{"@type":"EntryPoint","urlTemplate":"https:\/\/maxims-caviar.com\/en\/?s={search_term_string}"},"query-input":{"@type":"PropertyValueSpecification","valueRequired":true,"valueName":"search_term_string"}}],"inLanguage":"en-GB"},{"@type":"Organization","@id":"https:\/\/maxims-caviar.com\/en\/#organization","name":"Maxim&#039;s Caviar","url":"https:\/\/maxims-caviar.com\/en\/","logo":{"@type":"ImageObject","inLanguage":"en-GB","@id":"https:\/\/maxims-caviar.com\/en\/#\/schema\/logo\/image\/","url":"https:\/\/maxims-caviar.com\/wp-content\/uploads\/2019\/07\/logo.png","contentUrl":"https:\/\/maxims-caviar.com\/wp-content\/uploads\/2019\/07\/logo.png","width":470,"height":110,"caption":"Maxim&#039;s Caviar"},"image":{"@id":"https:\/\/maxims-caviar.com\/en\/#\/schema\/logo\/image\/"}}]}},"_links":{"self":[{"href":"https:\/\/maxims-caviar.com\/en_gb\/wp-json\/wp\/v2\/product\/9421","targetHints":{"allow":["GET"]}}],"collection":[{"href":"https:\/\/maxims-caviar.com\/en_gb\/wp-json\/wp\/v2\/product"}],"about":[{"href":"https:\/\/maxims-caviar.com\/en_gb\/wp-json\/wp\/v2\/types\/product"}],"version-history":[{"count":9,"href":"https:\/\/maxims-caviar.com\/en_gb\/wp-json\/wp\/v2\/product\/9421\/revisions"}],"predecessor-version":[{"id":88197,"href":"https:\/\/maxims-caviar.com\/en_gb\/wp-json\/wp\/v2\/product\/9421\/revisions\/88197"}],"wp:featuredmedia":[{"embeddable":true,"href":"https:\/\/maxims-caviar.com\/en_gb\/wp-json\/wp\/v2\/media\/52283"}],"wp:attachment":[{"href":"https:\/\/maxims-caviar.com\/en_gb\/wp-json\/wp\/v2\/media?parent=9421"}],"wp:term":[{"taxonomy":"product_brand","embeddable":true,"href":"https:\/\/maxims-caviar.com\/en_gb\/wp-json\/wp\/v2\/product_brand?post=9421"},{"taxonomy":"product_cat","embeddable":true,"href":"https:\/\/maxims-caviar.com\/en_gb\/wp-json\/wp\/v2\/product_cat?post=9421"},{"taxonomy":"product_tag","embeddable":true,"href":"https:\/\/maxims-caviar.com\/en_gb\/wp-json\/wp\/v2\/product_tag?post=9421"}],"curies":[{"name":"wp","href":"https:\/\/api.w.org\/{rel}","templated":true}]}}