{"id":88561,"date":"2025-12-04T10:26:59","date_gmt":"2025-12-04T09:26:59","guid":{"rendered":"https:\/\/maxims-caviar.com\/?post_type=product&#038;p=88561"},"modified":"2026-03-16T12:26:52","modified_gmt":"2026-03-16T11:26:52","slug":"caviar-nacarii","status":"publish","type":"product","link":"https:\/\/maxims-caviar.com\/en_gb\/produit\/caviar-nacarii\/","title":{"rendered":"Caviar Nacarii"},"content":{"rendered":"<div data-elementor-type=\"wp-post\" data-elementor-id=\"88561\" class=\"elementor elementor-88561\">\n\t\t\t\t\t\t<section class=\"elementor-section elementor-top-section elementor-element elementor-element-75734400 elementor-section-content-middle elementor-section-boxed elementor-section-height-default elementor-section-height-default\" data-id=\"75734400\" data-element_type=\"section\" data-e-type=\"section\">\n\t\t\t\t\t\t<div class=\"elementor-container elementor-column-gap-wide\">\n\t\t\t\t\t<div class=\"elementor-column elementor-col-50 elementor-top-column elementor-element elementor-element-690ba5ed\" data-id=\"690ba5ed\" data-element_type=\"column\" data-e-type=\"column\">\n\t\t\t<div class=\"elementor-widget-wrap elementor-element-populated\">\n\t\t\t\t\t\t<div class=\"elementor-element elementor-element-592677c7 animated-fast elementor-invisible elementor-widget elementor-widget-text-editor\" data-id=\"592677c7\" data-element_type=\"widget\" data-e-type=\"widget\" data-settings=\"{&quot;_animation&quot;:&quot;fadeIn&quot;}\" data-widget_type=\"text-editor.default\">\n\t\t\t\t<div class=\"elementor-widget-container\">\n\t\t\t\t\t\t\t\t\t<h3>Sturgeon: Acipenser Nacarii<\/h3><p>Nacari caviar comes from Acipenser Nacari sturgeon, between 9 and 10 years old.<\/p>\t\t\t\t\t\t\t\t<\/div>\n\t\t\t\t<\/div>\n\t\t\t\t\t<\/div>\n\t\t<\/div>\n\t\t\t\t<div class=\"elementor-column elementor-col-50 elementor-top-column elementor-element elementor-element-1edb33dc\" data-id=\"1edb33dc\" data-element_type=\"column\" data-e-type=\"column\">\n\t\t\t<div class=\"elementor-widget-wrap elementor-element-populated\">\n\t\t\t\t\t\t<div class=\"elementor-element elementor-element-8e2c3c4 animated-fast elementor-invisible elementor-widget elementor-widget-image\" data-id=\"8e2c3c4\" data-element_type=\"widget\" data-e-type=\"widget\" data-settings=\"{&quot;_animation&quot;:&quot;fadeIn&quot;,&quot;_animation_delay&quot;:200}\" data-widget_type=\"image.default\">\n\t\t\t\t<div class=\"elementor-widget-container\">\n\t\t\t\t\t\t\t\t\t\t\t\t\t\t\t<img fetchpriority=\"high\" decoding=\"async\" width=\"520\" height=\"370\" src=\"https:\/\/maxims-caviar.com\/wp-content\/uploads\/2018\/05\/esturgeon.jpg\" class=\"attachment-large size-large wp-image-6607\" alt=\"esturgeon\" srcset=\"https:\/\/maxims-caviar.com\/wp-content\/uploads\/2018\/05\/esturgeon.jpg 520w, https:\/\/maxims-caviar.com\/wp-content\/uploads\/2018\/05\/esturgeon-300x213.jpg 300w, https:\/\/maxims-caviar.com\/wp-content\/uploads\/2018\/05\/esturgeon-150x107.jpg 150w\" sizes=\"(max-width: 520px) 100vw, 520px\" \/>\t\t\t\t\t\t\t\t\t\t\t\t\t\t\t<\/div>\n\t\t\t\t<\/div>\n\t\t\t\t\t<\/div>\n\t\t<\/div>\n\t\t\t\t\t<\/div>\n\t\t<\/section>\n\t\t\t\t<section class=\"elementor-section elementor-top-section elementor-element elementor-element-4a9968e8 elementor-section-content-middle elementor-section-boxed elementor-section-height-default elementor-section-height-default\" data-id=\"4a9968e8\" data-element_type=\"section\" data-e-type=\"section\">\n\t\t\t\t\t\t<div class=\"elementor-container elementor-column-gap-wide\">\n\t\t\t\t\t<div class=\"elementor-column elementor-col-50 elementor-top-column elementor-element elementor-element-67bdd56d\" data-id=\"67bdd56d\" data-element_type=\"column\" data-e-type=\"column\">\n\t\t\t<div class=\"elementor-widget-wrap elementor-element-populated\">\n\t\t\t\t\t\t<div class=\"elementor-element elementor-element-37573d40 animated-fast elementor-invisible elementor-widget elementor-widget-image\" data-id=\"37573d40\" data-element_type=\"widget\" data-e-type=\"widget\" data-settings=\"{&quot;_animation&quot;:&quot;fadeIn&quot;}\" data-widget_type=\"image.default\">\n\t\t\t\t<div class=\"elementor-widget-container\">\n\t\t\t\t\t\t\t\t\t\t\t\t\t\t\t<img decoding=\"async\" width=\"520\" height=\"370\" src=\"https:\/\/maxims-caviar.com\/wp-content\/uploads\/2018\/05\/savoir-faire.jpg\" class=\"attachment-large size-large wp-image-6608\" alt=\"\" srcset=\"https:\/\/maxims-caviar.com\/wp-content\/uploads\/2018\/05\/savoir-faire.jpg 520w, https:\/\/maxims-caviar.com\/wp-content\/uploads\/2018\/05\/savoir-faire-300x213.jpg 300w, https:\/\/maxims-caviar.com\/wp-content\/uploads\/2018\/05\/savoir-faire-150x107.jpg 150w\" sizes=\"(max-width: 520px) 100vw, 520px\" \/>\t\t\t\t\t\t\t\t\t\t\t\t\t\t\t<\/div>\n\t\t\t\t<\/div>\n\t\t\t\t\t<\/div>\n\t\t<\/div>\n\t\t\t\t<div class=\"elementor-column elementor-col-50 elementor-top-column elementor-element elementor-element-56e00793\" data-id=\"56e00793\" data-element_type=\"column\" data-e-type=\"column\">\n\t\t\t<div class=\"elementor-widget-wrap elementor-element-populated\">\n\t\t\t\t\t\t<div class=\"elementor-element elementor-element-4cc859d6 animated-fast elementor-invisible elementor-widget elementor-widget-text-editor\" data-id=\"4cc859d6\" data-element_type=\"widget\" data-e-type=\"widget\" data-settings=\"{&quot;_animation&quot;:&quot;fadeIn&quot;,&quot;_animation_delay&quot;:200}\" data-widget_type=\"text-editor.default\">\n\t\t\t\t<div class=\"elementor-widget-container\">\n\t\t\t\t\t\t\t\t\t<h3 style=\"margin-top: 1.29068em; margin-bottom: 0.840791em;\">French know-how<\/h3><p>The mastery of this know-how ensures the delicacy and persistence of its flavour and consistent quality in every tin. Nacari caviar is distinguished by its powerful, iodised taste, which is what makes it so famous. Its pronounced iodised flavour is immediately reminiscent of the sturgeon's marine origins, giving this caviar a strong, authentic identity.<\/p><p>\u00a0<\/p>\t\t\t\t\t\t\t\t<\/div>\n\t\t\t\t<\/div>\n\t\t\t\t\t<\/div>\n\t\t<\/div>\n\t\t\t\t\t<\/div>\n\t\t<\/section>\n\t\t\t\t<section class=\"elementor-section elementor-top-section elementor-element elementor-element-2e207e2 elementor-section-content-middle elementor-section-boxed elementor-section-height-default elementor-section-height-default\" data-id=\"2e207e2\" data-element_type=\"section\" data-e-type=\"section\">\n\t\t\t\t\t\t<div class=\"elementor-container elementor-column-gap-wide\">\n\t\t\t\t\t<div class=\"elementor-column elementor-col-50 elementor-top-column elementor-element elementor-element-22432735\" data-id=\"22432735\" data-element_type=\"column\" data-e-type=\"column\">\n\t\t\t<div class=\"elementor-widget-wrap elementor-element-populated\">\n\t\t\t\t\t\t<div class=\"elementor-element elementor-element-2fa46e02 animated-fast elementor-invisible elementor-widget elementor-widget-text-editor\" data-id=\"2fa46e02\" data-element_type=\"widget\" data-e-type=\"widget\" data-settings=\"{&quot;_animation&quot;:&quot;fadeIn&quot;}\" data-widget_type=\"text-editor.default\">\n\t\t\t\t<div class=\"elementor-widget-container\">\n\t\t\t\t\t\t\t\t\t<h3>Tasting advice<\/h3><p>To serve the caviar, we recommend removing the tin from the fridge 5 minutes before serving. Place it on ice to keep the caviar fresh for eating. Use a mother-of-pearl spoon to preserve the grains and prevent oxidation.<\/p>\t\t\t\t\t\t\t\t<\/div>\n\t\t\t\t<\/div>\n\t\t\t\t\t<\/div>\n\t\t<\/div>\n\t\t\t\t<div class=\"elementor-column elementor-col-50 elementor-top-column elementor-element elementor-element-6027e101\" data-id=\"6027e101\" data-element_type=\"column\" data-e-type=\"column\">\n\t\t\t<div class=\"elementor-widget-wrap elementor-element-populated\">\n\t\t\t\t\t\t<div class=\"elementor-element elementor-element-38391573 animated-fast elementor-invisible elementor-widget elementor-widget-image\" data-id=\"38391573\" data-element_type=\"widget\" data-e-type=\"widget\" data-settings=\"{&quot;_animation&quot;:&quot;fadeIn&quot;,&quot;_animation_delay&quot;:200}\" data-widget_type=\"image.default\">\n\t\t\t\t<div class=\"elementor-widget-container\">\n\t\t\t\t\t\t\t\t\t\t\t\t\t\t\t<img decoding=\"async\" width=\"520\" height=\"370\" src=\"https:\/\/maxims-caviar.com\/wp-content\/uploads\/2018\/05\/degustation.jpg\" class=\"attachment-large size-large wp-image-6609\" alt=\"d\u00e9gustation de caviar\" srcset=\"https:\/\/maxims-caviar.com\/wp-content\/uploads\/2018\/05\/degustation.jpg 520w, https:\/\/maxims-caviar.com\/wp-content\/uploads\/2018\/05\/degustation-300x213.jpg 300w, https:\/\/maxims-caviar.com\/wp-content\/uploads\/2018\/05\/degustation-150x107.jpg 150w\" sizes=\"(max-width: 520px) 100vw, 520px\" \/>\t\t\t\t\t\t\t\t\t\t\t\t\t\t\t<\/div>\n\t\t\t\t<\/div>\n\t\t\t\t\t<\/div>\n\t\t<\/div>\n\t\t\t\t\t<\/div>\n\t\t<\/section>\n\t\t\t\t<section class=\"elementor-section elementor-top-section elementor-element elementor-element-a67d8fc elementor-section-boxed elementor-section-height-default elementor-section-height-default\" data-id=\"a67d8fc\" data-element_type=\"section\" data-e-type=\"section\">\n\t\t\t\t\t\t<div class=\"elementor-container elementor-column-gap-default\">\n\t\t\t\t\t<div class=\"elementor-column elementor-col-100 elementor-top-column elementor-element elementor-element-8068507\" data-id=\"8068507\" data-element_type=\"column\" data-e-type=\"column\">\n\t\t\t<div class=\"elementor-widget-wrap elementor-element-populated\">\n\t\t\t\t\t\t<div class=\"elementor-element elementor-element-f6e8a4b elementor-widget elementor-widget-text-editor\" data-id=\"f6e8a4b\" data-element_type=\"widget\" data-e-type=\"widget\" data-widget_type=\"text-editor.default\">\n\t\t\t\t<div class=\"elementor-widget-container\">\n\t\t\t\t\t\t\t\t\t<p>Origin : France<br \/>Best before: 2 months<br \/>Storage: refrigerate between 0 and 4\u00b0C. After opening, consume within 48 hours.<br \/>Ingredients : Sturgeon eggs (Acipenser nacarii), salt<br \/>Allergens : Fish<br \/>Product frozen, then defrosted. Do not refreeze<\/p>\t\t\t\t\t\t\t\t<\/div>\n\t\t\t\t<\/div>\n\t\t\t\t\t<\/div>\n\t\t<\/div>\n\t\t\t\t\t<\/div>\n\t\t<\/section>\n\t\t\t\t<\/div>","protected":false},"excerpt":{"rendered":"<p>Nacari caviar, from the European sturgeon Acipenser Naccarii, is a culinary treasure that originated in northern Italy. This sturgeon reaches maturity between 9 and 10 years of age.<\/p>\n<p>Compared to <a href=\"https:\/\/maxims-caviar.com\/en_gb\/product-2\/caviar-sevruga\/\">Sevruga Caviar<\/a>, Nacari caviar stands out for the size of its grains and its taste, reminiscent of the caviar of yesteryear. Although Sevruga, with its smaller grains, shares a similar intensity of flavour, Caviar Nacari offers a unique experience thanks to its specific origins and the exceptional quality of its grains. Its distinctive iodised flavour and delicate texture make it a preferred choice for those seeking an intense yet refined taste experience.<\/p>\n<h2>A French caviar with a powerful taste<\/h2>\n<p>Nacari caviar is distinguished by its medium-sized grains and its colour, which varies from grey to anthracite black. But it is above all its powerful, iodised flavour that makes Nacari caviar so famous. Each grain releases a pronounced iodised flavour, immediately evoking the marine origins of the sturgeon and giving this caviar a strong, authentic identity.<\/p>\n<p>Read more : <span style=\"color: #8c0d0d;\"><a style=\"color: #8c0d0d;\" href=\"https:\/\/maxims-caviar.com\/en_gb\/quest-ce-que-la-boite-origine-de-caviar\/\">Qu&rsquo;est-ce que la Bo\u00eete Origine (BO) ?<\/a><\/span><\/p>","protected":false},"featured_media":86440,"template":"","meta":{"_acf_changed":false},"product_brand":[],"product_cat":[155],"product_tag":[],"class_list":{"0":"post-88561","1":"product","2":"type-product","3":"status-publish","4":"has-post-thumbnail","6":"product_cat-caviar","7":"product_shipping_class-fresh-product","9":"first","10":"outofstock","11":"sale","12":"taxable","13":"shipping-taxable","14":"purchasable","15":"product-type-variable","16":"has-default-attributes"},"acf":[],"yoast_head":"<!-- This site is optimized with the Yoast SEO plugin v27.3 - https:\/\/yoast.com\/product\/yoast-seo-wordpress\/ -->\n<title>Caviar Nacarii - Maxim&#039;s Caviar<\/title>\n<meta name=\"description\" content=\"Ce caviar Nacari se distingue par son go\u00fbt puissant et iod\u00e9 qui conf\u00e8re au caviar Nacari sa renomm\u00e9e avec une saveur iod\u00e9e prononc\u00e9e.\" \/>\n<meta name=\"robots\" content=\"index, follow, max-snippet:-1, max-image-preview:large, max-video-preview:-1\" \/>\n<link rel=\"canonical\" href=\"https:\/\/maxims-caviar.com\/en_gb\/product-2\/caviar-nacarii\/\" \/>\n<meta property=\"og:locale\" content=\"en_GB\" \/>\n<meta property=\"og:type\" content=\"article\" \/>\n<meta property=\"og:title\" content=\"Caviar Nacarii - Maxim&#039;s Caviar\" \/>\n<meta property=\"og:description\" content=\"Ce caviar Nacari se distingue par son go\u00fbt puissant et iod\u00e9 qui conf\u00e8re au caviar Nacari sa renomm\u00e9e avec une saveur iod\u00e9e prononc\u00e9e.\" \/>\n<meta property=\"og:url\" content=\"https:\/\/maxims-caviar.com\/en_gb\/product-2\/caviar-nacarii\/\" \/>\n<meta property=\"og:site_name\" content=\"Maxim&#039;s Caviar\" \/>\n<meta property=\"article:modified_time\" content=\"2026-03-16T11:26:52+00:00\" \/>\n<meta property=\"og:image\" content=\"https:\/\/maxims-caviar.com\/wp-content\/uploads\/2021\/07\/max-naccari-2025.png\" \/>\n\t<meta property=\"og:image:width\" content=\"1000\" \/>\n\t<meta property=\"og:image:height\" content=\"1000\" \/>\n\t<meta property=\"og:image:type\" content=\"image\/png\" \/>\n<meta name=\"twitter:card\" content=\"summary_large_image\" \/>\n<meta name=\"twitter:label1\" content=\"Estimated reading time\" \/>\n\t<meta name=\"twitter:data1\" content=\"1 minute\" \/>\n<script type=\"application\/ld+json\" class=\"yoast-schema-graph\">{\"@context\":\"https:\\\/\\\/schema.org\",\"@graph\":[{\"@type\":\"WebPage\",\"@id\":\"https:\\\/\\\/maxims-caviar.com\\\/produit\\\/caviar-nacarii\\\/\",\"url\":\"https:\\\/\\\/maxims-caviar.com\\\/produit\\\/caviar-nacarii\\\/\",\"name\":\"Caviar Nacarii - Maxim&#039;s Caviar\",\"isPartOf\":{\"@id\":\"https:\\\/\\\/maxims-caviar.com\\\/en\\\/#website\"},\"primaryImageOfPage\":{\"@id\":\"https:\\\/\\\/maxims-caviar.com\\\/produit\\\/caviar-nacarii\\\/#primaryimage\"},\"image\":{\"@id\":\"https:\\\/\\\/maxims-caviar.com\\\/produit\\\/caviar-nacarii\\\/#primaryimage\"},\"thumbnailUrl\":\"https:\\\/\\\/maxims-caviar.com\\\/wp-content\\\/uploads\\\/2021\\\/07\\\/max-naccari-2025.png\",\"datePublished\":\"2025-12-04T09:26:59+00:00\",\"dateModified\":\"2026-03-16T11:26:52+00:00\",\"description\":\"Ce caviar Nacari se distingue par son go\u00fbt puissant et iod\u00e9 qui conf\u00e8re au caviar Nacari sa renomm\u00e9e avec une saveur iod\u00e9e prononc\u00e9e.\",\"breadcrumb\":{\"@id\":\"https:\\\/\\\/maxims-caviar.com\\\/produit\\\/caviar-nacarii\\\/#breadcrumb\"},\"inLanguage\":\"en-GB\",\"potentialAction\":[{\"@type\":\"ReadAction\",\"target\":[\"https:\\\/\\\/maxims-caviar.com\\\/produit\\\/caviar-nacarii\\\/\"]}]},{\"@type\":\"ImageObject\",\"inLanguage\":\"en-GB\",\"@id\":\"https:\\\/\\\/maxims-caviar.com\\\/produit\\\/caviar-nacarii\\\/#primaryimage\",\"url\":\"https:\\\/\\\/maxims-caviar.com\\\/wp-content\\\/uploads\\\/2021\\\/07\\\/max-naccari-2025.png\",\"contentUrl\":\"https:\\\/\\\/maxims-caviar.com\\\/wp-content\\\/uploads\\\/2021\\\/07\\\/max-naccari-2025.png\",\"width\":1000,\"height\":1000,\"caption\":\"caviar naccari\"},{\"@type\":\"BreadcrumbList\",\"@id\":\"https:\\\/\\\/maxims-caviar.com\\\/produit\\\/caviar-nacarii\\\/#breadcrumb\",\"itemListElement\":[{\"@type\":\"ListItem\",\"position\":1,\"name\":\"Accueil\",\"item\":\"https:\\\/\\\/maxims-caviar.com\\\/\"},{\"@type\":\"ListItem\",\"position\":2,\"name\":\"Boutique\",\"item\":\"https:\\\/\\\/maxims-caviar.com\\\/boutique\\\/\"},{\"@type\":\"ListItem\",\"position\":3,\"name\":\"Caviar Nacarii\"}]},{\"@type\":\"WebSite\",\"@id\":\"https:\\\/\\\/maxims-caviar.com\\\/en\\\/#website\",\"url\":\"https:\\\/\\\/maxims-caviar.com\\\/en\\\/\",\"name\":\"Maxim&#039;s Caviar\",\"description\":\"L&#039;alliance de l&#039;Histoire et de la Modernit\u00e9\",\"publisher\":{\"@id\":\"https:\\\/\\\/maxims-caviar.com\\\/en\\\/#organization\"},\"potentialAction\":[{\"@type\":\"SearchAction\",\"target\":{\"@type\":\"EntryPoint\",\"urlTemplate\":\"https:\\\/\\\/maxims-caviar.com\\\/en\\\/?s={search_term_string}\"},\"query-input\":{\"@type\":\"PropertyValueSpecification\",\"valueRequired\":true,\"valueName\":\"search_term_string\"}}],\"inLanguage\":\"en-GB\"},{\"@type\":\"Organization\",\"@id\":\"https:\\\/\\\/maxims-caviar.com\\\/en\\\/#organization\",\"name\":\"Maxim&#039;s Caviar\",\"url\":\"https:\\\/\\\/maxims-caviar.com\\\/en\\\/\",\"logo\":{\"@type\":\"ImageObject\",\"inLanguage\":\"en-GB\",\"@id\":\"https:\\\/\\\/maxims-caviar.com\\\/en\\\/#\\\/schema\\\/logo\\\/image\\\/\",\"url\":\"https:\\\/\\\/maxims-caviar.com\\\/wp-content\\\/uploads\\\/2019\\\/07\\\/logo.png\",\"contentUrl\":\"https:\\\/\\\/maxims-caviar.com\\\/wp-content\\\/uploads\\\/2019\\\/07\\\/logo.png\",\"width\":470,\"height\":110,\"caption\":\"Maxim&#039;s Caviar\"},\"image\":{\"@id\":\"https:\\\/\\\/maxims-caviar.com\\\/en\\\/#\\\/schema\\\/logo\\\/image\\\/\"}}]}<\/script>\n<!-- \/ Yoast SEO plugin. -->","yoast_head_json":{"title":"Caviar Nacarii - Maxim&#039;s Caviar","description":"Ce caviar Nacari se distingue par son go\u00fbt puissant et iod\u00e9 qui conf\u00e8re au caviar Nacari sa renomm\u00e9e avec une saveur iod\u00e9e prononc\u00e9e.","robots":{"index":"index","follow":"follow","max-snippet":"max-snippet:-1","max-image-preview":"max-image-preview:large","max-video-preview":"max-video-preview:-1"},"canonical":"https:\/\/maxims-caviar.com\/en_gb\/product-2\/caviar-nacarii\/","og_locale":"en_GB","og_type":"article","og_title":"Caviar Nacarii - Maxim&#039;s Caviar","og_description":"Ce caviar Nacari se distingue par son go\u00fbt puissant et iod\u00e9 qui conf\u00e8re au caviar Nacari sa renomm\u00e9e avec une saveur iod\u00e9e prononc\u00e9e.","og_url":"https:\/\/maxims-caviar.com\/en_gb\/product-2\/caviar-nacarii\/","og_site_name":"Maxim&#039;s Caviar","article_modified_time":"2026-03-16T11:26:52+00:00","og_image":[{"width":1000,"height":1000,"url":"https:\/\/maxims-caviar.com\/wp-content\/uploads\/2021\/07\/max-naccari-2025.png","type":"image\/png"}],"twitter_card":"summary_large_image","twitter_misc":{"Estimated reading time":"1 minute"},"schema":{"@context":"https:\/\/schema.org","@graph":[{"@type":"WebPage","@id":"https:\/\/maxims-caviar.com\/produit\/caviar-nacarii\/","url":"https:\/\/maxims-caviar.com\/produit\/caviar-nacarii\/","name":"Caviar Nacarii - Maxim&#039;s Caviar","isPartOf":{"@id":"https:\/\/maxims-caviar.com\/en\/#website"},"primaryImageOfPage":{"@id":"https:\/\/maxims-caviar.com\/produit\/caviar-nacarii\/#primaryimage"},"image":{"@id":"https:\/\/maxims-caviar.com\/produit\/caviar-nacarii\/#primaryimage"},"thumbnailUrl":"https:\/\/maxims-caviar.com\/wp-content\/uploads\/2021\/07\/max-naccari-2025.png","datePublished":"2025-12-04T09:26:59+00:00","dateModified":"2026-03-16T11:26:52+00:00","description":"Ce caviar Nacari se distingue par son go\u00fbt puissant et iod\u00e9 qui conf\u00e8re au caviar Nacari sa renomm\u00e9e avec une saveur iod\u00e9e prononc\u00e9e.","breadcrumb":{"@id":"https:\/\/maxims-caviar.com\/produit\/caviar-nacarii\/#breadcrumb"},"inLanguage":"en-GB","potentialAction":[{"@type":"ReadAction","target":["https:\/\/maxims-caviar.com\/produit\/caviar-nacarii\/"]}]},{"@type":"ImageObject","inLanguage":"en-GB","@id":"https:\/\/maxims-caviar.com\/produit\/caviar-nacarii\/#primaryimage","url":"https:\/\/maxims-caviar.com\/wp-content\/uploads\/2021\/07\/max-naccari-2025.png","contentUrl":"https:\/\/maxims-caviar.com\/wp-content\/uploads\/2021\/07\/max-naccari-2025.png","width":1000,"height":1000,"caption":"caviar naccari"},{"@type":"BreadcrumbList","@id":"https:\/\/maxims-caviar.com\/produit\/caviar-nacarii\/#breadcrumb","itemListElement":[{"@type":"ListItem","position":1,"name":"Accueil","item":"https:\/\/maxims-caviar.com\/"},{"@type":"ListItem","position":2,"name":"Boutique","item":"https:\/\/maxims-caviar.com\/boutique\/"},{"@type":"ListItem","position":3,"name":"Caviar Nacarii"}]},{"@type":"WebSite","@id":"https:\/\/maxims-caviar.com\/en\/#website","url":"https:\/\/maxims-caviar.com\/en\/","name":"Maxim&#039;s Caviar","description":"L&#039;alliance de l&#039;Histoire et de la Modernit\u00e9","publisher":{"@id":"https:\/\/maxims-caviar.com\/en\/#organization"},"potentialAction":[{"@type":"SearchAction","target":{"@type":"EntryPoint","urlTemplate":"https:\/\/maxims-caviar.com\/en\/?s={search_term_string}"},"query-input":{"@type":"PropertyValueSpecification","valueRequired":true,"valueName":"search_term_string"}}],"inLanguage":"en-GB"},{"@type":"Organization","@id":"https:\/\/maxims-caviar.com\/en\/#organization","name":"Maxim&#039;s Caviar","url":"https:\/\/maxims-caviar.com\/en\/","logo":{"@type":"ImageObject","inLanguage":"en-GB","@id":"https:\/\/maxims-caviar.com\/en\/#\/schema\/logo\/image\/","url":"https:\/\/maxims-caviar.com\/wp-content\/uploads\/2019\/07\/logo.png","contentUrl":"https:\/\/maxims-caviar.com\/wp-content\/uploads\/2019\/07\/logo.png","width":470,"height":110,"caption":"Maxim&#039;s Caviar"},"image":{"@id":"https:\/\/maxims-caviar.com\/en\/#\/schema\/logo\/image\/"}}]}},"_links":{"self":[{"href":"https:\/\/maxims-caviar.com\/en_gb\/wp-json\/wp\/v2\/product\/88561","targetHints":{"allow":["GET"]}}],"collection":[{"href":"https:\/\/maxims-caviar.com\/en_gb\/wp-json\/wp\/v2\/product"}],"about":[{"href":"https:\/\/maxims-caviar.com\/en_gb\/wp-json\/wp\/v2\/types\/product"}],"version-history":[{"count":3,"href":"https:\/\/maxims-caviar.com\/en_gb\/wp-json\/wp\/v2\/product\/88561\/revisions"}],"predecessor-version":[{"id":91455,"href":"https:\/\/maxims-caviar.com\/en_gb\/wp-json\/wp\/v2\/product\/88561\/revisions\/91455"}],"wp:featuredmedia":[{"embeddable":true,"href":"https:\/\/maxims-caviar.com\/en_gb\/wp-json\/wp\/v2\/media\/86440"}],"wp:attachment":[{"href":"https:\/\/maxims-caviar.com\/en_gb\/wp-json\/wp\/v2\/media?parent=88561"}],"wp:term":[{"taxonomy":"product_brand","embeddable":true,"href":"https:\/\/maxims-caviar.com\/en_gb\/wp-json\/wp\/v2\/product_brand?post=88561"},{"taxonomy":"product_cat","embeddable":true,"href":"https:\/\/maxims-caviar.com\/en_gb\/wp-json\/wp\/v2\/product_cat?post=88561"},{"taxonomy":"product_tag","embeddable":true,"href":"https:\/\/maxims-caviar.com\/en_gb\/wp-json\/wp\/v2\/product_tag?post=88561"}],"curies":[{"name":"wp","href":"https:\/\/api.w.org\/{rel}","templated":true}]}}