{"id":81094,"date":"2024-12-13T09:23:47","date_gmt":"2024-12-13T08:23:47","guid":{"rendered":"https:\/\/maxims-caviar.com\/?post_type=product&#038;p=81094"},"modified":"2026-03-09T18:50:28","modified_gmt":"2026-03-09T17:50:28","slug":"oeufs-de-saumon-250g","status":"publish","type":"product","link":"https:\/\/maxims-caviar.com\/en_gb\/produit\/oeufs-de-saumon-250g\/","title":{"rendered":"Salmon roe 250g"},"content":{"rendered":"","protected":false},"excerpt":{"rendered":"<p>Salmon roe comes from Oncorhynchus Keta salmon, a wild species from the Pacific Ocean.<\/p>\n<p>The roe is generous in size and rather jammy in texture. On the palate, they roll over the tongue and then burst on the palate, giving a sensation of freshness and intense iodine flavours.<\/p>\n<p>Origine : Canada ou Alsaka<br \/>\nBest before: 3 months<br \/>\nStorage: refrigerate between 0 and 4\u00b0C. After opening, consume within 48 hours.<br \/>\nIngredients : Fish roe (Oncorhynchus Keta salmon) (96.5%), salt.<br \/>\nAllergens : Fish<br \/>\nWeight : 250g<\/p>","protected":false},"featured_media":52237,"template":"","meta":{"_acf_changed":false},"product_brand":[],"product_cat":[40],"product_tag":[],"class_list":{"0":"post-81094","1":"product","2":"type-product","3":"status-publish","4":"has-post-thumbnail","6":"product_cat-epicerie","7":"product_shipping_class-fresh-product","9":"first","10":"instock","11":"taxable","12":"shipping-taxable","13":"purchasable","14":"product-type-simple"},"acf":[],"yoast_head":"<!-- This site is optimized with the Yoast SEO plugin v27.4 - https:\/\/yoast.com\/product\/yoast-seo-wordpress\/ -->\n<title>Oeufs de saumon 250g - Maxim&#039;s Caviar<\/title>\n<meta name=\"robots\" content=\"index, follow, max-snippet:-1, max-image-preview:large, max-video-preview:-1\" \/>\n<link rel=\"canonical\" href=\"https:\/\/maxims-caviar.com\/en_gb\/product-2\/oeufs-de-saumon-250g\/\" \/>\n<meta property=\"og:locale\" content=\"en_GB\" \/>\n<meta property=\"og:type\" content=\"article\" \/>\n<meta property=\"og:title\" content=\"Oeufs de saumon 250g - Maxim&#039;s Caviar\" \/>\n<meta property=\"og:description\" content=\"Les \u0153ufs de Saumon sont issus de saumons Oncorhynchus Keta, une esp\u00e8ce sauvage de l\u2019oc\u00e9an Pacifique.  Ses \u0153ufs sont d\u2019une taille g\u00e9n\u00e9reuse avec une texture plut\u00f4t confitur\u00e9e. En bouche, ils roulent sur la langue puis \u00e9clatent sous le palais pour procurer une sensation de fra\u00eecheur et des saveurs iod\u00e9es intenses.  Origine : Canada ou Alsaka DLUO : 3 mois Conservation : Au r\u00e9frig\u00e9rateur entre 0 et 4\u00b0c. Apr\u00e8s ouverture, consommez dans les 48h Ingr\u00e9dients : Oeufs de poisson (Saumon Oncorhynchus Keta) (96.5%), sel Allerg\u00e8nes : Poisson Poids : 250g\" \/>\n<meta property=\"og:url\" content=\"https:\/\/maxims-caviar.com\/en_gb\/product-2\/oeufs-de-saumon-250g\/\" \/>\n<meta property=\"og:site_name\" content=\"Maxim&#039;s Caviar\" \/>\n<meta property=\"article:modified_time\" content=\"2026-03-09T17:50:28+00:00\" \/>\n<meta property=\"og:image\" content=\"https:\/\/maxims-caviar.com\/wp-content\/uploads\/2021\/07\/saumon.png\" \/>\n\t<meta property=\"og:image:width\" content=\"1000\" \/>\n\t<meta property=\"og:image:height\" content=\"1000\" \/>\n\t<meta property=\"og:image:type\" content=\"image\/png\" \/>\n<meta name=\"twitter:card\" content=\"summary_large_image\" \/>\n<script type=\"application\/ld+json\" class=\"yoast-schema-graph\">{\"@context\":\"https:\\\/\\\/schema.org\",\"@graph\":[{\"@type\":\"WebPage\",\"@id\":\"https:\\\/\\\/maxims-caviar.com\\\/produit\\\/oeufs-de-saumon-250g\\\/\",\"url\":\"https:\\\/\\\/maxims-caviar.com\\\/produit\\\/oeufs-de-saumon-250g\\\/\",\"name\":\"Oeufs de saumon 250g - Maxim&#039;s Caviar\",\"isPartOf\":{\"@id\":\"https:\\\/\\\/maxims-caviar.com\\\/en\\\/#website\"},\"primaryImageOfPage\":{\"@id\":\"https:\\\/\\\/maxims-caviar.com\\\/produit\\\/oeufs-de-saumon-250g\\\/#primaryimage\"},\"image\":{\"@id\":\"https:\\\/\\\/maxims-caviar.com\\\/produit\\\/oeufs-de-saumon-250g\\\/#primaryimage\"},\"thumbnailUrl\":\"https:\\\/\\\/maxims-caviar.com\\\/wp-content\\\/uploads\\\/2021\\\/07\\\/saumon.png\",\"datePublished\":\"2024-12-13T08:23:47+00:00\",\"dateModified\":\"2026-03-09T17:50:28+00:00\",\"breadcrumb\":{\"@id\":\"https:\\\/\\\/maxims-caviar.com\\\/produit\\\/oeufs-de-saumon-250g\\\/#breadcrumb\"},\"inLanguage\":\"en-GB\",\"potentialAction\":[{\"@type\":\"ReadAction\",\"target\":[\"https:\\\/\\\/maxims-caviar.com\\\/produit\\\/oeufs-de-saumon-250g\\\/\"]}]},{\"@type\":\"ImageObject\",\"inLanguage\":\"en-GB\",\"@id\":\"https:\\\/\\\/maxims-caviar.com\\\/produit\\\/oeufs-de-saumon-250g\\\/#primaryimage\",\"url\":\"https:\\\/\\\/maxims-caviar.com\\\/wp-content\\\/uploads\\\/2021\\\/07\\\/saumon.png\",\"contentUrl\":\"https:\\\/\\\/maxims-caviar.com\\\/wp-content\\\/uploads\\\/2021\\\/07\\\/saumon.png\",\"width\":1000,\"height\":1000,\"caption\":\"oeufs de saumon\"},{\"@type\":\"BreadcrumbList\",\"@id\":\"https:\\\/\\\/maxims-caviar.com\\\/produit\\\/oeufs-de-saumon-250g\\\/#breadcrumb\",\"itemListElement\":[{\"@type\":\"ListItem\",\"position\":1,\"name\":\"Accueil\",\"item\":\"https:\\\/\\\/maxims-caviar.com\\\/\"},{\"@type\":\"ListItem\",\"position\":2,\"name\":\"Boutique\",\"item\":\"https:\\\/\\\/maxims-caviar.com\\\/boutique\\\/\"},{\"@type\":\"ListItem\",\"position\":3,\"name\":\"Oeufs de saumon 250g\"}]},{\"@type\":\"WebSite\",\"@id\":\"https:\\\/\\\/maxims-caviar.com\\\/en\\\/#website\",\"url\":\"https:\\\/\\\/maxims-caviar.com\\\/en\\\/\",\"name\":\"Maxim&#039;s Caviar\",\"description\":\"L&#039;alliance de l&#039;Histoire et de la Modernit\u00e9\",\"publisher\":{\"@id\":\"https:\\\/\\\/maxims-caviar.com\\\/en\\\/#organization\"},\"potentialAction\":[{\"@type\":\"SearchAction\",\"target\":{\"@type\":\"EntryPoint\",\"urlTemplate\":\"https:\\\/\\\/maxims-caviar.com\\\/en\\\/?s={search_term_string}\"},\"query-input\":{\"@type\":\"PropertyValueSpecification\",\"valueRequired\":true,\"valueName\":\"search_term_string\"}}],\"inLanguage\":\"en-GB\"},{\"@type\":\"Organization\",\"@id\":\"https:\\\/\\\/maxims-caviar.com\\\/en\\\/#organization\",\"name\":\"Maxim&#039;s Caviar\",\"url\":\"https:\\\/\\\/maxims-caviar.com\\\/en\\\/\",\"logo\":{\"@type\":\"ImageObject\",\"inLanguage\":\"en-GB\",\"@id\":\"https:\\\/\\\/maxims-caviar.com\\\/en\\\/#\\\/schema\\\/logo\\\/image\\\/\",\"url\":\"https:\\\/\\\/maxims-caviar.com\\\/wp-content\\\/uploads\\\/2019\\\/07\\\/logo.png\",\"contentUrl\":\"https:\\\/\\\/maxims-caviar.com\\\/wp-content\\\/uploads\\\/2019\\\/07\\\/logo.png\",\"width\":470,\"height\":110,\"caption\":\"Maxim&#039;s Caviar\"},\"image\":{\"@id\":\"https:\\\/\\\/maxims-caviar.com\\\/en\\\/#\\\/schema\\\/logo\\\/image\\\/\"}}]}<\/script>\n<!-- \/ Yoast SEO plugin. -->","yoast_head_json":{"title":"Oeufs de saumon 250g - Maxim&#039;s Caviar","robots":{"index":"index","follow":"follow","max-snippet":"max-snippet:-1","max-image-preview":"max-image-preview:large","max-video-preview":"max-video-preview:-1"},"canonical":"https:\/\/maxims-caviar.com\/en_gb\/product-2\/oeufs-de-saumon-250g\/","og_locale":"en_GB","og_type":"article","og_title":"Oeufs de saumon 250g - Maxim&#039;s Caviar","og_description":"Les \u0153ufs de Saumon sont issus de saumons Oncorhynchus Keta, une esp\u00e8ce sauvage de l\u2019oc\u00e9an Pacifique.  Ses \u0153ufs sont d\u2019une taille g\u00e9n\u00e9reuse avec une texture plut\u00f4t confitur\u00e9e. En bouche, ils roulent sur la langue puis \u00e9clatent sous le palais pour procurer une sensation de fra\u00eecheur et des saveurs iod\u00e9es intenses.  Origine : Canada ou Alsaka DLUO : 3 mois Conservation : Au r\u00e9frig\u00e9rateur entre 0 et 4\u00b0c. Apr\u00e8s ouverture, consommez dans les 48h Ingr\u00e9dients : Oeufs de poisson (Saumon Oncorhynchus Keta) (96.5%), sel Allerg\u00e8nes : Poisson Poids : 250g","og_url":"https:\/\/maxims-caviar.com\/en_gb\/product-2\/oeufs-de-saumon-250g\/","og_site_name":"Maxim&#039;s Caviar","article_modified_time":"2026-03-09T17:50:28+00:00","og_image":[{"width":1000,"height":1000,"url":"https:\/\/maxims-caviar.com\/wp-content\/uploads\/2021\/07\/saumon.png","type":"image\/png"}],"twitter_card":"summary_large_image","schema":{"@context":"https:\/\/schema.org","@graph":[{"@type":"WebPage","@id":"https:\/\/maxims-caviar.com\/produit\/oeufs-de-saumon-250g\/","url":"https:\/\/maxims-caviar.com\/produit\/oeufs-de-saumon-250g\/","name":"Oeufs de saumon 250g - Maxim&#039;s Caviar","isPartOf":{"@id":"https:\/\/maxims-caviar.com\/en\/#website"},"primaryImageOfPage":{"@id":"https:\/\/maxims-caviar.com\/produit\/oeufs-de-saumon-250g\/#primaryimage"},"image":{"@id":"https:\/\/maxims-caviar.com\/produit\/oeufs-de-saumon-250g\/#primaryimage"},"thumbnailUrl":"https:\/\/maxims-caviar.com\/wp-content\/uploads\/2021\/07\/saumon.png","datePublished":"2024-12-13T08:23:47+00:00","dateModified":"2026-03-09T17:50:28+00:00","breadcrumb":{"@id":"https:\/\/maxims-caviar.com\/produit\/oeufs-de-saumon-250g\/#breadcrumb"},"inLanguage":"en-GB","potentialAction":[{"@type":"ReadAction","target":["https:\/\/maxims-caviar.com\/produit\/oeufs-de-saumon-250g\/"]}]},{"@type":"ImageObject","inLanguage":"en-GB","@id":"https:\/\/maxims-caviar.com\/produit\/oeufs-de-saumon-250g\/#primaryimage","url":"https:\/\/maxims-caviar.com\/wp-content\/uploads\/2021\/07\/saumon.png","contentUrl":"https:\/\/maxims-caviar.com\/wp-content\/uploads\/2021\/07\/saumon.png","width":1000,"height":1000,"caption":"oeufs de saumon"},{"@type":"BreadcrumbList","@id":"https:\/\/maxims-caviar.com\/produit\/oeufs-de-saumon-250g\/#breadcrumb","itemListElement":[{"@type":"ListItem","position":1,"name":"Accueil","item":"https:\/\/maxims-caviar.com\/"},{"@type":"ListItem","position":2,"name":"Boutique","item":"https:\/\/maxims-caviar.com\/boutique\/"},{"@type":"ListItem","position":3,"name":"Oeufs de saumon 250g"}]},{"@type":"WebSite","@id":"https:\/\/maxims-caviar.com\/en\/#website","url":"https:\/\/maxims-caviar.com\/en\/","name":"Maxim&#039;s Caviar","description":"L&#039;alliance de l&#039;Histoire et de la Modernit\u00e9","publisher":{"@id":"https:\/\/maxims-caviar.com\/en\/#organization"},"potentialAction":[{"@type":"SearchAction","target":{"@type":"EntryPoint","urlTemplate":"https:\/\/maxims-caviar.com\/en\/?s={search_term_string}"},"query-input":{"@type":"PropertyValueSpecification","valueRequired":true,"valueName":"search_term_string"}}],"inLanguage":"en-GB"},{"@type":"Organization","@id":"https:\/\/maxims-caviar.com\/en\/#organization","name":"Maxim&#039;s Caviar","url":"https:\/\/maxims-caviar.com\/en\/","logo":{"@type":"ImageObject","inLanguage":"en-GB","@id":"https:\/\/maxims-caviar.com\/en\/#\/schema\/logo\/image\/","url":"https:\/\/maxims-caviar.com\/wp-content\/uploads\/2019\/07\/logo.png","contentUrl":"https:\/\/maxims-caviar.com\/wp-content\/uploads\/2019\/07\/logo.png","width":470,"height":110,"caption":"Maxim&#039;s Caviar"},"image":{"@id":"https:\/\/maxims-caviar.com\/en\/#\/schema\/logo\/image\/"}}]}},"_links":{"self":[{"href":"https:\/\/maxims-caviar.com\/en_gb\/wp-json\/wp\/v2\/product\/81094","targetHints":{"allow":["GET"]}}],"collection":[{"href":"https:\/\/maxims-caviar.com\/en_gb\/wp-json\/wp\/v2\/product"}],"about":[{"href":"https:\/\/maxims-caviar.com\/en_gb\/wp-json\/wp\/v2\/types\/product"}],"version-history":[{"count":2,"href":"https:\/\/maxims-caviar.com\/en_gb\/wp-json\/wp\/v2\/product\/81094\/revisions"}],"predecessor-version":[{"id":88084,"href":"https:\/\/maxims-caviar.com\/en_gb\/wp-json\/wp\/v2\/product\/81094\/revisions\/88084"}],"wp:featuredmedia":[{"embeddable":true,"href":"https:\/\/maxims-caviar.com\/en_gb\/wp-json\/wp\/v2\/media\/52237"}],"wp:attachment":[{"href":"https:\/\/maxims-caviar.com\/en_gb\/wp-json\/wp\/v2\/media?parent=81094"}],"wp:term":[{"taxonomy":"product_brand","embeddable":true,"href":"https:\/\/maxims-caviar.com\/en_gb\/wp-json\/wp\/v2\/product_brand?post=81094"},{"taxonomy":"product_cat","embeddable":true,"href":"https:\/\/maxims-caviar.com\/en_gb\/wp-json\/wp\/v2\/product_cat?post=81094"},{"taxonomy":"product_tag","embeddable":true,"href":"https:\/\/maxims-caviar.com\/en_gb\/wp-json\/wp\/v2\/product_tag?post=81094"}],"curies":[{"name":"wp","href":"https:\/\/api.w.org\/{rel}","templated":true}]}}