{"id":71210,"date":"2024-10-17T15:36:33","date_gmt":"2024-10-17T13:36:33","guid":{"rendered":"https:\/\/maxims-caviar.com\/?post_type=product&#038;p=71210"},"modified":"2026-03-12T10:59:42","modified_gmt":"2026-03-12T09:59:42","slug":"caviar-oscietre-100g-camch","status":"publish","type":"product","link":"https:\/\/maxims-caviar.com\/en_gb\/produit\/caviar-oscietre-100g-camch\/","title":{"rendered":"Caviar Osci\u00e8tre &#8211; Camcha"},"content":{"rendered":"<p><a href=\"https:\/\/maxims-caviar.com\/en_gb\/conseils\/\">Tasting advice<\/a><br \/>\n<a href=\"https:\/\/maxims-caviar.com\/en_gb\/recettes\/\">Suggestions de recettes<\/a><\/p>\n<p>Ingredients : Oeufs d&rsquo;esturgeon (Acipenser gueldenstaedtii), sel, E285<br \/>\nConservation : Conserver au r\u00e9frig\u00e9rateur entre 0\u00b0C et 4 \u00b0C<br \/>\nBest before: 2 months<br \/>\nDisponible en : 100g<br \/>\nOrigin : Europe<\/p>","protected":false},"excerpt":{"rendered":"<p><strong>Caviar Maxim\u2019s et VeryChic s\u2019associent pour vous proposer des offres exclusives.<\/strong><\/p>\n<p>Son go\u00fbt est \u00e0 la fois puissant et structur\u00e9 ce qui lui permet d\u2019\u00eatre appr\u00e9ci\u00e9 par tous les palets, m\u00eame les plus confirm\u00e9s.<\/p>\n<p>Son grain est de taille moyenne avec une texture assez ferme et des nuances dor\u00e9es. Ses notes sont plus marines que le caviar Baeri mais il reste \u00e9quilibr\u00e9.<\/p>","protected":false},"featured_media":51520,"template":"","meta":{"_acf_changed":false},"product_brand":[],"product_cat":[146],"product_tag":[],"class_list":{"0":"post-71210","1":"product","2":"type-product","3":"status-publish","4":"has-post-thumbnail","6":"product_cat-offre-speciale-camcha","7":"product_shipping_class-fresh-product","9":"first","10":"outofstock","11":"sale","12":"taxable","13":"shipping-taxable","14":"purchasable","15":"product-type-simple"},"acf":[],"yoast_head":"<!-- This site is optimized with the Yoast SEO plugin v27.4 - https:\/\/yoast.com\/product\/yoast-seo-wordpress\/ -->\n<title>Caviar Osci\u00e8tre - Camcha - Maxim&#039;s Caviar<\/title>\n<meta name=\"robots\" content=\"noindex, nofollow\" \/>\n<meta property=\"og:locale\" content=\"en_GB\" \/>\n<meta property=\"og:type\" content=\"article\" \/>\n<meta property=\"og:title\" content=\"Caviar Osci\u00e8tre - Camcha - Maxim&#039;s Caviar\" \/>\n<meta property=\"og:description\" content=\"Caviar Maxim\u2019s et VeryChic s\u2019associent pour vous proposer des offres exclusives.  Son go\u00fbt est \u00e0 la fois puissant et structur\u00e9 ce qui lui permet d\u2019\u00eatre appr\u00e9ci\u00e9 par tous les palets, m\u00eame les plus confirm\u00e9s.  Son grain est de taille moyenne avec une texture assez ferme et des nuances dor\u00e9es. Ses notes sont plus marines que le caviar Baeri mais il reste \u00e9quilibr\u00e9.\" \/>\n<meta property=\"og:url\" content=\"https:\/\/maxims-caviar.com\/en_gb\/product-2\/caviar-oscietre-100g-camch\/\" \/>\n<meta property=\"og:site_name\" content=\"Maxim&#039;s Caviar\" \/>\n<meta property=\"article:modified_time\" content=\"2026-03-12T09:59:42+00:00\" \/>\n<meta property=\"og:image\" content=\"https:\/\/maxims-caviar.com\/wp-content\/uploads\/2021\/06\/max-oscietre.png\" \/>\n\t<meta property=\"og:image:width\" content=\"1000\" \/>\n\t<meta property=\"og:image:height\" content=\"1000\" \/>\n\t<meta property=\"og:image:type\" content=\"image\/png\" \/>\n<meta name=\"twitter:card\" content=\"summary_large_image\" \/>\n<meta name=\"twitter:label1\" content=\"Estimated reading time\" \/>\n\t<meta name=\"twitter:data1\" content=\"1 minute\" \/>\n<script type=\"application\/ld+json\" class=\"yoast-schema-graph\">{\"@context\":\"https:\\\/\\\/schema.org\",\"@graph\":[{\"@type\":\"WebPage\",\"@id\":\"https:\\\/\\\/maxims-caviar.com\\\/produit\\\/caviar-oscietre-100g-camch\\\/\",\"url\":\"https:\\\/\\\/maxims-caviar.com\\\/produit\\\/caviar-oscietre-100g-camch\\\/\",\"name\":\"Caviar Osci\u00e8tre - Camcha - Maxim&#039;s Caviar\",\"isPartOf\":{\"@id\":\"https:\\\/\\\/maxims-caviar.com\\\/en\\\/#website\"},\"primaryImageOfPage\":{\"@id\":\"https:\\\/\\\/maxims-caviar.com\\\/produit\\\/caviar-oscietre-100g-camch\\\/#primaryimage\"},\"image\":{\"@id\":\"https:\\\/\\\/maxims-caviar.com\\\/produit\\\/caviar-oscietre-100g-camch\\\/#primaryimage\"},\"thumbnailUrl\":\"https:\\\/\\\/maxims-caviar.com\\\/wp-content\\\/uploads\\\/2021\\\/06\\\/max-oscietre.png\",\"datePublished\":\"2024-10-17T13:36:33+00:00\",\"dateModified\":\"2026-03-12T09:59:42+00:00\",\"breadcrumb\":{\"@id\":\"https:\\\/\\\/maxims-caviar.com\\\/produit\\\/caviar-oscietre-100g-camch\\\/#breadcrumb\"},\"inLanguage\":\"en-GB\",\"potentialAction\":[{\"@type\":\"ReadAction\",\"target\":[\"https:\\\/\\\/maxims-caviar.com\\\/produit\\\/caviar-oscietre-100g-camch\\\/\"]}]},{\"@type\":\"ImageObject\",\"inLanguage\":\"en-GB\",\"@id\":\"https:\\\/\\\/maxims-caviar.com\\\/produit\\\/caviar-oscietre-100g-camch\\\/#primaryimage\",\"url\":\"https:\\\/\\\/maxims-caviar.com\\\/wp-content\\\/uploads\\\/2021\\\/06\\\/max-oscietre.png\",\"contentUrl\":\"https:\\\/\\\/maxims-caviar.com\\\/wp-content\\\/uploads\\\/2021\\\/06\\\/max-oscietre.png\",\"width\":1000,\"height\":1000,\"caption\":\"caviar osci\u00e8tre\"},{\"@type\":\"BreadcrumbList\",\"@id\":\"https:\\\/\\\/maxims-caviar.com\\\/produit\\\/caviar-oscietre-100g-camch\\\/#breadcrumb\",\"itemListElement\":[{\"@type\":\"ListItem\",\"position\":1,\"name\":\"Accueil\",\"item\":\"https:\\\/\\\/maxims-caviar.com\\\/\"},{\"@type\":\"ListItem\",\"position\":2,\"name\":\"Boutique\",\"item\":\"https:\\\/\\\/maxims-caviar.com\\\/boutique\\\/\"},{\"@type\":\"ListItem\",\"position\":3,\"name\":\"Caviar Osci\u00e8tre &#8211; Camcha\"}]},{\"@type\":\"WebSite\",\"@id\":\"https:\\\/\\\/maxims-caviar.com\\\/en\\\/#website\",\"url\":\"https:\\\/\\\/maxims-caviar.com\\\/en\\\/\",\"name\":\"Maxim&#039;s Caviar\",\"description\":\"L&#039;alliance de l&#039;Histoire et de la Modernit\u00e9\",\"publisher\":{\"@id\":\"https:\\\/\\\/maxims-caviar.com\\\/en\\\/#organization\"},\"potentialAction\":[{\"@type\":\"SearchAction\",\"target\":{\"@type\":\"EntryPoint\",\"urlTemplate\":\"https:\\\/\\\/maxims-caviar.com\\\/en\\\/?s={search_term_string}\"},\"query-input\":{\"@type\":\"PropertyValueSpecification\",\"valueRequired\":true,\"valueName\":\"search_term_string\"}}],\"inLanguage\":\"en-GB\"},{\"@type\":\"Organization\",\"@id\":\"https:\\\/\\\/maxims-caviar.com\\\/en\\\/#organization\",\"name\":\"Maxim&#039;s Caviar\",\"url\":\"https:\\\/\\\/maxims-caviar.com\\\/en\\\/\",\"logo\":{\"@type\":\"ImageObject\",\"inLanguage\":\"en-GB\",\"@id\":\"https:\\\/\\\/maxims-caviar.com\\\/en\\\/#\\\/schema\\\/logo\\\/image\\\/\",\"url\":\"https:\\\/\\\/maxims-caviar.com\\\/wp-content\\\/uploads\\\/2019\\\/07\\\/logo.png\",\"contentUrl\":\"https:\\\/\\\/maxims-caviar.com\\\/wp-content\\\/uploads\\\/2019\\\/07\\\/logo.png\",\"width\":470,\"height\":110,\"caption\":\"Maxim&#039;s Caviar\"},\"image\":{\"@id\":\"https:\\\/\\\/maxims-caviar.com\\\/en\\\/#\\\/schema\\\/logo\\\/image\\\/\"}}]}<\/script>\n<!-- \/ Yoast SEO plugin. -->","yoast_head_json":{"title":"Caviar Osci\u00e8tre - Camcha - Maxim&#039;s Caviar","robots":{"index":"noindex","follow":"nofollow"},"og_locale":"en_GB","og_type":"article","og_title":"Caviar Osci\u00e8tre - Camcha - Maxim&#039;s Caviar","og_description":"Caviar Maxim\u2019s et VeryChic s\u2019associent pour vous proposer des offres exclusives.  Son go\u00fbt est \u00e0 la fois puissant et structur\u00e9 ce qui lui permet d\u2019\u00eatre appr\u00e9ci\u00e9 par tous les palets, m\u00eame les plus confirm\u00e9s.  Son grain est de taille moyenne avec une texture assez ferme et des nuances dor\u00e9es. Ses notes sont plus marines que le caviar Baeri mais il reste \u00e9quilibr\u00e9.","og_url":"https:\/\/maxims-caviar.com\/en_gb\/product-2\/caviar-oscietre-100g-camch\/","og_site_name":"Maxim&#039;s Caviar","article_modified_time":"2026-03-12T09:59:42+00:00","og_image":[{"width":1000,"height":1000,"url":"https:\/\/maxims-caviar.com\/wp-content\/uploads\/2021\/06\/max-oscietre.png","type":"image\/png"}],"twitter_card":"summary_large_image","twitter_misc":{"Estimated reading time":"1 minute"},"schema":{"@context":"https:\/\/schema.org","@graph":[{"@type":"WebPage","@id":"https:\/\/maxims-caviar.com\/produit\/caviar-oscietre-100g-camch\/","url":"https:\/\/maxims-caviar.com\/produit\/caviar-oscietre-100g-camch\/","name":"Caviar Osci\u00e8tre - Camcha - Maxim&#039;s Caviar","isPartOf":{"@id":"https:\/\/maxims-caviar.com\/en\/#website"},"primaryImageOfPage":{"@id":"https:\/\/maxims-caviar.com\/produit\/caviar-oscietre-100g-camch\/#primaryimage"},"image":{"@id":"https:\/\/maxims-caviar.com\/produit\/caviar-oscietre-100g-camch\/#primaryimage"},"thumbnailUrl":"https:\/\/maxims-caviar.com\/wp-content\/uploads\/2021\/06\/max-oscietre.png","datePublished":"2024-10-17T13:36:33+00:00","dateModified":"2026-03-12T09:59:42+00:00","breadcrumb":{"@id":"https:\/\/maxims-caviar.com\/produit\/caviar-oscietre-100g-camch\/#breadcrumb"},"inLanguage":"en-GB","potentialAction":[{"@type":"ReadAction","target":["https:\/\/maxims-caviar.com\/produit\/caviar-oscietre-100g-camch\/"]}]},{"@type":"ImageObject","inLanguage":"en-GB","@id":"https:\/\/maxims-caviar.com\/produit\/caviar-oscietre-100g-camch\/#primaryimage","url":"https:\/\/maxims-caviar.com\/wp-content\/uploads\/2021\/06\/max-oscietre.png","contentUrl":"https:\/\/maxims-caviar.com\/wp-content\/uploads\/2021\/06\/max-oscietre.png","width":1000,"height":1000,"caption":"caviar osci\u00e8tre"},{"@type":"BreadcrumbList","@id":"https:\/\/maxims-caviar.com\/produit\/caviar-oscietre-100g-camch\/#breadcrumb","itemListElement":[{"@type":"ListItem","position":1,"name":"Accueil","item":"https:\/\/maxims-caviar.com\/"},{"@type":"ListItem","position":2,"name":"Boutique","item":"https:\/\/maxims-caviar.com\/boutique\/"},{"@type":"ListItem","position":3,"name":"Caviar Osci\u00e8tre &#8211; Camcha"}]},{"@type":"WebSite","@id":"https:\/\/maxims-caviar.com\/en\/#website","url":"https:\/\/maxims-caviar.com\/en\/","name":"Maxim&#039;s Caviar","description":"L&#039;alliance de l&#039;Histoire et de la Modernit\u00e9","publisher":{"@id":"https:\/\/maxims-caviar.com\/en\/#organization"},"potentialAction":[{"@type":"SearchAction","target":{"@type":"EntryPoint","urlTemplate":"https:\/\/maxims-caviar.com\/en\/?s={search_term_string}"},"query-input":{"@type":"PropertyValueSpecification","valueRequired":true,"valueName":"search_term_string"}}],"inLanguage":"en-GB"},{"@type":"Organization","@id":"https:\/\/maxims-caviar.com\/en\/#organization","name":"Maxim&#039;s Caviar","url":"https:\/\/maxims-caviar.com\/en\/","logo":{"@type":"ImageObject","inLanguage":"en-GB","@id":"https:\/\/maxims-caviar.com\/en\/#\/schema\/logo\/image\/","url":"https:\/\/maxims-caviar.com\/wp-content\/uploads\/2019\/07\/logo.png","contentUrl":"https:\/\/maxims-caviar.com\/wp-content\/uploads\/2019\/07\/logo.png","width":470,"height":110,"caption":"Maxim&#039;s Caviar"},"image":{"@id":"https:\/\/maxims-caviar.com\/en\/#\/schema\/logo\/image\/"}}]}},"_links":{"self":[{"href":"https:\/\/maxims-caviar.com\/en_gb\/wp-json\/wp\/v2\/product\/71210","targetHints":{"allow":["GET"]}}],"collection":[{"href":"https:\/\/maxims-caviar.com\/en_gb\/wp-json\/wp\/v2\/product"}],"about":[{"href":"https:\/\/maxims-caviar.com\/en_gb\/wp-json\/wp\/v2\/types\/product"}],"version-history":[{"count":3,"href":"https:\/\/maxims-caviar.com\/en_gb\/wp-json\/wp\/v2\/product\/71210\/revisions"}],"predecessor-version":[{"id":71213,"href":"https:\/\/maxims-caviar.com\/en_gb\/wp-json\/wp\/v2\/product\/71210\/revisions\/71213"}],"wp:featuredmedia":[{"embeddable":true,"href":"https:\/\/maxims-caviar.com\/en_gb\/wp-json\/wp\/v2\/media\/51520"}],"wp:attachment":[{"href":"https:\/\/maxims-caviar.com\/en_gb\/wp-json\/wp\/v2\/media?parent=71210"}],"wp:term":[{"taxonomy":"product_brand","embeddable":true,"href":"https:\/\/maxims-caviar.com\/en_gb\/wp-json\/wp\/v2\/product_brand?post=71210"},{"taxonomy":"product_cat","embeddable":true,"href":"https:\/\/maxims-caviar.com\/en_gb\/wp-json\/wp\/v2\/product_cat?post=71210"},{"taxonomy":"product_tag","embeddable":true,"href":"https:\/\/maxims-caviar.com\/en_gb\/wp-json\/wp\/v2\/product_tag?post=71210"}],"curies":[{"name":"wp","href":"https:\/\/api.w.org\/{rel}","templated":true}]}}