{"id":70847,"date":"2025-09-11T14:10:41","date_gmt":"2025-09-11T12:10:41","guid":{"rendered":"https:\/\/maxims-caviar.com\/?post_type=product&#038;p=70847"},"modified":"2025-12-04T11:08:16","modified_gmt":"2025-12-04T10:08:16","slug":"caviar-sevruga-verychic","status":"publish","type":"product","link":"https:\/\/maxims-caviar.com\/en_gb\/produit\/caviar-sevruga-verychic\/","title":{"rendered":"Caviar Sevruga VeryChic"},"content":{"rendered":"<div data-elementor-type=\"wp-post\" data-elementor-id=\"70847\" class=\"elementor elementor-70847\">\n\t\t\t\t\t\t<section class=\"elementor-section elementor-top-section elementor-element elementor-element-4e76a87d elementor-section-content-middle elementor-section-boxed elementor-section-height-default elementor-section-height-default\" data-id=\"4e76a87d\" data-element_type=\"section\" data-e-type=\"section\">\n\t\t\t\t\t\t<div class=\"elementor-container elementor-column-gap-wide\">\n\t\t\t\t\t<div class=\"elementor-column elementor-col-50 elementor-top-column elementor-element elementor-element-2b55d65\" data-id=\"2b55d65\" data-element_type=\"column\" data-e-type=\"column\">\n\t\t\t<div class=\"elementor-widget-wrap elementor-element-populated\">\n\t\t\t\t\t\t<div class=\"elementor-element elementor-element-5808ea3 animated-fast elementor-invisible elementor-widget elementor-widget-text-editor\" data-id=\"5808ea3\" data-element_type=\"widget\" data-e-type=\"widget\" data-settings=\"{&quot;_animation&quot;:&quot;fadeIn&quot;}\" data-widget_type=\"text-editor.default\">\n\t\t\t\t<div class=\"elementor-widget-container\">\n\t\t\t\t\t\t\t\t\t<h3>Sturgeon: Acipenser Stellatus<\/h3>\n<p>Now extinct in the wild, it is one of the rarest farmed caviars. At the time, Sevruga caviar accounted for 60% of wild production in the Caspian Sea.<\/p>\t\t\t\t\t\t\t\t<\/div>\n\t\t\t\t<\/div>\n\t\t\t\t\t<\/div>\n\t\t<\/div>\n\t\t\t\t<div class=\"elementor-column elementor-col-50 elementor-top-column elementor-element elementor-element-126dd5be\" data-id=\"126dd5be\" data-element_type=\"column\" data-e-type=\"column\">\n\t\t\t<div class=\"elementor-widget-wrap elementor-element-populated\">\n\t\t\t\t\t\t<div class=\"elementor-element elementor-element-7202c01b animated-fast elementor-invisible elementor-widget elementor-widget-image\" data-id=\"7202c01b\" data-element_type=\"widget\" data-e-type=\"widget\" data-settings=\"{&quot;_animation&quot;:&quot;fadeIn&quot;,&quot;_animation_delay&quot;:200}\" data-widget_type=\"image.default\">\n\t\t\t\t<div class=\"elementor-widget-container\">\n\t\t\t\t\t\t\t\t\t\t\t\t\t\t\t<img fetchpriority=\"high\" decoding=\"async\" width=\"520\" height=\"370\" src=\"https:\/\/maxims-caviar.com\/wp-content\/uploads\/2018\/05\/esturgeon.jpg\" class=\"attachment-large size-large wp-image-6607\" alt=\"esturgeon\" srcset=\"https:\/\/maxims-caviar.com\/wp-content\/uploads\/2018\/05\/esturgeon.jpg 520w, https:\/\/maxims-caviar.com\/wp-content\/uploads\/2018\/05\/esturgeon-300x213.jpg 300w, https:\/\/maxims-caviar.com\/wp-content\/uploads\/2018\/05\/esturgeon-150x107.jpg 150w\" sizes=\"(max-width: 520px) 100vw, 520px\" \/>\t\t\t\t\t\t\t\t\t\t\t\t\t\t\t<\/div>\n\t\t\t\t<\/div>\n\t\t\t\t\t<\/div>\n\t\t<\/div>\n\t\t\t\t\t<\/div>\n\t\t<\/section>\n\t\t\t\t<section class=\"elementor-section elementor-top-section elementor-element elementor-element-44b6687c elementor-section-content-middle elementor-section-boxed elementor-section-height-default elementor-section-height-default\" data-id=\"44b6687c\" data-element_type=\"section\" data-e-type=\"section\">\n\t\t\t\t\t\t<div class=\"elementor-container elementor-column-gap-wide\">\n\t\t\t\t\t<div class=\"elementor-column elementor-col-50 elementor-top-column elementor-element elementor-element-d51b5e7\" data-id=\"d51b5e7\" data-element_type=\"column\" data-e-type=\"column\">\n\t\t\t<div class=\"elementor-widget-wrap elementor-element-populated\">\n\t\t\t\t\t\t<div class=\"elementor-element elementor-element-7c589803 animated-fast elementor-invisible elementor-widget elementor-widget-image\" data-id=\"7c589803\" data-element_type=\"widget\" data-e-type=\"widget\" data-settings=\"{&quot;_animation&quot;:&quot;fadeIn&quot;,&quot;_animation_delay&quot;:200}\" data-widget_type=\"image.default\">\n\t\t\t\t<div class=\"elementor-widget-container\">\n\t\t\t\t\t\t\t\t\t\t\t\t\t\t\t<img decoding=\"async\" width=\"520\" height=\"370\" src=\"https:\/\/maxims-caviar.com\/wp-content\/uploads\/2018\/05\/degustation.jpg\" class=\"attachment-large size-large wp-image-6609\" alt=\"d\u00e9gustation de caviar\" srcset=\"https:\/\/maxims-caviar.com\/wp-content\/uploads\/2018\/05\/degustation.jpg 520w, https:\/\/maxims-caviar.com\/wp-content\/uploads\/2018\/05\/degustation-300x213.jpg 300w, https:\/\/maxims-caviar.com\/wp-content\/uploads\/2018\/05\/degustation-150x107.jpg 150w\" sizes=\"(max-width: 520px) 100vw, 520px\" \/>\t\t\t\t\t\t\t\t\t\t\t\t\t\t\t<\/div>\n\t\t\t\t<\/div>\n\t\t\t\t\t<\/div>\n\t\t<\/div>\n\t\t\t\t<div class=\"elementor-column elementor-col-50 elementor-top-column elementor-element elementor-element-2641aead\" data-id=\"2641aead\" data-element_type=\"column\" data-e-type=\"column\">\n\t\t\t<div class=\"elementor-widget-wrap elementor-element-populated\">\n\t\t\t\t\t\t<div class=\"elementor-element elementor-element-3edb04e0 animated-fast elementor-invisible elementor-widget elementor-widget-text-editor\" data-id=\"3edb04e0\" data-element_type=\"widget\" data-e-type=\"widget\" data-settings=\"{&quot;_animation&quot;:&quot;fadeIn&quot;}\" data-widget_type=\"text-editor.default\">\n\t\t\t\t<div class=\"elementor-widget-container\">\n\t\t\t\t\t\t\t\t\t<h3>Tasting advice<\/h3><p style=\"margin-bottom: 1.41575em; letter-spacing: normal;\">To serve the caviar, we recommend removing the tin from the fridge 5 minutes before serving. Place it on ice to keep the caviar fresh for eating. Use a mother-of-pearl spoon to preserve the grains and prevent oxidation.<\/p>\t\t\t\t\t\t\t\t<\/div>\n\t\t\t\t<\/div>\n\t\t\t\t\t<\/div>\n\t\t<\/div>\n\t\t\t\t\t<\/div>\n\t\t<\/section>\n\t\t\t\t<section class=\"elementor-section elementor-top-section elementor-element elementor-element-879306c elementor-section-boxed elementor-section-height-default elementor-section-height-default\" data-id=\"879306c\" data-element_type=\"section\" data-e-type=\"section\">\n\t\t\t\t\t\t<div class=\"elementor-container elementor-column-gap-default\">\n\t\t\t\t\t<div class=\"elementor-column elementor-col-100 elementor-top-column elementor-element elementor-element-c01c409\" data-id=\"c01c409\" data-element_type=\"column\" data-e-type=\"column\">\n\t\t\t<div class=\"elementor-widget-wrap elementor-element-populated\">\n\t\t\t\t\t\t<div class=\"elementor-element elementor-element-2bafe3f elementor-widget elementor-widget-text-editor\" data-id=\"2bafe3f\" data-element_type=\"widget\" data-e-type=\"widget\" data-widget_type=\"text-editor.default\">\n\t\t\t\t<div class=\"elementor-widget-container\">\n\t\t\t\t\t\t\t\t\t<p>Origin : Europe<br \/>Best before: 2 months<br \/>Storage: refrigerate between 0 and 4\u00b0C. After opening, consume within 48 hours.<br \/>Ingredients : Sturgeon eggs (Acipenser Stellatus), salt, E285<br \/>Allergens : Fish<\/p>\t\t\t\t\t\t\t\t<\/div>\n\t\t\t\t<\/div>\n\t\t\t\t\t<\/div>\n\t\t<\/div>\n\t\t\t\t\t<\/div>\n\t\t<\/section>\n\t\t\t\t<\/div>","protected":false},"excerpt":{"rendered":"<p>Now extinct in the wild, Sevruga caviar is one of the rarest farmed caviars. It used to account for around 60% of wild production in the Caspian Sea.<\/p>\n<h2>Caviar S\u00e9vruga, an evocation of wild caviar<\/h2>\n<p>Sevruga caviar is distinguished by its powerful notes and very pronounced iodised flavour. Its small, delicate grains are anthracite in colour. This gives it a unique and recognisable visual identity. Caviar lovers particularly appreciate Sevruga for its intense, distinctive taste, which evokes the marine flavours of its origin.<\/p>\n<p>Consumers nostalgic for wild caviar will find in Sevruga a product that recalls the exceptional qualities of the caviars of yesteryear.<\/p>","protected":false},"featured_media":51523,"template":"","meta":{"_acf_changed":false},"product_brand":[],"product_cat":[83],"product_tag":[],"class_list":{"0":"post-70847","1":"product","2":"type-product","3":"status-publish","4":"has-post-thumbnail","6":"product_cat-offre-speciale-very-chic","7":"product_shipping_class-fresh-product","9":"first","10":"instock","11":"sale","12":"taxable","13":"shipping-taxable","14":"purchasable","15":"product-type-variable","16":"has-default-attributes"},"acf":[],"yoast_head":"<!-- This site is optimized with the Yoast SEO plugin v27.4 - https:\/\/yoast.com\/product\/yoast-seo-wordpress\/ -->\n<title>Caviar Sevruga VeryChic - Maxim&#039;s Caviar<\/title>\n<meta name=\"description\" content=\"Le caviar Sevruga se distingue par ses notes puissantes, ses grains d\u00e9licats et de petite taille. Une \u00e9vocation du caviar sauvage \u00e0 prix r\u00e9duit !\" \/>\n<meta name=\"robots\" content=\"noindex, nofollow\" \/>\n<meta property=\"og:locale\" content=\"en_GB\" \/>\n<meta property=\"og:type\" content=\"article\" \/>\n<meta property=\"og:title\" content=\"Caviar Sevruga VeryChic - Maxim&#039;s Caviar\" \/>\n<meta property=\"og:description\" content=\"Le caviar Sevruga se distingue par ses notes puissantes, ses grains d\u00e9licats et de petite taille. Une \u00e9vocation du caviar sauvage \u00e0 prix r\u00e9duit !\" \/>\n<meta property=\"og:url\" content=\"https:\/\/maxims-caviar.com\/en_gb\/product-2\/caviar-sevruga-verychic\/\" \/>\n<meta property=\"og:site_name\" content=\"Maxim&#039;s Caviar\" \/>\n<meta property=\"article:modified_time\" content=\"2025-12-04T10:08:16+00:00\" \/>\n<meta property=\"og:image\" content=\"https:\/\/maxims-caviar.com\/wp-content\/uploads\/2021\/06\/maw-sevruga.png\" \/>\n\t<meta property=\"og:image:width\" content=\"1000\" \/>\n\t<meta property=\"og:image:height\" content=\"1000\" \/>\n\t<meta property=\"og:image:type\" content=\"image\/png\" \/>\n<meta name=\"twitter:card\" content=\"summary_large_image\" \/>\n<meta name=\"twitter:label1\" content=\"Estimated reading time\" \/>\n\t<meta name=\"twitter:data1\" content=\"1 minute\" \/>\n<script type=\"application\/ld+json\" class=\"yoast-schema-graph\">{\"@context\":\"https:\\\/\\\/schema.org\",\"@graph\":[{\"@type\":\"WebPage\",\"@id\":\"https:\\\/\\\/maxims-caviar.com\\\/produit\\\/caviar-sevruga-verychic\\\/\",\"url\":\"https:\\\/\\\/maxims-caviar.com\\\/produit\\\/caviar-sevruga-verychic\\\/\",\"name\":\"Caviar Sevruga VeryChic - Maxim&#039;s Caviar\",\"isPartOf\":{\"@id\":\"https:\\\/\\\/maxims-caviar.com\\\/en\\\/#website\"},\"primaryImageOfPage\":{\"@id\":\"https:\\\/\\\/maxims-caviar.com\\\/produit\\\/caviar-sevruga-verychic\\\/#primaryimage\"},\"image\":{\"@id\":\"https:\\\/\\\/maxims-caviar.com\\\/produit\\\/caviar-sevruga-verychic\\\/#primaryimage\"},\"thumbnailUrl\":\"https:\\\/\\\/maxims-caviar.com\\\/wp-content\\\/uploads\\\/2021\\\/06\\\/maw-sevruga.png\",\"datePublished\":\"2025-09-11T12:10:41+00:00\",\"dateModified\":\"2025-12-04T10:08:16+00:00\",\"description\":\"Le caviar Sevruga se distingue par ses notes puissantes, ses grains d\u00e9licats et de petite taille. Une \u00e9vocation du caviar sauvage \u00e0 prix r\u00e9duit !\",\"breadcrumb\":{\"@id\":\"https:\\\/\\\/maxims-caviar.com\\\/produit\\\/caviar-sevruga-verychic\\\/#breadcrumb\"},\"inLanguage\":\"en-GB\",\"potentialAction\":[{\"@type\":\"ReadAction\",\"target\":[\"https:\\\/\\\/maxims-caviar.com\\\/produit\\\/caviar-sevruga-verychic\\\/\"]}]},{\"@type\":\"ImageObject\",\"inLanguage\":\"en-GB\",\"@id\":\"https:\\\/\\\/maxims-caviar.com\\\/produit\\\/caviar-sevruga-verychic\\\/#primaryimage\",\"url\":\"https:\\\/\\\/maxims-caviar.com\\\/wp-content\\\/uploads\\\/2021\\\/06\\\/maw-sevruga.png\",\"contentUrl\":\"https:\\\/\\\/maxims-caviar.com\\\/wp-content\\\/uploads\\\/2021\\\/06\\\/maw-sevruga.png\",\"width\":1000,\"height\":1000,\"caption\":\"caviar sevruga\"},{\"@type\":\"BreadcrumbList\",\"@id\":\"https:\\\/\\\/maxims-caviar.com\\\/produit\\\/caviar-sevruga-verychic\\\/#breadcrumb\",\"itemListElement\":[{\"@type\":\"ListItem\",\"position\":1,\"name\":\"Accueil\",\"item\":\"https:\\\/\\\/maxims-caviar.com\\\/\"},{\"@type\":\"ListItem\",\"position\":2,\"name\":\"Boutique\",\"item\":\"https:\\\/\\\/maxims-caviar.com\\\/boutique\\\/\"},{\"@type\":\"ListItem\",\"position\":3,\"name\":\"Caviar Sevruga VeryChic\"}]},{\"@type\":\"WebSite\",\"@id\":\"https:\\\/\\\/maxims-caviar.com\\\/en\\\/#website\",\"url\":\"https:\\\/\\\/maxims-caviar.com\\\/en\\\/\",\"name\":\"Maxim&#039;s Caviar\",\"description\":\"L&#039;alliance de l&#039;Histoire et de la Modernit\u00e9\",\"publisher\":{\"@id\":\"https:\\\/\\\/maxims-caviar.com\\\/en\\\/#organization\"},\"potentialAction\":[{\"@type\":\"SearchAction\",\"target\":{\"@type\":\"EntryPoint\",\"urlTemplate\":\"https:\\\/\\\/maxims-caviar.com\\\/en\\\/?s={search_term_string}\"},\"query-input\":{\"@type\":\"PropertyValueSpecification\",\"valueRequired\":true,\"valueName\":\"search_term_string\"}}],\"inLanguage\":\"en-GB\"},{\"@type\":\"Organization\",\"@id\":\"https:\\\/\\\/maxims-caviar.com\\\/en\\\/#organization\",\"name\":\"Maxim&#039;s Caviar\",\"url\":\"https:\\\/\\\/maxims-caviar.com\\\/en\\\/\",\"logo\":{\"@type\":\"ImageObject\",\"inLanguage\":\"en-GB\",\"@id\":\"https:\\\/\\\/maxims-caviar.com\\\/en\\\/#\\\/schema\\\/logo\\\/image\\\/\",\"url\":\"https:\\\/\\\/maxims-caviar.com\\\/wp-content\\\/uploads\\\/2019\\\/07\\\/logo.png\",\"contentUrl\":\"https:\\\/\\\/maxims-caviar.com\\\/wp-content\\\/uploads\\\/2019\\\/07\\\/logo.png\",\"width\":470,\"height\":110,\"caption\":\"Maxim&#039;s Caviar\"},\"image\":{\"@id\":\"https:\\\/\\\/maxims-caviar.com\\\/en\\\/#\\\/schema\\\/logo\\\/image\\\/\"}}]}<\/script>\n<!-- \/ Yoast SEO plugin. -->","yoast_head_json":{"title":"Caviar Sevruga VeryChic - Maxim&#039;s Caviar","description":"Le caviar Sevruga se distingue par ses notes puissantes, ses grains d\u00e9licats et de petite taille. Une \u00e9vocation du caviar sauvage \u00e0 prix r\u00e9duit !","robots":{"index":"noindex","follow":"nofollow"},"og_locale":"en_GB","og_type":"article","og_title":"Caviar Sevruga VeryChic - Maxim&#039;s Caviar","og_description":"Le caviar Sevruga se distingue par ses notes puissantes, ses grains d\u00e9licats et de petite taille. Une \u00e9vocation du caviar sauvage \u00e0 prix r\u00e9duit !","og_url":"https:\/\/maxims-caviar.com\/en_gb\/product-2\/caviar-sevruga-verychic\/","og_site_name":"Maxim&#039;s Caviar","article_modified_time":"2025-12-04T10:08:16+00:00","og_image":[{"width":1000,"height":1000,"url":"https:\/\/maxims-caviar.com\/wp-content\/uploads\/2021\/06\/maw-sevruga.png","type":"image\/png"}],"twitter_card":"summary_large_image","twitter_misc":{"Estimated reading time":"1 minute"},"schema":{"@context":"https:\/\/schema.org","@graph":[{"@type":"WebPage","@id":"https:\/\/maxims-caviar.com\/produit\/caviar-sevruga-verychic\/","url":"https:\/\/maxims-caviar.com\/produit\/caviar-sevruga-verychic\/","name":"Caviar Sevruga VeryChic - Maxim&#039;s Caviar","isPartOf":{"@id":"https:\/\/maxims-caviar.com\/en\/#website"},"primaryImageOfPage":{"@id":"https:\/\/maxims-caviar.com\/produit\/caviar-sevruga-verychic\/#primaryimage"},"image":{"@id":"https:\/\/maxims-caviar.com\/produit\/caviar-sevruga-verychic\/#primaryimage"},"thumbnailUrl":"https:\/\/maxims-caviar.com\/wp-content\/uploads\/2021\/06\/maw-sevruga.png","datePublished":"2025-09-11T12:10:41+00:00","dateModified":"2025-12-04T10:08:16+00:00","description":"Le caviar Sevruga se distingue par ses notes puissantes, ses grains d\u00e9licats et de petite taille. Une \u00e9vocation du caviar sauvage \u00e0 prix r\u00e9duit !","breadcrumb":{"@id":"https:\/\/maxims-caviar.com\/produit\/caviar-sevruga-verychic\/#breadcrumb"},"inLanguage":"en-GB","potentialAction":[{"@type":"ReadAction","target":["https:\/\/maxims-caviar.com\/produit\/caviar-sevruga-verychic\/"]}]},{"@type":"ImageObject","inLanguage":"en-GB","@id":"https:\/\/maxims-caviar.com\/produit\/caviar-sevruga-verychic\/#primaryimage","url":"https:\/\/maxims-caviar.com\/wp-content\/uploads\/2021\/06\/maw-sevruga.png","contentUrl":"https:\/\/maxims-caviar.com\/wp-content\/uploads\/2021\/06\/maw-sevruga.png","width":1000,"height":1000,"caption":"caviar sevruga"},{"@type":"BreadcrumbList","@id":"https:\/\/maxims-caviar.com\/produit\/caviar-sevruga-verychic\/#breadcrumb","itemListElement":[{"@type":"ListItem","position":1,"name":"Accueil","item":"https:\/\/maxims-caviar.com\/"},{"@type":"ListItem","position":2,"name":"Boutique","item":"https:\/\/maxims-caviar.com\/boutique\/"},{"@type":"ListItem","position":3,"name":"Caviar Sevruga VeryChic"}]},{"@type":"WebSite","@id":"https:\/\/maxims-caviar.com\/en\/#website","url":"https:\/\/maxims-caviar.com\/en\/","name":"Maxim&#039;s Caviar","description":"L&#039;alliance de l&#039;Histoire et de la Modernit\u00e9","publisher":{"@id":"https:\/\/maxims-caviar.com\/en\/#organization"},"potentialAction":[{"@type":"SearchAction","target":{"@type":"EntryPoint","urlTemplate":"https:\/\/maxims-caviar.com\/en\/?s={search_term_string}"},"query-input":{"@type":"PropertyValueSpecification","valueRequired":true,"valueName":"search_term_string"}}],"inLanguage":"en-GB"},{"@type":"Organization","@id":"https:\/\/maxims-caviar.com\/en\/#organization","name":"Maxim&#039;s Caviar","url":"https:\/\/maxims-caviar.com\/en\/","logo":{"@type":"ImageObject","inLanguage":"en-GB","@id":"https:\/\/maxims-caviar.com\/en\/#\/schema\/logo\/image\/","url":"https:\/\/maxims-caviar.com\/wp-content\/uploads\/2019\/07\/logo.png","contentUrl":"https:\/\/maxims-caviar.com\/wp-content\/uploads\/2019\/07\/logo.png","width":470,"height":110,"caption":"Maxim&#039;s Caviar"},"image":{"@id":"https:\/\/maxims-caviar.com\/en\/#\/schema\/logo\/image\/"}}]}},"_links":{"self":[{"href":"https:\/\/maxims-caviar.com\/en_gb\/wp-json\/wp\/v2\/product\/70847","targetHints":{"allow":["GET"]}}],"collection":[{"href":"https:\/\/maxims-caviar.com\/en_gb\/wp-json\/wp\/v2\/product"}],"about":[{"href":"https:\/\/maxims-caviar.com\/en_gb\/wp-json\/wp\/v2\/types\/product"}],"version-history":[{"count":2,"href":"https:\/\/maxims-caviar.com\/en_gb\/wp-json\/wp\/v2\/product\/70847\/revisions"}],"predecessor-version":[{"id":86291,"href":"https:\/\/maxims-caviar.com\/en_gb\/wp-json\/wp\/v2\/product\/70847\/revisions\/86291"}],"wp:featuredmedia":[{"embeddable":true,"href":"https:\/\/maxims-caviar.com\/en_gb\/wp-json\/wp\/v2\/media\/51523"}],"wp:attachment":[{"href":"https:\/\/maxims-caviar.com\/en_gb\/wp-json\/wp\/v2\/media?parent=70847"}],"wp:term":[{"taxonomy":"product_brand","embeddable":true,"href":"https:\/\/maxims-caviar.com\/en_gb\/wp-json\/wp\/v2\/product_brand?post=70847"},{"taxonomy":"product_cat","embeddable":true,"href":"https:\/\/maxims-caviar.com\/en_gb\/wp-json\/wp\/v2\/product_cat?post=70847"},{"taxonomy":"product_tag","embeddable":true,"href":"https:\/\/maxims-caviar.com\/en_gb\/wp-json\/wp\/v2\/product_tag?post=70847"}],"curies":[{"name":"wp","href":"https:\/\/api.w.org\/{rel}","templated":true}]}}