{"id":60882,"date":"2023-11-16T17:13:51","date_gmt":"2023-11-16T16:13:51","guid":{"rendered":"https:\/\/maxims-caviar.com\/?post_type=product&#038;p=60882"},"modified":"2026-03-12T10:52:30","modified_gmt":"2026-03-12T09:52:30","slug":"caviar-baeri-250g-figaro-2","status":"publish","type":"product","link":"https:\/\/maxims-caviar.com\/en_gb\/produit\/caviar-baeri-250g-figaro-2\/","title":{"rendered":"Caviar Baeri 250g &#8211; Figaro"},"content":{"rendered":"<p><a href=\"https:\/\/maxims-caviar.com\/en_gb\/conseils\/\">Tasting advice<\/a><br \/>\n<a href=\"https:\/\/maxims-caviar.com\/en_gb\/recettes\/\">Suggestions de recettes<\/a><\/p>\n<p>Ingredients : Oeufs d&rsquo;esturgeon (Acipenser baeri), sel, E285<br \/>\nConservation : Conserver au r\u00e9frig\u00e9rateur entre 0\u00b0C et 4 \u00b0C<br \/>\nDDM garantie : 2 mois<br \/>\nOrigin : Europe<\/p>","protected":false},"excerpt":{"rendered":"<p><strong>Caviar Maxim\u2019s vous propose des offres exclusives pour vos f\u00eates de No\u00ebl<\/strong><\/p>\n<p>Baeri caviar comes from the Siberian sturgeon Acipenser Baeri, between 7 and 10 years old.<\/p>\n<p>Son grain est de taille moyenne avec une texture fondante et une nuance de couleur allant du noir au gris clair. Il est finement iod\u00e9 avec des saveurs de beurre et de noisette.<\/p>\n<p>Our mastery of the art ensures a delicate, long-lasting flavour and consistent quality in every tin. Baeri caviar appeals to all palates, especially novices who are discovering the finesse that caviar can offer.<\/p>","protected":false},"featured_media":54697,"template":"","meta":{"_acf_changed":false},"product_brand":[],"product_cat":[94],"product_tag":[],"class_list":{"0":"post-60882","1":"product","2":"type-product","3":"status-publish","4":"has-post-thumbnail","6":"product_cat-mediafigaro","7":"product_shipping_class-fresh-product","9":"first","10":"outofstock","11":"sale","12":"taxable","13":"shipping-taxable","14":"purchasable","15":"product-type-simple"},"acf":[],"yoast_head":"<!-- This site is optimized with the Yoast SEO plugin v27.4 - https:\/\/yoast.com\/product\/yoast-seo-wordpress\/ -->\n<title>Caviar Baeri 250g - Figaro - Maxim&#039;s Caviar<\/title>\n<meta name=\"robots\" content=\"noindex, nofollow\" \/>\n<meta property=\"og:locale\" content=\"en_GB\" \/>\n<meta property=\"og:type\" content=\"article\" \/>\n<meta property=\"og:title\" content=\"Caviar Baeri 250g - Figaro - Maxim&#039;s Caviar\" \/>\n<meta property=\"og:description\" content=\"Caviar Maxim\u2019s vous propose des offres exclusives pour vos f\u00eates de No\u00ebl  Le caviar Baeri est issu de l\u2019esturgeon sib\u00e9rien Acipenser Baeri, entre l\u2019\u00e2ge de 7 et 10 ans.  Son grain est de taille moyenne avec une texture fondante et une nuance de couleur allant du noir au gris clair. Il est finement iod\u00e9 avec des saveurs de beurre et de noisette.  La ma\u00eetrise du savoir-faire assure la d\u00e9licatesse, la persistance de son go\u00fbt et une qualit\u00e9 homog\u00e8ne dans chaque bo\u00eete. Le caviar Baeri pla\u00eet \u00e0 tous les palets, notamment aux novices qui d\u00e9couvrent la finesse que peut offrir un caviar.\" \/>\n<meta property=\"og:url\" content=\"https:\/\/maxims-caviar.com\/en_gb\/product-2\/caviar-baeri-250g-figaro-2\/\" \/>\n<meta property=\"og:site_name\" content=\"Maxim&#039;s Caviar\" \/>\n<meta property=\"article:modified_time\" content=\"2026-03-12T09:52:30+00:00\" \/>\n<meta property=\"og:image\" content=\"https:\/\/maxims-caviar.com\/wp-content\/uploads\/2020\/11\/max-baeri-copie.png\" \/>\n\t<meta property=\"og:image:width\" content=\"1000\" \/>\n\t<meta property=\"og:image:height\" content=\"1000\" \/>\n\t<meta property=\"og:image:type\" content=\"image\/png\" \/>\n<meta name=\"twitter:card\" content=\"summary_large_image\" \/>\n<script type=\"application\/ld+json\" class=\"yoast-schema-graph\">{\"@context\":\"https:\\\/\\\/schema.org\",\"@graph\":[{\"@type\":\"WebPage\",\"@id\":\"https:\\\/\\\/maxims-caviar.com\\\/produit\\\/caviar-baeri-250g-figaro-2\\\/\",\"url\":\"https:\\\/\\\/maxims-caviar.com\\\/produit\\\/caviar-baeri-250g-figaro-2\\\/\",\"name\":\"Caviar Baeri 250g - Figaro - Maxim&#039;s Caviar\",\"isPartOf\":{\"@id\":\"https:\\\/\\\/maxims-caviar.com\\\/en\\\/#website\"},\"primaryImageOfPage\":{\"@id\":\"https:\\\/\\\/maxims-caviar.com\\\/produit\\\/caviar-baeri-250g-figaro-2\\\/#primaryimage\"},\"image\":{\"@id\":\"https:\\\/\\\/maxims-caviar.com\\\/produit\\\/caviar-baeri-250g-figaro-2\\\/#primaryimage\"},\"thumbnailUrl\":\"https:\\\/\\\/maxims-caviar.com\\\/wp-content\\\/uploads\\\/2020\\\/11\\\/max-baeri-copie.png\",\"datePublished\":\"2023-11-16T16:13:51+00:00\",\"dateModified\":\"2026-03-12T09:52:30+00:00\",\"breadcrumb\":{\"@id\":\"https:\\\/\\\/maxims-caviar.com\\\/produit\\\/caviar-baeri-250g-figaro-2\\\/#breadcrumb\"},\"inLanguage\":\"en-GB\",\"potentialAction\":[{\"@type\":\"ReadAction\",\"target\":[\"https:\\\/\\\/maxims-caviar.com\\\/produit\\\/caviar-baeri-250g-figaro-2\\\/\"]}]},{\"@type\":\"ImageObject\",\"inLanguage\":\"en-GB\",\"@id\":\"https:\\\/\\\/maxims-caviar.com\\\/produit\\\/caviar-baeri-250g-figaro-2\\\/#primaryimage\",\"url\":\"https:\\\/\\\/maxims-caviar.com\\\/wp-content\\\/uploads\\\/2020\\\/11\\\/max-baeri-copie.png\",\"contentUrl\":\"https:\\\/\\\/maxims-caviar.com\\\/wp-content\\\/uploads\\\/2020\\\/11\\\/max-baeri-copie.png\",\"width\":1000,\"height\":1000,\"caption\":\"caviar baeri\"},{\"@type\":\"BreadcrumbList\",\"@id\":\"https:\\\/\\\/maxims-caviar.com\\\/produit\\\/caviar-baeri-250g-figaro-2\\\/#breadcrumb\",\"itemListElement\":[{\"@type\":\"ListItem\",\"position\":1,\"name\":\"Accueil\",\"item\":\"https:\\\/\\\/maxims-caviar.com\\\/\"},{\"@type\":\"ListItem\",\"position\":2,\"name\":\"Boutique\",\"item\":\"https:\\\/\\\/maxims-caviar.com\\\/boutique\\\/\"},{\"@type\":\"ListItem\",\"position\":3,\"name\":\"Caviar Baeri 250g &#8211; Figaro\"}]},{\"@type\":\"WebSite\",\"@id\":\"https:\\\/\\\/maxims-caviar.com\\\/en\\\/#website\",\"url\":\"https:\\\/\\\/maxims-caviar.com\\\/en\\\/\",\"name\":\"Maxim&#039;s Caviar\",\"description\":\"L&#039;alliance de l&#039;Histoire et de la Modernit\u00e9\",\"publisher\":{\"@id\":\"https:\\\/\\\/maxims-caviar.com\\\/en\\\/#organization\"},\"potentialAction\":[{\"@type\":\"SearchAction\",\"target\":{\"@type\":\"EntryPoint\",\"urlTemplate\":\"https:\\\/\\\/maxims-caviar.com\\\/en\\\/?s={search_term_string}\"},\"query-input\":{\"@type\":\"PropertyValueSpecification\",\"valueRequired\":true,\"valueName\":\"search_term_string\"}}],\"inLanguage\":\"en-GB\"},{\"@type\":\"Organization\",\"@id\":\"https:\\\/\\\/maxims-caviar.com\\\/en\\\/#organization\",\"name\":\"Maxim&#039;s Caviar\",\"url\":\"https:\\\/\\\/maxims-caviar.com\\\/en\\\/\",\"logo\":{\"@type\":\"ImageObject\",\"inLanguage\":\"en-GB\",\"@id\":\"https:\\\/\\\/maxims-caviar.com\\\/en\\\/#\\\/schema\\\/logo\\\/image\\\/\",\"url\":\"https:\\\/\\\/maxims-caviar.com\\\/wp-content\\\/uploads\\\/2019\\\/07\\\/logo.png\",\"contentUrl\":\"https:\\\/\\\/maxims-caviar.com\\\/wp-content\\\/uploads\\\/2019\\\/07\\\/logo.png\",\"width\":470,\"height\":110,\"caption\":\"Maxim&#039;s Caviar\"},\"image\":{\"@id\":\"https:\\\/\\\/maxims-caviar.com\\\/en\\\/#\\\/schema\\\/logo\\\/image\\\/\"}}]}<\/script>\n<!-- \/ Yoast SEO plugin. -->","yoast_head_json":{"title":"Caviar Baeri 250g - Figaro - Maxim&#039;s Caviar","robots":{"index":"noindex","follow":"nofollow"},"og_locale":"en_GB","og_type":"article","og_title":"Caviar Baeri 250g - Figaro - Maxim&#039;s Caviar","og_description":"Caviar Maxim\u2019s vous propose des offres exclusives pour vos f\u00eates de No\u00ebl  Le caviar Baeri est issu de l\u2019esturgeon sib\u00e9rien Acipenser Baeri, entre l\u2019\u00e2ge de 7 et 10 ans.  Son grain est de taille moyenne avec une texture fondante et une nuance de couleur allant du noir au gris clair. Il est finement iod\u00e9 avec des saveurs de beurre et de noisette.  La ma\u00eetrise du savoir-faire assure la d\u00e9licatesse, la persistance de son go\u00fbt et une qualit\u00e9 homog\u00e8ne dans chaque bo\u00eete. Le caviar Baeri pla\u00eet \u00e0 tous les palets, notamment aux novices qui d\u00e9couvrent la finesse que peut offrir un caviar.","og_url":"https:\/\/maxims-caviar.com\/en_gb\/product-2\/caviar-baeri-250g-figaro-2\/","og_site_name":"Maxim&#039;s Caviar","article_modified_time":"2026-03-12T09:52:30+00:00","og_image":[{"width":1000,"height":1000,"url":"https:\/\/maxims-caviar.com\/wp-content\/uploads\/2020\/11\/max-baeri-copie.png","type":"image\/png"}],"twitter_card":"summary_large_image","schema":{"@context":"https:\/\/schema.org","@graph":[{"@type":"WebPage","@id":"https:\/\/maxims-caviar.com\/produit\/caviar-baeri-250g-figaro-2\/","url":"https:\/\/maxims-caviar.com\/produit\/caviar-baeri-250g-figaro-2\/","name":"Caviar Baeri 250g - Figaro - Maxim&#039;s Caviar","isPartOf":{"@id":"https:\/\/maxims-caviar.com\/en\/#website"},"primaryImageOfPage":{"@id":"https:\/\/maxims-caviar.com\/produit\/caviar-baeri-250g-figaro-2\/#primaryimage"},"image":{"@id":"https:\/\/maxims-caviar.com\/produit\/caviar-baeri-250g-figaro-2\/#primaryimage"},"thumbnailUrl":"https:\/\/maxims-caviar.com\/wp-content\/uploads\/2020\/11\/max-baeri-copie.png","datePublished":"2023-11-16T16:13:51+00:00","dateModified":"2026-03-12T09:52:30+00:00","breadcrumb":{"@id":"https:\/\/maxims-caviar.com\/produit\/caviar-baeri-250g-figaro-2\/#breadcrumb"},"inLanguage":"en-GB","potentialAction":[{"@type":"ReadAction","target":["https:\/\/maxims-caviar.com\/produit\/caviar-baeri-250g-figaro-2\/"]}]},{"@type":"ImageObject","inLanguage":"en-GB","@id":"https:\/\/maxims-caviar.com\/produit\/caviar-baeri-250g-figaro-2\/#primaryimage","url":"https:\/\/maxims-caviar.com\/wp-content\/uploads\/2020\/11\/max-baeri-copie.png","contentUrl":"https:\/\/maxims-caviar.com\/wp-content\/uploads\/2020\/11\/max-baeri-copie.png","width":1000,"height":1000,"caption":"caviar baeri"},{"@type":"BreadcrumbList","@id":"https:\/\/maxims-caviar.com\/produit\/caviar-baeri-250g-figaro-2\/#breadcrumb","itemListElement":[{"@type":"ListItem","position":1,"name":"Accueil","item":"https:\/\/maxims-caviar.com\/"},{"@type":"ListItem","position":2,"name":"Boutique","item":"https:\/\/maxims-caviar.com\/boutique\/"},{"@type":"ListItem","position":3,"name":"Caviar Baeri 250g &#8211; Figaro"}]},{"@type":"WebSite","@id":"https:\/\/maxims-caviar.com\/en\/#website","url":"https:\/\/maxims-caviar.com\/en\/","name":"Maxim&#039;s Caviar","description":"L&#039;alliance de l&#039;Histoire et de la Modernit\u00e9","publisher":{"@id":"https:\/\/maxims-caviar.com\/en\/#organization"},"potentialAction":[{"@type":"SearchAction","target":{"@type":"EntryPoint","urlTemplate":"https:\/\/maxims-caviar.com\/en\/?s={search_term_string}"},"query-input":{"@type":"PropertyValueSpecification","valueRequired":true,"valueName":"search_term_string"}}],"inLanguage":"en-GB"},{"@type":"Organization","@id":"https:\/\/maxims-caviar.com\/en\/#organization","name":"Maxim&#039;s Caviar","url":"https:\/\/maxims-caviar.com\/en\/","logo":{"@type":"ImageObject","inLanguage":"en-GB","@id":"https:\/\/maxims-caviar.com\/en\/#\/schema\/logo\/image\/","url":"https:\/\/maxims-caviar.com\/wp-content\/uploads\/2019\/07\/logo.png","contentUrl":"https:\/\/maxims-caviar.com\/wp-content\/uploads\/2019\/07\/logo.png","width":470,"height":110,"caption":"Maxim&#039;s Caviar"},"image":{"@id":"https:\/\/maxims-caviar.com\/en\/#\/schema\/logo\/image\/"}}]}},"_links":{"self":[{"href":"https:\/\/maxims-caviar.com\/en_gb\/wp-json\/wp\/v2\/product\/60882","targetHints":{"allow":["GET"]}}],"collection":[{"href":"https:\/\/maxims-caviar.com\/en_gb\/wp-json\/wp\/v2\/product"}],"about":[{"href":"https:\/\/maxims-caviar.com\/en_gb\/wp-json\/wp\/v2\/types\/product"}],"version-history":[{"count":6,"href":"https:\/\/maxims-caviar.com\/en_gb\/wp-json\/wp\/v2\/product\/60882\/revisions"}],"predecessor-version":[{"id":68239,"href":"https:\/\/maxims-caviar.com\/en_gb\/wp-json\/wp\/v2\/product\/60882\/revisions\/68239"}],"wp:featuredmedia":[{"embeddable":true,"href":"https:\/\/maxims-caviar.com\/en_gb\/wp-json\/wp\/v2\/media\/54697"}],"wp:attachment":[{"href":"https:\/\/maxims-caviar.com\/en_gb\/wp-json\/wp\/v2\/media?parent=60882"}],"wp:term":[{"taxonomy":"product_brand","embeddable":true,"href":"https:\/\/maxims-caviar.com\/en_gb\/wp-json\/wp\/v2\/product_brand?post=60882"},{"taxonomy":"product_cat","embeddable":true,"href":"https:\/\/maxims-caviar.com\/en_gb\/wp-json\/wp\/v2\/product_cat?post=60882"},{"taxonomy":"product_tag","embeddable":true,"href":"https:\/\/maxims-caviar.com\/en_gb\/wp-json\/wp\/v2\/product_tag?post=60882"}],"curies":[{"name":"wp","href":"https:\/\/api.w.org\/{rel}","templated":true}]}}