{"id":88478,"date":"2025-12-02T14:21:16","date_gmt":"2025-12-02T13:21:16","guid":{"rendered":"https:\/\/maxims-caviar.com\/?post_type=product&#038;p=88478"},"modified":"2026-02-13T10:09:04","modified_gmt":"2026-02-13T09:09:04","slug":"caviar-schrenki-dauricus-figaro","status":"publish","type":"product","link":"https:\/\/maxims-caviar.com\/en_fr\/produit\/caviar-schrenki-dauricus-figaro\/","title":{"rendered":"Caviar Schrenki Dauricus &#8211; Figaro"},"content":{"rendered":"","protected":false},"excerpt":{"rendered":"<p>The result of a cross between the Acipenser Schrenkii sturgeon and the Huso Dauricus, this caviar comes from the clear waters of the River Amur in China. The females reach maturity between 8 and 10 years of age, ensuring a product of exceptional quality.<\/p>\n<p>Schrenki Dauricus Caviar captivates with its generous grains, similar to those of Beluga. Its hues range from grey to bright amber. On the palate, it reveals delicate aromas of hazelnut and toasted almond, offering a refined taste experience.<\/p>\n<h2>Schrenki Dauricus: a rare elegance<\/h2>\n<p>Combining subtle flavours with large grains, this caviar is the ideal choice for connoisseurs in search of originality and excellence. Once dominated by historical regions, the caviar market is now seeing China establish itself as an essential benchmark. Schrenki Dauricus intrigues and delights top chefs with its elegant appearance and impeccable texture. Let yourself be tempted and discover why it is so captivating to demanding palates.<\/p>","protected":false},"featured_media":86443,"template":"","meta":{"_acf_changed":false},"product_brand":[],"product_cat":[94],"product_tag":[],"class_list":{"0":"post-88478","1":"product","2":"type-product","3":"status-publish","4":"has-post-thumbnail","6":"product_cat-mediafigaro","7":"product_shipping_class-fresh-product","9":"first","10":"outofstock","11":"sale","12":"taxable","13":"shipping-taxable","14":"purchasable","15":"product-type-variable","16":"has-default-attributes"},"acf":[],"yoast_head":"<!-- This site is optimized with the Yoast SEO plugin v27.3 - https:\/\/yoast.com\/product\/yoast-seo-wordpress\/ -->\n<title>Caviar Schrenki Dauricus - Figaro - Maxim&#039;s Caviar<\/title>\n<meta name=\"description\" content=\"Le Caviar Schrenki Dauricus s\u00e9duit par ses grains g\u00e9n\u00e9reux, proches de ceux du Beluga. En bouche, il d\u00e9voile des ar\u00f4mes d\u00e9licats de noisette.\" \/>\n<meta name=\"robots\" content=\"noindex, nofollow\" \/>\n<meta property=\"og:locale\" content=\"en_US\" \/>\n<meta property=\"og:type\" content=\"article\" \/>\n<meta property=\"og:title\" content=\"Caviar Schrenki Dauricus - Figaro - Maxim&#039;s Caviar\" \/>\n<meta property=\"og:description\" content=\"Le Caviar Schrenki Dauricus s\u00e9duit par ses grains g\u00e9n\u00e9reux, proches de ceux du Beluga. En bouche, il d\u00e9voile des ar\u00f4mes d\u00e9licats de noisette.\" \/>\n<meta property=\"og:url\" content=\"https:\/\/maxims-caviar.com\/en_fr\/product-2\/caviar-schrenki-dauricus-figaro\/\" \/>\n<meta property=\"og:site_name\" content=\"Maxim&#039;s Caviar\" \/>\n<meta property=\"article:modified_time\" content=\"2026-02-13T09:09:04+00:00\" \/>\n<meta property=\"og:image\" content=\"https:\/\/maxims-caviar.com\/wp-content\/uploads\/2024\/12\/max-schrenkii.png\" \/>\n\t<meta property=\"og:image:width\" content=\"1000\" \/>\n\t<meta property=\"og:image:height\" content=\"1000\" \/>\n\t<meta property=\"og:image:type\" content=\"image\/png\" \/>\n<meta name=\"twitter:card\" content=\"summary_large_image\" \/>\n<script type=\"application\/ld+json\" class=\"yoast-schema-graph\">{\"@context\":\"https:\\\/\\\/schema.org\",\"@graph\":[{\"@type\":\"WebPage\",\"@id\":\"https:\\\/\\\/maxims-caviar.com\\\/produit\\\/caviar-schrenki-dauricus-figaro\\\/\",\"url\":\"https:\\\/\\\/maxims-caviar.com\\\/produit\\\/caviar-schrenki-dauricus-figaro\\\/\",\"name\":\"Caviar Schrenki Dauricus - Figaro - Maxim&#039;s Caviar\",\"isPartOf\":{\"@id\":\"https:\\\/\\\/maxims-caviar.com\\\/en\\\/#website\"},\"primaryImageOfPage\":{\"@id\":\"https:\\\/\\\/maxims-caviar.com\\\/produit\\\/caviar-schrenki-dauricus-figaro\\\/#primaryimage\"},\"image\":{\"@id\":\"https:\\\/\\\/maxims-caviar.com\\\/produit\\\/caviar-schrenki-dauricus-figaro\\\/#primaryimage\"},\"thumbnailUrl\":\"https:\\\/\\\/maxims-caviar.com\\\/wp-content\\\/uploads\\\/2024\\\/12\\\/max-schrenkii.png\",\"datePublished\":\"2025-12-02T13:21:16+00:00\",\"dateModified\":\"2026-02-13T09:09:04+00:00\",\"description\":\"Le Caviar Schrenki Dauricus s\u00e9duit par ses grains g\u00e9n\u00e9reux, proches de ceux du Beluga. En bouche, il d\u00e9voile des ar\u00f4mes d\u00e9licats de noisette.\",\"breadcrumb\":{\"@id\":\"https:\\\/\\\/maxims-caviar.com\\\/produit\\\/caviar-schrenki-dauricus-figaro\\\/#breadcrumb\"},\"inLanguage\":\"en-US\",\"potentialAction\":[{\"@type\":\"ReadAction\",\"target\":[\"https:\\\/\\\/maxims-caviar.com\\\/produit\\\/caviar-schrenki-dauricus-figaro\\\/\"]}]},{\"@type\":\"ImageObject\",\"inLanguage\":\"en-US\",\"@id\":\"https:\\\/\\\/maxims-caviar.com\\\/produit\\\/caviar-schrenki-dauricus-figaro\\\/#primaryimage\",\"url\":\"https:\\\/\\\/maxims-caviar.com\\\/wp-content\\\/uploads\\\/2024\\\/12\\\/max-schrenkii.png\",\"contentUrl\":\"https:\\\/\\\/maxims-caviar.com\\\/wp-content\\\/uploads\\\/2024\\\/12\\\/max-schrenkii.png\",\"width\":1000,\"height\":1000,\"caption\":\"caviar schrenkii\"},{\"@type\":\"BreadcrumbList\",\"@id\":\"https:\\\/\\\/maxims-caviar.com\\\/produit\\\/caviar-schrenki-dauricus-figaro\\\/#breadcrumb\",\"itemListElement\":[{\"@type\":\"ListItem\",\"position\":1,\"name\":\"Accueil\",\"item\":\"https:\\\/\\\/maxims-caviar.com\\\/\"},{\"@type\":\"ListItem\",\"position\":2,\"name\":\"Boutique\",\"item\":\"https:\\\/\\\/maxims-caviar.com\\\/boutique\\\/\"},{\"@type\":\"ListItem\",\"position\":3,\"name\":\"Caviar Schrenki Dauricus &#8211; Figaro\"}]},{\"@type\":\"WebSite\",\"@id\":\"https:\\\/\\\/maxims-caviar.com\\\/en\\\/#website\",\"url\":\"https:\\\/\\\/maxims-caviar.com\\\/en\\\/\",\"name\":\"Maxim&#039;s Caviar\",\"description\":\"L&#039;alliance de l&#039;Histoire et de la Modernit\u00e9\",\"publisher\":{\"@id\":\"https:\\\/\\\/maxims-caviar.com\\\/en\\\/#organization\"},\"potentialAction\":[{\"@type\":\"SearchAction\",\"target\":{\"@type\":\"EntryPoint\",\"urlTemplate\":\"https:\\\/\\\/maxims-caviar.com\\\/en\\\/?s={search_term_string}\"},\"query-input\":{\"@type\":\"PropertyValueSpecification\",\"valueRequired\":true,\"valueName\":\"search_term_string\"}}],\"inLanguage\":\"en-US\"},{\"@type\":\"Organization\",\"@id\":\"https:\\\/\\\/maxims-caviar.com\\\/en\\\/#organization\",\"name\":\"Maxim&#039;s Caviar\",\"url\":\"https:\\\/\\\/maxims-caviar.com\\\/en\\\/\",\"logo\":{\"@type\":\"ImageObject\",\"inLanguage\":\"en-US\",\"@id\":\"https:\\\/\\\/maxims-caviar.com\\\/en\\\/#\\\/schema\\\/logo\\\/image\\\/\",\"url\":\"https:\\\/\\\/maxims-caviar.com\\\/wp-content\\\/uploads\\\/2019\\\/07\\\/logo.png\",\"contentUrl\":\"https:\\\/\\\/maxims-caviar.com\\\/wp-content\\\/uploads\\\/2019\\\/07\\\/logo.png\",\"width\":470,\"height\":110,\"caption\":\"Maxim&#039;s Caviar\"},\"image\":{\"@id\":\"https:\\\/\\\/maxims-caviar.com\\\/en\\\/#\\\/schema\\\/logo\\\/image\\\/\"}}]}<\/script>\n<!-- \/ Yoast SEO plugin. -->","yoast_head_json":{"title":"Caviar Schrenki Dauricus - Figaro - Maxim&#039;s Caviar","description":"Le Caviar Schrenki Dauricus s\u00e9duit par ses grains g\u00e9n\u00e9reux, proches de ceux du Beluga. En bouche, il d\u00e9voile des ar\u00f4mes d\u00e9licats de noisette.","robots":{"index":"noindex","follow":"nofollow"},"og_locale":"en_US","og_type":"article","og_title":"Caviar Schrenki Dauricus - Figaro - Maxim&#039;s Caviar","og_description":"Le Caviar Schrenki Dauricus s\u00e9duit par ses grains g\u00e9n\u00e9reux, proches de ceux du Beluga. En bouche, il d\u00e9voile des ar\u00f4mes d\u00e9licats de noisette.","og_url":"https:\/\/maxims-caviar.com\/en_fr\/product-2\/caviar-schrenki-dauricus-figaro\/","og_site_name":"Maxim&#039;s Caviar","article_modified_time":"2026-02-13T09:09:04+00:00","og_image":[{"width":1000,"height":1000,"url":"https:\/\/maxims-caviar.com\/wp-content\/uploads\/2024\/12\/max-schrenkii.png","type":"image\/png"}],"twitter_card":"summary_large_image","schema":{"@context":"https:\/\/schema.org","@graph":[{"@type":"WebPage","@id":"https:\/\/maxims-caviar.com\/produit\/caviar-schrenki-dauricus-figaro\/","url":"https:\/\/maxims-caviar.com\/produit\/caviar-schrenki-dauricus-figaro\/","name":"Caviar Schrenki Dauricus - Figaro - Maxim&#039;s Caviar","isPartOf":{"@id":"https:\/\/maxims-caviar.com\/en\/#website"},"primaryImageOfPage":{"@id":"https:\/\/maxims-caviar.com\/produit\/caviar-schrenki-dauricus-figaro\/#primaryimage"},"image":{"@id":"https:\/\/maxims-caviar.com\/produit\/caviar-schrenki-dauricus-figaro\/#primaryimage"},"thumbnailUrl":"https:\/\/maxims-caviar.com\/wp-content\/uploads\/2024\/12\/max-schrenkii.png","datePublished":"2025-12-02T13:21:16+00:00","dateModified":"2026-02-13T09:09:04+00:00","description":"Le Caviar Schrenki Dauricus s\u00e9duit par ses grains g\u00e9n\u00e9reux, proches de ceux du Beluga. En bouche, il d\u00e9voile des ar\u00f4mes d\u00e9licats de noisette.","breadcrumb":{"@id":"https:\/\/maxims-caviar.com\/produit\/caviar-schrenki-dauricus-figaro\/#breadcrumb"},"inLanguage":"en-US","potentialAction":[{"@type":"ReadAction","target":["https:\/\/maxims-caviar.com\/produit\/caviar-schrenki-dauricus-figaro\/"]}]},{"@type":"ImageObject","inLanguage":"en-US","@id":"https:\/\/maxims-caviar.com\/produit\/caviar-schrenki-dauricus-figaro\/#primaryimage","url":"https:\/\/maxims-caviar.com\/wp-content\/uploads\/2024\/12\/max-schrenkii.png","contentUrl":"https:\/\/maxims-caviar.com\/wp-content\/uploads\/2024\/12\/max-schrenkii.png","width":1000,"height":1000,"caption":"caviar schrenkii"},{"@type":"BreadcrumbList","@id":"https:\/\/maxims-caviar.com\/produit\/caviar-schrenki-dauricus-figaro\/#breadcrumb","itemListElement":[{"@type":"ListItem","position":1,"name":"Accueil","item":"https:\/\/maxims-caviar.com\/"},{"@type":"ListItem","position":2,"name":"Boutique","item":"https:\/\/maxims-caviar.com\/boutique\/"},{"@type":"ListItem","position":3,"name":"Caviar Schrenki Dauricus &#8211; Figaro"}]},{"@type":"WebSite","@id":"https:\/\/maxims-caviar.com\/en\/#website","url":"https:\/\/maxims-caviar.com\/en\/","name":"Maxim&#039;s Caviar","description":"L&#039;alliance de l&#039;Histoire et de la Modernit\u00e9","publisher":{"@id":"https:\/\/maxims-caviar.com\/en\/#organization"},"potentialAction":[{"@type":"SearchAction","target":{"@type":"EntryPoint","urlTemplate":"https:\/\/maxims-caviar.com\/en\/?s={search_term_string}"},"query-input":{"@type":"PropertyValueSpecification","valueRequired":true,"valueName":"search_term_string"}}],"inLanguage":"en-US"},{"@type":"Organization","@id":"https:\/\/maxims-caviar.com\/en\/#organization","name":"Maxim&#039;s Caviar","url":"https:\/\/maxims-caviar.com\/en\/","logo":{"@type":"ImageObject","inLanguage":"en-US","@id":"https:\/\/maxims-caviar.com\/en\/#\/schema\/logo\/image\/","url":"https:\/\/maxims-caviar.com\/wp-content\/uploads\/2019\/07\/logo.png","contentUrl":"https:\/\/maxims-caviar.com\/wp-content\/uploads\/2019\/07\/logo.png","width":470,"height":110,"caption":"Maxim&#039;s Caviar"},"image":{"@id":"https:\/\/maxims-caviar.com\/en\/#\/schema\/logo\/image\/"}}]}},"_links":{"self":[{"href":"https:\/\/maxims-caviar.com\/en_fr\/wp-json\/wp\/v2\/product\/88478","targetHints":{"allow":["GET"]}}],"collection":[{"href":"https:\/\/maxims-caviar.com\/en_fr\/wp-json\/wp\/v2\/product"}],"about":[{"href":"https:\/\/maxims-caviar.com\/en_fr\/wp-json\/wp\/v2\/types\/product"}],"version-history":[{"count":1,"href":"https:\/\/maxims-caviar.com\/en_fr\/wp-json\/wp\/v2\/product\/88478\/revisions"}],"predecessor-version":[{"id":88486,"href":"https:\/\/maxims-caviar.com\/en_fr\/wp-json\/wp\/v2\/product\/88478\/revisions\/88486"}],"wp:featuredmedia":[{"embeddable":true,"href":"https:\/\/maxims-caviar.com\/en_fr\/wp-json\/wp\/v2\/media\/86443"}],"wp:attachment":[{"href":"https:\/\/maxims-caviar.com\/en_fr\/wp-json\/wp\/v2\/media?parent=88478"}],"wp:term":[{"taxonomy":"product_brand","embeddable":true,"href":"https:\/\/maxims-caviar.com\/en_fr\/wp-json\/wp\/v2\/product_brand?post=88478"},{"taxonomy":"product_cat","embeddable":true,"href":"https:\/\/maxims-caviar.com\/en_fr\/wp-json\/wp\/v2\/product_cat?post=88478"},{"taxonomy":"product_tag","embeddable":true,"href":"https:\/\/maxims-caviar.com\/en_fr\/wp-json\/wp\/v2\/product_tag?post=88478"}],"curies":[{"name":"wp","href":"https:\/\/api.w.org\/{rel}","templated":true}]}}