{"id":86212,"date":"2025-09-11T14:10:34","date_gmt":"2025-09-11T12:10:34","guid":{"rendered":"https:\/\/maxims-caviar.com\/?post_type=product&#038;p=86212"},"modified":"2025-12-09T10:10:58","modified_gmt":"2025-12-09T09:10:58","slug":"caviar-schrenki-dauricus-verychic","status":"publish","type":"product","link":"https:\/\/maxims-caviar.com\/en_fr\/produit\/caviar-schrenki-dauricus-verychic\/","title":{"rendered":"Caviar Schrenki Dauricus VeryChic"},"content":{"rendered":"<div data-elementor-type=\"wp-post\" data-elementor-id=\"86212\" class=\"elementor elementor-86212\">\n\t\t\t\t\t\t<section class=\"elementor-section elementor-top-section elementor-element elementor-element-5ad628b elementor-section-boxed elementor-section-height-default elementor-section-height-default\" data-id=\"5ad628b\" data-element_type=\"section\" data-e-type=\"section\">\n\t\t\t\t\t\t<div class=\"elementor-container elementor-column-gap-default\">\n\t\t\t\t\t<div class=\"elementor-column elementor-col-100 elementor-top-column elementor-element elementor-element-fd2cd4a\" data-id=\"fd2cd4a\" data-element_type=\"column\" data-e-type=\"column\">\n\t\t\t<div class=\"elementor-widget-wrap elementor-element-populated\">\n\t\t\t\t\t\t<div class=\"elementor-element elementor-element-1b8ac2b elementor-widget elementor-widget-text-editor\" data-id=\"1b8ac2b\" data-element_type=\"widget\" data-e-type=\"widget\" data-widget_type=\"text-editor.default\">\n\t\t\t\t<div class=\"elementor-widget-container\">\n\t\t\t\t\t\t\t\t\t<p>DDM : 15\/01\/2026<\/p>\t\t\t\t\t\t\t\t<\/div>\n\t\t\t\t<\/div>\n\t\t\t\t\t<\/div>\n\t\t<\/div>\n\t\t\t\t\t<\/div>\n\t\t<\/section>\n\t\t\t\t<\/div>","protected":false},"excerpt":{"rendered":"<p>The result of a cross between the Acipenser Schrenkii sturgeon and the Huso Dauricus, this caviar comes from the clear waters of the River Amur in China. The females reach maturity between 8 and 10 years of age, ensuring a product of exceptional quality.<\/p>\n<p>Le Caviar Schrenki Dauricus s\u00e9duit par ses grains g\u00e9n\u00e9reux, proches de ceux du Beluga, mesurant entre 3 et 3,5 mm. Ses teintes varient du gris \u00e0 des reflets ambr\u00e9s \u00e9clatants. En bouche, il d\u00e9voile des ar\u00f4mes d\u00e9licats de noisette et d\u2019amande grill\u00e9e, offrant une exp\u00e9rience gustative raffin\u00e9e.<\/p>\n<h2>Schrenki Dauricus: a rare elegance<\/h2>\n<p>Combining subtle flavours with large grains, this caviar is the ideal choice for connoisseurs in search of originality and excellence. Once dominated by historical regions, the caviar market is now seeing China establish itself as an essential benchmark. Schrenki Dauricus intrigues and delights top chefs with its elegant appearance and impeccable texture. Let yourself be tempted and discover why it is so captivating to demanding palates.<\/p>","protected":false},"featured_media":51520,"template":"","meta":{"_acf_changed":false},"product_brand":[],"product_cat":[83],"product_tag":[],"class_list":{"0":"post-86212","1":"product","2":"type-product","3":"status-publish","4":"has-post-thumbnail","6":"product_cat-offre-speciale-very-chic","7":"product_shipping_class-fresh-product","9":"first","10":"outofstock","11":"sale","12":"taxable","13":"shipping-taxable","14":"purchasable","15":"product-type-variable","16":"has-default-attributes"},"acf":[],"yoast_head":"<!-- This site is optimized with the Yoast SEO plugin v27.3 - https:\/\/yoast.com\/product\/yoast-seo-wordpress\/ -->\n<title>Caviar Schrenki Dauricus VeryChic - Maxim&#039;s Caviar<\/title>\n<meta name=\"description\" content=\"Ce caviar Nacari se distingue par son go\u00fbt puissant et iod\u00e9 qui conf\u00e8re au caviar Nacari sa renomm\u00e9e avec une saveur iod\u00e9e prononc\u00e9e.\" \/>\n<meta name=\"robots\" content=\"noindex, nofollow\" \/>\n<meta property=\"og:locale\" content=\"en_US\" \/>\n<meta property=\"og:type\" content=\"article\" \/>\n<meta property=\"og:title\" content=\"Caviar Schrenki Dauricus VeryChic - Maxim&#039;s Caviar\" \/>\n<meta property=\"og:description\" content=\"Ce caviar Nacari se distingue par son go\u00fbt puissant et iod\u00e9 qui conf\u00e8re au caviar Nacari sa renomm\u00e9e avec une saveur iod\u00e9e prononc\u00e9e.\" \/>\n<meta property=\"og:url\" content=\"https:\/\/maxims-caviar.com\/en_fr\/product-2\/caviar-schrenki-dauricus-verychic\/\" \/>\n<meta property=\"og:site_name\" content=\"Maxim&#039;s Caviar\" \/>\n<meta property=\"article:modified_time\" content=\"2025-12-09T09:10:58+00:00\" \/>\n<meta property=\"og:image\" content=\"https:\/\/maxims-caviar.com\/wp-content\/uploads\/2021\/06\/max-oscietre.png\" \/>\n\t<meta property=\"og:image:width\" content=\"1000\" \/>\n\t<meta property=\"og:image:height\" content=\"1000\" \/>\n\t<meta property=\"og:image:type\" content=\"image\/png\" \/>\n<meta name=\"twitter:card\" content=\"summary_large_image\" \/>\n<script type=\"application\/ld+json\" class=\"yoast-schema-graph\">{\"@context\":\"https:\\\/\\\/schema.org\",\"@graph\":[{\"@type\":\"WebPage\",\"@id\":\"https:\\\/\\\/maxims-caviar.com\\\/produit\\\/caviar-schrenki-dauricus-verychic\\\/\",\"url\":\"https:\\\/\\\/maxims-caviar.com\\\/produit\\\/caviar-schrenki-dauricus-verychic\\\/\",\"name\":\"Caviar Schrenki Dauricus VeryChic - Maxim&#039;s Caviar\",\"isPartOf\":{\"@id\":\"https:\\\/\\\/maxims-caviar.com\\\/en\\\/#website\"},\"primaryImageOfPage\":{\"@id\":\"https:\\\/\\\/maxims-caviar.com\\\/produit\\\/caviar-schrenki-dauricus-verychic\\\/#primaryimage\"},\"image\":{\"@id\":\"https:\\\/\\\/maxims-caviar.com\\\/produit\\\/caviar-schrenki-dauricus-verychic\\\/#primaryimage\"},\"thumbnailUrl\":\"https:\\\/\\\/maxims-caviar.com\\\/wp-content\\\/uploads\\\/2021\\\/06\\\/max-oscietre.png\",\"datePublished\":\"2025-09-11T12:10:34+00:00\",\"dateModified\":\"2025-12-09T09:10:58+00:00\",\"description\":\"Ce caviar Nacari se distingue par son go\u00fbt puissant et iod\u00e9 qui conf\u00e8re au caviar Nacari sa renomm\u00e9e avec une saveur iod\u00e9e prononc\u00e9e.\",\"breadcrumb\":{\"@id\":\"https:\\\/\\\/maxims-caviar.com\\\/produit\\\/caviar-schrenki-dauricus-verychic\\\/#breadcrumb\"},\"inLanguage\":\"en-US\",\"potentialAction\":[{\"@type\":\"ReadAction\",\"target\":[\"https:\\\/\\\/maxims-caviar.com\\\/produit\\\/caviar-schrenki-dauricus-verychic\\\/\"]}]},{\"@type\":\"ImageObject\",\"inLanguage\":\"en-US\",\"@id\":\"https:\\\/\\\/maxims-caviar.com\\\/produit\\\/caviar-schrenki-dauricus-verychic\\\/#primaryimage\",\"url\":\"https:\\\/\\\/maxims-caviar.com\\\/wp-content\\\/uploads\\\/2021\\\/06\\\/max-oscietre.png\",\"contentUrl\":\"https:\\\/\\\/maxims-caviar.com\\\/wp-content\\\/uploads\\\/2021\\\/06\\\/max-oscietre.png\",\"width\":1000,\"height\":1000,\"caption\":\"caviar osci\u00e8tre\"},{\"@type\":\"BreadcrumbList\",\"@id\":\"https:\\\/\\\/maxims-caviar.com\\\/produit\\\/caviar-schrenki-dauricus-verychic\\\/#breadcrumb\",\"itemListElement\":[{\"@type\":\"ListItem\",\"position\":1,\"name\":\"Accueil\",\"item\":\"https:\\\/\\\/maxims-caviar.com\\\/\"},{\"@type\":\"ListItem\",\"position\":2,\"name\":\"Boutique\",\"item\":\"https:\\\/\\\/maxims-caviar.com\\\/boutique\\\/\"},{\"@type\":\"ListItem\",\"position\":3,\"name\":\"Caviar Schrenki Dauricus VeryChic\"}]},{\"@type\":\"WebSite\",\"@id\":\"https:\\\/\\\/maxims-caviar.com\\\/en\\\/#website\",\"url\":\"https:\\\/\\\/maxims-caviar.com\\\/en\\\/\",\"name\":\"Maxim&#039;s Caviar\",\"description\":\"L&#039;alliance de l&#039;Histoire et de la Modernit\u00e9\",\"publisher\":{\"@id\":\"https:\\\/\\\/maxims-caviar.com\\\/en\\\/#organization\"},\"potentialAction\":[{\"@type\":\"SearchAction\",\"target\":{\"@type\":\"EntryPoint\",\"urlTemplate\":\"https:\\\/\\\/maxims-caviar.com\\\/en\\\/?s={search_term_string}\"},\"query-input\":{\"@type\":\"PropertyValueSpecification\",\"valueRequired\":true,\"valueName\":\"search_term_string\"}}],\"inLanguage\":\"en-US\"},{\"@type\":\"Organization\",\"@id\":\"https:\\\/\\\/maxims-caviar.com\\\/en\\\/#organization\",\"name\":\"Maxim&#039;s Caviar\",\"url\":\"https:\\\/\\\/maxims-caviar.com\\\/en\\\/\",\"logo\":{\"@type\":\"ImageObject\",\"inLanguage\":\"en-US\",\"@id\":\"https:\\\/\\\/maxims-caviar.com\\\/en\\\/#\\\/schema\\\/logo\\\/image\\\/\",\"url\":\"https:\\\/\\\/maxims-caviar.com\\\/wp-content\\\/uploads\\\/2019\\\/07\\\/logo.png\",\"contentUrl\":\"https:\\\/\\\/maxims-caviar.com\\\/wp-content\\\/uploads\\\/2019\\\/07\\\/logo.png\",\"width\":470,\"height\":110,\"caption\":\"Maxim&#039;s Caviar\"},\"image\":{\"@id\":\"https:\\\/\\\/maxims-caviar.com\\\/en\\\/#\\\/schema\\\/logo\\\/image\\\/\"}}]}<\/script>\n<!-- \/ Yoast SEO plugin. -->","yoast_head_json":{"title":"Caviar Schrenki Dauricus VeryChic - Maxim&#039;s Caviar","description":"Ce caviar Nacari se distingue par son go\u00fbt puissant et iod\u00e9 qui conf\u00e8re au caviar Nacari sa renomm\u00e9e avec une saveur iod\u00e9e prononc\u00e9e.","robots":{"index":"noindex","follow":"nofollow"},"og_locale":"en_US","og_type":"article","og_title":"Caviar Schrenki Dauricus VeryChic - Maxim&#039;s Caviar","og_description":"Ce caviar Nacari se distingue par son go\u00fbt puissant et iod\u00e9 qui conf\u00e8re au caviar Nacari sa renomm\u00e9e avec une saveur iod\u00e9e prononc\u00e9e.","og_url":"https:\/\/maxims-caviar.com\/en_fr\/product-2\/caviar-schrenki-dauricus-verychic\/","og_site_name":"Maxim&#039;s Caviar","article_modified_time":"2025-12-09T09:10:58+00:00","og_image":[{"width":1000,"height":1000,"url":"https:\/\/maxims-caviar.com\/wp-content\/uploads\/2021\/06\/max-oscietre.png","type":"image\/png"}],"twitter_card":"summary_large_image","schema":{"@context":"https:\/\/schema.org","@graph":[{"@type":"WebPage","@id":"https:\/\/maxims-caviar.com\/produit\/caviar-schrenki-dauricus-verychic\/","url":"https:\/\/maxims-caviar.com\/produit\/caviar-schrenki-dauricus-verychic\/","name":"Caviar Schrenki Dauricus VeryChic - Maxim&#039;s Caviar","isPartOf":{"@id":"https:\/\/maxims-caviar.com\/en\/#website"},"primaryImageOfPage":{"@id":"https:\/\/maxims-caviar.com\/produit\/caviar-schrenki-dauricus-verychic\/#primaryimage"},"image":{"@id":"https:\/\/maxims-caviar.com\/produit\/caviar-schrenki-dauricus-verychic\/#primaryimage"},"thumbnailUrl":"https:\/\/maxims-caviar.com\/wp-content\/uploads\/2021\/06\/max-oscietre.png","datePublished":"2025-09-11T12:10:34+00:00","dateModified":"2025-12-09T09:10:58+00:00","description":"Ce caviar Nacari se distingue par son go\u00fbt puissant et iod\u00e9 qui conf\u00e8re au caviar Nacari sa renomm\u00e9e avec une saveur iod\u00e9e prononc\u00e9e.","breadcrumb":{"@id":"https:\/\/maxims-caviar.com\/produit\/caviar-schrenki-dauricus-verychic\/#breadcrumb"},"inLanguage":"en-US","potentialAction":[{"@type":"ReadAction","target":["https:\/\/maxims-caviar.com\/produit\/caviar-schrenki-dauricus-verychic\/"]}]},{"@type":"ImageObject","inLanguage":"en-US","@id":"https:\/\/maxims-caviar.com\/produit\/caviar-schrenki-dauricus-verychic\/#primaryimage","url":"https:\/\/maxims-caviar.com\/wp-content\/uploads\/2021\/06\/max-oscietre.png","contentUrl":"https:\/\/maxims-caviar.com\/wp-content\/uploads\/2021\/06\/max-oscietre.png","width":1000,"height":1000,"caption":"caviar osci\u00e8tre"},{"@type":"BreadcrumbList","@id":"https:\/\/maxims-caviar.com\/produit\/caviar-schrenki-dauricus-verychic\/#breadcrumb","itemListElement":[{"@type":"ListItem","position":1,"name":"Accueil","item":"https:\/\/maxims-caviar.com\/"},{"@type":"ListItem","position":2,"name":"Boutique","item":"https:\/\/maxims-caviar.com\/boutique\/"},{"@type":"ListItem","position":3,"name":"Caviar Schrenki Dauricus VeryChic"}]},{"@type":"WebSite","@id":"https:\/\/maxims-caviar.com\/en\/#website","url":"https:\/\/maxims-caviar.com\/en\/","name":"Maxim&#039;s Caviar","description":"L&#039;alliance de l&#039;Histoire et de la Modernit\u00e9","publisher":{"@id":"https:\/\/maxims-caviar.com\/en\/#organization"},"potentialAction":[{"@type":"SearchAction","target":{"@type":"EntryPoint","urlTemplate":"https:\/\/maxims-caviar.com\/en\/?s={search_term_string}"},"query-input":{"@type":"PropertyValueSpecification","valueRequired":true,"valueName":"search_term_string"}}],"inLanguage":"en-US"},{"@type":"Organization","@id":"https:\/\/maxims-caviar.com\/en\/#organization","name":"Maxim&#039;s Caviar","url":"https:\/\/maxims-caviar.com\/en\/","logo":{"@type":"ImageObject","inLanguage":"en-US","@id":"https:\/\/maxims-caviar.com\/en\/#\/schema\/logo\/image\/","url":"https:\/\/maxims-caviar.com\/wp-content\/uploads\/2019\/07\/logo.png","contentUrl":"https:\/\/maxims-caviar.com\/wp-content\/uploads\/2019\/07\/logo.png","width":470,"height":110,"caption":"Maxim&#039;s Caviar"},"image":{"@id":"https:\/\/maxims-caviar.com\/en\/#\/schema\/logo\/image\/"}}]}},"_links":{"self":[{"href":"https:\/\/maxims-caviar.com\/en_fr\/wp-json\/wp\/v2\/product\/86212","targetHints":{"allow":["GET"]}}],"collection":[{"href":"https:\/\/maxims-caviar.com\/en_fr\/wp-json\/wp\/v2\/product"}],"about":[{"href":"https:\/\/maxims-caviar.com\/en_fr\/wp-json\/wp\/v2\/types\/product"}],"version-history":[{"count":6,"href":"https:\/\/maxims-caviar.com\/en_fr\/wp-json\/wp\/v2\/product\/86212\/revisions"}],"predecessor-version":[{"id":87716,"href":"https:\/\/maxims-caviar.com\/en_fr\/wp-json\/wp\/v2\/product\/86212\/revisions\/87716"}],"wp:featuredmedia":[{"embeddable":true,"href":"https:\/\/maxims-caviar.com\/en_fr\/wp-json\/wp\/v2\/media\/51520"}],"wp:attachment":[{"href":"https:\/\/maxims-caviar.com\/en_fr\/wp-json\/wp\/v2\/media?parent=86212"}],"wp:term":[{"taxonomy":"product_brand","embeddable":true,"href":"https:\/\/maxims-caviar.com\/en_fr\/wp-json\/wp\/v2\/product_brand?post=86212"},{"taxonomy":"product_cat","embeddable":true,"href":"https:\/\/maxims-caviar.com\/en_fr\/wp-json\/wp\/v2\/product_cat?post=86212"},{"taxonomy":"product_tag","embeddable":true,"href":"https:\/\/maxims-caviar.com\/en_fr\/wp-json\/wp\/v2\/product_tag?post=86212"}],"curies":[{"name":"wp","href":"https:\/\/api.w.org\/{rel}","templated":true}]}}