{"id":89013,"date":"2025-12-15T16:36:14","date_gmt":"2025-12-15T15:36:14","guid":{"rendered":"https:\/\/maxims-caviar.com\/?post_type=product&#038;p=89013"},"modified":"2025-12-15T16:38:39","modified_gmt":"2025-12-15T15:38:39","slug":"esturgeon-fume-300g","status":"publish","type":"product","link":"https:\/\/maxims-caviar.com\/de_de\/produit\/esturgeon-fume-300g\/","title":{"rendered":"Esturgeon fum\u00e9 300g"},"content":{"rendered":"","protected":false},"excerpt":{"rendered":"<p>L\u2019esturgeon fum\u00e9 est un produit surprenant et d\u00e9licat. L\u00e9ger et fondant en bouche, il peut \u00eatre pr\u00e9sent\u00e9 en ap\u00e9ritif sur une tranche de pain grill\u00e9 avec un filet de citron. Il peut \u00e9galement agr\u00e9menter vos salades, p\u00e2tes ou \u00e9cras\u00e9 de pommes de terre\u2026<\/p>\n<p>Herkunft: Frankreich<br \/>\nDLUO : 28 jours<br \/>\nPoids : 300g<br \/>\nConservation : Au r\u00e9frig\u00e9rateur entre 0 et 4\u00b0C.<br \/>\n<img decoding=\"async\" class=\"alignnone wp-image-69746\" src=\"https:\/\/maxims-caviar.com\/wp-content\/uploads\/2021\/11\/fresh.png\" alt=\"\" width=\"19\" height=\"17\" \/>Produit congel\u00e9, puis d\u00e9congel\u00e9. Ne pas recongeler.<br \/>\nIngr\u00e9dients : Esturgeon (Acipenser Baeri) (POISSON), sel, 5 baies<br \/>\nAllergene : Fisch<\/p>","protected":false},"featured_media":52277,"template":"","meta":{"_acf_changed":false},"product_brand":[],"product_cat":[40],"product_tag":[],"class_list":{"0":"post-89013","1":"product","2":"type-product","3":"status-publish","4":"has-post-thumbnail","6":"product_cat-epicerie","7":"product_shipping_class-fresh-product","9":"first","10":"instock","11":"taxable","12":"shipping-taxable","13":"purchasable","14":"product-type-simple"},"acf":[],"yoast_head":"<!-- This site is optimized with the Yoast SEO plugin v27.4 - https:\/\/yoast.com\/product\/yoast-seo-wordpress\/ -->\n<title>Esturgeon fum\u00e9 300g - Maxim&#039;s Caviar<\/title>\n<meta name=\"robots\" content=\"index, follow, max-snippet:-1, max-image-preview:large, max-video-preview:-1\" \/>\n<link rel=\"canonical\" href=\"https:\/\/maxims-caviar.com\/de_de\/produkt\/esturgeon-fume-300g\/\" \/>\n<meta property=\"og:locale\" content=\"de_DE\" \/>\n<meta property=\"og:type\" content=\"article\" \/>\n<meta property=\"og:title\" content=\"Esturgeon fum\u00e9 300g - Maxim&#039;s Caviar\" \/>\n<meta property=\"og:description\" content=\"L\u2019esturgeon fum\u00e9 est un produit surprenant et d\u00e9licat. L\u00e9ger et fondant en bouche, il peut \u00eatre pr\u00e9sent\u00e9 en ap\u00e9ritif sur une tranche de pain grill\u00e9 avec un filet de citron. Il peut \u00e9galement agr\u00e9menter vos salades, p\u00e2tes ou \u00e9cras\u00e9 de pommes de terre\u2026  Origine : France DLUO : 28 jours Poids : 300g Conservation : Au r\u00e9frig\u00e9rateur entre 0 et 4\u00b0C. Produit congel\u00e9, puis d\u00e9congel\u00e9. Ne pas recongeler. Ingr\u00e9dients : Esturgeon (Acipenser Baeri) (POISSON), sel, 5 baies Allerg\u00e8nes : Poisson\" \/>\n<meta property=\"og:url\" content=\"https:\/\/maxims-caviar.com\/de_de\/produkt\/esturgeon-fume-300g\/\" \/>\n<meta property=\"og:site_name\" content=\"Maxim&#039;s Caviar\" \/>\n<meta property=\"article:modified_time\" content=\"2025-12-15T15:38:39+00:00\" \/>\n<meta property=\"og:image\" content=\"https:\/\/maxims-caviar.com\/wp-content\/uploads\/2021\/11\/esturgeon-fume.png\" \/>\n\t<meta property=\"og:image:width\" content=\"1280\" \/>\n\t<meta property=\"og:image:height\" content=\"1500\" \/>\n\t<meta property=\"og:image:type\" content=\"image\/png\" \/>\n<meta name=\"twitter:card\" content=\"summary_large_image\" \/>\n<script type=\"application\/ld+json\" class=\"yoast-schema-graph\">{\"@context\":\"https:\\\/\\\/schema.org\",\"@graph\":[{\"@type\":\"WebPage\",\"@id\":\"https:\\\/\\\/maxims-caviar.com\\\/produit\\\/esturgeon-fume-300g\\\/\",\"url\":\"https:\\\/\\\/maxims-caviar.com\\\/produit\\\/esturgeon-fume-300g\\\/\",\"name\":\"Esturgeon fum\u00e9 300g - Maxim&#039;s Caviar\",\"isPartOf\":{\"@id\":\"https:\\\/\\\/maxims-caviar.com\\\/en\\\/#website\"},\"primaryImageOfPage\":{\"@id\":\"https:\\\/\\\/maxims-caviar.com\\\/produit\\\/esturgeon-fume-300g\\\/#primaryimage\"},\"image\":{\"@id\":\"https:\\\/\\\/maxims-caviar.com\\\/produit\\\/esturgeon-fume-300g\\\/#primaryimage\"},\"thumbnailUrl\":\"https:\\\/\\\/maxims-caviar.com\\\/wp-content\\\/uploads\\\/2021\\\/11\\\/esturgeon-fume.png\",\"datePublished\":\"2025-12-15T15:36:14+00:00\",\"dateModified\":\"2025-12-15T15:38:39+00:00\",\"breadcrumb\":{\"@id\":\"https:\\\/\\\/maxims-caviar.com\\\/produit\\\/esturgeon-fume-300g\\\/#breadcrumb\"},\"inLanguage\":\"de\",\"potentialAction\":[{\"@type\":\"ReadAction\",\"target\":[\"https:\\\/\\\/maxims-caviar.com\\\/produit\\\/esturgeon-fume-300g\\\/\"]}]},{\"@type\":\"ImageObject\",\"inLanguage\":\"de\",\"@id\":\"https:\\\/\\\/maxims-caviar.com\\\/produit\\\/esturgeon-fume-300g\\\/#primaryimage\",\"url\":\"https:\\\/\\\/maxims-caviar.com\\\/wp-content\\\/uploads\\\/2021\\\/11\\\/esturgeon-fume.png\",\"contentUrl\":\"https:\\\/\\\/maxims-caviar.com\\\/wp-content\\\/uploads\\\/2021\\\/11\\\/esturgeon-fume.png\",\"width\":1280,\"height\":1500,\"caption\":\"esturgeon fum\u00e9\"},{\"@type\":\"BreadcrumbList\",\"@id\":\"https:\\\/\\\/maxims-caviar.com\\\/produit\\\/esturgeon-fume-300g\\\/#breadcrumb\",\"itemListElement\":[{\"@type\":\"ListItem\",\"position\":1,\"name\":\"Accueil\",\"item\":\"https:\\\/\\\/maxims-caviar.com\\\/\"},{\"@type\":\"ListItem\",\"position\":2,\"name\":\"Boutique\",\"item\":\"https:\\\/\\\/maxims-caviar.com\\\/boutique\\\/\"},{\"@type\":\"ListItem\",\"position\":3,\"name\":\"Esturgeon fum\u00e9 300g\"}]},{\"@type\":\"WebSite\",\"@id\":\"https:\\\/\\\/maxims-caviar.com\\\/en\\\/#website\",\"url\":\"https:\\\/\\\/maxims-caviar.com\\\/en\\\/\",\"name\":\"Maxim&#039;s Caviar\",\"description\":\"L&#039;alliance de l&#039;Histoire et de la Modernit\u00e9\",\"publisher\":{\"@id\":\"https:\\\/\\\/maxims-caviar.com\\\/en\\\/#organization\"},\"potentialAction\":[{\"@type\":\"SearchAction\",\"target\":{\"@type\":\"EntryPoint\",\"urlTemplate\":\"https:\\\/\\\/maxims-caviar.com\\\/en\\\/?s={search_term_string}\"},\"query-input\":{\"@type\":\"PropertyValueSpecification\",\"valueRequired\":true,\"valueName\":\"search_term_string\"}}],\"inLanguage\":\"de\"},{\"@type\":\"Organization\",\"@id\":\"https:\\\/\\\/maxims-caviar.com\\\/en\\\/#organization\",\"name\":\"Maxim&#039;s Caviar\",\"url\":\"https:\\\/\\\/maxims-caviar.com\\\/en\\\/\",\"logo\":{\"@type\":\"ImageObject\",\"inLanguage\":\"de\",\"@id\":\"https:\\\/\\\/maxims-caviar.com\\\/en\\\/#\\\/schema\\\/logo\\\/image\\\/\",\"url\":\"https:\\\/\\\/maxims-caviar.com\\\/wp-content\\\/uploads\\\/2019\\\/07\\\/logo.png\",\"contentUrl\":\"https:\\\/\\\/maxims-caviar.com\\\/wp-content\\\/uploads\\\/2019\\\/07\\\/logo.png\",\"width\":470,\"height\":110,\"caption\":\"Maxim&#039;s Caviar\"},\"image\":{\"@id\":\"https:\\\/\\\/maxims-caviar.com\\\/en\\\/#\\\/schema\\\/logo\\\/image\\\/\"}}]}<\/script>\n<!-- \/ Yoast SEO plugin. -->","yoast_head_json":{"title":"Esturgeon fum\u00e9 300g - Maxim&#039;s Caviar","robots":{"index":"index","follow":"follow","max-snippet":"max-snippet:-1","max-image-preview":"max-image-preview:large","max-video-preview":"max-video-preview:-1"},"canonical":"https:\/\/maxims-caviar.com\/de_de\/produkt\/esturgeon-fume-300g\/","og_locale":"de_DE","og_type":"article","og_title":"Esturgeon fum\u00e9 300g - Maxim&#039;s Caviar","og_description":"L\u2019esturgeon fum\u00e9 est un produit surprenant et d\u00e9licat. L\u00e9ger et fondant en bouche, il peut \u00eatre pr\u00e9sent\u00e9 en ap\u00e9ritif sur une tranche de pain grill\u00e9 avec un filet de citron. Il peut \u00e9galement agr\u00e9menter vos salades, p\u00e2tes ou \u00e9cras\u00e9 de pommes de terre\u2026  Origine : France DLUO : 28 jours Poids : 300g Conservation : Au r\u00e9frig\u00e9rateur entre 0 et 4\u00b0C. Produit congel\u00e9, puis d\u00e9congel\u00e9. Ne pas recongeler. Ingr\u00e9dients : Esturgeon (Acipenser Baeri) (POISSON), sel, 5 baies Allerg\u00e8nes : Poisson","og_url":"https:\/\/maxims-caviar.com\/de_de\/produkt\/esturgeon-fume-300g\/","og_site_name":"Maxim&#039;s Caviar","article_modified_time":"2025-12-15T15:38:39+00:00","og_image":[{"width":1280,"height":1500,"url":"https:\/\/maxims-caviar.com\/wp-content\/uploads\/2021\/11\/esturgeon-fume.png","type":"image\/png"}],"twitter_card":"summary_large_image","schema":{"@context":"https:\/\/schema.org","@graph":[{"@type":"WebPage","@id":"https:\/\/maxims-caviar.com\/produit\/esturgeon-fume-300g\/","url":"https:\/\/maxims-caviar.com\/produit\/esturgeon-fume-300g\/","name":"Esturgeon fum\u00e9 300g - Maxim&#039;s Caviar","isPartOf":{"@id":"https:\/\/maxims-caviar.com\/en\/#website"},"primaryImageOfPage":{"@id":"https:\/\/maxims-caviar.com\/produit\/esturgeon-fume-300g\/#primaryimage"},"image":{"@id":"https:\/\/maxims-caviar.com\/produit\/esturgeon-fume-300g\/#primaryimage"},"thumbnailUrl":"https:\/\/maxims-caviar.com\/wp-content\/uploads\/2021\/11\/esturgeon-fume.png","datePublished":"2025-12-15T15:36:14+00:00","dateModified":"2025-12-15T15:38:39+00:00","breadcrumb":{"@id":"https:\/\/maxims-caviar.com\/produit\/esturgeon-fume-300g\/#breadcrumb"},"inLanguage":"de","potentialAction":[{"@type":"ReadAction","target":["https:\/\/maxims-caviar.com\/produit\/esturgeon-fume-300g\/"]}]},{"@type":"ImageObject","inLanguage":"de","@id":"https:\/\/maxims-caviar.com\/produit\/esturgeon-fume-300g\/#primaryimage","url":"https:\/\/maxims-caviar.com\/wp-content\/uploads\/2021\/11\/esturgeon-fume.png","contentUrl":"https:\/\/maxims-caviar.com\/wp-content\/uploads\/2021\/11\/esturgeon-fume.png","width":1280,"height":1500,"caption":"esturgeon fum\u00e9"},{"@type":"BreadcrumbList","@id":"https:\/\/maxims-caviar.com\/produit\/esturgeon-fume-300g\/#breadcrumb","itemListElement":[{"@type":"ListItem","position":1,"name":"Accueil","item":"https:\/\/maxims-caviar.com\/"},{"@type":"ListItem","position":2,"name":"Boutique","item":"https:\/\/maxims-caviar.com\/boutique\/"},{"@type":"ListItem","position":3,"name":"Esturgeon fum\u00e9 300g"}]},{"@type":"WebSite","@id":"https:\/\/maxims-caviar.com\/en\/#website","url":"https:\/\/maxims-caviar.com\/en\/","name":"Maxim&#039;s Caviar","description":"L&#039;alliance de l&#039;Histoire et de la Modernit\u00e9","publisher":{"@id":"https:\/\/maxims-caviar.com\/en\/#organization"},"potentialAction":[{"@type":"SearchAction","target":{"@type":"EntryPoint","urlTemplate":"https:\/\/maxims-caviar.com\/en\/?s={search_term_string}"},"query-input":{"@type":"PropertyValueSpecification","valueRequired":true,"valueName":"search_term_string"}}],"inLanguage":"de"},{"@type":"Organization","@id":"https:\/\/maxims-caviar.com\/en\/#organization","name":"Maxim&#039;s Caviar","url":"https:\/\/maxims-caviar.com\/en\/","logo":{"@type":"ImageObject","inLanguage":"de","@id":"https:\/\/maxims-caviar.com\/en\/#\/schema\/logo\/image\/","url":"https:\/\/maxims-caviar.com\/wp-content\/uploads\/2019\/07\/logo.png","contentUrl":"https:\/\/maxims-caviar.com\/wp-content\/uploads\/2019\/07\/logo.png","width":470,"height":110,"caption":"Maxim&#039;s Caviar"},"image":{"@id":"https:\/\/maxims-caviar.com\/en\/#\/schema\/logo\/image\/"}}]}},"_links":{"self":[{"href":"https:\/\/maxims-caviar.com\/de_de\/wp-json\/wp\/v2\/product\/89013","targetHints":{"allow":["GET"]}}],"collection":[{"href":"https:\/\/maxims-caviar.com\/de_de\/wp-json\/wp\/v2\/product"}],"about":[{"href":"https:\/\/maxims-caviar.com\/de_de\/wp-json\/wp\/v2\/types\/product"}],"version-history":[{"count":2,"href":"https:\/\/maxims-caviar.com\/de_de\/wp-json\/wp\/v2\/product\/89013\/revisions"}],"predecessor-version":[{"id":89015,"href":"https:\/\/maxims-caviar.com\/de_de\/wp-json\/wp\/v2\/product\/89013\/revisions\/89015"}],"wp:featuredmedia":[{"embeddable":true,"href":"https:\/\/maxims-caviar.com\/de_de\/wp-json\/wp\/v2\/media\/52277"}],"wp:attachment":[{"href":"https:\/\/maxims-caviar.com\/de_de\/wp-json\/wp\/v2\/media?parent=89013"}],"wp:term":[{"taxonomy":"product_brand","embeddable":true,"href":"https:\/\/maxims-caviar.com\/de_de\/wp-json\/wp\/v2\/product_brand?post=89013"},{"taxonomy":"product_cat","embeddable":true,"href":"https:\/\/maxims-caviar.com\/de_de\/wp-json\/wp\/v2\/product_cat?post=89013"},{"taxonomy":"product_tag","embeddable":true,"href":"https:\/\/maxims-caviar.com\/de_de\/wp-json\/wp\/v2\/product_tag?post=89013"}],"curies":[{"name":"wp","href":"https:\/\/api.w.org\/{rel}","templated":true}]}}