{"id":694,"date":"2018-05-16T19:38:38","date_gmt":"2018-05-16T19:38:38","guid":{"rendered":"https:\/\/themedemo.commercegurus.com\/shoptimizer\/?post_type=product&#038;p=694"},"modified":"2026-04-10T13:58:35","modified_gmt":"2026-04-10T11:58:35","slug":"beurre-de-caviar","status":"publish","type":"product","link":"https:\/\/maxims-caviar.com\/de_de\/produit\/beurre-de-caviar\/","title":{"rendered":"Kaviarbutter"},"content":{"rendered":"","protected":false},"excerpt":{"rendered":"<p>Die Kaviarbutter zeigt eine ausgesprochene Kaviarfarbe und einen ausgesprochenen Kaviargeschmack.<\/p>\n<p>Die Cremigkeit der Butter und die Textur des Kaviars bilden ein Bouquet aus subtilen und originellen Aromen, das ihn f\u00fcr zahlreiche kulinarische Interpretationen pr\u00e4destiniert.<\/p>\n<p>Probieren Sie ihn als Mouillette in Ihren gekochten Eiern oder verwenden Sie ihn als Beilage zu einer Austernplatte.<\/p>\n<p>Herkunft: Frankreich<br \/>\nMHD: 90 Tage<br \/>\nAufbewahrung: Im K\u00fchlschrank zwischen 0 und 4\u00b0C.<br \/>\nZutaten: Butter, Eier von St\u00f6ren (Acipenser baeri), Salz, E285, E153, E422<br \/>\nAllergene : Fisch, Milch<\/p>","protected":false},"featured_media":52280,"template":"","meta":{"_acf_changed":false},"product_brand":[],"product_cat":[40],"product_tag":[],"class_list":{"0":"post-694","1":"product","2":"type-product","3":"status-publish","4":"has-post-thumbnail","6":"product_cat-epicerie","8":"first","9":"instock","10":"taxable","11":"shipping-taxable","12":"purchasable","13":"product-type-simple"},"acf":[],"yoast_head":"<!-- This site is optimized with the Yoast SEO plugin v27.4 - https:\/\/yoast.com\/product\/yoast-seo-wordpress\/ -->\n<title>Beurre de Caviar - Maxim&#039;s Caviar<\/title>\n<meta name=\"robots\" content=\"index, follow, max-snippet:-1, max-image-preview:large, max-video-preview:-1\" \/>\n<link rel=\"canonical\" href=\"https:\/\/maxims-caviar.com\/de_de\/produkt\/beurre-de-caviar\/\" \/>\n<meta property=\"og:locale\" content=\"de_DE\" \/>\n<meta property=\"og:type\" content=\"article\" \/>\n<meta property=\"og:title\" content=\"Beurre de Caviar - Maxim&#039;s Caviar\" \/>\n<meta property=\"og:description\" content=\"Le Beurre de Caviar affiche une couleur et une saveur r\u00e9solument caviar.  L\u2019onctuosit\u00e9 du beurre et la texture du caviar composent un bouquet de saveurs subtiles et originales qui le pr\u00e9dispose \u00e0 de nombreuses interpr\u00e9tations culinaires.  Essayez-le en mouillettes dans vos oeufs \u00e0 la coque ou utilisez-le comme accompagnement avec un plateau d&#039;hu\u00eetres.  Origine : France DLUO : 90 jours Conservation : Au r\u00e9frig\u00e9rateur entre 0 et 4\u00b0c. Ingr\u00e9dients : Beurre, oeufs d&#039;esturgeon (Acipenser baeri), sel, E285, E153, E422 Allerg\u00e8nes : Poisson, Lait\" \/>\n<meta property=\"og:url\" content=\"https:\/\/maxims-caviar.com\/de_de\/produkt\/beurre-de-caviar\/\" \/>\n<meta property=\"og:site_name\" content=\"Maxim&#039;s Caviar\" \/>\n<meta property=\"article:modified_time\" content=\"2026-04-10T11:58:35+00:00\" \/>\n<meta property=\"og:image\" content=\"https:\/\/maxims-caviar.com\/wp-content\/uploads\/2018\/05\/beurre.png\" \/>\n\t<meta property=\"og:image:width\" content=\"1000\" \/>\n\t<meta property=\"og:image:height\" content=\"1000\" \/>\n\t<meta property=\"og:image:type\" content=\"image\/png\" \/>\n<meta name=\"twitter:card\" content=\"summary_large_image\" \/>\n<script type=\"application\/ld+json\" class=\"yoast-schema-graph\">{\"@context\":\"https:\\\/\\\/schema.org\",\"@graph\":[{\"@type\":\"WebPage\",\"@id\":\"https:\\\/\\\/maxims-caviar.com\\\/produit\\\/beurre-de-caviar\\\/\",\"url\":\"https:\\\/\\\/maxims-caviar.com\\\/produit\\\/beurre-de-caviar\\\/\",\"name\":\"Beurre de Caviar - Maxim&#039;s Caviar\",\"isPartOf\":{\"@id\":\"https:\\\/\\\/maxims-caviar.com\\\/en\\\/#website\"},\"primaryImageOfPage\":{\"@id\":\"https:\\\/\\\/maxims-caviar.com\\\/produit\\\/beurre-de-caviar\\\/#primaryimage\"},\"image\":{\"@id\":\"https:\\\/\\\/maxims-caviar.com\\\/produit\\\/beurre-de-caviar\\\/#primaryimage\"},\"thumbnailUrl\":\"https:\\\/\\\/maxims-caviar.com\\\/wp-content\\\/uploads\\\/2018\\\/05\\\/beurre.png\",\"datePublished\":\"2018-05-16T19:38:38+00:00\",\"dateModified\":\"2026-04-10T11:58:35+00:00\",\"breadcrumb\":{\"@id\":\"https:\\\/\\\/maxims-caviar.com\\\/produit\\\/beurre-de-caviar\\\/#breadcrumb\"},\"inLanguage\":\"de\",\"potentialAction\":[{\"@type\":\"ReadAction\",\"target\":[\"https:\\\/\\\/maxims-caviar.com\\\/produit\\\/beurre-de-caviar\\\/\"]}]},{\"@type\":\"ImageObject\",\"inLanguage\":\"de\",\"@id\":\"https:\\\/\\\/maxims-caviar.com\\\/produit\\\/beurre-de-caviar\\\/#primaryimage\",\"url\":\"https:\\\/\\\/maxims-caviar.com\\\/wp-content\\\/uploads\\\/2018\\\/05\\\/beurre.png\",\"contentUrl\":\"https:\\\/\\\/maxims-caviar.com\\\/wp-content\\\/uploads\\\/2018\\\/05\\\/beurre.png\",\"width\":1000,\"height\":1000,\"caption\":\"beurre de caviar\"},{\"@type\":\"BreadcrumbList\",\"@id\":\"https:\\\/\\\/maxims-caviar.com\\\/produit\\\/beurre-de-caviar\\\/#breadcrumb\",\"itemListElement\":[{\"@type\":\"ListItem\",\"position\":1,\"name\":\"Accueil\",\"item\":\"https:\\\/\\\/maxims-caviar.com\\\/\"},{\"@type\":\"ListItem\",\"position\":2,\"name\":\"Boutique\",\"item\":\"https:\\\/\\\/maxims-caviar.com\\\/boutique\\\/\"},{\"@type\":\"ListItem\",\"position\":3,\"name\":\"Beurre de Caviar\"}]},{\"@type\":\"WebSite\",\"@id\":\"https:\\\/\\\/maxims-caviar.com\\\/en\\\/#website\",\"url\":\"https:\\\/\\\/maxims-caviar.com\\\/en\\\/\",\"name\":\"Maxim&#039;s Caviar\",\"description\":\"L&#039;alliance de l&#039;Histoire et de la Modernit\u00e9\",\"publisher\":{\"@id\":\"https:\\\/\\\/maxims-caviar.com\\\/en\\\/#organization\"},\"potentialAction\":[{\"@type\":\"SearchAction\",\"target\":{\"@type\":\"EntryPoint\",\"urlTemplate\":\"https:\\\/\\\/maxims-caviar.com\\\/en\\\/?s={search_term_string}\"},\"query-input\":{\"@type\":\"PropertyValueSpecification\",\"valueRequired\":true,\"valueName\":\"search_term_string\"}}],\"inLanguage\":\"de\"},{\"@type\":\"Organization\",\"@id\":\"https:\\\/\\\/maxims-caviar.com\\\/en\\\/#organization\",\"name\":\"Maxim&#039;s Caviar\",\"url\":\"https:\\\/\\\/maxims-caviar.com\\\/en\\\/\",\"logo\":{\"@type\":\"ImageObject\",\"inLanguage\":\"de\",\"@id\":\"https:\\\/\\\/maxims-caviar.com\\\/en\\\/#\\\/schema\\\/logo\\\/image\\\/\",\"url\":\"https:\\\/\\\/maxims-caviar.com\\\/wp-content\\\/uploads\\\/2019\\\/07\\\/logo.png\",\"contentUrl\":\"https:\\\/\\\/maxims-caviar.com\\\/wp-content\\\/uploads\\\/2019\\\/07\\\/logo.png\",\"width\":470,\"height\":110,\"caption\":\"Maxim&#039;s Caviar\"},\"image\":{\"@id\":\"https:\\\/\\\/maxims-caviar.com\\\/en\\\/#\\\/schema\\\/logo\\\/image\\\/\"}}]}<\/script>\n<!-- \/ Yoast SEO plugin. -->","yoast_head_json":{"title":"Beurre de Caviar - Maxim&#039;s Caviar","robots":{"index":"index","follow":"follow","max-snippet":"max-snippet:-1","max-image-preview":"max-image-preview:large","max-video-preview":"max-video-preview:-1"},"canonical":"https:\/\/maxims-caviar.com\/de_de\/produkt\/beurre-de-caviar\/","og_locale":"de_DE","og_type":"article","og_title":"Beurre de Caviar - Maxim&#039;s Caviar","og_description":"Le Beurre de Caviar affiche une couleur et une saveur r\u00e9solument caviar.  L\u2019onctuosit\u00e9 du beurre et la texture du caviar composent un bouquet de saveurs subtiles et originales qui le pr\u00e9dispose \u00e0 de nombreuses interpr\u00e9tations culinaires.  Essayez-le en mouillettes dans vos oeufs \u00e0 la coque ou utilisez-le comme accompagnement avec un plateau d'hu\u00eetres.  Origine : France DLUO : 90 jours Conservation : Au r\u00e9frig\u00e9rateur entre 0 et 4\u00b0c. Ingr\u00e9dients : Beurre, oeufs d'esturgeon (Acipenser baeri), sel, E285, E153, E422 Allerg\u00e8nes : Poisson, Lait","og_url":"https:\/\/maxims-caviar.com\/de_de\/produkt\/beurre-de-caviar\/","og_site_name":"Maxim&#039;s Caviar","article_modified_time":"2026-04-10T11:58:35+00:00","og_image":[{"width":1000,"height":1000,"url":"https:\/\/maxims-caviar.com\/wp-content\/uploads\/2018\/05\/beurre.png","type":"image\/png"}],"twitter_card":"summary_large_image","schema":{"@context":"https:\/\/schema.org","@graph":[{"@type":"WebPage","@id":"https:\/\/maxims-caviar.com\/produit\/beurre-de-caviar\/","url":"https:\/\/maxims-caviar.com\/produit\/beurre-de-caviar\/","name":"Beurre de Caviar - Maxim&#039;s Caviar","isPartOf":{"@id":"https:\/\/maxims-caviar.com\/en\/#website"},"primaryImageOfPage":{"@id":"https:\/\/maxims-caviar.com\/produit\/beurre-de-caviar\/#primaryimage"},"image":{"@id":"https:\/\/maxims-caviar.com\/produit\/beurre-de-caviar\/#primaryimage"},"thumbnailUrl":"https:\/\/maxims-caviar.com\/wp-content\/uploads\/2018\/05\/beurre.png","datePublished":"2018-05-16T19:38:38+00:00","dateModified":"2026-04-10T11:58:35+00:00","breadcrumb":{"@id":"https:\/\/maxims-caviar.com\/produit\/beurre-de-caviar\/#breadcrumb"},"inLanguage":"de","potentialAction":[{"@type":"ReadAction","target":["https:\/\/maxims-caviar.com\/produit\/beurre-de-caviar\/"]}]},{"@type":"ImageObject","inLanguage":"de","@id":"https:\/\/maxims-caviar.com\/produit\/beurre-de-caviar\/#primaryimage","url":"https:\/\/maxims-caviar.com\/wp-content\/uploads\/2018\/05\/beurre.png","contentUrl":"https:\/\/maxims-caviar.com\/wp-content\/uploads\/2018\/05\/beurre.png","width":1000,"height":1000,"caption":"beurre de caviar"},{"@type":"BreadcrumbList","@id":"https:\/\/maxims-caviar.com\/produit\/beurre-de-caviar\/#breadcrumb","itemListElement":[{"@type":"ListItem","position":1,"name":"Accueil","item":"https:\/\/maxims-caviar.com\/"},{"@type":"ListItem","position":2,"name":"Boutique","item":"https:\/\/maxims-caviar.com\/boutique\/"},{"@type":"ListItem","position":3,"name":"Beurre de Caviar"}]},{"@type":"WebSite","@id":"https:\/\/maxims-caviar.com\/en\/#website","url":"https:\/\/maxims-caviar.com\/en\/","name":"Maxim&#039;s Caviar","description":"L&#039;alliance de l&#039;Histoire et de la Modernit\u00e9","publisher":{"@id":"https:\/\/maxims-caviar.com\/en\/#organization"},"potentialAction":[{"@type":"SearchAction","target":{"@type":"EntryPoint","urlTemplate":"https:\/\/maxims-caviar.com\/en\/?s={search_term_string}"},"query-input":{"@type":"PropertyValueSpecification","valueRequired":true,"valueName":"search_term_string"}}],"inLanguage":"de"},{"@type":"Organization","@id":"https:\/\/maxims-caviar.com\/en\/#organization","name":"Maxim&#039;s Caviar","url":"https:\/\/maxims-caviar.com\/en\/","logo":{"@type":"ImageObject","inLanguage":"de","@id":"https:\/\/maxims-caviar.com\/en\/#\/schema\/logo\/image\/","url":"https:\/\/maxims-caviar.com\/wp-content\/uploads\/2019\/07\/logo.png","contentUrl":"https:\/\/maxims-caviar.com\/wp-content\/uploads\/2019\/07\/logo.png","width":470,"height":110,"caption":"Maxim&#039;s Caviar"},"image":{"@id":"https:\/\/maxims-caviar.com\/en\/#\/schema\/logo\/image\/"}}]}},"_links":{"self":[{"href":"https:\/\/maxims-caviar.com\/de_de\/wp-json\/wp\/v2\/product\/694","targetHints":{"allow":["GET"]}}],"collection":[{"href":"https:\/\/maxims-caviar.com\/de_de\/wp-json\/wp\/v2\/product"}],"about":[{"href":"https:\/\/maxims-caviar.com\/de_de\/wp-json\/wp\/v2\/types\/product"}],"version-history":[{"count":8,"href":"https:\/\/maxims-caviar.com\/de_de\/wp-json\/wp\/v2\/product\/694\/revisions"}],"predecessor-version":[{"id":80281,"href":"https:\/\/maxims-caviar.com\/de_de\/wp-json\/wp\/v2\/product\/694\/revisions\/80281"}],"wp:featuredmedia":[{"embeddable":true,"href":"https:\/\/maxims-caviar.com\/de_de\/wp-json\/wp\/v2\/media\/52280"}],"wp:attachment":[{"href":"https:\/\/maxims-caviar.com\/de_de\/wp-json\/wp\/v2\/media?parent=694"}],"wp:term":[{"taxonomy":"product_brand","embeddable":true,"href":"https:\/\/maxims-caviar.com\/de_de\/wp-json\/wp\/v2\/product_brand?post=694"},{"taxonomy":"product_cat","embeddable":true,"href":"https:\/\/maxims-caviar.com\/de_de\/wp-json\/wp\/v2\/product_cat?post=694"},{"taxonomy":"product_tag","embeddable":true,"href":"https:\/\/maxims-caviar.com\/de_de\/wp-json\/wp\/v2\/product_tag?post=694"}],"curies":[{"name":"wp","href":"https:\/\/api.w.org\/{rel}","templated":true}]}}