{"id":88573,"date":"2025-12-04T10:31:05","date_gmt":"2025-12-04T09:31:05","guid":{"rendered":"https:\/\/maxims-caviar.com\/?post_type=product&#038;p=88573"},"modified":"2026-04-16T17:08:23","modified_gmt":"2026-04-16T15:08:23","slug":"caviar-ossetra","status":"publish","type":"product","link":"https:\/\/maxims-caviar.com\/de_ch\/produit\/caviar-ossetra\/","title":{"rendered":"Ossetra Kaviar"},"content":{"rendered":"<div data-elementor-type=\"wp-post\" data-elementor-id=\"88573\" class=\"elementor elementor-88573\">\n\t\t\t\t\t\t<section class=\"elementor-section elementor-top-section elementor-element elementor-element-decd0d2 elementor-section-content-middle elementor-section-boxed elementor-section-height-default elementor-section-height-default\" data-id=\"decd0d2\" data-element_type=\"section\" data-e-type=\"section\">\n\t\t\t\t\t\t<div class=\"elementor-container elementor-column-gap-wide\">\n\t\t\t\t\t<div class=\"elementor-column elementor-col-50 elementor-top-column elementor-element elementor-element-5b5ba38\" data-id=\"5b5ba38\" data-element_type=\"column\" data-e-type=\"column\">\n\t\t\t<div class=\"elementor-widget-wrap elementor-element-populated\">\n\t\t\t\t\t\t<div class=\"elementor-element elementor-element-559dc79 animated-fast elementor-invisible elementor-widget elementor-widget-text-editor\" data-id=\"559dc79\" data-element_type=\"widget\" data-e-type=\"widget\" data-settings=\"{&quot;_animation&quot;:&quot;fadeIn&quot;}\" data-widget_type=\"text-editor.default\">\n\t\t\t\t<div class=\"elementor-widget-container\">\n\t\t\t\t\t\t\t\t\t<h3>Der St\u00f6r: Acipenser Gueldenstaedtiii<\/h3>\n<p class=\"p1\">Dieser Oscimeter-Kaviar wird vom Gueldenstaedtiii-St\u00f6r, der urspr\u00fcnglich aus dem Kaspischen Meer stammt, im Alter von etwa 12 Jahren gewonnen.<\/p>\t\t\t\t\t\t\t\t<\/div>\n\t\t\t\t<\/div>\n\t\t\t\t\t<\/div>\n\t\t<\/div>\n\t\t\t\t<div class=\"elementor-column elementor-col-50 elementor-top-column elementor-element elementor-element-c61a2a2\" data-id=\"c61a2a2\" data-element_type=\"column\" data-e-type=\"column\">\n\t\t\t<div class=\"elementor-widget-wrap elementor-element-populated\">\n\t\t\t\t\t\t<div class=\"elementor-element elementor-element-f47cc6d animated-fast elementor-invisible elementor-widget elementor-widget-image\" data-id=\"f47cc6d\" data-element_type=\"widget\" data-e-type=\"widget\" data-settings=\"{&quot;_animation&quot;:&quot;fadeIn&quot;,&quot;_animation_delay&quot;:200}\" data-widget_type=\"image.default\">\n\t\t\t\t<div class=\"elementor-widget-container\">\n\t\t\t\t\t\t\t\t\t\t\t\t\t\t\t<img fetchpriority=\"high\" decoding=\"async\" width=\"520\" height=\"370\" src=\"https:\/\/maxims-caviar.com\/wp-content\/uploads\/2018\/05\/esturgeon.jpg\" class=\"attachment-large size-large wp-image-6607\" alt=\"esturgeon\" srcset=\"https:\/\/maxims-caviar.com\/wp-content\/uploads\/2018\/05\/esturgeon.jpg 520w, https:\/\/maxims-caviar.com\/wp-content\/uploads\/2018\/05\/esturgeon-300x213.jpg 300w, https:\/\/maxims-caviar.com\/wp-content\/uploads\/2018\/05\/esturgeon-150x107.jpg 150w\" sizes=\"(max-width: 520px) 100vw, 520px\" \/>\t\t\t\t\t\t\t\t\t\t\t\t\t\t\t<\/div>\n\t\t\t\t<\/div>\n\t\t\t\t\t<\/div>\n\t\t<\/div>\n\t\t\t\t\t<\/div>\n\t\t<\/section>\n\t\t\t\t<section class=\"elementor-section elementor-top-section elementor-element elementor-element-5889ad8 elementor-section-content-middle elementor-section-boxed elementor-section-height-default elementor-section-height-default\" data-id=\"5889ad8\" data-element_type=\"section\" data-e-type=\"section\">\n\t\t\t\t\t\t<div class=\"elementor-container elementor-column-gap-wide\">\n\t\t\t\t\t<div class=\"elementor-column elementor-col-50 elementor-top-column elementor-element elementor-element-6948164\" data-id=\"6948164\" data-element_type=\"column\" data-e-type=\"column\">\n\t\t\t<div class=\"elementor-widget-wrap elementor-element-populated\">\n\t\t\t\t\t\t<div class=\"elementor-element elementor-element-cf07431 animated-fast elementor-invisible elementor-widget elementor-widget-image\" data-id=\"cf07431\" data-element_type=\"widget\" data-e-type=\"widget\" data-settings=\"{&quot;_animation&quot;:&quot;fadeIn&quot;}\" data-widget_type=\"image.default\">\n\t\t\t\t<div class=\"elementor-widget-container\">\n\t\t\t\t\t\t\t\t\t\t\t\t\t\t\t<img decoding=\"async\" width=\"520\" height=\"370\" src=\"https:\/\/maxims-caviar.com\/wp-content\/uploads\/2018\/05\/savoir-faire.jpg\" class=\"attachment-large size-large wp-image-6608\" alt=\"\" srcset=\"https:\/\/maxims-caviar.com\/wp-content\/uploads\/2018\/05\/savoir-faire.jpg 520w, https:\/\/maxims-caviar.com\/wp-content\/uploads\/2018\/05\/savoir-faire-300x213.jpg 300w, https:\/\/maxims-caviar.com\/wp-content\/uploads\/2018\/05\/savoir-faire-150x107.jpg 150w\" sizes=\"(max-width: 520px) 100vw, 520px\" \/>\t\t\t\t\t\t\t\t\t\t\t\t\t\t\t<\/div>\n\t\t\t\t<\/div>\n\t\t\t\t\t<\/div>\n\t\t<\/div>\n\t\t\t\t<div class=\"elementor-column elementor-col-50 elementor-top-column elementor-element elementor-element-17ba76d\" data-id=\"17ba76d\" data-element_type=\"column\" data-e-type=\"column\">\n\t\t\t<div class=\"elementor-widget-wrap elementor-element-populated\">\n\t\t\t\t\t\t<div class=\"elementor-element elementor-element-fca41dd animated-fast elementor-invisible elementor-widget elementor-widget-text-editor\" data-id=\"fca41dd\" data-element_type=\"widget\" data-e-type=\"widget\" data-settings=\"{&quot;_animation&quot;:&quot;fadeIn&quot;,&quot;_animation_delay&quot;:200}\" data-widget_type=\"text-editor.default\">\n\t\t\t\t<div class=\"elementor-widget-container\">\n\t\t\t\t\t\t\t\t\t<h3 style=\"margin-top: 1.29068em; margin-bottom: 0.840791em;\">Know-how<\/h3>\n<p>Die Beherrschung des Know-hows gew\u00e4hrleistet die Zartheit, den anhaltenden Geschmack und die einheitliche Qualit\u00e4t in jeder Schachtel.&nbsp;<\/p>\n<p>Der Osci\u00e8tre-St\u00f6r ist eine renommierte Art, wenn es um Kaviar geht.<\/p>\t\t\t\t\t\t\t\t<\/div>\n\t\t\t\t<\/div>\n\t\t\t\t\t<\/div>\n\t\t<\/div>\n\t\t\t\t\t<\/div>\n\t\t<\/section>\n\t\t\t\t<section class=\"elementor-section elementor-top-section elementor-element elementor-element-89ed5a3 elementor-section-content-middle elementor-section-boxed elementor-section-height-default elementor-section-height-default\" data-id=\"89ed5a3\" data-element_type=\"section\" data-e-type=\"section\">\n\t\t\t\t\t\t<div class=\"elementor-container elementor-column-gap-wide\">\n\t\t\t\t\t<div class=\"elementor-column elementor-col-50 elementor-top-column elementor-element elementor-element-9d3a2e5\" data-id=\"9d3a2e5\" data-element_type=\"column\" data-e-type=\"column\">\n\t\t\t<div class=\"elementor-widget-wrap elementor-element-populated\">\n\t\t\t\t\t\t<div class=\"elementor-element elementor-element-a2a9fae animated-fast elementor-invisible elementor-widget elementor-widget-text-editor\" data-id=\"a2a9fae\" data-element_type=\"widget\" data-e-type=\"widget\" data-settings=\"{&quot;_animation&quot;:&quot;fadeIn&quot;}\" data-widget_type=\"text-editor.default\">\n\t\t\t\t<div class=\"elementor-widget-container\">\n\t\t\t\t\t\t\t\t\t<h3>Tipps zur Verkostung<\/h3><p style=\"margin-bottom: 1.41575em; letter-spacing: normal;\">Um den Kaviar zu servieren, empfehlen wir, die Kaviardose 5 Minuten vor dem Servieren aus dem K\u00fchlschrank zu nehmen. Stellen Sie sie auf Eis, um den Kaviar beim Verzehr frisch zu halten. Verwenden Sie einen Perlmuttl\u00f6ffel, um die K\u00f6rner zu erhalten und Oxidation zu vermeiden.<\/p>\t\t\t\t\t\t\t\t<\/div>\n\t\t\t\t<\/div>\n\t\t\t\t\t<\/div>\n\t\t<\/div>\n\t\t\t\t<div class=\"elementor-column elementor-col-50 elementor-top-column elementor-element elementor-element-c34c1c8\" data-id=\"c34c1c8\" data-element_type=\"column\" data-e-type=\"column\">\n\t\t\t<div class=\"elementor-widget-wrap elementor-element-populated\">\n\t\t\t\t\t\t<div class=\"elementor-element elementor-element-2af12ff animated-fast elementor-invisible elementor-widget elementor-widget-image\" data-id=\"2af12ff\" data-element_type=\"widget\" data-e-type=\"widget\" data-settings=\"{&quot;_animation&quot;:&quot;fadeIn&quot;,&quot;_animation_delay&quot;:200}\" data-widget_type=\"image.default\">\n\t\t\t\t<div class=\"elementor-widget-container\">\n\t\t\t\t\t\t\t\t\t\t\t\t\t\t\t<img decoding=\"async\" width=\"520\" height=\"370\" src=\"https:\/\/maxims-caviar.com\/wp-content\/uploads\/2018\/05\/degustation.jpg\" class=\"attachment-large size-large wp-image-6609\" alt=\"d\u00e9gustation de caviar\" srcset=\"https:\/\/maxims-caviar.com\/wp-content\/uploads\/2018\/05\/degustation.jpg 520w, https:\/\/maxims-caviar.com\/wp-content\/uploads\/2018\/05\/degustation-300x213.jpg 300w, https:\/\/maxims-caviar.com\/wp-content\/uploads\/2018\/05\/degustation-150x107.jpg 150w\" sizes=\"(max-width: 520px) 100vw, 520px\" \/>\t\t\t\t\t\t\t\t\t\t\t\t\t\t\t<\/div>\n\t\t\t\t<\/div>\n\t\t\t\t\t<\/div>\n\t\t<\/div>\n\t\t\t\t\t<\/div>\n\t\t<\/section>\n\t\t\t\t<section class=\"elementor-section elementor-top-section elementor-element elementor-element-1d1d491 elementor-section-boxed elementor-section-height-default elementor-section-height-default\" data-id=\"1d1d491\" data-element_type=\"section\" data-e-type=\"section\">\n\t\t\t\t\t\t<div class=\"elementor-container elementor-column-gap-default\">\n\t\t\t\t\t<div class=\"elementor-column elementor-col-100 elementor-top-column elementor-element elementor-element-d13b996\" data-id=\"d13b996\" data-element_type=\"column\" data-e-type=\"column\">\n\t\t\t<div class=\"elementor-widget-wrap elementor-element-populated\">\n\t\t\t\t\t\t<div class=\"elementor-element elementor-element-1269e89 elementor-widget elementor-widget-text-editor\" data-id=\"1269e89\" data-element_type=\"widget\" data-e-type=\"widget\" data-widget_type=\"text-editor.default\">\n\t\t\t\t<div class=\"elementor-widget-container\">\n\t\t\t\t\t\t\t\t\t<p>Herkunft: Frankreich<br \/>MHD: 2 Monate<br \/>Aufbewahrung: Im K\u00fchlschrank zwischen 0 und 4 \u00b0C. Nach dem \u00d6ffnen innerhalb von 48 Stunden verbrauchen.<br \/>Zutaten: Eier des St\u00f6rs (Acipenser Gueldenstaedti), Salz, E285<br \/>Allergene : Fisch<\/p>\t\t\t\t\t\t\t\t<\/div>\n\t\t\t\t<\/div>\n\t\t\t\t\t<\/div>\n\t\t<\/div>\n\t\t\t\t\t<\/div>\n\t\t<\/section>\n\t\t\t\t<\/div>","protected":false},"excerpt":{"rendered":"<p>Der Osci\u00e8tre-Kaviar hat einen kr\u00e4ftigen und zugleich strukturierten Geschmack, der ihn f\u00fcr alle Gaumen geeignet macht, auch f\u00fcr die anspruchsvollsten. Diese geschmackliche Komplexit\u00e4t macht ihn sowohl f\u00fcr unerfahrene Liebhaber als auch f\u00fcr erfahrene Kenner attraktiv.<\/p>\n<h2>Osci\u00e8tre-Kaviar, ein emblematischer Kaviar<\/h2>\n<p>Die K\u00f6rner dieses Osci\u00e8tre-Kaviars sind mittelgro\u00df und bieten eine recht feste Textur, die zu seinem einzigartigen Charakter beitr\u00e4gt. Optisch zeichnet er sich durch seine goldenen Nuancen aus, die ihm ein elegantes und raffiniertes Aussehen verleihen.<\/p>\n<p>Verglichen mit dem <a href=\"https:\/\/maxims-caviar.com\/de_ch\/product-2\/caviar-baeri\/\">Baeri Kaviar<\/a>, dieser Osci\u00e8tre-Kaviar weist mehr Meeresnoten auf. Diese maritimen Akzente sind perfekt ausbalanciert und bieten eine Harmonie zwischen Salzigkeit und S\u00fc\u00dfe. Diese aromatische Komplexit\u00e4t macht ihn zu einer perfekten Wahl f\u00fcr alle, die ein anspruchsvolles Geschmackserlebnis suchen.<\/p>\n<p>Poids : 100g<\/p>","protected":false},"featured_media":86437,"template":"","meta":{"_acf_changed":false},"product_brand":[],"product_cat":[155],"product_tag":[],"class_list":{"0":"post-88573","1":"product","2":"type-product","3":"status-publish","4":"has-post-thumbnail","6":"product_cat-caviar","7":"product_shipping_class-fresh-product","9":"first","10":"instock","11":"taxable","12":"shipping-taxable","13":"purchasable","14":"product-type-simple"},"acf":[],"yoast_head":"<!-- This site is optimized with the Yoast SEO plugin v27.4 - https:\/\/yoast.com\/product\/yoast-seo-wordpress\/ -->\n<title>Caviar Ossetra - Maxim&#039;s Caviar<\/title>\n<meta name=\"description\" content=\"Le Caviar Osci\u00e8tre pr\u00e9sente des notes marines parfaitement \u00e9quilibr\u00e9es, offrant une harmonie entre salinit\u00e9 et douceur. Caviar Osci\u00e8tre \u00e0 prix remis\u00e9 !\" \/>\n<meta name=\"robots\" content=\"index, follow, max-snippet:-1, max-image-preview:large, max-video-preview:-1\" \/>\n<link rel=\"canonical\" href=\"https:\/\/maxims-caviar.com\/de_ch\/product-2\/caviar-ossetra\/\" \/>\n<meta property=\"og:locale\" content=\"de_DE\" \/>\n<meta property=\"og:type\" content=\"article\" \/>\n<meta property=\"og:title\" content=\"Caviar Ossetra - Maxim&#039;s Caviar\" \/>\n<meta property=\"og:description\" content=\"Le Caviar Osci\u00e8tre pr\u00e9sente des notes marines parfaitement \u00e9quilibr\u00e9es, offrant une harmonie entre salinit\u00e9 et douceur. Caviar Osci\u00e8tre \u00e0 prix remis\u00e9 !\" \/>\n<meta property=\"og:url\" content=\"https:\/\/maxims-caviar.com\/de_ch\/product-2\/caviar-ossetra\/\" \/>\n<meta property=\"og:site_name\" content=\"Maxim&#039;s Caviar\" \/>\n<meta property=\"article:modified_time\" content=\"2026-04-16T15:08:23+00:00\" \/>\n<meta property=\"og:image\" content=\"https:\/\/maxims-caviar.com\/wp-content\/uploads\/2021\/07\/max-oscietre-2025.png\" \/>\n\t<meta property=\"og:image:width\" content=\"1000\" \/>\n\t<meta property=\"og:image:height\" content=\"1000\" \/>\n\t<meta property=\"og:image:type\" content=\"image\/png\" \/>\n<meta name=\"twitter:card\" content=\"summary_large_image\" \/>\n<meta name=\"twitter:label1\" content=\"Gesch\u00e4tzte Lesezeit\" \/>\n\t<meta name=\"twitter:data1\" content=\"2\u00a0Minuten\" \/>\n<script type=\"application\/ld+json\" class=\"yoast-schema-graph\">{\"@context\":\"https:\\\/\\\/schema.org\",\"@graph\":[{\"@type\":\"WebPage\",\"@id\":\"https:\\\/\\\/maxims-caviar.com\\\/produit\\\/caviar-ossetra\\\/\",\"url\":\"https:\\\/\\\/maxims-caviar.com\\\/produit\\\/caviar-ossetra\\\/\",\"name\":\"Caviar Ossetra - Maxim&#039;s Caviar\",\"isPartOf\":{\"@id\":\"https:\\\/\\\/maxims-caviar.com\\\/en\\\/#website\"},\"primaryImageOfPage\":{\"@id\":\"https:\\\/\\\/maxims-caviar.com\\\/produit\\\/caviar-ossetra\\\/#primaryimage\"},\"image\":{\"@id\":\"https:\\\/\\\/maxims-caviar.com\\\/produit\\\/caviar-ossetra\\\/#primaryimage\"},\"thumbnailUrl\":\"https:\\\/\\\/maxims-caviar.com\\\/wp-content\\\/uploads\\\/2021\\\/07\\\/max-oscietre-2025.png\",\"datePublished\":\"2025-12-04T09:31:05+00:00\",\"dateModified\":\"2026-04-16T15:08:23+00:00\",\"description\":\"Le Caviar Osci\u00e8tre pr\u00e9sente des notes marines parfaitement \u00e9quilibr\u00e9es, offrant une harmonie entre salinit\u00e9 et douceur. Caviar Osci\u00e8tre \u00e0 prix remis\u00e9 !\",\"breadcrumb\":{\"@id\":\"https:\\\/\\\/maxims-caviar.com\\\/produit\\\/caviar-ossetra\\\/#breadcrumb\"},\"inLanguage\":\"de-CH\",\"potentialAction\":[{\"@type\":\"ReadAction\",\"target\":[\"https:\\\/\\\/maxims-caviar.com\\\/produit\\\/caviar-ossetra\\\/\"]}]},{\"@type\":\"ImageObject\",\"inLanguage\":\"de-CH\",\"@id\":\"https:\\\/\\\/maxims-caviar.com\\\/produit\\\/caviar-ossetra\\\/#primaryimage\",\"url\":\"https:\\\/\\\/maxims-caviar.com\\\/wp-content\\\/uploads\\\/2021\\\/07\\\/max-oscietre-2025.png\",\"contentUrl\":\"https:\\\/\\\/maxims-caviar.com\\\/wp-content\\\/uploads\\\/2021\\\/07\\\/max-oscietre-2025.png\",\"width\":1000,\"height\":1000,\"caption\":\"caviar oscietre\"},{\"@type\":\"BreadcrumbList\",\"@id\":\"https:\\\/\\\/maxims-caviar.com\\\/produit\\\/caviar-ossetra\\\/#breadcrumb\",\"itemListElement\":[{\"@type\":\"ListItem\",\"position\":1,\"name\":\"Accueil\",\"item\":\"https:\\\/\\\/maxims-caviar.com\\\/\"},{\"@type\":\"ListItem\",\"position\":2,\"name\":\"Boutique\",\"item\":\"https:\\\/\\\/maxims-caviar.com\\\/boutique\\\/\"},{\"@type\":\"ListItem\",\"position\":3,\"name\":\"Caviar Ossetra\"}]},{\"@type\":\"WebSite\",\"@id\":\"https:\\\/\\\/maxims-caviar.com\\\/en\\\/#website\",\"url\":\"https:\\\/\\\/maxims-caviar.com\\\/en\\\/\",\"name\":\"Maxim&#039;s Caviar\",\"description\":\"L&#039;alliance de l&#039;Histoire et de la Modernit\u00e9\",\"publisher\":{\"@id\":\"https:\\\/\\\/maxims-caviar.com\\\/en\\\/#organization\"},\"potentialAction\":[{\"@type\":\"SearchAction\",\"target\":{\"@type\":\"EntryPoint\",\"urlTemplate\":\"https:\\\/\\\/maxims-caviar.com\\\/en\\\/?s={search_term_string}\"},\"query-input\":{\"@type\":\"PropertyValueSpecification\",\"valueRequired\":true,\"valueName\":\"search_term_string\"}}],\"inLanguage\":\"de-CH\"},{\"@type\":\"Organization\",\"@id\":\"https:\\\/\\\/maxims-caviar.com\\\/en\\\/#organization\",\"name\":\"Maxim&#039;s Caviar\",\"url\":\"https:\\\/\\\/maxims-caviar.com\\\/en\\\/\",\"logo\":{\"@type\":\"ImageObject\",\"inLanguage\":\"de-CH\",\"@id\":\"https:\\\/\\\/maxims-caviar.com\\\/en\\\/#\\\/schema\\\/logo\\\/image\\\/\",\"url\":\"https:\\\/\\\/maxims-caviar.com\\\/wp-content\\\/uploads\\\/2019\\\/07\\\/logo.png\",\"contentUrl\":\"https:\\\/\\\/maxims-caviar.com\\\/wp-content\\\/uploads\\\/2019\\\/07\\\/logo.png\",\"width\":470,\"height\":110,\"caption\":\"Maxim&#039;s Caviar\"},\"image\":{\"@id\":\"https:\\\/\\\/maxims-caviar.com\\\/en\\\/#\\\/schema\\\/logo\\\/image\\\/\"}}]}<\/script>\n<!-- \/ Yoast SEO plugin. -->","yoast_head_json":{"title":"Caviar Ossetra - Maxim&#039;s Caviar","description":"Le Caviar Osci\u00e8tre pr\u00e9sente des notes marines parfaitement \u00e9quilibr\u00e9es, offrant une harmonie entre salinit\u00e9 et douceur. Caviar Osci\u00e8tre \u00e0 prix remis\u00e9 !","robots":{"index":"index","follow":"follow","max-snippet":"max-snippet:-1","max-image-preview":"max-image-preview:large","max-video-preview":"max-video-preview:-1"},"canonical":"https:\/\/maxims-caviar.com\/de_ch\/product-2\/caviar-ossetra\/","og_locale":"de_DE","og_type":"article","og_title":"Caviar Ossetra - Maxim&#039;s Caviar","og_description":"Le Caviar Osci\u00e8tre pr\u00e9sente des notes marines parfaitement \u00e9quilibr\u00e9es, offrant une harmonie entre salinit\u00e9 et douceur. Caviar Osci\u00e8tre \u00e0 prix remis\u00e9 !","og_url":"https:\/\/maxims-caviar.com\/de_ch\/product-2\/caviar-ossetra\/","og_site_name":"Maxim&#039;s Caviar","article_modified_time":"2026-04-16T15:08:23+00:00","og_image":[{"width":1000,"height":1000,"url":"https:\/\/maxims-caviar.com\/wp-content\/uploads\/2021\/07\/max-oscietre-2025.png","type":"image\/png"}],"twitter_card":"summary_large_image","twitter_misc":{"Gesch\u00e4tzte Lesezeit":"2\u00a0Minuten"},"schema":{"@context":"https:\/\/schema.org","@graph":[{"@type":"WebPage","@id":"https:\/\/maxims-caviar.com\/produit\/caviar-ossetra\/","url":"https:\/\/maxims-caviar.com\/produit\/caviar-ossetra\/","name":"Caviar Ossetra - Maxim&#039;s Caviar","isPartOf":{"@id":"https:\/\/maxims-caviar.com\/en\/#website"},"primaryImageOfPage":{"@id":"https:\/\/maxims-caviar.com\/produit\/caviar-ossetra\/#primaryimage"},"image":{"@id":"https:\/\/maxims-caviar.com\/produit\/caviar-ossetra\/#primaryimage"},"thumbnailUrl":"https:\/\/maxims-caviar.com\/wp-content\/uploads\/2021\/07\/max-oscietre-2025.png","datePublished":"2025-12-04T09:31:05+00:00","dateModified":"2026-04-16T15:08:23+00:00","description":"Le Caviar Osci\u00e8tre pr\u00e9sente des notes marines parfaitement \u00e9quilibr\u00e9es, offrant une harmonie entre salinit\u00e9 et douceur. Caviar Osci\u00e8tre \u00e0 prix remis\u00e9 !","breadcrumb":{"@id":"https:\/\/maxims-caviar.com\/produit\/caviar-ossetra\/#breadcrumb"},"inLanguage":"de-CH","potentialAction":[{"@type":"ReadAction","target":["https:\/\/maxims-caviar.com\/produit\/caviar-ossetra\/"]}]},{"@type":"ImageObject","inLanguage":"de-CH","@id":"https:\/\/maxims-caviar.com\/produit\/caviar-ossetra\/#primaryimage","url":"https:\/\/maxims-caviar.com\/wp-content\/uploads\/2021\/07\/max-oscietre-2025.png","contentUrl":"https:\/\/maxims-caviar.com\/wp-content\/uploads\/2021\/07\/max-oscietre-2025.png","width":1000,"height":1000,"caption":"caviar oscietre"},{"@type":"BreadcrumbList","@id":"https:\/\/maxims-caviar.com\/produit\/caviar-ossetra\/#breadcrumb","itemListElement":[{"@type":"ListItem","position":1,"name":"Accueil","item":"https:\/\/maxims-caviar.com\/"},{"@type":"ListItem","position":2,"name":"Boutique","item":"https:\/\/maxims-caviar.com\/boutique\/"},{"@type":"ListItem","position":3,"name":"Caviar Ossetra"}]},{"@type":"WebSite","@id":"https:\/\/maxims-caviar.com\/en\/#website","url":"https:\/\/maxims-caviar.com\/en\/","name":"Maxim&#039;s Caviar","description":"L&#039;alliance de l&#039;Histoire et de la Modernit\u00e9","publisher":{"@id":"https:\/\/maxims-caviar.com\/en\/#organization"},"potentialAction":[{"@type":"SearchAction","target":{"@type":"EntryPoint","urlTemplate":"https:\/\/maxims-caviar.com\/en\/?s={search_term_string}"},"query-input":{"@type":"PropertyValueSpecification","valueRequired":true,"valueName":"search_term_string"}}],"inLanguage":"de-CH"},{"@type":"Organization","@id":"https:\/\/maxims-caviar.com\/en\/#organization","name":"Maxim&#039;s Caviar","url":"https:\/\/maxims-caviar.com\/en\/","logo":{"@type":"ImageObject","inLanguage":"de-CH","@id":"https:\/\/maxims-caviar.com\/en\/#\/schema\/logo\/image\/","url":"https:\/\/maxims-caviar.com\/wp-content\/uploads\/2019\/07\/logo.png","contentUrl":"https:\/\/maxims-caviar.com\/wp-content\/uploads\/2019\/07\/logo.png","width":470,"height":110,"caption":"Maxim&#039;s Caviar"},"image":{"@id":"https:\/\/maxims-caviar.com\/en\/#\/schema\/logo\/image\/"}}]}},"_links":{"self":[{"href":"https:\/\/maxims-caviar.com\/de_ch\/wp-json\/wp\/v2\/product\/88573","targetHints":{"allow":["GET"]}}],"collection":[{"href":"https:\/\/maxims-caviar.com\/de_ch\/wp-json\/wp\/v2\/product"}],"about":[{"href":"https:\/\/maxims-caviar.com\/de_ch\/wp-json\/wp\/v2\/types\/product"}],"version-history":[{"count":3,"href":"https:\/\/maxims-caviar.com\/de_ch\/wp-json\/wp\/v2\/product\/88573\/revisions"}],"predecessor-version":[{"id":88911,"href":"https:\/\/maxims-caviar.com\/de_ch\/wp-json\/wp\/v2\/product\/88573\/revisions\/88911"}],"wp:featuredmedia":[{"embeddable":true,"href":"https:\/\/maxims-caviar.com\/de_ch\/wp-json\/wp\/v2\/media\/86437"}],"wp:attachment":[{"href":"https:\/\/maxims-caviar.com\/de_ch\/wp-json\/wp\/v2\/media?parent=88573"}],"wp:term":[{"taxonomy":"product_brand","embeddable":true,"href":"https:\/\/maxims-caviar.com\/de_ch\/wp-json\/wp\/v2\/product_brand?post=88573"},{"taxonomy":"product_cat","embeddable":true,"href":"https:\/\/maxims-caviar.com\/de_ch\/wp-json\/wp\/v2\/product_cat?post=88573"},{"taxonomy":"product_tag","embeddable":true,"href":"https:\/\/maxims-caviar.com\/de_ch\/wp-json\/wp\/v2\/product_tag?post=88573"}],"curies":[{"name":"wp","href":"https:\/\/api.w.org\/{rel}","templated":true}]}}