{"id":87162,"date":"2025-09-11T16:46:03","date_gmt":"2025-09-11T14:46:03","guid":{"rendered":"https:\/\/maxims-caviar.com\/?post_type=product&#038;p=87162"},"modified":"2026-03-12T11:00:06","modified_gmt":"2026-03-12T10:00:06","slug":"caviar-de-polyodon-verychic","status":"publish","type":"product","link":"https:\/\/maxims-caviar.com\/de_ch\/produit\/caviar-de-polyodon-verychic\/","title":{"rendered":"Caviar de Polyodon VeryChic"},"content":{"rendered":"","protected":false},"excerpt":{"rendered":"<p>Caviar Maxim's erweitert sein Sortiment mit der Einf\u00fchrung von Polyodon-Kaviar. Diese neuen Fischeier stammen von Polyodon spathula, einem Fisch, der historisch gesehen im Mississippi in Nordamerika beheimatet ist, und sind Teil eines Konzepts der Diversifizierung und Exzellenz.<\/p>\n<h2>Eine hervorragende Alternative zu Baeri- und Osci\u00e8tre-Kaviar<\/h2>\n<p>Seine Eier sind etwas kleiner und feiner als die von St\u00f6rkaviar und bieten eine zarte und elegante Textur im Mund. Sein Geschmack erweist sich als subtil, weniger salzig und milder, was ihn zu einer ausgezeichneten Alternative f\u00fcr Liebhaber macht, die auf der Suche nach Finesse sind. Dezente pflanzliche Noten und ein leichter Hauch von Jod runden sein aromatisches Profil ab, wobei die edlen und raffinierten Marker, die die Signatur des Kaviars ausmachen, erhalten bleiben.<\/p>","protected":false},"featured_media":86586,"template":"","meta":{"_acf_changed":false},"product_brand":[],"product_cat":[83],"product_tag":[],"class_list":{"0":"post-87162","1":"product","2":"type-product","3":"status-publish","4":"has-post-thumbnail","6":"product_cat-offre-speciale-very-chic","7":"product_shipping_class-fresh-product","9":"first","10":"outofstock","11":"sale","12":"taxable","13":"shipping-taxable","14":"purchasable","15":"product-type-variable","16":"has-default-attributes"},"acf":[],"yoast_head":"<!-- This site is optimized with the Yoast SEO plugin v27.3 - https:\/\/yoast.com\/product\/yoast-seo-wordpress\/ -->\n<title>Caviar de Polyodon VeryChic - Maxim&#039;s Caviar<\/title>\n<meta name=\"description\" content=\"Les grains du Caviar de Polyodon sont l\u00e9g\u00e8rement plus petits que ceux du caviar d\u2019esturgeon, offrant une texture d\u00e9licate et \u00e9l\u00e9gante en bouche.\" \/>\n<meta name=\"robots\" content=\"noindex, nofollow\" \/>\n<meta property=\"og:locale\" content=\"de_DE\" \/>\n<meta property=\"og:type\" content=\"article\" \/>\n<meta property=\"og:title\" content=\"Caviar de Polyodon VeryChic - Maxim&#039;s Caviar\" \/>\n<meta property=\"og:description\" content=\"Les grains du Caviar de Polyodon sont l\u00e9g\u00e8rement plus petits que ceux du caviar d\u2019esturgeon, offrant une texture d\u00e9licate et \u00e9l\u00e9gante en bouche.\" \/>\n<meta property=\"og:url\" content=\"https:\/\/maxims-caviar.com\/de_ch\/product-2\/caviar-de-polyodon-verychic\/\" \/>\n<meta property=\"og:site_name\" content=\"Maxim&#039;s Caviar\" \/>\n<meta property=\"article:modified_time\" content=\"2026-03-12T10:00:06+00:00\" \/>\n<meta property=\"og:image\" content=\"https:\/\/maxims-caviar.com\/wp-content\/uploads\/2025\/05\/max-polyodon.png\" \/>\n\t<meta property=\"og:image:width\" content=\"1000\" \/>\n\t<meta property=\"og:image:height\" content=\"1000\" \/>\n\t<meta property=\"og:image:type\" content=\"image\/png\" \/>\n<meta name=\"twitter:card\" content=\"summary_large_image\" \/>\n<script type=\"application\/ld+json\" class=\"yoast-schema-graph\">{\"@context\":\"https:\\\/\\\/schema.org\",\"@graph\":[{\"@type\":\"WebPage\",\"@id\":\"https:\\\/\\\/maxims-caviar.com\\\/produit\\\/caviar-de-polyodon-verychic\\\/\",\"url\":\"https:\\\/\\\/maxims-caviar.com\\\/produit\\\/caviar-de-polyodon-verychic\\\/\",\"name\":\"Caviar de Polyodon VeryChic - Maxim&#039;s Caviar\",\"isPartOf\":{\"@id\":\"https:\\\/\\\/maxims-caviar.com\\\/en\\\/#website\"},\"primaryImageOfPage\":{\"@id\":\"https:\\\/\\\/maxims-caviar.com\\\/produit\\\/caviar-de-polyodon-verychic\\\/#primaryimage\"},\"image\":{\"@id\":\"https:\\\/\\\/maxims-caviar.com\\\/produit\\\/caviar-de-polyodon-verychic\\\/#primaryimage\"},\"thumbnailUrl\":\"https:\\\/\\\/maxims-caviar.com\\\/wp-content\\\/uploads\\\/2025\\\/05\\\/max-polyodon.png\",\"datePublished\":\"2025-09-11T14:46:03+00:00\",\"dateModified\":\"2026-03-12T10:00:06+00:00\",\"description\":\"Les grains du Caviar de Polyodon sont l\u00e9g\u00e8rement plus petits que ceux du caviar d\u2019esturgeon, offrant une texture d\u00e9licate et \u00e9l\u00e9gante en bouche.\",\"breadcrumb\":{\"@id\":\"https:\\\/\\\/maxims-caviar.com\\\/produit\\\/caviar-de-polyodon-verychic\\\/#breadcrumb\"},\"inLanguage\":\"de-CH\",\"potentialAction\":[{\"@type\":\"ReadAction\",\"target\":[\"https:\\\/\\\/maxims-caviar.com\\\/produit\\\/caviar-de-polyodon-verychic\\\/\"]}]},{\"@type\":\"ImageObject\",\"inLanguage\":\"de-CH\",\"@id\":\"https:\\\/\\\/maxims-caviar.com\\\/produit\\\/caviar-de-polyodon-verychic\\\/#primaryimage\",\"url\":\"https:\\\/\\\/maxims-caviar.com\\\/wp-content\\\/uploads\\\/2025\\\/05\\\/max-polyodon.png\",\"contentUrl\":\"https:\\\/\\\/maxims-caviar.com\\\/wp-content\\\/uploads\\\/2025\\\/05\\\/max-polyodon.png\",\"width\":1000,\"height\":1000,\"caption\":\"caviar de polyodon\"},{\"@type\":\"BreadcrumbList\",\"@id\":\"https:\\\/\\\/maxims-caviar.com\\\/produit\\\/caviar-de-polyodon-verychic\\\/#breadcrumb\",\"itemListElement\":[{\"@type\":\"ListItem\",\"position\":1,\"name\":\"Accueil\",\"item\":\"https:\\\/\\\/maxims-caviar.com\\\/\"},{\"@type\":\"ListItem\",\"position\":2,\"name\":\"Boutique\",\"item\":\"https:\\\/\\\/maxims-caviar.com\\\/boutique\\\/\"},{\"@type\":\"ListItem\",\"position\":3,\"name\":\"Caviar de Polyodon VeryChic\"}]},{\"@type\":\"WebSite\",\"@id\":\"https:\\\/\\\/maxims-caviar.com\\\/en\\\/#website\",\"url\":\"https:\\\/\\\/maxims-caviar.com\\\/en\\\/\",\"name\":\"Maxim&#039;s Caviar\",\"description\":\"L&#039;alliance de l&#039;Histoire et de la Modernit\u00e9\",\"publisher\":{\"@id\":\"https:\\\/\\\/maxims-caviar.com\\\/en\\\/#organization\"},\"potentialAction\":[{\"@type\":\"SearchAction\",\"target\":{\"@type\":\"EntryPoint\",\"urlTemplate\":\"https:\\\/\\\/maxims-caviar.com\\\/en\\\/?s={search_term_string}\"},\"query-input\":{\"@type\":\"PropertyValueSpecification\",\"valueRequired\":true,\"valueName\":\"search_term_string\"}}],\"inLanguage\":\"de-CH\"},{\"@type\":\"Organization\",\"@id\":\"https:\\\/\\\/maxims-caviar.com\\\/en\\\/#organization\",\"name\":\"Maxim&#039;s Caviar\",\"url\":\"https:\\\/\\\/maxims-caviar.com\\\/en\\\/\",\"logo\":{\"@type\":\"ImageObject\",\"inLanguage\":\"de-CH\",\"@id\":\"https:\\\/\\\/maxims-caviar.com\\\/en\\\/#\\\/schema\\\/logo\\\/image\\\/\",\"url\":\"https:\\\/\\\/maxims-caviar.com\\\/wp-content\\\/uploads\\\/2019\\\/07\\\/logo.png\",\"contentUrl\":\"https:\\\/\\\/maxims-caviar.com\\\/wp-content\\\/uploads\\\/2019\\\/07\\\/logo.png\",\"width\":470,\"height\":110,\"caption\":\"Maxim&#039;s Caviar\"},\"image\":{\"@id\":\"https:\\\/\\\/maxims-caviar.com\\\/en\\\/#\\\/schema\\\/logo\\\/image\\\/\"}}]}<\/script>\n<!-- \/ Yoast SEO plugin. -->","yoast_head_json":{"title":"Caviar de Polyodon VeryChic - Maxim&#039;s Caviar","description":"Les grains du Caviar de Polyodon sont l\u00e9g\u00e8rement plus petits que ceux du caviar d\u2019esturgeon, offrant une texture d\u00e9licate et \u00e9l\u00e9gante en bouche.","robots":{"index":"noindex","follow":"nofollow"},"og_locale":"de_DE","og_type":"article","og_title":"Caviar de Polyodon VeryChic - Maxim&#039;s Caviar","og_description":"Les grains du Caviar de Polyodon sont l\u00e9g\u00e8rement plus petits que ceux du caviar d\u2019esturgeon, offrant une texture d\u00e9licate et \u00e9l\u00e9gante en bouche.","og_url":"https:\/\/maxims-caviar.com\/de_ch\/product-2\/caviar-de-polyodon-verychic\/","og_site_name":"Maxim&#039;s Caviar","article_modified_time":"2026-03-12T10:00:06+00:00","og_image":[{"width":1000,"height":1000,"url":"https:\/\/maxims-caviar.com\/wp-content\/uploads\/2025\/05\/max-polyodon.png","type":"image\/png"}],"twitter_card":"summary_large_image","schema":{"@context":"https:\/\/schema.org","@graph":[{"@type":"WebPage","@id":"https:\/\/maxims-caviar.com\/produit\/caviar-de-polyodon-verychic\/","url":"https:\/\/maxims-caviar.com\/produit\/caviar-de-polyodon-verychic\/","name":"Caviar de Polyodon VeryChic - Maxim&#039;s Caviar","isPartOf":{"@id":"https:\/\/maxims-caviar.com\/en\/#website"},"primaryImageOfPage":{"@id":"https:\/\/maxims-caviar.com\/produit\/caviar-de-polyodon-verychic\/#primaryimage"},"image":{"@id":"https:\/\/maxims-caviar.com\/produit\/caviar-de-polyodon-verychic\/#primaryimage"},"thumbnailUrl":"https:\/\/maxims-caviar.com\/wp-content\/uploads\/2025\/05\/max-polyodon.png","datePublished":"2025-09-11T14:46:03+00:00","dateModified":"2026-03-12T10:00:06+00:00","description":"Les grains du Caviar de Polyodon sont l\u00e9g\u00e8rement plus petits que ceux du caviar d\u2019esturgeon, offrant une texture d\u00e9licate et \u00e9l\u00e9gante en bouche.","breadcrumb":{"@id":"https:\/\/maxims-caviar.com\/produit\/caviar-de-polyodon-verychic\/#breadcrumb"},"inLanguage":"de-CH","potentialAction":[{"@type":"ReadAction","target":["https:\/\/maxims-caviar.com\/produit\/caviar-de-polyodon-verychic\/"]}]},{"@type":"ImageObject","inLanguage":"de-CH","@id":"https:\/\/maxims-caviar.com\/produit\/caviar-de-polyodon-verychic\/#primaryimage","url":"https:\/\/maxims-caviar.com\/wp-content\/uploads\/2025\/05\/max-polyodon.png","contentUrl":"https:\/\/maxims-caviar.com\/wp-content\/uploads\/2025\/05\/max-polyodon.png","width":1000,"height":1000,"caption":"caviar de polyodon"},{"@type":"BreadcrumbList","@id":"https:\/\/maxims-caviar.com\/produit\/caviar-de-polyodon-verychic\/#breadcrumb","itemListElement":[{"@type":"ListItem","position":1,"name":"Accueil","item":"https:\/\/maxims-caviar.com\/"},{"@type":"ListItem","position":2,"name":"Boutique","item":"https:\/\/maxims-caviar.com\/boutique\/"},{"@type":"ListItem","position":3,"name":"Caviar de Polyodon VeryChic"}]},{"@type":"WebSite","@id":"https:\/\/maxims-caviar.com\/en\/#website","url":"https:\/\/maxims-caviar.com\/en\/","name":"Maxim&#039;s Caviar","description":"L&#039;alliance de l&#039;Histoire et de la Modernit\u00e9","publisher":{"@id":"https:\/\/maxims-caviar.com\/en\/#organization"},"potentialAction":[{"@type":"SearchAction","target":{"@type":"EntryPoint","urlTemplate":"https:\/\/maxims-caviar.com\/en\/?s={search_term_string}"},"query-input":{"@type":"PropertyValueSpecification","valueRequired":true,"valueName":"search_term_string"}}],"inLanguage":"de-CH"},{"@type":"Organization","@id":"https:\/\/maxims-caviar.com\/en\/#organization","name":"Maxim&#039;s Caviar","url":"https:\/\/maxims-caviar.com\/en\/","logo":{"@type":"ImageObject","inLanguage":"de-CH","@id":"https:\/\/maxims-caviar.com\/en\/#\/schema\/logo\/image\/","url":"https:\/\/maxims-caviar.com\/wp-content\/uploads\/2019\/07\/logo.png","contentUrl":"https:\/\/maxims-caviar.com\/wp-content\/uploads\/2019\/07\/logo.png","width":470,"height":110,"caption":"Maxim&#039;s Caviar"},"image":{"@id":"https:\/\/maxims-caviar.com\/en\/#\/schema\/logo\/image\/"}}]}},"_links":{"self":[{"href":"https:\/\/maxims-caviar.com\/de_ch\/wp-json\/wp\/v2\/product\/87162","targetHints":{"allow":["GET"]}}],"collection":[{"href":"https:\/\/maxims-caviar.com\/de_ch\/wp-json\/wp\/v2\/product"}],"about":[{"href":"https:\/\/maxims-caviar.com\/de_ch\/wp-json\/wp\/v2\/types\/product"}],"version-history":[{"count":1,"href":"https:\/\/maxims-caviar.com\/de_ch\/wp-json\/wp\/v2\/product\/87162\/revisions"}],"predecessor-version":[{"id":87170,"href":"https:\/\/maxims-caviar.com\/de_ch\/wp-json\/wp\/v2\/product\/87162\/revisions\/87170"}],"wp:featuredmedia":[{"embeddable":true,"href":"https:\/\/maxims-caviar.com\/de_ch\/wp-json\/wp\/v2\/media\/86586"}],"wp:attachment":[{"href":"https:\/\/maxims-caviar.com\/de_ch\/wp-json\/wp\/v2\/media?parent=87162"}],"wp:term":[{"taxonomy":"product_brand","embeddable":true,"href":"https:\/\/maxims-caviar.com\/de_ch\/wp-json\/wp\/v2\/product_brand?post=87162"},{"taxonomy":"product_cat","embeddable":true,"href":"https:\/\/maxims-caviar.com\/de_ch\/wp-json\/wp\/v2\/product_cat?post=87162"},{"taxonomy":"product_tag","embeddable":true,"href":"https:\/\/maxims-caviar.com\/de_ch\/wp-json\/wp\/v2\/product_tag?post=87162"}],"curies":[{"name":"wp","href":"https:\/\/api.w.org\/{rel}","templated":true}]}}