{"id":60890,"date":"2023-11-16T17:13:45","date_gmt":"2023-11-16T16:13:45","guid":{"rendered":"https:\/\/maxims-caviar.com\/?post_type=product&#038;p=60890"},"modified":"2026-03-12T10:53:52","modified_gmt":"2026-03-12T09:53:52","slug":"caviar-oscietre-3-x-100g-figaro","status":"publish","type":"product","link":"https:\/\/maxims-caviar.com\/de_ch\/produit\/caviar-oscietre-3-x-100g-figaro\/","title":{"rendered":"Caviar Osci\u00e8tre 3 x 100g &#8211; Figaro"},"content":{"rendered":"<p><a href=\"https:\/\/maxims-caviar.com\/de_ch\/conseils\/\">Tipps zur Verkostung<\/a><br \/>\n<a href=\"https:\/\/maxims-caviar.com\/de_ch\/recettes\/\">Suggestions de recettes<\/a><\/p>\n<p>Ingredients : Oeufs d&rsquo;esturgeon (Acipenser gueldenstaedtii), sel, E285<br \/>\nConservation : Conserver au r\u00e9frig\u00e9rateur entre 0\u00b0C et 4 \u00b0C<br \/>\nDDM garantie : 2 mois<br \/>\nHerkunft: Europa<\/p>","protected":false},"excerpt":{"rendered":"<p><strong>Caviar Maxim\u2019s vous propose des offres exclusives pour vos f\u00eates de No\u00ebl<\/strong><\/p>\n<p>Son go\u00fbt est \u00e0 la fois puissant et structur\u00e9 ce qui lui permet d\u2019\u00eatre appr\u00e9ci\u00e9 par tous les palets, m\u00eame les plus confirm\u00e9s.<\/p>\n<p>Son grain est de taille moyenne avec une texture assez ferme et des nuances dor\u00e9es. Ses notes sont plus marines que le caviar Baeri mais il reste \u00e9quilibr\u00e9.<\/p>","protected":false},"featured_media":65239,"template":"","meta":{"_acf_changed":false},"product_brand":[],"product_cat":[94],"product_tag":[],"class_list":{"0":"post-60890","1":"product","2":"type-product","3":"status-publish","4":"has-post-thumbnail","6":"product_cat-mediafigaro","7":"product_shipping_class-fresh-product","9":"first","10":"outofstock","11":"sale","12":"taxable","13":"shipping-taxable","14":"purchasable","15":"product-type-simple"},"acf":[],"yoast_head":"<!-- This site is optimized with the Yoast SEO plugin v27.4 - https:\/\/yoast.com\/product\/yoast-seo-wordpress\/ -->\n<title>Caviar Osci\u00e8tre 3 x 100g - Figaro - Maxim&#039;s Caviar<\/title>\n<meta name=\"robots\" content=\"noindex, nofollow\" \/>\n<meta property=\"og:locale\" content=\"de_DE\" \/>\n<meta property=\"og:type\" content=\"article\" \/>\n<meta property=\"og:title\" content=\"Caviar Osci\u00e8tre 3 x 100g - Figaro - Maxim&#039;s Caviar\" \/>\n<meta property=\"og:description\" content=\"Caviar Maxim\u2019s vous propose des offres exclusives pour vos f\u00eates de No\u00ebl  Son go\u00fbt est \u00e0 la fois puissant et structur\u00e9 ce qui lui permet d\u2019\u00eatre appr\u00e9ci\u00e9 par tous les palets, m\u00eame les plus confirm\u00e9s.  Son grain est de taille moyenne avec une texture assez ferme et des nuances dor\u00e9es. Ses notes sont plus marines que le caviar Baeri mais il reste \u00e9quilibr\u00e9.\" \/>\n<meta property=\"og:url\" content=\"https:\/\/maxims-caviar.com\/de_ch\/product-2\/caviar-oscietre-3-x-100g-figaro\/\" \/>\n<meta property=\"og:site_name\" content=\"Maxim&#039;s Caviar\" \/>\n<meta property=\"article:modified_time\" content=\"2026-03-12T09:53:52+00:00\" \/>\n<meta property=\"og:image\" content=\"https:\/\/maxims-caviar.com\/wp-content\/uploads\/2023\/09\/max-oscietre-3x100-1-copie.jpg\" \/>\n\t<meta property=\"og:image:width\" content=\"1000\" \/>\n\t<meta property=\"og:image:height\" content=\"1000\" \/>\n\t<meta property=\"og:image:type\" content=\"image\/jpeg\" \/>\n<meta name=\"twitter:card\" content=\"summary_large_image\" \/>\n<meta name=\"twitter:label1\" content=\"Gesch\u00e4tzte Lesezeit\" \/>\n\t<meta name=\"twitter:data1\" content=\"1\u00a0Minute\" \/>\n<script type=\"application\/ld+json\" class=\"yoast-schema-graph\">{\"@context\":\"https:\\\/\\\/schema.org\",\"@graph\":[{\"@type\":\"WebPage\",\"@id\":\"https:\\\/\\\/maxims-caviar.com\\\/produit\\\/caviar-oscietre-3-x-100g-figaro\\\/\",\"url\":\"https:\\\/\\\/maxims-caviar.com\\\/produit\\\/caviar-oscietre-3-x-100g-figaro\\\/\",\"name\":\"Caviar Osci\u00e8tre 3 x 100g - Figaro - Maxim&#039;s Caviar\",\"isPartOf\":{\"@id\":\"https:\\\/\\\/maxims-caviar.com\\\/en\\\/#website\"},\"primaryImageOfPage\":{\"@id\":\"https:\\\/\\\/maxims-caviar.com\\\/produit\\\/caviar-oscietre-3-x-100g-figaro\\\/#primaryimage\"},\"image\":{\"@id\":\"https:\\\/\\\/maxims-caviar.com\\\/produit\\\/caviar-oscietre-3-x-100g-figaro\\\/#primaryimage\"},\"thumbnailUrl\":\"https:\\\/\\\/maxims-caviar.com\\\/wp-content\\\/uploads\\\/2023\\\/09\\\/max-oscietre-3x100-1-copie.jpg\",\"datePublished\":\"2023-11-16T16:13:45+00:00\",\"dateModified\":\"2026-03-12T09:53:52+00:00\",\"breadcrumb\":{\"@id\":\"https:\\\/\\\/maxims-caviar.com\\\/produit\\\/caviar-oscietre-3-x-100g-figaro\\\/#breadcrumb\"},\"inLanguage\":\"de-CH\",\"potentialAction\":[{\"@type\":\"ReadAction\",\"target\":[\"https:\\\/\\\/maxims-caviar.com\\\/produit\\\/caviar-oscietre-3-x-100g-figaro\\\/\"]}]},{\"@type\":\"ImageObject\",\"inLanguage\":\"de-CH\",\"@id\":\"https:\\\/\\\/maxims-caviar.com\\\/produit\\\/caviar-oscietre-3-x-100g-figaro\\\/#primaryimage\",\"url\":\"https:\\\/\\\/maxims-caviar.com\\\/wp-content\\\/uploads\\\/2023\\\/09\\\/max-oscietre-3x100-1-copie.jpg\",\"contentUrl\":\"https:\\\/\\\/maxims-caviar.com\\\/wp-content\\\/uploads\\\/2023\\\/09\\\/max-oscietre-3x100-1-copie.jpg\",\"width\":1000,\"height\":1000,\"caption\":\"Caviar Osci\u00e8tre\"},{\"@type\":\"BreadcrumbList\",\"@id\":\"https:\\\/\\\/maxims-caviar.com\\\/produit\\\/caviar-oscietre-3-x-100g-figaro\\\/#breadcrumb\",\"itemListElement\":[{\"@type\":\"ListItem\",\"position\":1,\"name\":\"Accueil\",\"item\":\"https:\\\/\\\/maxims-caviar.com\\\/\"},{\"@type\":\"ListItem\",\"position\":2,\"name\":\"Boutique\",\"item\":\"https:\\\/\\\/maxims-caviar.com\\\/boutique\\\/\"},{\"@type\":\"ListItem\",\"position\":3,\"name\":\"Caviar Osci\u00e8tre 3 x 100g &#8211; Figaro\"}]},{\"@type\":\"WebSite\",\"@id\":\"https:\\\/\\\/maxims-caviar.com\\\/en\\\/#website\",\"url\":\"https:\\\/\\\/maxims-caviar.com\\\/en\\\/\",\"name\":\"Maxim&#039;s Caviar\",\"description\":\"L&#039;alliance de l&#039;Histoire et de la Modernit\u00e9\",\"publisher\":{\"@id\":\"https:\\\/\\\/maxims-caviar.com\\\/en\\\/#organization\"},\"potentialAction\":[{\"@type\":\"SearchAction\",\"target\":{\"@type\":\"EntryPoint\",\"urlTemplate\":\"https:\\\/\\\/maxims-caviar.com\\\/en\\\/?s={search_term_string}\"},\"query-input\":{\"@type\":\"PropertyValueSpecification\",\"valueRequired\":true,\"valueName\":\"search_term_string\"}}],\"inLanguage\":\"de-CH\"},{\"@type\":\"Organization\",\"@id\":\"https:\\\/\\\/maxims-caviar.com\\\/en\\\/#organization\",\"name\":\"Maxim&#039;s Caviar\",\"url\":\"https:\\\/\\\/maxims-caviar.com\\\/en\\\/\",\"logo\":{\"@type\":\"ImageObject\",\"inLanguage\":\"de-CH\",\"@id\":\"https:\\\/\\\/maxims-caviar.com\\\/en\\\/#\\\/schema\\\/logo\\\/image\\\/\",\"url\":\"https:\\\/\\\/maxims-caviar.com\\\/wp-content\\\/uploads\\\/2019\\\/07\\\/logo.png\",\"contentUrl\":\"https:\\\/\\\/maxims-caviar.com\\\/wp-content\\\/uploads\\\/2019\\\/07\\\/logo.png\",\"width\":470,\"height\":110,\"caption\":\"Maxim&#039;s Caviar\"},\"image\":{\"@id\":\"https:\\\/\\\/maxims-caviar.com\\\/en\\\/#\\\/schema\\\/logo\\\/image\\\/\"}}]}<\/script>\n<!-- \/ Yoast SEO plugin. -->","yoast_head_json":{"title":"Caviar Osci\u00e8tre 3 x 100g - Figaro - Maxim&#039;s Caviar","robots":{"index":"noindex","follow":"nofollow"},"og_locale":"de_DE","og_type":"article","og_title":"Caviar Osci\u00e8tre 3 x 100g - Figaro - Maxim&#039;s Caviar","og_description":"Caviar Maxim\u2019s vous propose des offres exclusives pour vos f\u00eates de No\u00ebl  Son go\u00fbt est \u00e0 la fois puissant et structur\u00e9 ce qui lui permet d\u2019\u00eatre appr\u00e9ci\u00e9 par tous les palets, m\u00eame les plus confirm\u00e9s.  Son grain est de taille moyenne avec une texture assez ferme et des nuances dor\u00e9es. Ses notes sont plus marines que le caviar Baeri mais il reste \u00e9quilibr\u00e9.","og_url":"https:\/\/maxims-caviar.com\/de_ch\/product-2\/caviar-oscietre-3-x-100g-figaro\/","og_site_name":"Maxim&#039;s Caviar","article_modified_time":"2026-03-12T09:53:52+00:00","og_image":[{"width":1000,"height":1000,"url":"https:\/\/maxims-caviar.com\/wp-content\/uploads\/2023\/09\/max-oscietre-3x100-1-copie.jpg","type":"image\/jpeg"}],"twitter_card":"summary_large_image","twitter_misc":{"Gesch\u00e4tzte Lesezeit":"1\u00a0Minute"},"schema":{"@context":"https:\/\/schema.org","@graph":[{"@type":"WebPage","@id":"https:\/\/maxims-caviar.com\/produit\/caviar-oscietre-3-x-100g-figaro\/","url":"https:\/\/maxims-caviar.com\/produit\/caviar-oscietre-3-x-100g-figaro\/","name":"Caviar Osci\u00e8tre 3 x 100g - Figaro - Maxim&#039;s Caviar","isPartOf":{"@id":"https:\/\/maxims-caviar.com\/en\/#website"},"primaryImageOfPage":{"@id":"https:\/\/maxims-caviar.com\/produit\/caviar-oscietre-3-x-100g-figaro\/#primaryimage"},"image":{"@id":"https:\/\/maxims-caviar.com\/produit\/caviar-oscietre-3-x-100g-figaro\/#primaryimage"},"thumbnailUrl":"https:\/\/maxims-caviar.com\/wp-content\/uploads\/2023\/09\/max-oscietre-3x100-1-copie.jpg","datePublished":"2023-11-16T16:13:45+00:00","dateModified":"2026-03-12T09:53:52+00:00","breadcrumb":{"@id":"https:\/\/maxims-caviar.com\/produit\/caviar-oscietre-3-x-100g-figaro\/#breadcrumb"},"inLanguage":"de-CH","potentialAction":[{"@type":"ReadAction","target":["https:\/\/maxims-caviar.com\/produit\/caviar-oscietre-3-x-100g-figaro\/"]}]},{"@type":"ImageObject","inLanguage":"de-CH","@id":"https:\/\/maxims-caviar.com\/produit\/caviar-oscietre-3-x-100g-figaro\/#primaryimage","url":"https:\/\/maxims-caviar.com\/wp-content\/uploads\/2023\/09\/max-oscietre-3x100-1-copie.jpg","contentUrl":"https:\/\/maxims-caviar.com\/wp-content\/uploads\/2023\/09\/max-oscietre-3x100-1-copie.jpg","width":1000,"height":1000,"caption":"Caviar Osci\u00e8tre"},{"@type":"BreadcrumbList","@id":"https:\/\/maxims-caviar.com\/produit\/caviar-oscietre-3-x-100g-figaro\/#breadcrumb","itemListElement":[{"@type":"ListItem","position":1,"name":"Accueil","item":"https:\/\/maxims-caviar.com\/"},{"@type":"ListItem","position":2,"name":"Boutique","item":"https:\/\/maxims-caviar.com\/boutique\/"},{"@type":"ListItem","position":3,"name":"Caviar Osci\u00e8tre 3 x 100g &#8211; Figaro"}]},{"@type":"WebSite","@id":"https:\/\/maxims-caviar.com\/en\/#website","url":"https:\/\/maxims-caviar.com\/en\/","name":"Maxim&#039;s Caviar","description":"L&#039;alliance de l&#039;Histoire et de la Modernit\u00e9","publisher":{"@id":"https:\/\/maxims-caviar.com\/en\/#organization"},"potentialAction":[{"@type":"SearchAction","target":{"@type":"EntryPoint","urlTemplate":"https:\/\/maxims-caviar.com\/en\/?s={search_term_string}"},"query-input":{"@type":"PropertyValueSpecification","valueRequired":true,"valueName":"search_term_string"}}],"inLanguage":"de-CH"},{"@type":"Organization","@id":"https:\/\/maxims-caviar.com\/en\/#organization","name":"Maxim&#039;s Caviar","url":"https:\/\/maxims-caviar.com\/en\/","logo":{"@type":"ImageObject","inLanguage":"de-CH","@id":"https:\/\/maxims-caviar.com\/en\/#\/schema\/logo\/image\/","url":"https:\/\/maxims-caviar.com\/wp-content\/uploads\/2019\/07\/logo.png","contentUrl":"https:\/\/maxims-caviar.com\/wp-content\/uploads\/2019\/07\/logo.png","width":470,"height":110,"caption":"Maxim&#039;s Caviar"},"image":{"@id":"https:\/\/maxims-caviar.com\/en\/#\/schema\/logo\/image\/"}}]}},"_links":{"self":[{"href":"https:\/\/maxims-caviar.com\/de_ch\/wp-json\/wp\/v2\/product\/60890","targetHints":{"allow":["GET"]}}],"collection":[{"href":"https:\/\/maxims-caviar.com\/de_ch\/wp-json\/wp\/v2\/product"}],"about":[{"href":"https:\/\/maxims-caviar.com\/de_ch\/wp-json\/wp\/v2\/types\/product"}],"version-history":[{"count":5,"href":"https:\/\/maxims-caviar.com\/de_ch\/wp-json\/wp\/v2\/product\/60890\/revisions"}],"predecessor-version":[{"id":67832,"href":"https:\/\/maxims-caviar.com\/de_ch\/wp-json\/wp\/v2\/product\/60890\/revisions\/67832"}],"wp:featuredmedia":[{"embeddable":true,"href":"https:\/\/maxims-caviar.com\/de_ch\/wp-json\/wp\/v2\/media\/65239"}],"wp:attachment":[{"href":"https:\/\/maxims-caviar.com\/de_ch\/wp-json\/wp\/v2\/media?parent=60890"}],"wp:term":[{"taxonomy":"product_brand","embeddable":true,"href":"https:\/\/maxims-caviar.com\/de_ch\/wp-json\/wp\/v2\/product_brand?post=60890"},{"taxonomy":"product_cat","embeddable":true,"href":"https:\/\/maxims-caviar.com\/de_ch\/wp-json\/wp\/v2\/product_cat?post=60890"},{"taxonomy":"product_tag","embeddable":true,"href":"https:\/\/maxims-caviar.com\/de_ch\/wp-json\/wp\/v2\/product_tag?post=60890"}],"curies":[{"name":"wp","href":"https:\/\/api.w.org\/{rel}","templated":true}]}}