{"id":49019,"date":"2023-11-16T17:13:58","date_gmt":"2023-11-16T16:13:58","guid":{"rendered":"https:\/\/maxims-caviar.com\/?post_type=product&#038;p=49019"},"modified":"2026-03-12T10:50:13","modified_gmt":"2026-03-12T09:50:13","slug":"caviar-baeri-100g-figaro","status":"publish","type":"product","link":"https:\/\/maxims-caviar.com\/de_ch\/produit\/caviar-baeri-100g-figaro\/","title":{"rendered":"Caviar Baeri 100g &#8211; Figaro"},"content":{"rendered":"<p><a href=\"https:\/\/maxims-caviar.com\/de_ch\/conseils\/\">Tipps zur Verkostung<\/a><\/p>\n<p><a href=\"https:\/\/maxims-caviar.com\/de_ch\/recettes\/\">Suggestions de recettes<\/a><\/p>\n<p>Ingredients : Oeufs d&rsquo;esturgeon (Acipenser baeri), sel, E285<\/p>\n<p>Conservation : Conserver au r\u00e9frig\u00e9rateur entre 0\u00b0C and 4 \u00b0C<\/p>\n<p>DLUO : 4 mois<\/p>\n<p>Disponible en : 100g, 250g et 500g<\/p>\n<p>Herkunft: Frankreich<\/p>","protected":false},"excerpt":{"rendered":"<p><strong>Caviar Maxim&rsquo;s de Paris vous propose des offres exclusives.<\/strong><\/p>\n<p>Baeri Kaviar wird vom Sibirischen St\u00f6r Acipenser Baeri im Alter von 7 bis 10 Jahren gewonnen.<\/p>\n<p>Son grain est de taille moyenne avec une texture fondante et une nuance de couleur allant du noir au gris clair. Il est finement iod\u00e9 avec des saveurs de beurre et de noisette.<\/p>\n<p>Die Beherrschung des Know-hows gew\u00e4hrleistet die Zartheit, den anhaltenden Geschmack und eine einheitliche Qualit\u00e4t in jeder Dose. Baeri Kaviar schmeckt allen Paletten, insbesondere Neulingen, die entdecken, welche Finesse ein Kaviar bieten kann.<\/p>\n<p>Cette Offre contient :<\/p>\n<ul>\n<li>1 boite de Caviar Baeri 100g<\/li>\n<li>2 cuill\u00e8res en nacre<\/li>\n<\/ul>","protected":false},"featured_media":49030,"template":"","meta":{"_acf_changed":false},"product_brand":[],"product_cat":[94],"product_tag":[],"class_list":{"0":"post-49019","1":"product","2":"type-product","3":"status-publish","4":"has-post-thumbnail","6":"product_cat-mediafigaro","7":"product_shipping_class-fresh-product","9":"first","10":"outofstock","11":"sale","12":"taxable","13":"shipping-taxable","14":"purchasable","15":"product-type-simple"},"acf":[],"yoast_head":"<!-- This site is optimized with the Yoast SEO plugin v27.4 - https:\/\/yoast.com\/product\/yoast-seo-wordpress\/ -->\n<title>Caviar Baeri 100g - Figaro - Maxim&#039;s Caviar<\/title>\n<meta name=\"robots\" content=\"noindex, nofollow\" \/>\n<meta property=\"og:locale\" content=\"de_DE\" \/>\n<meta property=\"og:type\" content=\"article\" \/>\n<meta property=\"og:title\" content=\"Caviar Baeri 100g - Figaro - Maxim&#039;s Caviar\" \/>\n<meta property=\"og:description\" content=\"Caviar Maxim&#039;s de Paris vous propose des offres exclusives.  Le caviar Baeri est issu de l\u2019esturgeon sib\u00e9rien Acipenser Baeri, entre l\u2019\u00e2ge de 7 et 10 ans.  Son grain est de taille moyenne avec une texture fondante et une nuance de couleur allant du noir au gris clair. Il est finement iod\u00e9 avec des saveurs de beurre et de noisette.  La ma\u00eetrise du savoir-faire assure la d\u00e9licatesse, la persistance de son go\u00fbt et une qualit\u00e9 homog\u00e8ne dans chaque bo\u00eete. Le caviar Baeri pla\u00eet \u00e0 tous les palets, notamment aux novices qui d\u00e9couvrent la finesse que peut offrir un caviar.  Cette Offre contient :   1 boite de Caviar Baeri 100g  2 cuill\u00e8res en nacre\" \/>\n<meta property=\"og:url\" content=\"https:\/\/maxims-caviar.com\/de_ch\/product-2\/caviar-baeri-100g-figaro\/\" \/>\n<meta property=\"og:site_name\" content=\"Maxim&#039;s Caviar\" \/>\n<meta property=\"article:modified_time\" content=\"2026-03-12T09:50:13+00:00\" \/>\n<meta property=\"og:image\" content=\"https:\/\/maxims-caviar.com\/wp-content\/uploads\/2020\/12\/caviar-baeri100-1.jpg\" \/>\n\t<meta property=\"og:image:width\" content=\"1280\" \/>\n\t<meta property=\"og:image:height\" content=\"1500\" \/>\n\t<meta property=\"og:image:type\" content=\"image\/jpeg\" \/>\n<meta name=\"twitter:card\" content=\"summary_large_image\" \/>\n<script type=\"application\/ld+json\" class=\"yoast-schema-graph\">{\"@context\":\"https:\\\/\\\/schema.org\",\"@graph\":[{\"@type\":\"WebPage\",\"@id\":\"https:\\\/\\\/maxims-caviar.com\\\/produit\\\/caviar-baeri-100g-figaro\\\/\",\"url\":\"https:\\\/\\\/maxims-caviar.com\\\/produit\\\/caviar-baeri-100g-figaro\\\/\",\"name\":\"Caviar Baeri 100g - Figaro - Maxim&#039;s Caviar\",\"isPartOf\":{\"@id\":\"https:\\\/\\\/maxims-caviar.com\\\/en\\\/#website\"},\"primaryImageOfPage\":{\"@id\":\"https:\\\/\\\/maxims-caviar.com\\\/produit\\\/caviar-baeri-100g-figaro\\\/#primaryimage\"},\"image\":{\"@id\":\"https:\\\/\\\/maxims-caviar.com\\\/produit\\\/caviar-baeri-100g-figaro\\\/#primaryimage\"},\"thumbnailUrl\":\"https:\\\/\\\/maxims-caviar.com\\\/wp-content\\\/uploads\\\/2020\\\/12\\\/caviar-baeri100-1.jpg\",\"datePublished\":\"2023-11-16T16:13:58+00:00\",\"dateModified\":\"2026-03-12T09:50:13+00:00\",\"breadcrumb\":{\"@id\":\"https:\\\/\\\/maxims-caviar.com\\\/produit\\\/caviar-baeri-100g-figaro\\\/#breadcrumb\"},\"inLanguage\":\"de-CH\",\"potentialAction\":[{\"@type\":\"ReadAction\",\"target\":[\"https:\\\/\\\/maxims-caviar.com\\\/produit\\\/caviar-baeri-100g-figaro\\\/\"]}]},{\"@type\":\"ImageObject\",\"inLanguage\":\"de-CH\",\"@id\":\"https:\\\/\\\/maxims-caviar.com\\\/produit\\\/caviar-baeri-100g-figaro\\\/#primaryimage\",\"url\":\"https:\\\/\\\/maxims-caviar.com\\\/wp-content\\\/uploads\\\/2020\\\/12\\\/caviar-baeri100-1.jpg\",\"contentUrl\":\"https:\\\/\\\/maxims-caviar.com\\\/wp-content\\\/uploads\\\/2020\\\/12\\\/caviar-baeri100-1.jpg\",\"width\":1280,\"height\":1500,\"caption\":\"caviar baeri\"},{\"@type\":\"BreadcrumbList\",\"@id\":\"https:\\\/\\\/maxims-caviar.com\\\/produit\\\/caviar-baeri-100g-figaro\\\/#breadcrumb\",\"itemListElement\":[{\"@type\":\"ListItem\",\"position\":1,\"name\":\"Accueil\",\"item\":\"https:\\\/\\\/maxims-caviar.com\\\/\"},{\"@type\":\"ListItem\",\"position\":2,\"name\":\"Boutique\",\"item\":\"https:\\\/\\\/maxims-caviar.com\\\/boutique\\\/\"},{\"@type\":\"ListItem\",\"position\":3,\"name\":\"Caviar Baeri 100g &#8211; Figaro\"}]},{\"@type\":\"WebSite\",\"@id\":\"https:\\\/\\\/maxims-caviar.com\\\/en\\\/#website\",\"url\":\"https:\\\/\\\/maxims-caviar.com\\\/en\\\/\",\"name\":\"Maxim&#039;s Caviar\",\"description\":\"L&#039;alliance de l&#039;Histoire et de la Modernit\u00e9\",\"publisher\":{\"@id\":\"https:\\\/\\\/maxims-caviar.com\\\/en\\\/#organization\"},\"potentialAction\":[{\"@type\":\"SearchAction\",\"target\":{\"@type\":\"EntryPoint\",\"urlTemplate\":\"https:\\\/\\\/maxims-caviar.com\\\/en\\\/?s={search_term_string}\"},\"query-input\":{\"@type\":\"PropertyValueSpecification\",\"valueRequired\":true,\"valueName\":\"search_term_string\"}}],\"inLanguage\":\"de-CH\"},{\"@type\":\"Organization\",\"@id\":\"https:\\\/\\\/maxims-caviar.com\\\/en\\\/#organization\",\"name\":\"Maxim&#039;s Caviar\",\"url\":\"https:\\\/\\\/maxims-caviar.com\\\/en\\\/\",\"logo\":{\"@type\":\"ImageObject\",\"inLanguage\":\"de-CH\",\"@id\":\"https:\\\/\\\/maxims-caviar.com\\\/en\\\/#\\\/schema\\\/logo\\\/image\\\/\",\"url\":\"https:\\\/\\\/maxims-caviar.com\\\/wp-content\\\/uploads\\\/2019\\\/07\\\/logo.png\",\"contentUrl\":\"https:\\\/\\\/maxims-caviar.com\\\/wp-content\\\/uploads\\\/2019\\\/07\\\/logo.png\",\"width\":470,\"height\":110,\"caption\":\"Maxim&#039;s Caviar\"},\"image\":{\"@id\":\"https:\\\/\\\/maxims-caviar.com\\\/en\\\/#\\\/schema\\\/logo\\\/image\\\/\"}}]}<\/script>\n<!-- \/ Yoast SEO plugin. -->","yoast_head_json":{"title":"Caviar Baeri 100g - Figaro - Maxim&#039;s Caviar","robots":{"index":"noindex","follow":"nofollow"},"og_locale":"de_DE","og_type":"article","og_title":"Caviar Baeri 100g - Figaro - Maxim&#039;s Caviar","og_description":"Caviar Maxim's de Paris vous propose des offres exclusives.  Le caviar Baeri est issu de l\u2019esturgeon sib\u00e9rien Acipenser Baeri, entre l\u2019\u00e2ge de 7 et 10 ans.  Son grain est de taille moyenne avec une texture fondante et une nuance de couleur allant du noir au gris clair. Il est finement iod\u00e9 avec des saveurs de beurre et de noisette.  La ma\u00eetrise du savoir-faire assure la d\u00e9licatesse, la persistance de son go\u00fbt et une qualit\u00e9 homog\u00e8ne dans chaque bo\u00eete. Le caviar Baeri pla\u00eet \u00e0 tous les palets, notamment aux novices qui d\u00e9couvrent la finesse que peut offrir un caviar.  Cette Offre contient :   1 boite de Caviar Baeri 100g  2 cuill\u00e8res en nacre","og_url":"https:\/\/maxims-caviar.com\/de_ch\/product-2\/caviar-baeri-100g-figaro\/","og_site_name":"Maxim&#039;s Caviar","article_modified_time":"2026-03-12T09:50:13+00:00","og_image":[{"width":1280,"height":1500,"url":"https:\/\/maxims-caviar.com\/wp-content\/uploads\/2020\/12\/caviar-baeri100-1.jpg","type":"image\/jpeg"}],"twitter_card":"summary_large_image","schema":{"@context":"https:\/\/schema.org","@graph":[{"@type":"WebPage","@id":"https:\/\/maxims-caviar.com\/produit\/caviar-baeri-100g-figaro\/","url":"https:\/\/maxims-caviar.com\/produit\/caviar-baeri-100g-figaro\/","name":"Caviar Baeri 100g - Figaro - Maxim&#039;s Caviar","isPartOf":{"@id":"https:\/\/maxims-caviar.com\/en\/#website"},"primaryImageOfPage":{"@id":"https:\/\/maxims-caviar.com\/produit\/caviar-baeri-100g-figaro\/#primaryimage"},"image":{"@id":"https:\/\/maxims-caviar.com\/produit\/caviar-baeri-100g-figaro\/#primaryimage"},"thumbnailUrl":"https:\/\/maxims-caviar.com\/wp-content\/uploads\/2020\/12\/caviar-baeri100-1.jpg","datePublished":"2023-11-16T16:13:58+00:00","dateModified":"2026-03-12T09:50:13+00:00","breadcrumb":{"@id":"https:\/\/maxims-caviar.com\/produit\/caviar-baeri-100g-figaro\/#breadcrumb"},"inLanguage":"de-CH","potentialAction":[{"@type":"ReadAction","target":["https:\/\/maxims-caviar.com\/produit\/caviar-baeri-100g-figaro\/"]}]},{"@type":"ImageObject","inLanguage":"de-CH","@id":"https:\/\/maxims-caviar.com\/produit\/caviar-baeri-100g-figaro\/#primaryimage","url":"https:\/\/maxims-caviar.com\/wp-content\/uploads\/2020\/12\/caviar-baeri100-1.jpg","contentUrl":"https:\/\/maxims-caviar.com\/wp-content\/uploads\/2020\/12\/caviar-baeri100-1.jpg","width":1280,"height":1500,"caption":"caviar baeri"},{"@type":"BreadcrumbList","@id":"https:\/\/maxims-caviar.com\/produit\/caviar-baeri-100g-figaro\/#breadcrumb","itemListElement":[{"@type":"ListItem","position":1,"name":"Accueil","item":"https:\/\/maxims-caviar.com\/"},{"@type":"ListItem","position":2,"name":"Boutique","item":"https:\/\/maxims-caviar.com\/boutique\/"},{"@type":"ListItem","position":3,"name":"Caviar Baeri 100g &#8211; Figaro"}]},{"@type":"WebSite","@id":"https:\/\/maxims-caviar.com\/en\/#website","url":"https:\/\/maxims-caviar.com\/en\/","name":"Maxim&#039;s Caviar","description":"L&#039;alliance de l&#039;Histoire et de la Modernit\u00e9","publisher":{"@id":"https:\/\/maxims-caviar.com\/en\/#organization"},"potentialAction":[{"@type":"SearchAction","target":{"@type":"EntryPoint","urlTemplate":"https:\/\/maxims-caviar.com\/en\/?s={search_term_string}"},"query-input":{"@type":"PropertyValueSpecification","valueRequired":true,"valueName":"search_term_string"}}],"inLanguage":"de-CH"},{"@type":"Organization","@id":"https:\/\/maxims-caviar.com\/en\/#organization","name":"Maxim&#039;s Caviar","url":"https:\/\/maxims-caviar.com\/en\/","logo":{"@type":"ImageObject","inLanguage":"de-CH","@id":"https:\/\/maxims-caviar.com\/en\/#\/schema\/logo\/image\/","url":"https:\/\/maxims-caviar.com\/wp-content\/uploads\/2019\/07\/logo.png","contentUrl":"https:\/\/maxims-caviar.com\/wp-content\/uploads\/2019\/07\/logo.png","width":470,"height":110,"caption":"Maxim&#039;s Caviar"},"image":{"@id":"https:\/\/maxims-caviar.com\/en\/#\/schema\/logo\/image\/"}}]}},"_links":{"self":[{"href":"https:\/\/maxims-caviar.com\/de_ch\/wp-json\/wp\/v2\/product\/49019","targetHints":{"allow":["GET"]}}],"collection":[{"href":"https:\/\/maxims-caviar.com\/de_ch\/wp-json\/wp\/v2\/product"}],"about":[{"href":"https:\/\/maxims-caviar.com\/de_ch\/wp-json\/wp\/v2\/types\/product"}],"version-history":[{"count":6,"href":"https:\/\/maxims-caviar.com\/de_ch\/wp-json\/wp\/v2\/product\/49019\/revisions"}],"predecessor-version":[{"id":52364,"href":"https:\/\/maxims-caviar.com\/de_ch\/wp-json\/wp\/v2\/product\/49019\/revisions\/52364"}],"wp:featuredmedia":[{"embeddable":true,"href":"https:\/\/maxims-caviar.com\/de_ch\/wp-json\/wp\/v2\/media\/49030"}],"wp:attachment":[{"href":"https:\/\/maxims-caviar.com\/de_ch\/wp-json\/wp\/v2\/media?parent=49019"}],"wp:term":[{"taxonomy":"product_brand","embeddable":true,"href":"https:\/\/maxims-caviar.com\/de_ch\/wp-json\/wp\/v2\/product_brand?post=49019"},{"taxonomy":"product_cat","embeddable":true,"href":"https:\/\/maxims-caviar.com\/de_ch\/wp-json\/wp\/v2\/product_cat?post=49019"},{"taxonomy":"product_tag","embeddable":true,"href":"https:\/\/maxims-caviar.com\/de_ch\/wp-json\/wp\/v2\/product_tag?post=49019"}],"curies":[{"name":"wp","href":"https:\/\/api.w.org\/{rel}","templated":true}]}}