{"id":87772,"date":"2025-11-12T16:28:54","date_gmt":"2025-11-12T15:28:54","guid":{"rendered":"https:\/\/maxims-caviar.com\/?post_type=product&#038;p=87772"},"modified":"2026-03-09T16:36:26","modified_gmt":"2026-03-09T15:36:26","slug":"vodka-maxims","status":"publish","type":"product","link":"https:\/\/maxims-caviar.com\/de_be\/produit\/vodka-maxims\/","title":{"rendered":"Vodka Maxim&rsquo;s"},"content":{"rendered":"<div data-elementor-type=\"wp-post\" data-elementor-id=\"87772\" class=\"elementor elementor-87772\">\n\t\t\t\t\t\t<section class=\"elementor-section elementor-top-section elementor-element elementor-element-b9b3a94 elementor-section-boxed elementor-section-height-default elementor-section-height-default\" data-id=\"b9b3a94\" data-element_type=\"section\" data-e-type=\"section\">\n\t\t\t\t\t\t<div class=\"elementor-container elementor-column-gap-default\">\n\t\t\t\t\t<div class=\"elementor-column elementor-col-100 elementor-top-column elementor-element elementor-element-9ea61d9\" data-id=\"9ea61d9\" data-element_type=\"column\" data-e-type=\"column\">\n\t\t\t<div class=\"elementor-widget-wrap elementor-element-populated\">\n\t\t\t\t\t\t<div class=\"elementor-element elementor-element-530aa92b elementor-widget elementor-widget-text-editor\" data-id=\"530aa92b\" data-element_type=\"widget\" data-e-type=\"widget\" data-widget_type=\"text-editor.default\">\n\t\t\t\t<div class=\"elementor-widget-container\">\n\t\t\t\t\t\t\t\t\t<p><strong>Tipps zur Verkostung<\/strong><\/p><p>\u00c0 d\u00e9guster tr\u00e8s fra\u00eeche, sans gla\u00e7on, cette vodka d\u00e9voile un nez d\u00e9licat de miel et de fleurs blanches, des accents beurr\u00e9s et une bouche d\u2019une grande douceur, soutenue par une finale longue et \u00e9quilibr\u00e9e.<br \/>Parfaite en accompagnement du caviar, des poissons fum\u00e9s ou des fruits de mer, elle s\u2019exprime aussi avec brio dans les cocktails les plus raffin\u00e9s.<\/p><p>Contenance : 20cl<br \/>Degr\u00e9 d&rsquo;alcool : 40%<br \/>Herkunft: Frankreich<\/p>\t\t\t\t\t\t\t\t<\/div>\n\t\t\t\t<\/div>\n\t\t\t\t\t<\/div>\n\t\t<\/div>\n\t\t\t\t\t<\/div>\n\t\t<\/section>\n\t\t\t\t<section class=\"elementor-section elementor-top-section elementor-element elementor-element-95cc4de elementor-section-content-middle elementor-section-boxed elementor-section-height-default elementor-section-height-default\" data-id=\"95cc4de\" data-element_type=\"section\" data-e-type=\"section\">\n\t\t\t\t\t\t<div class=\"elementor-container elementor-column-gap-wide\">\n\t\t\t\t\t<div class=\"elementor-column elementor-col-50 elementor-top-column elementor-element elementor-element-5b1680c\" data-id=\"5b1680c\" data-element_type=\"column\" data-e-type=\"column\">\n\t\t\t<div class=\"elementor-widget-wrap elementor-element-populated\">\n\t\t\t\t\t\t<div class=\"elementor-element elementor-element-5e56e6d3 animated-fast elementor-invisible elementor-widget elementor-widget-text-editor\" data-id=\"5e56e6d3\" data-element_type=\"widget\" data-e-type=\"widget\" data-settings=\"{&quot;_animation&quot;:&quot;fadeIn&quot;}\" data-widget_type=\"text-editor.default\">\n\t\t\t\t<div class=\"elementor-widget-container\">\n\t\t\t\t\t\t\t\t\t<h3>Inspiration culinaire : Sorbet citron, vodka et fleur de sel au caviar s\u00e9ch\u00e9<\/h3><p>Une exp\u00e9rience \u00e9l\u00e9gante et inoubliable.<\/p><p>\u00c0 la fois frais, surprenant et r\u00e9solument haut de gamme, ce sorbet citron, vodka et fleur de sel au caviar s\u00e9duit par son \u00e9quilibre subtil. C\u2019est une recette qui raconte le plaisir d\u2019oser, de m\u00ealer les univers, et d\u2019offrir \u00e0 ses convives un instant suspendu entre acidit\u00e9, finesse et pure gourmandise.<\/p>\t\t\t\t\t\t\t\t<\/div>\n\t\t\t\t<\/div>\n\t\t\t\t<div class=\"elementor-element elementor-element-732e806 elementor-widget elementor-widget-button\" data-id=\"732e806\" data-element_type=\"widget\" data-e-type=\"widget\" data-widget_type=\"button.default\">\n\t\t\t\t<div class=\"elementor-widget-container\">\n\t\t\t\t\t\t\t\t\t<div class=\"elementor-button-wrapper\">\n\t\t\t\t\t<a class=\"elementor-button elementor-button-link elementor-size-sm\" href=\"https:\/\/maxims-caviar.com\/de_be\/product-2\/fleur-de-sel-au-caviar-seche\/\">\n\t\t\t\t\t\t<span class=\"elementor-button-content-wrapper\">\n\t\t\t\t\t\t\t\t\t<span class=\"elementor-button-text\">D\u00e9couvrir la fleur de sel au caviar s\u00e9ch\u00e9<\/span>\n\t\t\t\t\t<\/span>\n\t\t\t\t\t<\/a>\n\t\t\t\t<\/div>\n\t\t\t\t\t\t\t\t<\/div>\n\t\t\t\t<\/div>\n\t\t\t\t\t<\/div>\n\t\t<\/div>\n\t\t\t\t<div class=\"elementor-column elementor-col-50 elementor-top-column elementor-element elementor-element-7914429f\" data-id=\"7914429f\" data-element_type=\"column\" data-e-type=\"column\">\n\t\t\t<div class=\"elementor-widget-wrap elementor-element-populated\">\n\t\t\t\t\t\t<div class=\"elementor-element elementor-element-524c858d animated-fast elementor-invisible elementor-widget elementor-widget-image\" data-id=\"524c858d\" data-element_type=\"widget\" data-e-type=\"widget\" data-settings=\"{&quot;_animation&quot;:&quot;fadeIn&quot;,&quot;_animation_delay&quot;:200}\" data-widget_type=\"image.default\">\n\t\t\t\t<div class=\"elementor-widget-container\">\n\t\t\t\t\t\t\t\t\t\t\t\t\t\t\t<img fetchpriority=\"high\" decoding=\"async\" width=\"683\" height=\"1024\" src=\"https:\/\/maxims-caviar.com\/wp-content\/uploads\/2025\/11\/web-sorbet-citron-vodka-fleur-de-sel-caviar-683x1024.jpg\" class=\"attachment-large size-large wp-image-88183\" alt=\"sorbet citron et vodka\" srcset=\"https:\/\/maxims-caviar.com\/wp-content\/uploads\/2025\/11\/web-sorbet-citron-vodka-fleur-de-sel-caviar-683x1024.jpg 683w, https:\/\/maxims-caviar.com\/wp-content\/uploads\/2025\/11\/web-sorbet-citron-vodka-fleur-de-sel-caviar-200x300.jpg 200w, https:\/\/maxims-caviar.com\/wp-content\/uploads\/2025\/11\/web-sorbet-citron-vodka-fleur-de-sel-caviar-768x1152.jpg 768w, https:\/\/maxims-caviar.com\/wp-content\/uploads\/2025\/11\/web-sorbet-citron-vodka-fleur-de-sel-caviar-8x12.jpg 8w, https:\/\/maxims-caviar.com\/wp-content\/uploads\/2025\/11\/web-sorbet-citron-vodka-fleur-de-sel-caviar-600x900.jpg 600w, https:\/\/maxims-caviar.com\/wp-content\/uploads\/2025\/11\/web-sorbet-citron-vodka-fleur-de-sel-caviar-100x150.jpg 100w, https:\/\/maxims-caviar.com\/wp-content\/uploads\/2025\/11\/web-sorbet-citron-vodka-fleur-de-sel-caviar.jpg 1024w\" sizes=\"(max-width: 683px) 100vw, 683px\" \/>\t\t\t\t\t\t\t\t\t\t\t\t\t\t\t<\/div>\n\t\t\t\t<\/div>\n\t\t\t\t\t<\/div>\n\t\t<\/div>\n\t\t\t\t\t<\/div>\n\t\t<\/section>\n\t\t\t\t<\/div>","protected":false},"excerpt":{"rendered":"<p>Dieser au\u00dfergew\u00f6hnliche Wodka wurde im Geiste der Innovation und Raffinesse kreiert, die Maxim's de Paris so sehr sch\u00e4tzt, und erfindet die Regeln der traditionellen Spirituosen neu.<br \/>\nDistill\u00e9e dans un alambic Stupfler, elle na\u00eet d\u2019une eau-de-vie de grains d\u2019une grande puret\u00e9, subtilement redistill\u00e9e avec des botaniques choisies pour r\u00e9v\u00e9ler toute sa rondeur et son \u00e9l\u00e9gance.<\/p>\n<p>En hommage \u00e0 la nature et au savoir-faire artisanal, cette cr\u00e9ation se distingue par une signature gourmande issue de la ruche : du pollen de ch\u00e2taignier r\u00e9colt\u00e9 \u00e0 la main et une note d\u00e9licate de miel de bruy\u00e8re callune viennent sublimer sa texture soyeuse.<br \/>\nLe r\u00e9sultat est une vodka aromatique, florale et g\u00e9n\u00e9reuse, \u00e0 la fois douce et pleine de caract\u00e8re \u2014 une exp\u00e9rience qui \u00e9voque la chaleur d\u2019une miellerie et la finesse d\u2019un nectar.<\/p>","protected":false},"featured_media":88116,"template":"","meta":{"_acf_changed":false},"product_brand":[],"product_cat":[154],"product_tag":[],"class_list":{"0":"post-87772","1":"product","2":"type-product","3":"status-publish","4":"has-post-thumbnail","6":"product_cat-vodka","8":"first","9":"instock","10":"taxable","11":"shipping-taxable","12":"purchasable","13":"product-type-simple"},"acf":[],"yoast_head":"<!-- This site is optimized with the Yoast SEO plugin v27.4 - https:\/\/yoast.com\/product\/yoast-seo-wordpress\/ -->\n<title>Vodka Maxim&#039;s - Maxim&#039;s Caviar<\/title>\n<meta name=\"description\" content=\"Cette vodka d\u2019exception na\u00eet d\u2019une eau-de-vie de grains d\u2019une grande puret\u00e9, subtilement redistill\u00e9e avec des botaniques choisies pour r\u00e9v\u00e9ler toute sa rondeur et son \u00e9l\u00e9gance\" \/>\n<meta name=\"robots\" content=\"index, follow, max-snippet:-1, max-image-preview:large, max-video-preview:-1\" \/>\n<link rel=\"canonical\" href=\"https:\/\/maxims-caviar.com\/de_be\/product-2\/vodka-maxims\/\" \/>\n<meta property=\"og:locale\" content=\"de_DE\" \/>\n<meta property=\"og:type\" content=\"article\" \/>\n<meta property=\"og:title\" content=\"Vodka Maxim&#039;s - Maxim&#039;s Caviar\" \/>\n<meta property=\"og:description\" content=\"Cette vodka d\u2019exception na\u00eet d\u2019une eau-de-vie de grains d\u2019une grande puret\u00e9, subtilement redistill\u00e9e avec des botaniques choisies pour r\u00e9v\u00e9ler toute sa rondeur et son \u00e9l\u00e9gance\" \/>\n<meta property=\"og:url\" content=\"https:\/\/maxims-caviar.com\/de_be\/product-2\/vodka-maxims\/\" \/>\n<meta property=\"og:site_name\" content=\"Maxim&#039;s Caviar\" \/>\n<meta property=\"article:modified_time\" content=\"2026-03-09T15:36:26+00:00\" \/>\n<meta property=\"og:image\" content=\"https:\/\/maxims-caviar.com\/wp-content\/uploads\/2025\/11\/vodka-maxims.png\" \/>\n\t<meta property=\"og:image:width\" content=\"800\" \/>\n\t<meta property=\"og:image:height\" content=\"800\" \/>\n\t<meta property=\"og:image:type\" content=\"image\/png\" \/>\n<meta name=\"twitter:card\" content=\"summary_large_image\" \/>\n<meta name=\"twitter:label1\" content=\"Est. reading time\" \/>\n\t<meta name=\"twitter:data1\" content=\"1 minute\" \/>\n<script type=\"application\/ld+json\" class=\"yoast-schema-graph\">{\"@context\":\"https:\\\/\\\/schema.org\",\"@graph\":[{\"@type\":\"WebPage\",\"@id\":\"https:\\\/\\\/maxims-caviar.com\\\/produit\\\/vodka-maxims\\\/\",\"url\":\"https:\\\/\\\/maxims-caviar.com\\\/produit\\\/vodka-maxims\\\/\",\"name\":\"Vodka Maxim's - Maxim&#039;s Caviar\",\"isPartOf\":{\"@id\":\"https:\\\/\\\/maxims-caviar.com\\\/en\\\/#website\"},\"primaryImageOfPage\":{\"@id\":\"https:\\\/\\\/maxims-caviar.com\\\/produit\\\/vodka-maxims\\\/#primaryimage\"},\"image\":{\"@id\":\"https:\\\/\\\/maxims-caviar.com\\\/produit\\\/vodka-maxims\\\/#primaryimage\"},\"thumbnailUrl\":\"https:\\\/\\\/maxims-caviar.com\\\/wp-content\\\/uploads\\\/2025\\\/11\\\/vodka-maxims.png\",\"datePublished\":\"2025-11-12T15:28:54+00:00\",\"dateModified\":\"2026-03-09T15:36:26+00:00\",\"description\":\"Cette vodka d\u2019exception na\u00eet d\u2019une eau-de-vie de grains d\u2019une grande puret\u00e9, subtilement redistill\u00e9e avec des botaniques choisies pour r\u00e9v\u00e9ler toute sa rondeur et son \u00e9l\u00e9gance\",\"breadcrumb\":{\"@id\":\"https:\\\/\\\/maxims-caviar.com\\\/produit\\\/vodka-maxims\\\/#breadcrumb\"},\"inLanguage\":\"de-BE\",\"potentialAction\":[{\"@type\":\"ReadAction\",\"target\":[\"https:\\\/\\\/maxims-caviar.com\\\/produit\\\/vodka-maxims\\\/\"]}]},{\"@type\":\"ImageObject\",\"inLanguage\":\"de-BE\",\"@id\":\"https:\\\/\\\/maxims-caviar.com\\\/produit\\\/vodka-maxims\\\/#primaryimage\",\"url\":\"https:\\\/\\\/maxims-caviar.com\\\/wp-content\\\/uploads\\\/2025\\\/11\\\/vodka-maxims.png\",\"contentUrl\":\"https:\\\/\\\/maxims-caviar.com\\\/wp-content\\\/uploads\\\/2025\\\/11\\\/vodka-maxims.png\",\"width\":800,\"height\":800,\"caption\":\"vodka\"},{\"@type\":\"BreadcrumbList\",\"@id\":\"https:\\\/\\\/maxims-caviar.com\\\/produit\\\/vodka-maxims\\\/#breadcrumb\",\"itemListElement\":[{\"@type\":\"ListItem\",\"position\":1,\"name\":\"Accueil\",\"item\":\"https:\\\/\\\/maxims-caviar.com\\\/\"},{\"@type\":\"ListItem\",\"position\":2,\"name\":\"Boutique\",\"item\":\"https:\\\/\\\/maxims-caviar.com\\\/boutique\\\/\"},{\"@type\":\"ListItem\",\"position\":3,\"name\":\"Vodka Maxim&rsquo;s\"}]},{\"@type\":\"WebSite\",\"@id\":\"https:\\\/\\\/maxims-caviar.com\\\/en\\\/#website\",\"url\":\"https:\\\/\\\/maxims-caviar.com\\\/en\\\/\",\"name\":\"Maxim&#039;s Caviar\",\"description\":\"L&#039;alliance de l&#039;Histoire et de la Modernit\u00e9\",\"publisher\":{\"@id\":\"https:\\\/\\\/maxims-caviar.com\\\/en\\\/#organization\"},\"potentialAction\":[{\"@type\":\"SearchAction\",\"target\":{\"@type\":\"EntryPoint\",\"urlTemplate\":\"https:\\\/\\\/maxims-caviar.com\\\/en\\\/?s={search_term_string}\"},\"query-input\":{\"@type\":\"PropertyValueSpecification\",\"valueRequired\":true,\"valueName\":\"search_term_string\"}}],\"inLanguage\":\"de-BE\"},{\"@type\":\"Organization\",\"@id\":\"https:\\\/\\\/maxims-caviar.com\\\/en\\\/#organization\",\"name\":\"Maxim&#039;s Caviar\",\"url\":\"https:\\\/\\\/maxims-caviar.com\\\/en\\\/\",\"logo\":{\"@type\":\"ImageObject\",\"inLanguage\":\"de-BE\",\"@id\":\"https:\\\/\\\/maxims-caviar.com\\\/en\\\/#\\\/schema\\\/logo\\\/image\\\/\",\"url\":\"https:\\\/\\\/maxims-caviar.com\\\/wp-content\\\/uploads\\\/2019\\\/07\\\/logo.png\",\"contentUrl\":\"https:\\\/\\\/maxims-caviar.com\\\/wp-content\\\/uploads\\\/2019\\\/07\\\/logo.png\",\"width\":470,\"height\":110,\"caption\":\"Maxim&#039;s Caviar\"},\"image\":{\"@id\":\"https:\\\/\\\/maxims-caviar.com\\\/en\\\/#\\\/schema\\\/logo\\\/image\\\/\"}}]}<\/script>\n<!-- \/ Yoast SEO plugin. -->","yoast_head_json":{"title":"Vodka Maxim's - Maxim&#039;s Caviar","description":"Cette vodka d\u2019exception na\u00eet d\u2019une eau-de-vie de grains d\u2019une grande puret\u00e9, subtilement redistill\u00e9e avec des botaniques choisies pour r\u00e9v\u00e9ler toute sa rondeur et son \u00e9l\u00e9gance","robots":{"index":"index","follow":"follow","max-snippet":"max-snippet:-1","max-image-preview":"max-image-preview:large","max-video-preview":"max-video-preview:-1"},"canonical":"https:\/\/maxims-caviar.com\/de_be\/product-2\/vodka-maxims\/","og_locale":"de_DE","og_type":"article","og_title":"Vodka Maxim's - Maxim&#039;s Caviar","og_description":"Cette vodka d\u2019exception na\u00eet d\u2019une eau-de-vie de grains d\u2019une grande puret\u00e9, subtilement redistill\u00e9e avec des botaniques choisies pour r\u00e9v\u00e9ler toute sa rondeur et son \u00e9l\u00e9gance","og_url":"https:\/\/maxims-caviar.com\/de_be\/product-2\/vodka-maxims\/","og_site_name":"Maxim&#039;s Caviar","article_modified_time":"2026-03-09T15:36:26+00:00","og_image":[{"width":800,"height":800,"url":"https:\/\/maxims-caviar.com\/wp-content\/uploads\/2025\/11\/vodka-maxims.png","type":"image\/png"}],"twitter_card":"summary_large_image","twitter_misc":{"Est. reading time":"1 minute"},"schema":{"@context":"https:\/\/schema.org","@graph":[{"@type":"WebPage","@id":"https:\/\/maxims-caviar.com\/produit\/vodka-maxims\/","url":"https:\/\/maxims-caviar.com\/produit\/vodka-maxims\/","name":"Vodka Maxim's - Maxim&#039;s Caviar","isPartOf":{"@id":"https:\/\/maxims-caviar.com\/en\/#website"},"primaryImageOfPage":{"@id":"https:\/\/maxims-caviar.com\/produit\/vodka-maxims\/#primaryimage"},"image":{"@id":"https:\/\/maxims-caviar.com\/produit\/vodka-maxims\/#primaryimage"},"thumbnailUrl":"https:\/\/maxims-caviar.com\/wp-content\/uploads\/2025\/11\/vodka-maxims.png","datePublished":"2025-11-12T15:28:54+00:00","dateModified":"2026-03-09T15:36:26+00:00","description":"Cette vodka d\u2019exception na\u00eet d\u2019une eau-de-vie de grains d\u2019une grande puret\u00e9, subtilement redistill\u00e9e avec des botaniques choisies pour r\u00e9v\u00e9ler toute sa rondeur et son \u00e9l\u00e9gance","breadcrumb":{"@id":"https:\/\/maxims-caviar.com\/produit\/vodka-maxims\/#breadcrumb"},"inLanguage":"de-BE","potentialAction":[{"@type":"ReadAction","target":["https:\/\/maxims-caviar.com\/produit\/vodka-maxims\/"]}]},{"@type":"ImageObject","inLanguage":"de-BE","@id":"https:\/\/maxims-caviar.com\/produit\/vodka-maxims\/#primaryimage","url":"https:\/\/maxims-caviar.com\/wp-content\/uploads\/2025\/11\/vodka-maxims.png","contentUrl":"https:\/\/maxims-caviar.com\/wp-content\/uploads\/2025\/11\/vodka-maxims.png","width":800,"height":800,"caption":"vodka"},{"@type":"BreadcrumbList","@id":"https:\/\/maxims-caviar.com\/produit\/vodka-maxims\/#breadcrumb","itemListElement":[{"@type":"ListItem","position":1,"name":"Accueil","item":"https:\/\/maxims-caviar.com\/"},{"@type":"ListItem","position":2,"name":"Boutique","item":"https:\/\/maxims-caviar.com\/boutique\/"},{"@type":"ListItem","position":3,"name":"Vodka Maxim&rsquo;s"}]},{"@type":"WebSite","@id":"https:\/\/maxims-caviar.com\/en\/#website","url":"https:\/\/maxims-caviar.com\/en\/","name":"Maxim&#039;s Caviar","description":"L&#039;alliance de l&#039;Histoire et de la Modernit\u00e9","publisher":{"@id":"https:\/\/maxims-caviar.com\/en\/#organization"},"potentialAction":[{"@type":"SearchAction","target":{"@type":"EntryPoint","urlTemplate":"https:\/\/maxims-caviar.com\/en\/?s={search_term_string}"},"query-input":{"@type":"PropertyValueSpecification","valueRequired":true,"valueName":"search_term_string"}}],"inLanguage":"de-BE"},{"@type":"Organization","@id":"https:\/\/maxims-caviar.com\/en\/#organization","name":"Maxim&#039;s Caviar","url":"https:\/\/maxims-caviar.com\/en\/","logo":{"@type":"ImageObject","inLanguage":"de-BE","@id":"https:\/\/maxims-caviar.com\/en\/#\/schema\/logo\/image\/","url":"https:\/\/maxims-caviar.com\/wp-content\/uploads\/2019\/07\/logo.png","contentUrl":"https:\/\/maxims-caviar.com\/wp-content\/uploads\/2019\/07\/logo.png","width":470,"height":110,"caption":"Maxim&#039;s Caviar"},"image":{"@id":"https:\/\/maxims-caviar.com\/en\/#\/schema\/logo\/image\/"}}]}},"_links":{"self":[{"href":"https:\/\/maxims-caviar.com\/de_be\/wp-json\/wp\/v2\/product\/87772","targetHints":{"allow":["GET"]}}],"collection":[{"href":"https:\/\/maxims-caviar.com\/de_be\/wp-json\/wp\/v2\/product"}],"about":[{"href":"https:\/\/maxims-caviar.com\/de_be\/wp-json\/wp\/v2\/types\/product"}],"version-history":[{"count":7,"href":"https:\/\/maxims-caviar.com\/de_be\/wp-json\/wp\/v2\/product\/87772\/revisions"}],"predecessor-version":[{"id":88206,"href":"https:\/\/maxims-caviar.com\/de_be\/wp-json\/wp\/v2\/product\/87772\/revisions\/88206"}],"wp:featuredmedia":[{"embeddable":true,"href":"https:\/\/maxims-caviar.com\/de_be\/wp-json\/wp\/v2\/media\/88116"}],"wp:attachment":[{"href":"https:\/\/maxims-caviar.com\/de_be\/wp-json\/wp\/v2\/media?parent=87772"}],"wp:term":[{"taxonomy":"product_brand","embeddable":true,"href":"https:\/\/maxims-caviar.com\/de_be\/wp-json\/wp\/v2\/product_brand?post=87772"},{"taxonomy":"product_cat","embeddable":true,"href":"https:\/\/maxims-caviar.com\/de_be\/wp-json\/wp\/v2\/product_cat?post=87772"},{"taxonomy":"product_tag","embeddable":true,"href":"https:\/\/maxims-caviar.com\/de_be\/wp-json\/wp\/v2\/product_tag?post=87772"}],"curies":[{"name":"wp","href":"https:\/\/api.w.org\/{rel}","templated":true}]}}