{"id":81916,"date":"2025-01-24T14:44:05","date_gmt":"2025-01-24T13:44:05","guid":{"rendered":"https:\/\/maxims-caviar.com\/?post_type=product&#038;p=81916"},"modified":"2026-03-12T11:04:01","modified_gmt":"2026-03-12T10:04:01","slug":"bougie-parfumee","status":"publish","type":"product","link":"https:\/\/maxims-caviar.com\/de_be\/produit\/bougie-parfumee\/","title":{"rendered":"Bougie parfum\u00e9e"},"content":{"rendered":"","protected":false},"excerpt":{"rendered":"<p>Transformez votre int\u00e9rieur en un havre de s\u00e9r\u00e9nit\u00e9 gr\u00e2ce \u00e0 notre bougie parfum\u00e9e au c\u00e8dre. Fabriqu\u00e9e avec soin, cette bougie associe qualit\u00e9 artisanale et senteurs envo\u00fbtantes pour une exp\u00e9rience olfactive unique.<\/p>\n<p>R\u00e9alis\u00e9e \u00e0 partir de cire 100% v\u00e9g\u00e9tale et naturelle, cette bougie parfum\u00e9e est respectueuse de l\u2019environnement et sans additifs chimiques pour offrir une combustion propre et saine. L\u2019odeur envo\u00fbtante du c\u00e8dre emplit votre espace d\u2019une chaleur r\u00e9confortante et d\u2019une authenticit\u00e9 rare. Chaque bougie est con\u00e7ue pour apporter une touche d\u2019\u00e9l\u00e9gance et de bien-\u00eatre \u00e0 votre int\u00e9rieur.<\/p>\n<ul>\n<li><strong>Notes de te\u0302te : <\/strong>Eucalyptus \/ Thym<\/li>\n<li><strong>Notes de coeur : <\/strong>Noix de muscade \/ Rose<\/li>\n<li><strong>Notes de fond : <\/strong>C\u00e8dre \/ Epic\u00e9e<\/li>\n<\/ul>\n<p>1. Lors de la premi\u00e8re utilisation, laissez la bougie br\u00fbler pendant 2 \u00e0 3 heures, jusqu\u2019\u00e0 ce que la surface soit totalement fondue. Cela permet d\u2019\u00e9viter la formation d\u2019un puits.<br \/>\n2. Taillez la m\u00e8che r\u00e9guli\u00e8rement pour qu\u2019elle mesure entre 3 et 5 mm, garantissant ainsi une flamme stable et une combustion homog\u00e8ne.<br \/>\n3. Avant d\u2019\u00e9teindre, veillez \u00e0 ce que la m\u00e8che soit bien droite et centr\u00e9e.<br \/>\n4. A\u00e9rez votre pi\u00e8ce apr\u00e8s utilisation pour profiter pleinement de la puret\u00e9 du parfum.<\/p>","protected":false},"featured_media":86545,"template":"","meta":{"_acf_changed":false},"product_brand":[],"product_cat":[15],"product_tag":[],"class_list":{"0":"post-81916","1":"product","2":"type-product","3":"status-publish","4":"has-post-thumbnail","6":"product_cat-uncategorized","8":"first","9":"instock","10":"taxable","11":"shipping-taxable","12":"purchasable","13":"product-type-simple"},"acf":[],"yoast_head":"<!-- This site is optimized with the Yoast SEO plugin v27.4 - https:\/\/yoast.com\/product\/yoast-seo-wordpress\/ -->\n<title>Bougie parfum\u00e9e - Maxim&#039;s Caviar<\/title>\n<meta name=\"description\" content=\"Transformez votre int\u00e9rieur en un havre de s\u00e9r\u00e9nit\u00e9 gr\u00e2ce \u00e0 notre bougie parfum\u00e9e au c\u00e8dre. Senteurs envo\u00fbtantes pour une exp\u00e9rience olfactive unique.\" \/>\n<meta name=\"robots\" content=\"noindex, nofollow\" \/>\n<meta property=\"og:locale\" content=\"de_DE\" \/>\n<meta property=\"og:type\" content=\"article\" \/>\n<meta property=\"og:title\" content=\"Bougie parfum\u00e9e - Maxim&#039;s Caviar\" \/>\n<meta property=\"og:description\" content=\"Transformez votre int\u00e9rieur en un havre de s\u00e9r\u00e9nit\u00e9 gr\u00e2ce \u00e0 notre bougie parfum\u00e9e au c\u00e8dre. Senteurs envo\u00fbtantes pour une exp\u00e9rience olfactive unique.\" \/>\n<meta property=\"og:url\" content=\"https:\/\/maxims-caviar.com\/de_be\/product-2\/bougie-parfumee\/\" \/>\n<meta property=\"og:site_name\" content=\"Maxim&#039;s Caviar\" \/>\n<meta property=\"article:modified_time\" content=\"2026-03-12T10:04:01+00:00\" \/>\n<meta property=\"og:image\" content=\"https:\/\/maxims-caviar.com\/wp-content\/uploads\/2025\/01\/bougie-maxims.jpg\" \/>\n\t<meta property=\"og:image:width\" content=\"1000\" \/>\n\t<meta property=\"og:image:height\" content=\"1000\" \/>\n\t<meta property=\"og:image:type\" content=\"image\/jpeg\" \/>\n<meta name=\"twitter:card\" content=\"summary_large_image\" \/>\n<script type=\"application\/ld+json\" class=\"yoast-schema-graph\">{\"@context\":\"https:\\\/\\\/schema.org\",\"@graph\":[{\"@type\":\"WebPage\",\"@id\":\"https:\\\/\\\/maxims-caviar.com\\\/produit\\\/bougie-parfumee\\\/\",\"url\":\"https:\\\/\\\/maxims-caviar.com\\\/produit\\\/bougie-parfumee\\\/\",\"name\":\"Bougie parfum\u00e9e - Maxim&#039;s Caviar\",\"isPartOf\":{\"@id\":\"https:\\\/\\\/maxims-caviar.com\\\/en\\\/#website\"},\"primaryImageOfPage\":{\"@id\":\"https:\\\/\\\/maxims-caviar.com\\\/produit\\\/bougie-parfumee\\\/#primaryimage\"},\"image\":{\"@id\":\"https:\\\/\\\/maxims-caviar.com\\\/produit\\\/bougie-parfumee\\\/#primaryimage\"},\"thumbnailUrl\":\"https:\\\/\\\/maxims-caviar.com\\\/wp-content\\\/uploads\\\/2025\\\/01\\\/bougie-maxims.jpg\",\"datePublished\":\"2025-01-24T13:44:05+00:00\",\"dateModified\":\"2026-03-12T10:04:01+00:00\",\"description\":\"Transformez votre int\u00e9rieur en un havre de s\u00e9r\u00e9nit\u00e9 gr\u00e2ce \u00e0 notre bougie parfum\u00e9e au c\u00e8dre. Senteurs envo\u00fbtantes pour une exp\u00e9rience olfactive unique.\",\"breadcrumb\":{\"@id\":\"https:\\\/\\\/maxims-caviar.com\\\/produit\\\/bougie-parfumee\\\/#breadcrumb\"},\"inLanguage\":\"de-BE\",\"potentialAction\":[{\"@type\":\"ReadAction\",\"target\":[\"https:\\\/\\\/maxims-caviar.com\\\/produit\\\/bougie-parfumee\\\/\"]}]},{\"@type\":\"ImageObject\",\"inLanguage\":\"de-BE\",\"@id\":\"https:\\\/\\\/maxims-caviar.com\\\/produit\\\/bougie-parfumee\\\/#primaryimage\",\"url\":\"https:\\\/\\\/maxims-caviar.com\\\/wp-content\\\/uploads\\\/2025\\\/01\\\/bougie-maxims.jpg\",\"contentUrl\":\"https:\\\/\\\/maxims-caviar.com\\\/wp-content\\\/uploads\\\/2025\\\/01\\\/bougie-maxims.jpg\",\"width\":1000,\"height\":1000,\"caption\":\"Bougie parfum\u00e9e\"},{\"@type\":\"BreadcrumbList\",\"@id\":\"https:\\\/\\\/maxims-caviar.com\\\/produit\\\/bougie-parfumee\\\/#breadcrumb\",\"itemListElement\":[{\"@type\":\"ListItem\",\"position\":1,\"name\":\"Accueil\",\"item\":\"https:\\\/\\\/maxims-caviar.com\\\/\"},{\"@type\":\"ListItem\",\"position\":2,\"name\":\"Boutique\",\"item\":\"https:\\\/\\\/maxims-caviar.com\\\/boutique\\\/\"},{\"@type\":\"ListItem\",\"position\":3,\"name\":\"Bougie parfum\u00e9e\"}]},{\"@type\":\"WebSite\",\"@id\":\"https:\\\/\\\/maxims-caviar.com\\\/en\\\/#website\",\"url\":\"https:\\\/\\\/maxims-caviar.com\\\/en\\\/\",\"name\":\"Maxim&#039;s Caviar\",\"description\":\"L&#039;alliance de l&#039;Histoire et de la Modernit\u00e9\",\"publisher\":{\"@id\":\"https:\\\/\\\/maxims-caviar.com\\\/en\\\/#organization\"},\"potentialAction\":[{\"@type\":\"SearchAction\",\"target\":{\"@type\":\"EntryPoint\",\"urlTemplate\":\"https:\\\/\\\/maxims-caviar.com\\\/en\\\/?s={search_term_string}\"},\"query-input\":{\"@type\":\"PropertyValueSpecification\",\"valueRequired\":true,\"valueName\":\"search_term_string\"}}],\"inLanguage\":\"de-BE\"},{\"@type\":\"Organization\",\"@id\":\"https:\\\/\\\/maxims-caviar.com\\\/en\\\/#organization\",\"name\":\"Maxim&#039;s Caviar\",\"url\":\"https:\\\/\\\/maxims-caviar.com\\\/en\\\/\",\"logo\":{\"@type\":\"ImageObject\",\"inLanguage\":\"de-BE\",\"@id\":\"https:\\\/\\\/maxims-caviar.com\\\/en\\\/#\\\/schema\\\/logo\\\/image\\\/\",\"url\":\"https:\\\/\\\/maxims-caviar.com\\\/wp-content\\\/uploads\\\/2019\\\/07\\\/logo.png\",\"contentUrl\":\"https:\\\/\\\/maxims-caviar.com\\\/wp-content\\\/uploads\\\/2019\\\/07\\\/logo.png\",\"width\":470,\"height\":110,\"caption\":\"Maxim&#039;s Caviar\"},\"image\":{\"@id\":\"https:\\\/\\\/maxims-caviar.com\\\/en\\\/#\\\/schema\\\/logo\\\/image\\\/\"}}]}<\/script>\n<!-- \/ Yoast SEO plugin. -->","yoast_head_json":{"title":"Bougie parfum\u00e9e - Maxim&#039;s Caviar","description":"Transformez votre int\u00e9rieur en un havre de s\u00e9r\u00e9nit\u00e9 gr\u00e2ce \u00e0 notre bougie parfum\u00e9e au c\u00e8dre. Senteurs envo\u00fbtantes pour une exp\u00e9rience olfactive unique.","robots":{"index":"noindex","follow":"nofollow"},"og_locale":"de_DE","og_type":"article","og_title":"Bougie parfum\u00e9e - Maxim&#039;s Caviar","og_description":"Transformez votre int\u00e9rieur en un havre de s\u00e9r\u00e9nit\u00e9 gr\u00e2ce \u00e0 notre bougie parfum\u00e9e au c\u00e8dre. Senteurs envo\u00fbtantes pour une exp\u00e9rience olfactive unique.","og_url":"https:\/\/maxims-caviar.com\/de_be\/product-2\/bougie-parfumee\/","og_site_name":"Maxim&#039;s Caviar","article_modified_time":"2026-03-12T10:04:01+00:00","og_image":[{"width":1000,"height":1000,"url":"https:\/\/maxims-caviar.com\/wp-content\/uploads\/2025\/01\/bougie-maxims.jpg","type":"image\/jpeg"}],"twitter_card":"summary_large_image","schema":{"@context":"https:\/\/schema.org","@graph":[{"@type":"WebPage","@id":"https:\/\/maxims-caviar.com\/produit\/bougie-parfumee\/","url":"https:\/\/maxims-caviar.com\/produit\/bougie-parfumee\/","name":"Bougie parfum\u00e9e - Maxim&#039;s Caviar","isPartOf":{"@id":"https:\/\/maxims-caviar.com\/en\/#website"},"primaryImageOfPage":{"@id":"https:\/\/maxims-caviar.com\/produit\/bougie-parfumee\/#primaryimage"},"image":{"@id":"https:\/\/maxims-caviar.com\/produit\/bougie-parfumee\/#primaryimage"},"thumbnailUrl":"https:\/\/maxims-caviar.com\/wp-content\/uploads\/2025\/01\/bougie-maxims.jpg","datePublished":"2025-01-24T13:44:05+00:00","dateModified":"2026-03-12T10:04:01+00:00","description":"Transformez votre int\u00e9rieur en un havre de s\u00e9r\u00e9nit\u00e9 gr\u00e2ce \u00e0 notre bougie parfum\u00e9e au c\u00e8dre. Senteurs envo\u00fbtantes pour une exp\u00e9rience olfactive unique.","breadcrumb":{"@id":"https:\/\/maxims-caviar.com\/produit\/bougie-parfumee\/#breadcrumb"},"inLanguage":"de-BE","potentialAction":[{"@type":"ReadAction","target":["https:\/\/maxims-caviar.com\/produit\/bougie-parfumee\/"]}]},{"@type":"ImageObject","inLanguage":"de-BE","@id":"https:\/\/maxims-caviar.com\/produit\/bougie-parfumee\/#primaryimage","url":"https:\/\/maxims-caviar.com\/wp-content\/uploads\/2025\/01\/bougie-maxims.jpg","contentUrl":"https:\/\/maxims-caviar.com\/wp-content\/uploads\/2025\/01\/bougie-maxims.jpg","width":1000,"height":1000,"caption":"Bougie parfum\u00e9e"},{"@type":"BreadcrumbList","@id":"https:\/\/maxims-caviar.com\/produit\/bougie-parfumee\/#breadcrumb","itemListElement":[{"@type":"ListItem","position":1,"name":"Accueil","item":"https:\/\/maxims-caviar.com\/"},{"@type":"ListItem","position":2,"name":"Boutique","item":"https:\/\/maxims-caviar.com\/boutique\/"},{"@type":"ListItem","position":3,"name":"Bougie parfum\u00e9e"}]},{"@type":"WebSite","@id":"https:\/\/maxims-caviar.com\/en\/#website","url":"https:\/\/maxims-caviar.com\/en\/","name":"Maxim&#039;s Caviar","description":"L&#039;alliance de l&#039;Histoire et de la Modernit\u00e9","publisher":{"@id":"https:\/\/maxims-caviar.com\/en\/#organization"},"potentialAction":[{"@type":"SearchAction","target":{"@type":"EntryPoint","urlTemplate":"https:\/\/maxims-caviar.com\/en\/?s={search_term_string}"},"query-input":{"@type":"PropertyValueSpecification","valueRequired":true,"valueName":"search_term_string"}}],"inLanguage":"de-BE"},{"@type":"Organization","@id":"https:\/\/maxims-caviar.com\/en\/#organization","name":"Maxim&#039;s Caviar","url":"https:\/\/maxims-caviar.com\/en\/","logo":{"@type":"ImageObject","inLanguage":"de-BE","@id":"https:\/\/maxims-caviar.com\/en\/#\/schema\/logo\/image\/","url":"https:\/\/maxims-caviar.com\/wp-content\/uploads\/2019\/07\/logo.png","contentUrl":"https:\/\/maxims-caviar.com\/wp-content\/uploads\/2019\/07\/logo.png","width":470,"height":110,"caption":"Maxim&#039;s Caviar"},"image":{"@id":"https:\/\/maxims-caviar.com\/en\/#\/schema\/logo\/image\/"}}]}},"_links":{"self":[{"href":"https:\/\/maxims-caviar.com\/de_be\/wp-json\/wp\/v2\/product\/81916","targetHints":{"allow":["GET"]}}],"collection":[{"href":"https:\/\/maxims-caviar.com\/de_be\/wp-json\/wp\/v2\/product"}],"about":[{"href":"https:\/\/maxims-caviar.com\/de_be\/wp-json\/wp\/v2\/types\/product"}],"version-history":[{"count":3,"href":"https:\/\/maxims-caviar.com\/de_be\/wp-json\/wp\/v2\/product\/81916\/revisions"}],"predecessor-version":[{"id":81925,"href":"https:\/\/maxims-caviar.com\/de_be\/wp-json\/wp\/v2\/product\/81916\/revisions\/81925"}],"wp:featuredmedia":[{"embeddable":true,"href":"https:\/\/maxims-caviar.com\/de_be\/wp-json\/wp\/v2\/media\/86545"}],"wp:attachment":[{"href":"https:\/\/maxims-caviar.com\/de_be\/wp-json\/wp\/v2\/media?parent=81916"}],"wp:term":[{"taxonomy":"product_brand","embeddable":true,"href":"https:\/\/maxims-caviar.com\/de_be\/wp-json\/wp\/v2\/product_brand?post=81916"},{"taxonomy":"product_cat","embeddable":true,"href":"https:\/\/maxims-caviar.com\/de_be\/wp-json\/wp\/v2\/product_cat?post=81916"},{"taxonomy":"product_tag","embeddable":true,"href":"https:\/\/maxims-caviar.com\/de_be\/wp-json\/wp\/v2\/product_tag?post=81916"}],"curies":[{"name":"wp","href":"https:\/\/api.w.org\/{rel}","templated":true}]}}