{"id":51485,"date":"2021-06-18T13:32:34","date_gmt":"2021-06-18T11:32:34","guid":{"rendered":"https:\/\/maxims-caviar.com\/?post_type=product&#038;p=51485"},"modified":"2026-04-15T12:15:13","modified_gmt":"2026-04-15T10:15:13","slug":"caviar-sevruga","status":"publish","type":"product","link":"https:\/\/maxims-caviar.com\/de_be\/produit\/caviar-sevruga\/","title":{"rendered":"Sevruga Kaviar"},"content":{"rendered":"<div data-elementor-type=\"wp-post\" data-elementor-id=\"51485\" class=\"elementor elementor-51485\">\n\t\t\t\t\t\t<section class=\"elementor-section elementor-top-section elementor-element elementor-element-4e76a87d elementor-section-content-middle elementor-section-boxed elementor-section-height-default elementor-section-height-default\" data-id=\"4e76a87d\" data-element_type=\"section\" data-e-type=\"section\">\n\t\t\t\t\t\t<div class=\"elementor-container elementor-column-gap-wide\">\n\t\t\t\t\t<div class=\"elementor-column elementor-col-50 elementor-top-column elementor-element elementor-element-2b55d65\" data-id=\"2b55d65\" data-element_type=\"column\" data-e-type=\"column\">\n\t\t\t<div class=\"elementor-widget-wrap elementor-element-populated\">\n\t\t\t\t\t\t<div class=\"elementor-element elementor-element-5808ea3 animated-fast elementor-invisible elementor-widget elementor-widget-text-editor\" data-id=\"5808ea3\" data-element_type=\"widget\" data-e-type=\"widget\" data-settings=\"{&quot;_animation&quot;:&quot;fadeIn&quot;}\" data-widget_type=\"text-editor.default\">\n\t\t\t\t<div class=\"elementor-widget-container\">\n\t\t\t\t\t\t\t\t\t<h3>Der St\u00f6r: Acipenser Stellatus<\/h3>\n<p>Heute in freier Wildbahn ausgestorben, ist er einer der seltensten Kaviare, die gez\u00fcchtet werden. Man muss bedenken, dass der Sevruga-Kaviar damals 60% der Wildproduktion im Kaspischen Meer entsprach.<\/p>\t\t\t\t\t\t\t\t<\/div>\n\t\t\t\t<\/div>\n\t\t\t\t\t<\/div>\n\t\t<\/div>\n\t\t\t\t<div class=\"elementor-column elementor-col-50 elementor-top-column elementor-element elementor-element-126dd5be\" data-id=\"126dd5be\" data-element_type=\"column\" data-e-type=\"column\">\n\t\t\t<div class=\"elementor-widget-wrap elementor-element-populated\">\n\t\t\t\t\t\t<div class=\"elementor-element elementor-element-7202c01b animated-fast elementor-invisible elementor-widget elementor-widget-image\" data-id=\"7202c01b\" data-element_type=\"widget\" data-e-type=\"widget\" data-settings=\"{&quot;_animation&quot;:&quot;fadeIn&quot;,&quot;_animation_delay&quot;:200}\" data-widget_type=\"image.default\">\n\t\t\t\t<div class=\"elementor-widget-container\">\n\t\t\t\t\t\t\t\t\t\t\t\t\t\t\t<img fetchpriority=\"high\" decoding=\"async\" width=\"520\" height=\"370\" src=\"https:\/\/maxims-caviar.com\/wp-content\/uploads\/2018\/05\/esturgeon.jpg\" class=\"attachment-large size-large wp-image-6607\" alt=\"esturgeon\" srcset=\"https:\/\/maxims-caviar.com\/wp-content\/uploads\/2018\/05\/esturgeon.jpg 520w, https:\/\/maxims-caviar.com\/wp-content\/uploads\/2018\/05\/esturgeon-300x213.jpg 300w, https:\/\/maxims-caviar.com\/wp-content\/uploads\/2018\/05\/esturgeon-150x107.jpg 150w\" sizes=\"(max-width: 520px) 100vw, 520px\" \/>\t\t\t\t\t\t\t\t\t\t\t\t\t\t\t<\/div>\n\t\t\t\t<\/div>\n\t\t\t\t\t<\/div>\n\t\t<\/div>\n\t\t\t\t\t<\/div>\n\t\t<\/section>\n\t\t\t\t<section class=\"elementor-section elementor-top-section elementor-element elementor-element-44b6687c elementor-section-content-middle elementor-section-boxed elementor-section-height-default elementor-section-height-default\" data-id=\"44b6687c\" data-element_type=\"section\" data-e-type=\"section\">\n\t\t\t\t\t\t<div class=\"elementor-container elementor-column-gap-wide\">\n\t\t\t\t\t<div class=\"elementor-column elementor-col-50 elementor-top-column elementor-element elementor-element-d51b5e7\" data-id=\"d51b5e7\" data-element_type=\"column\" data-e-type=\"column\">\n\t\t\t<div class=\"elementor-widget-wrap elementor-element-populated\">\n\t\t\t\t\t\t<div class=\"elementor-element elementor-element-7c589803 animated-fast elementor-invisible elementor-widget elementor-widget-image\" data-id=\"7c589803\" data-element_type=\"widget\" data-e-type=\"widget\" data-settings=\"{&quot;_animation&quot;:&quot;fadeIn&quot;,&quot;_animation_delay&quot;:200}\" data-widget_type=\"image.default\">\n\t\t\t\t<div class=\"elementor-widget-container\">\n\t\t\t\t\t\t\t\t\t\t\t\t\t\t\t<img decoding=\"async\" width=\"520\" height=\"370\" src=\"https:\/\/maxims-caviar.com\/wp-content\/uploads\/2018\/05\/degustation.jpg\" class=\"attachment-large size-large wp-image-6609\" alt=\"d\u00e9gustation de caviar\" srcset=\"https:\/\/maxims-caviar.com\/wp-content\/uploads\/2018\/05\/degustation.jpg 520w, https:\/\/maxims-caviar.com\/wp-content\/uploads\/2018\/05\/degustation-300x213.jpg 300w, https:\/\/maxims-caviar.com\/wp-content\/uploads\/2018\/05\/degustation-150x107.jpg 150w\" sizes=\"(max-width: 520px) 100vw, 520px\" \/>\t\t\t\t\t\t\t\t\t\t\t\t\t\t\t<\/div>\n\t\t\t\t<\/div>\n\t\t\t\t\t<\/div>\n\t\t<\/div>\n\t\t\t\t<div class=\"elementor-column elementor-col-50 elementor-top-column elementor-element elementor-element-2641aead\" data-id=\"2641aead\" data-element_type=\"column\" data-e-type=\"column\">\n\t\t\t<div class=\"elementor-widget-wrap elementor-element-populated\">\n\t\t\t\t\t\t<div class=\"elementor-element elementor-element-3edb04e0 animated-fast elementor-invisible elementor-widget elementor-widget-text-editor\" data-id=\"3edb04e0\" data-element_type=\"widget\" data-e-type=\"widget\" data-settings=\"{&quot;_animation&quot;:&quot;fadeIn&quot;}\" data-widget_type=\"text-editor.default\">\n\t\t\t\t<div class=\"elementor-widget-container\">\n\t\t\t\t\t\t\t\t\t<h3>Tipps zur Verkostung<\/h3><p style=\"margin-bottom: 1.41575em; letter-spacing: normal;\">Um den Kaviar zu servieren, empfehlen wir, die Kaviardose 5 Minuten vor dem Servieren aus dem K\u00fchlschrank zu nehmen. Stellen Sie sie auf Eis, um den Kaviar beim Verzehr frisch zu halten. Verwenden Sie einen Perlmuttl\u00f6ffel, um die K\u00f6rner zu erhalten und Oxidation zu vermeiden.<\/p>\t\t\t\t\t\t\t\t<\/div>\n\t\t\t\t<\/div>\n\t\t\t\t\t<\/div>\n\t\t<\/div>\n\t\t\t\t\t<\/div>\n\t\t<\/section>\n\t\t\t\t<section class=\"elementor-section elementor-top-section elementor-element elementor-element-879306c elementor-section-boxed elementor-section-height-default elementor-section-height-default\" data-id=\"879306c\" data-element_type=\"section\" data-e-type=\"section\">\n\t\t\t\t\t\t<div class=\"elementor-container elementor-column-gap-default\">\n\t\t\t\t\t<div class=\"elementor-column elementor-col-100 elementor-top-column elementor-element elementor-element-c01c409\" data-id=\"c01c409\" data-element_type=\"column\" data-e-type=\"column\">\n\t\t\t<div class=\"elementor-widget-wrap elementor-element-populated\">\n\t\t\t\t\t\t<div class=\"elementor-element elementor-element-2bafe3f elementor-widget elementor-widget-text-editor\" data-id=\"2bafe3f\" data-element_type=\"widget\" data-e-type=\"widget\" data-widget_type=\"text-editor.default\">\n\t\t\t\t<div class=\"elementor-widget-container\">\n\t\t\t\t\t\t\t\t\t<p>Herkunft: Europa<br \/>MHD: 2 Monate<br \/>Aufbewahrung: Im K\u00fchlschrank zwischen 0 und 4 \u00b0C. Nach dem \u00d6ffnen innerhalb von 48 Stunden verbrauchen.<br \/>Zutaten: Eier des St\u00f6rs (Acipenser Stellatus), Salz, E285<br \/>Allergene : Fisch<\/p>\t\t\t\t\t\t\t\t<\/div>\n\t\t\t\t<\/div>\n\t\t\t\t\t<\/div>\n\t\t<\/div>\n\t\t\t\t\t<\/div>\n\t\t<\/section>\n\t\t\t\t<\/div>","protected":false},"excerpt":{"rendered":"<p>Der Sevruga-Kaviar, der heute in freier Wildbahn ausgestorben ist, geh\u00f6rt mittlerweile zu den seltensten Kaviarsorten, die gez\u00fcchtet werden. Fr\u00fcher machte er etwa 60 % der Wildproduktion im Kaspischen Meer aus.<\/p>\n<h2>S\u00e9vruga-Kaviar, eine Beschw\u00f6rung des wilden Kaviars<\/h2>\n<p>Sevruga-Kaviar zeichnet sich durch seine kr\u00e4ftigen Noten und seinen ausgepr\u00e4gten Jodgeschmack aus. Seine zarten, kleinen K\u00f6rner sind von anthrazitfarbener Farbe. Diese Besonderheit verleiht ihm eine einzigartige und wiedererkennbare visuelle Identit\u00e4t. Kaviarliebhaber sch\u00e4tzen den Sevruga besonders wegen seines intensiven und charakteristischen Geschmacks, der an die Meeresaromen seiner Herkunft erinnert.<\/p>\n<p>Verbraucher, die sich nach wildem Kaviar sehnen, finden in Sevruga ein Produkt, das an die au\u00dfergew\u00f6hnlichen Qualit\u00e4ten von Kaviar aus fr\u00fcheren Zeiten erinnert.<\/p>\n<p>Mehr erfahren : <span style=\"color: #8c0d0d;\"><a style=\"color: #8c0d0d;\" href=\"https:\/\/maxims-caviar.com\/de_be\/quest-ce-que-la-boite-origine-de-caviar\/\">Qu&rsquo;est-ce que la Bo\u00eete Origine (BO) ?<\/a><\/span><\/p>","protected":false},"featured_media":51523,"template":"","meta":{"_acf_changed":false},"product_brand":[],"product_cat":[36],"product_tag":[],"class_list":{"0":"post-51485","1":"product","2":"type-product","3":"status-publish","4":"has-post-thumbnail","6":"product_cat-caviars","7":"product_shipping_class-fresh-product","9":"first","10":"instock","11":"taxable","12":"shipping-taxable","13":"purchasable","14":"product-type-variable","15":"has-default-attributes"},"acf":[],"yoast_head":"<!-- This site is optimized with the Yoast SEO plugin v27.4 - https:\/\/yoast.com\/product\/yoast-seo-wordpress\/ -->\n<title>Caviar Sevruga - Maxim&#039;s Caviar<\/title>\n<meta name=\"description\" content=\"Le caviar Sevruga se distingue par ses notes puissantes, ses grains d\u00e9licats et de petite taille. Une \u00e9vocation du caviar sauvage \u00e0 prix r\u00e9duit !\" \/>\n<meta name=\"robots\" content=\"index, follow, max-snippet:-1, max-image-preview:large, max-video-preview:-1\" \/>\n<link rel=\"canonical\" href=\"https:\/\/maxims-caviar.com\/de_be\/product-2\/caviar-sevruga\/\" \/>\n<meta property=\"og:locale\" content=\"de_DE\" \/>\n<meta property=\"og:type\" content=\"article\" \/>\n<meta property=\"og:title\" content=\"Caviar Sevruga - Maxim&#039;s Caviar\" \/>\n<meta property=\"og:description\" content=\"Le caviar Sevruga se distingue par ses notes puissantes, ses grains d\u00e9licats et de petite taille. Une \u00e9vocation du caviar sauvage \u00e0 prix r\u00e9duit !\" \/>\n<meta property=\"og:url\" content=\"https:\/\/maxims-caviar.com\/de_be\/product-2\/caviar-sevruga\/\" \/>\n<meta property=\"og:site_name\" content=\"Maxim&#039;s Caviar\" \/>\n<meta property=\"article:modified_time\" content=\"2026-04-15T10:15:13+00:00\" \/>\n<meta property=\"og:image\" content=\"https:\/\/maxims-caviar.com\/wp-content\/uploads\/2021\/06\/maw-sevruga.png\" \/>\n\t<meta property=\"og:image:width\" content=\"1000\" \/>\n\t<meta property=\"og:image:height\" content=\"1000\" \/>\n\t<meta property=\"og:image:type\" content=\"image\/png\" \/>\n<meta name=\"twitter:card\" content=\"summary_large_image\" \/>\n<meta name=\"twitter:label1\" content=\"Est. reading time\" \/>\n\t<meta name=\"twitter:data1\" content=\"1 minute\" \/>\n<script type=\"application\/ld+json\" class=\"yoast-schema-graph\">{\"@context\":\"https:\\\/\\\/schema.org\",\"@graph\":[{\"@type\":\"WebPage\",\"@id\":\"https:\\\/\\\/maxims-caviar.com\\\/produit\\\/caviar-sevruga\\\/\",\"url\":\"https:\\\/\\\/maxims-caviar.com\\\/produit\\\/caviar-sevruga\\\/\",\"name\":\"Caviar Sevruga - Maxim&#039;s Caviar\",\"isPartOf\":{\"@id\":\"https:\\\/\\\/maxims-caviar.com\\\/en\\\/#website\"},\"primaryImageOfPage\":{\"@id\":\"https:\\\/\\\/maxims-caviar.com\\\/produit\\\/caviar-sevruga\\\/#primaryimage\"},\"image\":{\"@id\":\"https:\\\/\\\/maxims-caviar.com\\\/produit\\\/caviar-sevruga\\\/#primaryimage\"},\"thumbnailUrl\":\"https:\\\/\\\/maxims-caviar.com\\\/wp-content\\\/uploads\\\/2021\\\/06\\\/maw-sevruga.png\",\"datePublished\":\"2021-06-18T11:32:34+00:00\",\"dateModified\":\"2026-04-15T10:15:13+00:00\",\"description\":\"Le caviar Sevruga se distingue par ses notes puissantes, ses grains d\u00e9licats et de petite taille. Une \u00e9vocation du caviar sauvage \u00e0 prix r\u00e9duit !\",\"breadcrumb\":{\"@id\":\"https:\\\/\\\/maxims-caviar.com\\\/produit\\\/caviar-sevruga\\\/#breadcrumb\"},\"inLanguage\":\"de-BE\",\"potentialAction\":[{\"@type\":\"ReadAction\",\"target\":[\"https:\\\/\\\/maxims-caviar.com\\\/produit\\\/caviar-sevruga\\\/\"]}]},{\"@type\":\"ImageObject\",\"inLanguage\":\"de-BE\",\"@id\":\"https:\\\/\\\/maxims-caviar.com\\\/produit\\\/caviar-sevruga\\\/#primaryimage\",\"url\":\"https:\\\/\\\/maxims-caviar.com\\\/wp-content\\\/uploads\\\/2021\\\/06\\\/maw-sevruga.png\",\"contentUrl\":\"https:\\\/\\\/maxims-caviar.com\\\/wp-content\\\/uploads\\\/2021\\\/06\\\/maw-sevruga.png\",\"width\":1000,\"height\":1000,\"caption\":\"caviar sevruga\"},{\"@type\":\"BreadcrumbList\",\"@id\":\"https:\\\/\\\/maxims-caviar.com\\\/produit\\\/caviar-sevruga\\\/#breadcrumb\",\"itemListElement\":[{\"@type\":\"ListItem\",\"position\":1,\"name\":\"Accueil\",\"item\":\"https:\\\/\\\/maxims-caviar.com\\\/\"},{\"@type\":\"ListItem\",\"position\":2,\"name\":\"Boutique\",\"item\":\"https:\\\/\\\/maxims-caviar.com\\\/boutique\\\/\"},{\"@type\":\"ListItem\",\"position\":3,\"name\":\"Caviar Sevruga\"}]},{\"@type\":\"WebSite\",\"@id\":\"https:\\\/\\\/maxims-caviar.com\\\/en\\\/#website\",\"url\":\"https:\\\/\\\/maxims-caviar.com\\\/en\\\/\",\"name\":\"Maxim&#039;s Caviar\",\"description\":\"L&#039;alliance de l&#039;Histoire et de la Modernit\u00e9\",\"publisher\":{\"@id\":\"https:\\\/\\\/maxims-caviar.com\\\/en\\\/#organization\"},\"potentialAction\":[{\"@type\":\"SearchAction\",\"target\":{\"@type\":\"EntryPoint\",\"urlTemplate\":\"https:\\\/\\\/maxims-caviar.com\\\/en\\\/?s={search_term_string}\"},\"query-input\":{\"@type\":\"PropertyValueSpecification\",\"valueRequired\":true,\"valueName\":\"search_term_string\"}}],\"inLanguage\":\"de-BE\"},{\"@type\":\"Organization\",\"@id\":\"https:\\\/\\\/maxims-caviar.com\\\/en\\\/#organization\",\"name\":\"Maxim&#039;s Caviar\",\"url\":\"https:\\\/\\\/maxims-caviar.com\\\/en\\\/\",\"logo\":{\"@type\":\"ImageObject\",\"inLanguage\":\"de-BE\",\"@id\":\"https:\\\/\\\/maxims-caviar.com\\\/en\\\/#\\\/schema\\\/logo\\\/image\\\/\",\"url\":\"https:\\\/\\\/maxims-caviar.com\\\/wp-content\\\/uploads\\\/2019\\\/07\\\/logo.png\",\"contentUrl\":\"https:\\\/\\\/maxims-caviar.com\\\/wp-content\\\/uploads\\\/2019\\\/07\\\/logo.png\",\"width\":470,\"height\":110,\"caption\":\"Maxim&#039;s Caviar\"},\"image\":{\"@id\":\"https:\\\/\\\/maxims-caviar.com\\\/en\\\/#\\\/schema\\\/logo\\\/image\\\/\"}}]}<\/script>\n<!-- \/ Yoast SEO plugin. -->","yoast_head_json":{"title":"Caviar Sevruga - Maxim&#039;s Caviar","description":"Le caviar Sevruga se distingue par ses notes puissantes, ses grains d\u00e9licats et de petite taille. Une \u00e9vocation du caviar sauvage \u00e0 prix r\u00e9duit !","robots":{"index":"index","follow":"follow","max-snippet":"max-snippet:-1","max-image-preview":"max-image-preview:large","max-video-preview":"max-video-preview:-1"},"canonical":"https:\/\/maxims-caviar.com\/de_be\/product-2\/caviar-sevruga\/","og_locale":"de_DE","og_type":"article","og_title":"Caviar Sevruga - Maxim&#039;s Caviar","og_description":"Le caviar Sevruga se distingue par ses notes puissantes, ses grains d\u00e9licats et de petite taille. Une \u00e9vocation du caviar sauvage \u00e0 prix r\u00e9duit !","og_url":"https:\/\/maxims-caviar.com\/de_be\/product-2\/caviar-sevruga\/","og_site_name":"Maxim&#039;s Caviar","article_modified_time":"2026-04-15T10:15:13+00:00","og_image":[{"width":1000,"height":1000,"url":"https:\/\/maxims-caviar.com\/wp-content\/uploads\/2021\/06\/maw-sevruga.png","type":"image\/png"}],"twitter_card":"summary_large_image","twitter_misc":{"Est. reading time":"1 minute"},"schema":{"@context":"https:\/\/schema.org","@graph":[{"@type":"WebPage","@id":"https:\/\/maxims-caviar.com\/produit\/caviar-sevruga\/","url":"https:\/\/maxims-caviar.com\/produit\/caviar-sevruga\/","name":"Caviar Sevruga - Maxim&#039;s Caviar","isPartOf":{"@id":"https:\/\/maxims-caviar.com\/en\/#website"},"primaryImageOfPage":{"@id":"https:\/\/maxims-caviar.com\/produit\/caviar-sevruga\/#primaryimage"},"image":{"@id":"https:\/\/maxims-caviar.com\/produit\/caviar-sevruga\/#primaryimage"},"thumbnailUrl":"https:\/\/maxims-caviar.com\/wp-content\/uploads\/2021\/06\/maw-sevruga.png","datePublished":"2021-06-18T11:32:34+00:00","dateModified":"2026-04-15T10:15:13+00:00","description":"Le caviar Sevruga se distingue par ses notes puissantes, ses grains d\u00e9licats et de petite taille. Une \u00e9vocation du caviar sauvage \u00e0 prix r\u00e9duit !","breadcrumb":{"@id":"https:\/\/maxims-caviar.com\/produit\/caviar-sevruga\/#breadcrumb"},"inLanguage":"de-BE","potentialAction":[{"@type":"ReadAction","target":["https:\/\/maxims-caviar.com\/produit\/caviar-sevruga\/"]}]},{"@type":"ImageObject","inLanguage":"de-BE","@id":"https:\/\/maxims-caviar.com\/produit\/caviar-sevruga\/#primaryimage","url":"https:\/\/maxims-caviar.com\/wp-content\/uploads\/2021\/06\/maw-sevruga.png","contentUrl":"https:\/\/maxims-caviar.com\/wp-content\/uploads\/2021\/06\/maw-sevruga.png","width":1000,"height":1000,"caption":"caviar sevruga"},{"@type":"BreadcrumbList","@id":"https:\/\/maxims-caviar.com\/produit\/caviar-sevruga\/#breadcrumb","itemListElement":[{"@type":"ListItem","position":1,"name":"Accueil","item":"https:\/\/maxims-caviar.com\/"},{"@type":"ListItem","position":2,"name":"Boutique","item":"https:\/\/maxims-caviar.com\/boutique\/"},{"@type":"ListItem","position":3,"name":"Caviar Sevruga"}]},{"@type":"WebSite","@id":"https:\/\/maxims-caviar.com\/en\/#website","url":"https:\/\/maxims-caviar.com\/en\/","name":"Maxim&#039;s Caviar","description":"L&#039;alliance de l&#039;Histoire et de la Modernit\u00e9","publisher":{"@id":"https:\/\/maxims-caviar.com\/en\/#organization"},"potentialAction":[{"@type":"SearchAction","target":{"@type":"EntryPoint","urlTemplate":"https:\/\/maxims-caviar.com\/en\/?s={search_term_string}"},"query-input":{"@type":"PropertyValueSpecification","valueRequired":true,"valueName":"search_term_string"}}],"inLanguage":"de-BE"},{"@type":"Organization","@id":"https:\/\/maxims-caviar.com\/en\/#organization","name":"Maxim&#039;s Caviar","url":"https:\/\/maxims-caviar.com\/en\/","logo":{"@type":"ImageObject","inLanguage":"de-BE","@id":"https:\/\/maxims-caviar.com\/en\/#\/schema\/logo\/image\/","url":"https:\/\/maxims-caviar.com\/wp-content\/uploads\/2019\/07\/logo.png","contentUrl":"https:\/\/maxims-caviar.com\/wp-content\/uploads\/2019\/07\/logo.png","width":470,"height":110,"caption":"Maxim&#039;s Caviar"},"image":{"@id":"https:\/\/maxims-caviar.com\/en\/#\/schema\/logo\/image\/"}}]}},"_links":{"self":[{"href":"https:\/\/maxims-caviar.com\/de_be\/wp-json\/wp\/v2\/product\/51485","targetHints":{"allow":["GET"]}}],"collection":[{"href":"https:\/\/maxims-caviar.com\/de_be\/wp-json\/wp\/v2\/product"}],"about":[{"href":"https:\/\/maxims-caviar.com\/de_be\/wp-json\/wp\/v2\/types\/product"}],"version-history":[{"count":28,"href":"https:\/\/maxims-caviar.com\/de_be\/wp-json\/wp\/v2\/product\/51485\/revisions"}],"predecessor-version":[{"id":87470,"href":"https:\/\/maxims-caviar.com\/de_be\/wp-json\/wp\/v2\/product\/51485\/revisions\/87470"}],"wp:featuredmedia":[{"embeddable":true,"href":"https:\/\/maxims-caviar.com\/de_be\/wp-json\/wp\/v2\/media\/51523"}],"wp:attachment":[{"href":"https:\/\/maxims-caviar.com\/de_be\/wp-json\/wp\/v2\/media?parent=51485"}],"wp:term":[{"taxonomy":"product_brand","embeddable":true,"href":"https:\/\/maxims-caviar.com\/de_be\/wp-json\/wp\/v2\/product_brand?post=51485"},{"taxonomy":"product_cat","embeddable":true,"href":"https:\/\/maxims-caviar.com\/de_be\/wp-json\/wp\/v2\/product_cat?post=51485"},{"taxonomy":"product_tag","embeddable":true,"href":"https:\/\/maxims-caviar.com\/de_be\/wp-json\/wp\/v2\/product_tag?post=51485"}],"curies":[{"name":"wp","href":"https:\/\/api.w.org\/{rel}","templated":true}]}}