{"id":10579,"date":"2024-09-12T10:35:05","date_gmt":"2024-09-12T08:35:05","guid":{"rendered":"https:\/\/maxims-caviar.com\/?post_type=product&#038;p=10579"},"modified":"2026-03-12T11:02:51","modified_gmt":"2026-03-12T10:02:51","slug":"caviar-baeri-very-chic-500g","status":"publish","type":"product","link":"https:\/\/maxims-caviar.com\/de_be\/produit\/caviar-baeri-very-chic-500g\/","title":{"rendered":"Caviar Baeri VeryChic 500g"},"content":{"rendered":"<p><a href=\"https:\/\/maxims-caviar.com\/de_be\/conseils\/\">Tipps zur Verkostung<\/a><br \/>\n<a href=\"https:\/\/maxims-caviar.com\/de_be\/recettes\/\">Suggestions de recettes<\/a><\/p>\n<p>Ingredients : Oeufs d&rsquo;esturgeon (Acipenser baeri), sel, E285<br \/>\nConservation : Conserver au r\u00e9frig\u00e9rateur entre 0\u00b0C et 4 \u00b0C<br \/>\nMHD: 2 Monate<br \/>\nDisponible en : 500g<br \/>\nHerkunft: Frankreich<\/p>","protected":false},"excerpt":{"rendered":"<p><strong>Caviar Maxim\u2019s et VeryChic s\u2019associent pour vous proposer des offres exclusives.<\/strong><\/p>\n<p>Baeri Kaviar wird vom Sibirischen St\u00f6r Acipenser Baeri im Alter von 7 bis 10 Jahren gewonnen.<\/p>\n<p>Son grain est de taille moyenne avec une texture fondante et une nuance de couleur allant du noir au gris clair. Il est finement iod\u00e9 avec des saveurs de beurre et de noisette.<\/p>\n<p>Die Beherrschung des Know-hows gew\u00e4hrleistet die Zartheit, den anhaltenden Geschmack und eine einheitliche Qualit\u00e4t in jeder Dose. Baeri Kaviar schmeckt allen Paletten, insbesondere Neulingen, die entdecken, welche Finesse ein Kaviar bieten kann.<\/p>","protected":false},"featured_media":69393,"template":"","meta":{"_acf_changed":false},"product_brand":[],"product_cat":[83],"product_tag":[],"class_list":{"0":"post-10579","1":"product","2":"type-product","3":"status-publish","4":"has-post-thumbnail","6":"product_cat-offre-speciale-very-chic","7":"product_shipping_class-fresh-product","9":"first","10":"outofstock","11":"sale","12":"taxable","13":"shipping-taxable","14":"purchasable","15":"product-type-simple"},"acf":[],"yoast_head":"<!-- This site is optimized with the Yoast SEO plugin v27.3 - https:\/\/yoast.com\/product\/yoast-seo-wordpress\/ -->\n<title>Caviar Baeri VeryChic 500g - Maxim&#039;s Caviar<\/title>\n<meta name=\"robots\" content=\"noindex, nofollow\" \/>\n<meta property=\"og:locale\" content=\"de_DE\" \/>\n<meta property=\"og:type\" content=\"article\" \/>\n<meta property=\"og:title\" content=\"Caviar Baeri VeryChic 500g - Maxim&#039;s Caviar\" \/>\n<meta property=\"og:description\" content=\"Caviar Maxim\u2019s et VeryChic s\u2019associent pour vous proposer des offres exclusives.  Le caviar Baeri est issu de l\u2019esturgeon sib\u00e9rien Acipenser Baeri, entre l\u2019\u00e2ge de 7 et 10 ans.  Son grain est de taille moyenne avec une texture fondante et une nuance de couleur allant du noir au gris clair. Il est finement iod\u00e9 avec des saveurs de beurre et de noisette.  La ma\u00eetrise du savoir-faire assure la d\u00e9licatesse, la persistance de son go\u00fbt et une qualit\u00e9 homog\u00e8ne dans chaque bo\u00eete. Le caviar Baeri pla\u00eet \u00e0 tous les palets, notamment aux novices qui d\u00e9couvrent la finesse que peut offrir un caviar.\" \/>\n<meta property=\"og:url\" content=\"https:\/\/maxims-caviar.com\/de_be\/product-2\/caviar-baeri-very-chic-500g\/\" \/>\n<meta property=\"og:site_name\" content=\"Maxim&#039;s Caviar\" \/>\n<meta property=\"article:modified_time\" content=\"2026-03-12T10:02:51+00:00\" \/>\n<meta property=\"og:image\" content=\"https:\/\/maxims-caviar.com\/wp-content\/uploads\/2024\/01\/caviar-maxims-paris-bo2.jpg\" \/>\n\t<meta property=\"og:image:width\" content=\"1000\" \/>\n\t<meta property=\"og:image:height\" content=\"1000\" \/>\n\t<meta property=\"og:image:type\" content=\"image\/jpeg\" \/>\n<meta name=\"twitter:card\" content=\"summary_large_image\" \/>\n<script type=\"application\/ld+json\" class=\"yoast-schema-graph\">{\"@context\":\"https:\\\/\\\/schema.org\",\"@graph\":[{\"@type\":\"WebPage\",\"@id\":\"https:\\\/\\\/maxims-caviar.com\\\/produit\\\/caviar-baeri-very-chic-500g\\\/\",\"url\":\"https:\\\/\\\/maxims-caviar.com\\\/produit\\\/caviar-baeri-very-chic-500g\\\/\",\"name\":\"Caviar Baeri VeryChic 500g - Maxim&#039;s Caviar\",\"isPartOf\":{\"@id\":\"https:\\\/\\\/maxims-caviar.com\\\/en\\\/#website\"},\"primaryImageOfPage\":{\"@id\":\"https:\\\/\\\/maxims-caviar.com\\\/produit\\\/caviar-baeri-very-chic-500g\\\/#primaryimage\"},\"image\":{\"@id\":\"https:\\\/\\\/maxims-caviar.com\\\/produit\\\/caviar-baeri-very-chic-500g\\\/#primaryimage\"},\"thumbnailUrl\":\"https:\\\/\\\/maxims-caviar.com\\\/wp-content\\\/uploads\\\/2024\\\/01\\\/caviar-maxims-paris-bo2.jpg\",\"datePublished\":\"2024-09-12T08:35:05+00:00\",\"dateModified\":\"2026-03-12T10:02:51+00:00\",\"breadcrumb\":{\"@id\":\"https:\\\/\\\/maxims-caviar.com\\\/produit\\\/caviar-baeri-very-chic-500g\\\/#breadcrumb\"},\"inLanguage\":\"de-BE\",\"potentialAction\":[{\"@type\":\"ReadAction\",\"target\":[\"https:\\\/\\\/maxims-caviar.com\\\/produit\\\/caviar-baeri-very-chic-500g\\\/\"]}]},{\"@type\":\"ImageObject\",\"inLanguage\":\"de-BE\",\"@id\":\"https:\\\/\\\/maxims-caviar.com\\\/produit\\\/caviar-baeri-very-chic-500g\\\/#primaryimage\",\"url\":\"https:\\\/\\\/maxims-caviar.com\\\/wp-content\\\/uploads\\\/2024\\\/01\\\/caviar-maxims-paris-bo2.jpg\",\"contentUrl\":\"https:\\\/\\\/maxims-caviar.com\\\/wp-content\\\/uploads\\\/2024\\\/01\\\/caviar-maxims-paris-bo2.jpg\",\"width\":1000,\"height\":1000,\"caption\":\"Boite Origine\"},{\"@type\":\"BreadcrumbList\",\"@id\":\"https:\\\/\\\/maxims-caviar.com\\\/produit\\\/caviar-baeri-very-chic-500g\\\/#breadcrumb\",\"itemListElement\":[{\"@type\":\"ListItem\",\"position\":1,\"name\":\"Accueil\",\"item\":\"https:\\\/\\\/maxims-caviar.com\\\/\"},{\"@type\":\"ListItem\",\"position\":2,\"name\":\"Boutique\",\"item\":\"https:\\\/\\\/maxims-caviar.com\\\/boutique\\\/\"},{\"@type\":\"ListItem\",\"position\":3,\"name\":\"Caviar Baeri VeryChic 500g\"}]},{\"@type\":\"WebSite\",\"@id\":\"https:\\\/\\\/maxims-caviar.com\\\/en\\\/#website\",\"url\":\"https:\\\/\\\/maxims-caviar.com\\\/en\\\/\",\"name\":\"Maxim&#039;s Caviar\",\"description\":\"L&#039;alliance de l&#039;Histoire et de la Modernit\u00e9\",\"publisher\":{\"@id\":\"https:\\\/\\\/maxims-caviar.com\\\/en\\\/#organization\"},\"potentialAction\":[{\"@type\":\"SearchAction\",\"target\":{\"@type\":\"EntryPoint\",\"urlTemplate\":\"https:\\\/\\\/maxims-caviar.com\\\/en\\\/?s={search_term_string}\"},\"query-input\":{\"@type\":\"PropertyValueSpecification\",\"valueRequired\":true,\"valueName\":\"search_term_string\"}}],\"inLanguage\":\"de-BE\"},{\"@type\":\"Organization\",\"@id\":\"https:\\\/\\\/maxims-caviar.com\\\/en\\\/#organization\",\"name\":\"Maxim&#039;s Caviar\",\"url\":\"https:\\\/\\\/maxims-caviar.com\\\/en\\\/\",\"logo\":{\"@type\":\"ImageObject\",\"inLanguage\":\"de-BE\",\"@id\":\"https:\\\/\\\/maxims-caviar.com\\\/en\\\/#\\\/schema\\\/logo\\\/image\\\/\",\"url\":\"https:\\\/\\\/maxims-caviar.com\\\/wp-content\\\/uploads\\\/2019\\\/07\\\/logo.png\",\"contentUrl\":\"https:\\\/\\\/maxims-caviar.com\\\/wp-content\\\/uploads\\\/2019\\\/07\\\/logo.png\",\"width\":470,\"height\":110,\"caption\":\"Maxim&#039;s Caviar\"},\"image\":{\"@id\":\"https:\\\/\\\/maxims-caviar.com\\\/en\\\/#\\\/schema\\\/logo\\\/image\\\/\"}}]}<\/script>\n<!-- \/ Yoast SEO plugin. -->","yoast_head_json":{"title":"Caviar Baeri VeryChic 500g - Maxim&#039;s Caviar","robots":{"index":"noindex","follow":"nofollow"},"og_locale":"de_DE","og_type":"article","og_title":"Caviar Baeri VeryChic 500g - Maxim&#039;s Caviar","og_description":"Caviar Maxim\u2019s et VeryChic s\u2019associent pour vous proposer des offres exclusives.  Le caviar Baeri est issu de l\u2019esturgeon sib\u00e9rien Acipenser Baeri, entre l\u2019\u00e2ge de 7 et 10 ans.  Son grain est de taille moyenne avec une texture fondante et une nuance de couleur allant du noir au gris clair. Il est finement iod\u00e9 avec des saveurs de beurre et de noisette.  La ma\u00eetrise du savoir-faire assure la d\u00e9licatesse, la persistance de son go\u00fbt et une qualit\u00e9 homog\u00e8ne dans chaque bo\u00eete. Le caviar Baeri pla\u00eet \u00e0 tous les palets, notamment aux novices qui d\u00e9couvrent la finesse que peut offrir un caviar.","og_url":"https:\/\/maxims-caviar.com\/de_be\/product-2\/caviar-baeri-very-chic-500g\/","og_site_name":"Maxim&#039;s Caviar","article_modified_time":"2026-03-12T10:02:51+00:00","og_image":[{"width":1000,"height":1000,"url":"https:\/\/maxims-caviar.com\/wp-content\/uploads\/2024\/01\/caviar-maxims-paris-bo2.jpg","type":"image\/jpeg"}],"twitter_card":"summary_large_image","schema":{"@context":"https:\/\/schema.org","@graph":[{"@type":"WebPage","@id":"https:\/\/maxims-caviar.com\/produit\/caviar-baeri-very-chic-500g\/","url":"https:\/\/maxims-caviar.com\/produit\/caviar-baeri-very-chic-500g\/","name":"Caviar Baeri VeryChic 500g - Maxim&#039;s Caviar","isPartOf":{"@id":"https:\/\/maxims-caviar.com\/en\/#website"},"primaryImageOfPage":{"@id":"https:\/\/maxims-caviar.com\/produit\/caviar-baeri-very-chic-500g\/#primaryimage"},"image":{"@id":"https:\/\/maxims-caviar.com\/produit\/caviar-baeri-very-chic-500g\/#primaryimage"},"thumbnailUrl":"https:\/\/maxims-caviar.com\/wp-content\/uploads\/2024\/01\/caviar-maxims-paris-bo2.jpg","datePublished":"2024-09-12T08:35:05+00:00","dateModified":"2026-03-12T10:02:51+00:00","breadcrumb":{"@id":"https:\/\/maxims-caviar.com\/produit\/caviar-baeri-very-chic-500g\/#breadcrumb"},"inLanguage":"de-BE","potentialAction":[{"@type":"ReadAction","target":["https:\/\/maxims-caviar.com\/produit\/caviar-baeri-very-chic-500g\/"]}]},{"@type":"ImageObject","inLanguage":"de-BE","@id":"https:\/\/maxims-caviar.com\/produit\/caviar-baeri-very-chic-500g\/#primaryimage","url":"https:\/\/maxims-caviar.com\/wp-content\/uploads\/2024\/01\/caviar-maxims-paris-bo2.jpg","contentUrl":"https:\/\/maxims-caviar.com\/wp-content\/uploads\/2024\/01\/caviar-maxims-paris-bo2.jpg","width":1000,"height":1000,"caption":"Boite Origine"},{"@type":"BreadcrumbList","@id":"https:\/\/maxims-caviar.com\/produit\/caviar-baeri-very-chic-500g\/#breadcrumb","itemListElement":[{"@type":"ListItem","position":1,"name":"Accueil","item":"https:\/\/maxims-caviar.com\/"},{"@type":"ListItem","position":2,"name":"Boutique","item":"https:\/\/maxims-caviar.com\/boutique\/"},{"@type":"ListItem","position":3,"name":"Caviar Baeri VeryChic 500g"}]},{"@type":"WebSite","@id":"https:\/\/maxims-caviar.com\/en\/#website","url":"https:\/\/maxims-caviar.com\/en\/","name":"Maxim&#039;s Caviar","description":"L&#039;alliance de l&#039;Histoire et de la Modernit\u00e9","publisher":{"@id":"https:\/\/maxims-caviar.com\/en\/#organization"},"potentialAction":[{"@type":"SearchAction","target":{"@type":"EntryPoint","urlTemplate":"https:\/\/maxims-caviar.com\/en\/?s={search_term_string}"},"query-input":{"@type":"PropertyValueSpecification","valueRequired":true,"valueName":"search_term_string"}}],"inLanguage":"de-BE"},{"@type":"Organization","@id":"https:\/\/maxims-caviar.com\/en\/#organization","name":"Maxim&#039;s Caviar","url":"https:\/\/maxims-caviar.com\/en\/","logo":{"@type":"ImageObject","inLanguage":"de-BE","@id":"https:\/\/maxims-caviar.com\/en\/#\/schema\/logo\/image\/","url":"https:\/\/maxims-caviar.com\/wp-content\/uploads\/2019\/07\/logo.png","contentUrl":"https:\/\/maxims-caviar.com\/wp-content\/uploads\/2019\/07\/logo.png","width":470,"height":110,"caption":"Maxim&#039;s Caviar"},"image":{"@id":"https:\/\/maxims-caviar.com\/en\/#\/schema\/logo\/image\/"}}]}},"_links":{"self":[{"href":"https:\/\/maxims-caviar.com\/de_be\/wp-json\/wp\/v2\/product\/10579","targetHints":{"allow":["GET"]}}],"collection":[{"href":"https:\/\/maxims-caviar.com\/de_be\/wp-json\/wp\/v2\/product"}],"about":[{"href":"https:\/\/maxims-caviar.com\/de_be\/wp-json\/wp\/v2\/types\/product"}],"version-history":[{"count":9,"href":"https:\/\/maxims-caviar.com\/de_be\/wp-json\/wp\/v2\/product\/10579\/revisions"}],"predecessor-version":[{"id":70777,"href":"https:\/\/maxims-caviar.com\/de_be\/wp-json\/wp\/v2\/product\/10579\/revisions\/70777"}],"wp:featuredmedia":[{"embeddable":true,"href":"https:\/\/maxims-caviar.com\/de_be\/wp-json\/wp\/v2\/media\/69393"}],"wp:attachment":[{"href":"https:\/\/maxims-caviar.com\/de_be\/wp-json\/wp\/v2\/media?parent=10579"}],"wp:term":[{"taxonomy":"product_brand","embeddable":true,"href":"https:\/\/maxims-caviar.com\/de_be\/wp-json\/wp\/v2\/product_brand?post=10579"},{"taxonomy":"product_cat","embeddable":true,"href":"https:\/\/maxims-caviar.com\/de_be\/wp-json\/wp\/v2\/product_cat?post=10579"},{"taxonomy":"product_tag","embeddable":true,"href":"https:\/\/maxims-caviar.com\/de_be\/wp-json\/wp\/v2\/product_tag?post=10579"}],"curies":[{"name":"wp","href":"https:\/\/api.w.org\/{rel}","templated":true}]}}